{"id":27,"date":"2020-01-09T12:40:13","date_gmt":"2020-01-09T11:40:13","guid":{"rendered":"http:\/\/blogsaverroes.juntadeandalucia.es\/pre\/nuevoceip2v2\/?page_id=27"},"modified":"2023-09-11T10:58:11","modified_gmt":"2023-09-11T09:58:11","slug":"actividades-extraescolares","status":"publish","type":"page","link":"https:\/\/blogsaverroes.juntadeandalucia.es\/ceipcasalcarrillo\/actividades-extraescolares\/","title":{"rendered":"Actividades extraescolares"},"content":{"rendered":"<p>[et_pb_section fb_built=&#8221;1&#8243; _builder_version=&#8221;3.23.3&#8243; custom_padding=&#8221;0px||0px|&#8221; z_index_tablet=&#8221;500&#8243; box_shadow_horizontal_tablet=&#8221;0px&#8221; box_shadow_vertical_tablet=&#8221;0px&#8221; box_shadow_blur_tablet=&#8221;40px&#8221; box_shadow_spread_tablet=&#8221;0px&#8221; global_colors_info=&#8221;{}&#8221;][et_pb_row _builder_version=&#8221;3.25&#8243; background_size=&#8221;initial&#8221; background_position=&#8221;top_left&#8221; background_repeat=&#8221;repeat&#8221; global_colors_info=&#8221;{}&#8221;][et_pb_column type=&#8221;4_4&#8243; _builder_version=&#8221;3.25&#8243; custom_padding=&#8221;|||&#8221; global_colors_info=&#8221;{}&#8221; custom_padding__hover=&#8221;|||&#8221;][et_pb_image src=&#8221;https:\/\/blogsaverroes.juntadeandalucia.es\/ceipcasalcarrillo\/files\/2023\/01\/Actividades-extraescolares-1.png&#8221; title_text=&#8221;Actividades-extraescolares-1&#8243; admin_label=&#8221;Imagen de la portada&#8221; _builder_version=&#8221;4.14.5&#8243; z_index_tablet=&#8221;500&#8243; box_shadow_horizontal_tablet=&#8221;0px&#8221; box_shadow_vertical_tablet=&#8221;0px&#8221; box_shadow_blur_tablet=&#8221;40px&#8221; box_shadow_spread_tablet=&#8221;0px&#8221; global_colors_info=&#8221;{}&#8221;][\/et_pb_image][et_pb_text admin_label=&#8221;Texto descriptivo&#8221; _builder_version=&#8221;4.14.5&#8243; text_orientation=&#8221;center&#8221; hover_enabled=&#8221;0&#8243; z_index_tablet=&#8221;500&#8243; text_text_shadow_horizontal_length_tablet=&#8221;0px&#8221; text_text_shadow_vertical_length_tablet=&#8221;0px&#8221; text_text_shadow_blur_strength_tablet=&#8221;1px&#8221; link_text_shadow_horizontal_length_tablet=&#8221;0px&#8221; link_text_shadow_vertical_length_tablet=&#8221;0px&#8221; link_text_shadow_blur_strength_tablet=&#8221;1px&#8221; ul_text_shadow_horizontal_length_tablet=&#8221;0px&#8221; ul_text_shadow_vertical_length_tablet=&#8221;0px&#8221; ul_text_shadow_blur_strength_tablet=&#8221;1px&#8221; ol_text_shadow_horizontal_length_tablet=&#8221;0px&#8221; ol_text_shadow_vertical_length_tablet=&#8221;0px&#8221; ol_text_shadow_blur_strength_tablet=&#8221;1px&#8221; quote_text_shadow_horizontal_length_tablet=&#8221;0px&#8221; quote_text_shadow_vertical_length_tablet=&#8221;0px&#8221; quote_text_shadow_blur_strength_tablet=&#8221;1px&#8221; header_text_shadow_horizontal_length_tablet=&#8221;0px&#8221; header_text_shadow_vertical_length_tablet=&#8221;0px&#8221; header_text_shadow_blur_strength_tablet=&#8221;1px&#8221; header_2_text_shadow_horizontal_length_tablet=&#8221;0px&#8221; header_2_text_shadow_vertical_length_tablet=&#8221;0px&#8221; header_2_text_shadow_blur_strength_tablet=&#8221;1px&#8221; header_3_text_shadow_horizontal_length_tablet=&#8221;0px&#8221; header_3_text_shadow_vertical_length_tablet=&#8221;0px&#8221; header_3_text_shadow_blur_strength_tablet=&#8221;1px&#8221; header_4_text_shadow_horizontal_length_tablet=&#8221;0px&#8221; header_4_text_shadow_vertical_length_tablet=&#8221;0px&#8221; header_4_text_shadow_blur_strength_tablet=&#8221;1px&#8221; header_5_text_shadow_horizontal_length_tablet=&#8221;0px&#8221; header_5_text_shadow_vertical_length_tablet=&#8221;0px&#8221; header_5_text_shadow_blur_strength_tablet=&#8221;1px&#8221; header_6_text_shadow_horizontal_length_tablet=&#8221;0px&#8221; header_6_text_shadow_vertical_length_tablet=&#8221;0px&#8221; header_6_text_shadow_blur_strength_tablet=&#8221;1px&#8221; box_shadow_horizontal_tablet=&#8221;0px&#8221; box_shadow_vertical_tablet=&#8221;0px&#8221; box_shadow_blur_tablet=&#8221;40px&#8221; box_shadow_spread_tablet=&#8221;0px&#8221; global_colors_info=&#8221;{}&#8221; sticky_enabled=&#8221;0&#8243;]<\/p>\n<h2 style=\"text-align: left\">Actividades extraescolares<\/h2>\n<p><span style=\"font-family: arial, helvetica, sans-serif;font-size: 14pt\">Fuera del horario lectivo hay propuestas las siguientes actividades extraescolares..<\/span><\/p>\n<p><span style=\"font-size: 14pt\"><strong><span style=\"font-family: arial, helvetica, sans-serif\">HORARIO:<\/span><\/strong><\/span><br \/><span style=\"font-family: arial, helvetica, sans-serif;font-size: 14pt\"> De 16:00 hasta 18:00 de Lunes a Jueves. (<\/span><span style=\"font-size: 14pt\">Dichas actividades extraescolares empezar\u00e1n en Octubre).<\/span><\/p>\n<p><span style=\"font-family: arial, helvetica, sans-serif;font-size: 14pt\">&nbsp;<\/span><\/p>\n<p><span style=\"font-size: 14pt\"><strong><span style=\"font-family: arial, helvetica, sans-serif\">ORGANIZACI\u00d3N:<\/span><\/strong><\/span><br \/><span style=\"font-family: arial, helvetica, sans-serif;font-size: 14pt\"> Una vez concluido el comedor escolar, los monitores encargados de las Actividades Extraescolares recogen los alumnos y los llevan a sus respectivas aulas. Dichos monitores est\u00e1n formados y cualificados para sus actividades respectivas.<\/span><br \/><span style=\"font-family: arial, helvetica, sans-serif;font-size: 14pt\"> Una vez acabada su actividad, cada tutor se hace cargo de sus correspondientes alumnos que son entregados a sus tutores legales.<\/span><\/p>\n<table>\n<tbody>\n<tr>\n<td style=\"text-align: center\" width=\"93\"><strong><span style=\"color: #ff0000\">HORARIO<\/span><\/strong><\/td>\n<td style=\"text-align: center\" width=\"110\"><strong><span style=\"color: #ff0000\">LUNES<\/span><\/strong><\/td>\n<td style=\"text-align: center\" width=\"150\"><strong><span style=\"color: #ff0000\">MARTES<\/span><\/strong><\/td>\n<\/tr>\n<tr>\n<td style=\"text-align: center\" width=\"93\"><strong>16:00-17:00 horas<\/strong><\/td>\n<td style=\"text-align: center\" width=\"110\"><strong>Baile moderno: Danza urbana (Hip hop\u2026)<\/strong><\/td>\n<td style=\"text-align: center\" width=\"150\"><strong>Ludoteca: Aprendo y Juego<\/strong><\/td>\n<\/tr>\n<tr>\n<td style=\"text-align: center\" width=\"119\"><span style=\"color: #ff0000\"><strong>MI\u00c9RCOLES<\/strong><\/span><\/td>\n<td style=\"text-align: center\" width=\"160\"><span style=\"color: #ff0000\"><strong>JUEVES<\/strong><\/span><\/td>\n<td style=\"text-align: center\">&nbsp;<\/td>\n<\/tr>\n<tr>\n<td style=\"text-align: center\" width=\"119\"><strong>Baile moderno: Danza urbana (Hip hop\u2026)<\/strong><\/td>\n<td style=\"text-align: center\" width=\"160\"><strong>Ludoteca: Aprendo y Juego<\/strong><\/td>\n<td style=\"text-align: center\">&nbsp;<\/td>\n<\/tr>\n<\/tbody>\n<\/table>\n<p>&nbsp;<\/p>\n<p><span style=\"font-size: 14pt\">Aunque se les entreg\u00f3 a final de curso la solicitud de inscripci\u00f3n de la Junta de Andaluc\u00eda para dichas actividades habr\u00e1 familias que dependiendo del d\u00eda establecido para cada actividad mantendr\u00e1 la solicitud o&nbsp; notificar\u00e1n alg\u00fan cambio. Es por ello por lo que una vez conocido el horario y el d\u00eda de cada actividad deben solicitar las actividades rellenando la siguiente <strong>Solicitud de Inscripci\u00f3n<\/strong> y entregarla en el centro antes del martes&nbsp; 26&nbsp; de Septiembre.<\/span><\/p>\n<p><span style=\"font-size: 14pt\">&nbsp;Los alumnos\/as pueden entregarlo a su tutor\/a o directamente en direcci\u00f3n .<\/span><\/p>\n<p><span style=\"font-size: 14pt\">Este horario y los grupos establecidos se mantendr\u00e1n siempre que se cuente con el n\u00famero m\u00ednimo de alumnos\/as permitido para poder mantener la actividad. (M\u00ednimo 10 alumnos\/as).<\/span><\/p>\n<p><strong>Les adjuntamos una tabla informativa con el precio establecido para cada actividad dependiendo de la subvenci\u00f3n concedida por la Junta de Andaluc\u00eda<\/strong><\/p>\n<p><strong>BONIFICACIONES&nbsp; PLAN DE FAMILIA<\/strong><\/p>\n<table>\n<tbody>\n<tr>\n<td width=\"156\"><span style=\"color: #ff0000\"><strong>SERVICIOS<\/strong><\/span><\/td>\n<td width=\"176\"><span style=\"color: #ff0000\"><strong>% BONIFICACI\u00d3N<\/strong><\/span><\/td>\n<td width=\"137\"><span style=\"color: #ff0000\"><strong>PAGO<\/strong><\/span><\/td>\n<\/tr>\n<tr>\n<td width=\"156\"><strong>A. Matinal<\/strong><\/td>\n<td width=\"176\"><strong>0<\/strong><\/td>\n<td width=\"137\"><strong>15,40\/mes<\/strong><\/td>\n<\/tr>\n<tr>\n<td width=\"156\"><strong>Comedor<\/strong><\/td>\n<td width=\"176\"><strong>0<\/strong><\/td>\n<td width=\"137\"><strong>4,50\/d\u00eda<\/strong><\/td>\n<\/tr>\n<tr>\n<td width=\"156\"><strong>Extraescolares<\/strong><\/td>\n<td width=\"176\"><strong>0<\/strong><\/td>\n<td width=\"137\"><strong>15,40\/mes<\/strong><\/td>\n<\/tr>\n<tr>\n<td width=\"156\"><strong>A. Matinal<\/strong><\/td>\n<td width=\"176\"><strong>10<\/strong><\/td>\n<td width=\"137\"><strong>13,86\/mes<\/strong><\/td>\n<\/tr>\n<tr>\n<td width=\"156\"><strong>Comedor<\/strong><\/td>\n<td width=\"176\"><strong>10<\/strong><\/td>\n<td width=\"137\"><strong>3,60\/d\u00eda<\/strong><\/td>\n<\/tr>\n<tr>\n<td width=\"156\"><strong>Extraescolares<\/strong><\/td>\n<td width=\"176\"><strong>10<\/strong><\/td>\n<td width=\"137\"><strong>13,86\/mes<\/strong><\/td>\n<\/tr>\n<tr>\n<td width=\"156\"><strong>A. Matinal<\/strong><\/td>\n<td width=\"176\"><strong>18<\/strong><\/td>\n<td width=\"137\"><strong>12,63\/mes<\/strong><\/td>\n<\/tr>\n<tr>\n<td width=\"156\"><strong>Comedor<\/strong><\/td>\n<td width=\"176\"><strong>18<\/strong><\/td>\n<td width=\"137\"><strong>3,69\/d\u00eda<\/strong><\/td>\n<\/tr>\n<tr>\n<td width=\"156\"><strong>Extraescolares<\/strong><\/td>\n<td width=\"176\"><strong>18<\/strong><\/td>\n<td width=\"137\"><strong>12,63\/mes<\/strong><\/td>\n<\/tr>\n<tr>\n<td width=\"156\"><strong>A. Matinal<\/strong><\/td>\n<td width=\"176\"><strong>26<\/strong><\/td>\n<td width=\"137\"><strong>11,40\/mes<\/strong><\/td>\n<\/tr>\n<tr>\n<td width=\"156\"><strong>Comedor<\/strong><\/td>\n<td width=\"176\"><strong>26<\/strong><\/td>\n<td width=\"137\"><strong>3,33\/d\u00eda<\/strong><\/td>\n<\/tr>\n<tr>\n<td width=\"156\"><strong>Extraescolares<\/strong><\/td>\n<td width=\"176\"><strong>26<\/strong><\/td>\n<td width=\"137\"><strong>11,40\/mes<\/strong><\/td>\n<\/tr>\n<tr>\n<td width=\"156\"><strong>A. Matinal<\/strong><\/td>\n<td width=\"176\"><strong>34<\/strong><\/td>\n<td width=\"137\"><strong>10,16\/mes<\/strong><\/td>\n<\/tr>\n<tr>\n<td width=\"156\"><strong>Comedor<\/strong><\/td>\n<td width=\"176\"><strong>34<\/strong><\/td>\n<td width=\"137\"><strong>2,97\/d\u00eda<\/strong><\/td>\n<\/tr>\n<tr>\n<td width=\"156\"><strong>Extraescolares<\/strong><\/td>\n<td width=\"176\"><strong>34<\/strong><\/td>\n<td width=\"137\"><strong>10,16\/mes<\/strong><\/td>\n<\/tr>\n<tr>\n<td width=\"156\"><strong>A. Matinal<\/strong><\/td>\n<td width=\"176\"><strong>42<\/strong><\/td>\n<td width=\"137\"><strong>8,93\/mes<\/strong><\/td>\n<\/tr>\n<tr>\n<td width=\"156\"><strong>Comedor<\/strong><\/td>\n<td width=\"176\"><strong>42<\/strong><\/td>\n<td width=\"137\"><strong>1,89\/d\u00eda<\/strong><\/td>\n<\/tr>\n<tr>\n<td width=\"156\"><strong>Extraescolares<\/strong><\/td>\n<td width=\"176\"><strong>42<\/strong><\/td>\n<td width=\"137\"><strong>8,93\/mes<\/strong><\/td>\n<\/tr>\n<tr>\n<td width=\"156\"><strong>A. Matinal<\/strong><\/td>\n<td width=\"176\"><strong>50<\/strong><\/td>\n<td width=\"137\"><strong>7,70\/mes<\/strong><\/td>\n<\/tr>\n<tr>\n<td width=\"156\"><strong>Comedor<\/strong><\/td>\n<td width=\"176\"><strong>50<\/strong><\/td>\n<td width=\"137\"><strong>2,25\/d\u00eda<\/strong><\/td>\n<\/tr>\n<tr>\n<td width=\"156\"><strong>Extraescolares<\/strong><\/td>\n<td width=\"176\"><strong>50<\/strong><\/td>\n<td width=\"137\"><strong>7,70\/mes<\/strong><\/td>\n<\/tr>\n<tr>\n<td width=\"156\"><strong>A. Matinal<\/strong><\/td>\n<td width=\"176\"><strong>100<\/strong><\/td>\n<td width=\"137\"><strong>0\/mes<\/strong><\/td>\n<\/tr>\n<tr>\n<td width=\"156\"><strong>Comedor<\/strong><\/td>\n<td width=\"176\"><strong>100<\/strong><\/td>\n<td width=\"137\"><strong>0\/d\u00eda<\/strong><\/td>\n<\/tr>\n<tr>\n<td width=\"156\"><strong>Extraescolares<\/strong><\/td>\n<td width=\"176\"><strong>100<\/strong><\/td>\n<td width=\"137\"><strong>0\/mes<\/strong><\/td>\n<\/tr>\n<\/tbody>\n<\/table>\n<p>[\/et_pb_text][\/et_pb_column][\/et_pb_row][\/et_pb_section]<\/p>\n","protected":false},"excerpt":{"rendered":"<p>Actividades extraescolares Fuera del horario lectivo hay propuestas las siguientes actividades extraescolares.. HORARIO: De 16:00 hasta 18:00 de Lunes a Jueves. (Dichas actividades extraescolares empezar\u00e1n en Octubre). &nbsp; ORGANIZACI\u00d3N: Una vez concluido el comedor escolar, los monitores encargados de las Actividades Extraescolares recogen los alumnos y los llevan a sus respectivas aulas. Dichos monitores est\u00e1n [&hellip;]<\/p>\n","protected":false},"author":7051,"featured_media":762,"parent":0,"menu_order":0,"comment_status":"closed","ping_status":"closed","template":"","meta":{"_et_pb_use_builder":"on","_et_pb_old_content":"","_et_gb_content_width":"","ngg_post_thumbnail":0,"footnotes":""},"aioseo_notices":[],"_links":{"self":[{"href":"https:\/\/blogsaverroes.juntadeandalucia.es\/ceipcasalcarrillo\/wp-json\/wp\/v2\/pages\/27"}],"collection":[{"href":"https:\/\/blogsaverroes.juntadeandalucia.es\/ceipcasalcarrillo\/wp-json\/wp\/v2\/pages"}],"about":[{"href":"https:\/\/blogsaverroes.juntadeandalucia.es\/ceipcasalcarrillo\/wp-json\/wp\/v2\/types\/page"}],"author":[{"embeddable":true,"href":"https:\/\/blogsaverroes.juntadeandalucia.es\/ceipcasalcarrillo\/wp-json\/wp\/v2\/users\/7051"}],"replies":[{"embeddable":true,"href":"https:\/\/blogsaverroes.juntadeandalucia.es\/ceipcasalcarrillo\/wp-json\/wp\/v2\/comments?post=27"}],"version-history":[{"count":10,"href":"https:\/\/blogsaverroes.juntadeandalucia.es\/ceipcasalcarrillo\/wp-json\/wp\/v2\/pages\/27\/revisions"}],"predecessor-version":[{"id":3359,"href":"https:\/\/blogsaverroes.juntadeandalucia.es\/ceipcasalcarrillo\/wp-json\/wp\/v2\/pages\/27\/revisions\/3359"}],"wp:featuredmedia":[{"embeddable":true,"href":"https:\/\/blogsaverroes.juntadeandalucia.es\/ceipcasalcarrillo\/wp-json\/wp\/v2\/media\/762"}],"wp:attachment":[{"href":"https:\/\/blogsaverroes.juntadeandalucia.es\/ceipcasalcarrillo\/wp-json\/wp\/v2\/media?parent=27"}],"curies":[{"name":"wp","href":"https:\/\/api.w.org\/{rel}","templated":true}]}}