{"id":33,"date":"2022-09-09T12:42:06","date_gmt":"2022-09-09T11:42:06","guid":{"rendered":"http:\/\/blogsaverroes.juntadeandalucia.es\/pre\/nuevoceip2v2\/?page_id=33"},"modified":"2023-02-21T17:54:35","modified_gmt":"2023-02-21T16:54:35","slug":"aula-matinal","status":"publish","type":"page","link":"https:\/\/blogsaverroes.juntadeandalucia.es\/ceipcasalcarrillo\/aula-matinal\/","title":{"rendered":"Aula matinal"},"content":{"rendered":"<p>[et_pb_section fb_built=&#8221;1&#8243; _builder_version=&#8221;3.23.3&#8243; custom_padding=&#8221;0px||0px|&#8221; z_index_tablet=&#8221;500&#8243; box_shadow_horizontal_tablet=&#8221;0px&#8221; box_shadow_vertical_tablet=&#8221;0px&#8221; box_shadow_blur_tablet=&#8221;40px&#8221; box_shadow_spread_tablet=&#8221;0px&#8221; global_colors_info=&#8221;{}&#8221;][et_pb_row _builder_version=&#8221;3.25&#8243; background_size=&#8221;initial&#8221; background_position=&#8221;top_left&#8221; background_repeat=&#8221;repeat&#8221; global_colors_info=&#8221;{}&#8221;][et_pb_column type=&#8221;4_4&#8243; _builder_version=&#8221;3.25&#8243; custom_padding=&#8221;|||&#8221; global_colors_info=&#8221;{}&#8221; custom_padding__hover=&#8221;|||&#8221;][et_pb_image src=&#8221;https:\/\/blogsaverroes.juntadeandalucia.es\/ceipcasalcarrillo\/files\/2023\/01\/Aula-matinal.jpg&#8221; title_text=&#8221;Aula-matinal&#8221; admin_label=&#8221;Imagen de la portada&#8221; _builder_version=&#8221;4.14.5&#8243; width=&#8221;54%&#8221; max_width=&#8221;57%&#8221; module_alignment=&#8221;center&#8221; z_index_tablet=&#8221;500&#8243; box_shadow_horizontal_tablet=&#8221;0px&#8221; box_shadow_vertical_tablet=&#8221;0px&#8221; box_shadow_blur_tablet=&#8221;40px&#8221; box_shadow_spread_tablet=&#8221;0px&#8221; global_colors_info=&#8221;{}&#8221;][\/et_pb_image][et_pb_text admin_label=&#8221;Texto descriptivo&#8221; _builder_version=&#8221;4.14.5&#8243; hover_enabled=&#8221;0&#8243; z_index_tablet=&#8221;500&#8243; text_text_shadow_horizontal_length_tablet=&#8221;0px&#8221; text_text_shadow_vertical_length_tablet=&#8221;0px&#8221; text_text_shadow_blur_strength_tablet=&#8221;1px&#8221; link_text_shadow_horizontal_length_tablet=&#8221;0px&#8221; link_text_shadow_vertical_length_tablet=&#8221;0px&#8221; link_text_shadow_blur_strength_tablet=&#8221;1px&#8221; ul_text_shadow_horizontal_length_tablet=&#8221;0px&#8221; ul_text_shadow_vertical_length_tablet=&#8221;0px&#8221; ul_text_shadow_blur_strength_tablet=&#8221;1px&#8221; ol_text_shadow_horizontal_length_tablet=&#8221;0px&#8221; ol_text_shadow_vertical_length_tablet=&#8221;0px&#8221; ol_text_shadow_blur_strength_tablet=&#8221;1px&#8221; quote_text_shadow_horizontal_length_tablet=&#8221;0px&#8221; quote_text_shadow_vertical_length_tablet=&#8221;0px&#8221; quote_text_shadow_blur_strength_tablet=&#8221;1px&#8221; header_text_shadow_horizontal_length_tablet=&#8221;0px&#8221; header_text_shadow_vertical_length_tablet=&#8221;0px&#8221; header_text_shadow_blur_strength_tablet=&#8221;1px&#8221; header_2_text_shadow_horizontal_length_tablet=&#8221;0px&#8221; header_2_text_shadow_vertical_length_tablet=&#8221;0px&#8221; header_2_text_shadow_blur_strength_tablet=&#8221;1px&#8221; header_3_text_shadow_horizontal_length_tablet=&#8221;0px&#8221; header_3_text_shadow_vertical_length_tablet=&#8221;0px&#8221; header_3_text_shadow_blur_strength_tablet=&#8221;1px&#8221; header_4_text_shadow_horizontal_length_tablet=&#8221;0px&#8221; header_4_text_shadow_vertical_length_tablet=&#8221;0px&#8221; header_4_text_shadow_blur_strength_tablet=&#8221;1px&#8221; header_5_text_shadow_horizontal_length_tablet=&#8221;0px&#8221; header_5_text_shadow_vertical_length_tablet=&#8221;0px&#8221; header_5_text_shadow_blur_strength_tablet=&#8221;1px&#8221; header_6_text_shadow_horizontal_length_tablet=&#8221;0px&#8221; header_6_text_shadow_vertical_length_tablet=&#8221;0px&#8221; header_6_text_shadow_blur_strength_tablet=&#8221;1px&#8221; box_shadow_horizontal_tablet=&#8221;0px&#8221; box_shadow_vertical_tablet=&#8221;0px&#8221; box_shadow_blur_tablet=&#8221;40px&#8221; box_shadow_spread_tablet=&#8221;0px&#8221; global_colors_info=&#8221;{}&#8221; sticky_enabled=&#8221;0&#8243;]<\/p>\n<h2>Aula matinal<\/h2>\n<p><span style=\"font-size: 14pt\"><span style=\"font-family: arial, helvetica, sans-serif\">El Aula Matinal se mantendr\u00e1 desde el inicio del curso escolar hasta su finalizaci\u00f3n, <\/span><span style=\"font-family: arial, helvetica, sans-serif\">pudi\u00e9ndose inscribir los alumnos mensual o diariamente.<\/span><\/span><br \/><span style=\"font-size: 14pt\"> <span style=\"font-family: arial, helvetica, sans-serif\"> El Aula Matinal comienza su actividad a la 7:30 horas y finaliza a las 9:00 horas, <\/span><span style=\"font-family: arial, helvetica, sans-serif\">pudi\u00e9ndose incorporar los alumnos\/as a esta actividad, en cualquier momento durante el <\/span><span style=\"font-family: arial, helvetica, sans-serif\">horario establecido.<\/span><\/span><br \/><span style=\"font-size: 14pt\"> <span style=\"font-family: arial, helvetica, sans-serif\"> El establecimiento del Aula Matinal, estar\u00e1 supeditado a la existencia de una demanda <\/span><span style=\"font-family: arial, helvetica, sans-serif\">m\u00ednima de 10 alumnos\/as, sin perjuicio del libre acceso al mismo una vez establecido.<\/span><\/span><br \/><span style=\"font-family: arial, helvetica, sans-serif;font-size: 14pt\"> Las instalaciones a utilizar en el centro para el desarrollo de esta actividad es el comedor y la sala de usos m\u00faltiples.<\/span><br \/><span style=\"font-size: 14pt\"> <span style=\"font-family: arial, helvetica, sans-serif\"> El personal a contratar, lo determina el n\u00famero de alumnos inscritos en el Aula Matinal <\/span><span style=\"font-family: arial, helvetica, sans-serif\">y ser\u00e1n distribuidos de la siguiente forma: La funci\u00f3n de los monitores ser\u00e1 de atenci\u00f3n <\/span><span style=\"font-family: arial, helvetica, sans-serif\">al alumnado hasta la finalizaci\u00f3n del Aula Matinal.<\/span><\/span><br \/><span style=\"font-size: 14pt\"> <span style=\"font-family: arial, helvetica, sans-serif\"> Al comienzo del horario lectivo, los monitores, ser\u00e1n los responsables de llevar a los <\/span><span style=\"font-family: arial, helvetica, sans-serif\">alumnos a sus correspondientes lugares, aulas o filas.<\/span><\/span><br \/><span style=\"font-size: 14pt\"> <span style=\"font-family: arial, helvetica, sans-serif\"> Podr\u00e1 incluirse el desayuno del alumno dentro del Aula Matinal, el cual deber\u00e1 ser <\/span><span style=\"font-family: arial, helvetica, sans-serif\">proporcionado por los padres.<\/span><\/span><\/p>\n<p><strong><span style=\"font-family: arial, helvetica, sans-serif;font-size: 12pt\">OBJETIVOS<\/span><\/strong><br \/><span style=\"font-size: 14pt\"><span style=\"font-family: arial, helvetica, sans-serif\"> \u2022 Ofrecer una soluci\u00f3n al problema de incompatibilidad de horarios laborales y <\/span><span style=\"font-family: arial, helvetica, sans-serif\">escolares a primera hora de la ma\u00f1ana.<\/span><\/span><br \/><span style=\"font-family: arial, helvetica, sans-serif;font-size: 14pt\"> \u2022 Cuidar aspectos de educaci\u00f3n, higiene y alimentaci\u00f3n.<\/span><\/p>\n<p><strong><span style=\"font-family: arial, helvetica, sans-serif;font-size: 12pt\">ACTIVIDADES<\/span><\/strong><br \/><span style=\"font-family: arial, helvetica, sans-serif;font-size: 14pt\"> \u2022 Servicio de desayuno en el aula matinal.<\/span><br \/><span style=\"font-size: 14pt\"> <span style=\"font-family: arial, helvetica, sans-serif\"> \u2022 Actividades l\u00fadicas y recreativas con juegos, puzzles y diversos <\/span><span style=\"font-family: arial, helvetica, sans-serif\">entretenimientos.<\/span><\/span><\/p>\n<p><strong><span style=\"font-family: arial, helvetica, sans-serif;font-size: 12pt\">HORARIO:<\/span><\/strong><br \/><span style=\"font-family: arial, helvetica, sans-serif;font-size: 14pt\"> Todos los d\u00edas lectivos de curso escolar. Horario de entrada a las 7:30 h.<\/span><\/p>\n<p><strong><span style=\"font-family: arial, helvetica, sans-serif;font-size: 12pt\">COORDINACI\u00d3N:<\/span><\/strong><br \/><span style=\"font-family: arial, helvetica, sans-serif;font-size: 14pt\"> La realiza el coordinador del Plan de Apertura de centros.<\/span><\/p>\n<p><strong><span style=\"font-family: arial, helvetica, sans-serif;font-size: 12pt\">ORGANIZACI\u00d3N:<\/span><\/strong><br \/><span style=\"font-size: 14pt\"><span style=\"font-family: arial, helvetica, sans-serif\"> Los\/as alumnos\/as son recogidos a partir de las 7:30 horas por unas monitoras que los\/as <\/span><span style=\"font-family: arial, helvetica, sans-serif\">reciben y los incorporan al sal\u00f3n donde realizan actividades hasta el comienzo de <\/span><span style=\"font-family: arial, helvetica, sans-serif\">las clases a las 9 de la ma\u00f1ana.<\/span><\/span><br \/><span style=\"font-size: 14pt\"> <span style=\"font-family: arial, helvetica, sans-serif\"> Cinco minutos antes, es decir a las 8:55, las monitoras de Aula Matinal acompa\u00f1an a <\/span><span style=\"font-family: arial, helvetica, sans-serif\">los\/as alumnos\/as desde la sala hasta el porche donde se incorporan a sus respectivas <\/span><span style=\"font-family: arial, helvetica, sans-serif\">filas.<\/span><\/span><\/p>\n<p>[\/et_pb_text][\/et_pb_column][\/et_pb_row][\/et_pb_section]<\/p>\n","protected":false},"excerpt":{"rendered":"<p>Aula matinal El Aula Matinal se mantendr\u00e1 desde el inicio del curso escolar hasta su finalizaci\u00f3n, pudi\u00e9ndose inscribir los alumnos mensual o diariamente. El Aula Matinal comienza su actividad a la 7:30 horas y finaliza a las 9:00 horas, pudi\u00e9ndose incorporar los alumnos\/as a esta actividad, en cualquier momento durante el horario establecido. El establecimiento [&hellip;]<\/p>\n","protected":false},"author":7051,"featured_media":753,"parent":0,"menu_order":0,"comment_status":"closed","ping_status":"closed","template":"","meta":{"_et_pb_use_builder":"on","_et_pb_old_content":"","_et_gb_content_width":"","ngg_post_thumbnail":0,"footnotes":""},"aioseo_notices":[],"_links":{"self":[{"href":"https:\/\/blogsaverroes.juntadeandalucia.es\/ceipcasalcarrillo\/wp-json\/wp\/v2\/pages\/33"}],"collection":[{"href":"https:\/\/blogsaverroes.juntadeandalucia.es\/ceipcasalcarrillo\/wp-json\/wp\/v2\/pages"}],"about":[{"href":"https:\/\/blogsaverroes.juntadeandalucia.es\/ceipcasalcarrillo\/wp-json\/wp\/v2\/types\/page"}],"author":[{"embeddable":true,"href":"https:\/\/blogsaverroes.juntadeandalucia.es\/ceipcasalcarrillo\/wp-json\/wp\/v2\/users\/7051"}],"replies":[{"embeddable":true,"href":"https:\/\/blogsaverroes.juntadeandalucia.es\/ceipcasalcarrillo\/wp-json\/wp\/v2\/comments?post=33"}],"version-history":[{"count":3,"href":"https:\/\/blogsaverroes.juntadeandalucia.es\/ceipcasalcarrillo\/wp-json\/wp\/v2\/pages\/33\/revisions"}],"predecessor-version":[{"id":2237,"href":"https:\/\/blogsaverroes.juntadeandalucia.es\/ceipcasalcarrillo\/wp-json\/wp\/v2\/pages\/33\/revisions\/2237"}],"wp:featuredmedia":[{"embeddable":true,"href":"https:\/\/blogsaverroes.juntadeandalucia.es\/ceipcasalcarrillo\/wp-json\/wp\/v2\/media\/753"}],"wp:attachment":[{"href":"https:\/\/blogsaverroes.juntadeandalucia.es\/ceipcasalcarrillo\/wp-json\/wp\/v2\/media?parent=33"}],"curies":[{"name":"wp","href":"https:\/\/api.w.org\/{rel}","templated":true}]}}