{"id":39,"date":"2020-01-09T12:44:11","date_gmt":"2020-01-09T11:44:11","guid":{"rendered":"http:\/\/blogsaverroes.juntadeandalucia.es\/pre\/nuevoceip2v2\/?page_id=39"},"modified":"2023-09-11T11:03:21","modified_gmt":"2023-09-11T10:03:21","slug":"comedor-escolar","status":"publish","type":"page","link":"https:\/\/blogsaverroes.juntadeandalucia.es\/ceipcasalcarrillo\/comedor-escolar\/","title":{"rendered":"Comedor escolar"},"content":{"rendered":"<p>[et_pb_section fb_built=&#8221;1&#8243; _builder_version=&#8221;3.23.3&#8243; custom_padding=&#8221;0px||0px|&#8221; z_index_tablet=&#8221;500&#8243; box_shadow_horizontal_tablet=&#8221;0px&#8221; box_shadow_vertical_tablet=&#8221;0px&#8221; box_shadow_blur_tablet=&#8221;40px&#8221; box_shadow_spread_tablet=&#8221;0px&#8221; global_colors_info=&#8221;{}&#8221;][et_pb_row _builder_version=&#8221;3.25&#8243; background_size=&#8221;initial&#8221; background_position=&#8221;top_left&#8221; background_repeat=&#8221;repeat&#8221; global_colors_info=&#8221;{}&#8221;][et_pb_column type=&#8221;4_4&#8243; _builder_version=&#8221;3.25&#8243; custom_padding=&#8221;|||&#8221; global_colors_info=&#8221;{}&#8221; custom_padding__hover=&#8221;|||&#8221;][et_pb_image src=&#8221;https:\/\/blogsaverroes.juntadeandalucia.es\/ceipcasalcarrillo\/files\/2023\/01\/comedor-escolar-1-kIZC-1200&#215;630@abc.jpg&#8221; title_text=&#8221;comedor-escolar-1-kIZC&#8211;1200&#215;630@abc&#8221; admin_label=&#8221;Imagen de la portada&#8221; _builder_version=&#8221;4.14.5&#8243; width=&#8221;51%&#8221; max_width=&#8221;52%&#8221; z_index_tablet=&#8221;500&#8243; box_shadow_horizontal_tablet=&#8221;0px&#8221; box_shadow_vertical_tablet=&#8221;0px&#8221; box_shadow_blur_tablet=&#8221;40px&#8221; box_shadow_spread_tablet=&#8221;0px&#8221; global_colors_info=&#8221;{}&#8221;][\/et_pb_image][et_pb_text admin_label=&#8221;Texto descriptivo&#8221; _builder_version=&#8221;4.14.5&#8243; hover_enabled=&#8221;0&#8243; z_index_tablet=&#8221;500&#8243; text_text_shadow_horizontal_length_tablet=&#8221;0px&#8221; text_text_shadow_vertical_length_tablet=&#8221;0px&#8221; text_text_shadow_blur_strength_tablet=&#8221;1px&#8221; link_text_shadow_horizontal_length_tablet=&#8221;0px&#8221; link_text_shadow_vertical_length_tablet=&#8221;0px&#8221; link_text_shadow_blur_strength_tablet=&#8221;1px&#8221; ul_text_shadow_horizontal_length_tablet=&#8221;0px&#8221; ul_text_shadow_vertical_length_tablet=&#8221;0px&#8221; ul_text_shadow_blur_strength_tablet=&#8221;1px&#8221; ol_text_shadow_horizontal_length_tablet=&#8221;0px&#8221; ol_text_shadow_vertical_length_tablet=&#8221;0px&#8221; ol_text_shadow_blur_strength_tablet=&#8221;1px&#8221; quote_text_shadow_horizontal_length_tablet=&#8221;0px&#8221; quote_text_shadow_vertical_length_tablet=&#8221;0px&#8221; quote_text_shadow_blur_strength_tablet=&#8221;1px&#8221; header_text_shadow_horizontal_length_tablet=&#8221;0px&#8221; header_text_shadow_vertical_length_tablet=&#8221;0px&#8221; header_text_shadow_blur_strength_tablet=&#8221;1px&#8221; header_2_text_shadow_horizontal_length_tablet=&#8221;0px&#8221; header_2_text_shadow_vertical_length_tablet=&#8221;0px&#8221; header_2_text_shadow_blur_strength_tablet=&#8221;1px&#8221; header_3_text_shadow_horizontal_length_tablet=&#8221;0px&#8221; header_3_text_shadow_vertical_length_tablet=&#8221;0px&#8221; header_3_text_shadow_blur_strength_tablet=&#8221;1px&#8221; header_4_text_shadow_horizontal_length_tablet=&#8221;0px&#8221; header_4_text_shadow_vertical_length_tablet=&#8221;0px&#8221; header_4_text_shadow_blur_strength_tablet=&#8221;1px&#8221; header_5_text_shadow_horizontal_length_tablet=&#8221;0px&#8221; header_5_text_shadow_vertical_length_tablet=&#8221;0px&#8221; header_5_text_shadow_blur_strength_tablet=&#8221;1px&#8221; header_6_text_shadow_horizontal_length_tablet=&#8221;0px&#8221; header_6_text_shadow_vertical_length_tablet=&#8221;0px&#8221; header_6_text_shadow_blur_strength_tablet=&#8221;1px&#8221; box_shadow_horizontal_tablet=&#8221;0px&#8221; box_shadow_vertical_tablet=&#8221;0px&#8221; box_shadow_blur_tablet=&#8221;40px&#8221; box_shadow_spread_tablet=&#8221;0px&#8221; global_colors_info=&#8221;{}&#8221; sticky_enabled=&#8221;0&#8243;]<\/p>\n<h2>Comedor escolar<\/h2>\n<p><span style=\"font-family: arial, helvetica, sans-serif;font-size: 14pt\">Comedor De 14:00 a 16 horas De lunes a viernes<\/span><\/p>\n<p><span style=\"font-size: 14pt\"><span style=\"font-family: arial, helvetica, sans-serif\">El servicio de Comedor del centro ha sido otorgado a la empresa <\/span>ARAMARK <span style=\"font-family: arial, helvetica, sans-serif\">con un servicio <\/span><span style=\"font-family: arial, helvetica, sans-serif\">de catering.<\/span><\/span><\/p>\n<p><span style=\"font-size: 14pt\"><strong><span style=\"font-family: arial, helvetica, sans-serif\">OBJETIVOS.<\/span><\/strong><\/span><br \/><span style=\"font-size: 14pt\"><span style=\"font-family: arial, helvetica, sans-serif\">1. Ense\u00f1ar a los\/as alumnos\/as a consumir una dieta equilibrada que se ajuste a las <\/span><span style=\"font-family: arial, helvetica, sans-serif\">recomendaciones diet\u00e9ticas que dispone la Consejer\u00eda.<\/span><\/span><br \/><span style=\"font-family: arial, helvetica, sans-serif;font-size: 14pt\"> 2. Ense\u00f1ar buenos h\u00e1bitos, utilizaci\u00f3n de cubiertos y posturas mientras se come.<\/span><\/p>\n<p><span style=\"font-size: 14pt\"><strong><span style=\"font-family: arial, helvetica, sans-serif\">ORGANIZACI\u00d3N:<\/span><\/strong><\/span><br \/><span style=\"font-family: arial, helvetica, sans-serif;font-size: 14pt\"> En la cocina hay 2 personas trabajando a tiempo completo.<\/span><br \/><span style=\"font-size: 14pt\"> <span style=\"font-family: arial, helvetica, sans-serif\">En el sal\u00f3n comedor hay 4 monitoras y un monitor y una de ellas es la encargada de <\/span><span style=\"font-family: arial, helvetica, sans-serif\">coordinarlas.<\/span><\/span><br \/><span style=\"font-size: 14pt\"> <span style=\"font-family: arial, helvetica, sans-serif\">A las 13:55 h. para no coincidir con la salida de Primaria, las monitoras recogen en las <\/span><span style=\"font-family: arial, helvetica, sans-serif\">aulas a los alumnos de Infantil y se encargan de su traslado hasta el comedor y de darles <\/span><span style=\"font-family: arial, helvetica, sans-serif\">de comer.<\/span><\/span><\/p>\n<p><span style=\"font-size: 14pt\"><span style=\"font-family: arial, helvetica, sans-serif\">A las 14:00 horas otras monitoras se encargan de recoger a los alumnos de Primaria en <\/span><span style=\"font-family: arial, helvetica, sans-serif\">el patio y los trasladan al comedor. Y de esta manera se completa el primer turno.<\/span><\/span><br \/><span style=\"font-size: 14pt\"> <span style=\"font-family: arial, helvetica, sans-serif\">Cuando los ni\u00f1os han terminado de comer, cuidados por las monitoras se trasladan al SUM<\/span><span style=\"font-family: arial, helvetica, sans-serif\"> o al patio a hacer actividades de recreo. Se hace entrega a los padres en <\/span><span style=\"font-family: arial, helvetica, sans-serif\">dos turnos, uno a las 15:15 y otro a las 16:00 horas.<\/span><\/span><\/p>\n<p><span style=\"font-size: 14pt\"><span style=\"font-family: arial, helvetica, sans-serif\">El alumnado usuario debe cumplir en todo momento las normas de <\/span><span style=\"font-family: arial, helvetica, sans-serif\">funcionamiento y disciplina definidas por las monitoras de estos servicios, <\/span><span style=\"font-family: arial, helvetica, sans-serif\">confiri\u00e9ndoles respeto y obediencia.<\/span><\/span><br \/><span style=\"font-size: 14pt\"> <span style=\"font-family: arial, helvetica, sans-serif\">Rogamos puntualidad en la recogida de sus hijos\/as del servicio <\/span><span style=\"font-family: arial, helvetica, sans-serif\">record\u00e1ndoles que disponemos de dos turnos de salida del comedor , a las 15:00 h, <\/span><span style=\"font-family: arial, helvetica, sans-serif\">para el alumnado que come en el primer turno que as\u00ed lo solicite y el alumnado del<\/span><\/span><br \/><span style=\"font-size: 14pt\"> <span style=\"font-family: arial, helvetica, sans-serif\">segundo turno y el resto del alumnado del turno primero que saldr\u00e1 a las 15:50 horas, <\/span><span style=\"font-family: arial, helvetica, sans-serif\">con la finalidad de cuidar la conciliaci\u00f3n familiar. El alumnado del primer turno <\/span><span style=\"font-family: arial, helvetica, sans-serif\">que requiera salir a las 15:00 h tendr\u00e1 que comunicarlo a las monitoras.<\/span><\/span><\/p>\n<p><span style=\"font-size: 14pt\"><strong><span style=\"font-family: arial, helvetica, sans-serif\">INFORMACI\u00d3N SOBRE COBROS DE RECIBOS DEL COMEDOR<\/span><\/strong><\/span><\/p>\n<p><span style=\"font-size: 14pt\"><span style=\"font-family: arial, helvetica, sans-serif\">Todo el sistema de cobros, altas, bajas y comunicaci\u00f3n de ausencias sigue el <\/span><span style=\"font-family: arial, helvetica, sans-serif\">protocolo establecido por la empresa del comedor, ARAMARK. El Centro no establece <\/span><span style=\"font-family: arial, helvetica, sans-serif\">este sistema de gesti\u00f3n sino dicha empresa. De este modo, les comunico literalmente la <\/span><span style=\"font-family: arial, helvetica, sans-serif\">informaci\u00f3n que nos han pasado:<\/span><\/span><br \/><span style=\"font-size: 14pt\"> <span style=\"font-family: arial, helvetica, sans-serif\">Las ausencias deben ser comunicadas por v\u00eda telem\u00e1tica, a trasv\u00e9s de la App <\/span><span style=\"font-family: arial, helvetica, sans-serif\">Aplicaci\u00f3n M\u00f3vil \u201cEl gusto de crecer\u201d y \/o a la p\u00e1gina web <\/span><span style=\"font-family: arial, helvetica, sans-serif\">( <a href=\"https:\/\/www.elgustodecrecer.es\/\" target=\"_blank\" rel=\"noopener noreferrer\">www.elgustodecrecer.es<\/a>), con preaviso de 3 d\u00edas del d\u00eda de la comunicaci\u00f3n de la <\/span><span style=\"font-family: arial, helvetica, sans-serif\">ausencia.<\/span><\/span><br \/><span style=\"font-size: 14pt\"> <span style=\"font-family: arial, helvetica, sans-serif\">Las comunicaciones por v\u00eda telef\u00f3nica, v\u00eda email o v\u00eda contacto de la p\u00e1gina <\/span><span style=\"font-family: arial, helvetica, sans-serif\">de \u201cEl Gusto de Crecer\u201d no ser\u00e1n v\u00e1lidas; y pasados los d\u00edas indicados no se <\/span><span style=\"font-family: arial, helvetica, sans-serif\">justificar\u00e1 la ausencia para el mismo d\u00eda, ya que el sistema no lo permite.<\/span><\/span><br \/><span style=\"font-size: 14pt\"> <span style=\"font-family: arial, helvetica, sans-serif\">Las monitoras del comedor dar\u00e1n al alumnado una nota informativa para <\/span><span style=\"font-family: arial, helvetica, sans-serif\">las familias con las normas de la empresa y todo lo referente a la comunicaci\u00f3n de <\/span><span style=\"font-family: arial, helvetica, sans-serif\">las ausencias y los justificantes de las mismas.<\/span><\/span><br \/><span style=\"font-family: arial, helvetica, sans-serif;font-size: 12pt\"><span style=\"font-size: 14pt\">Para ponerse en contacto con la empresa el tel\u00e9fono es<\/span> <span style=\"font-size: 18pt\"><strong>954461035<\/strong><\/span><\/span><\/p>\n<p>[\/et_pb_text][\/et_pb_column][\/et_pb_row][\/et_pb_section]<\/p>\n","protected":false},"excerpt":{"rendered":"<p>Comedor escolar Comedor De 14:00 a 16 horas De lunes a viernes El servicio de Comedor del centro ha sido otorgado a la empresa ARAMARK con un servicio de catering. OBJETIVOS.1. Ense\u00f1ar a los\/as alumnos\/as a consumir una dieta equilibrada que se ajuste a las recomendaciones diet\u00e9ticas que dispone la Consejer\u00eda. 2. Ense\u00f1ar buenos h\u00e1bitos, [&hellip;]<\/p>\n","protected":false},"author":7051,"featured_media":758,"parent":0,"menu_order":0,"comment_status":"closed","ping_status":"closed","template":"","meta":{"_et_pb_use_builder":"on","_et_pb_old_content":"","_et_gb_content_width":"","ngg_post_thumbnail":0,"footnotes":""},"aioseo_notices":[],"_links":{"self":[{"href":"https:\/\/blogsaverroes.juntadeandalucia.es\/ceipcasalcarrillo\/wp-json\/wp\/v2\/pages\/39"}],"collection":[{"href":"https:\/\/blogsaverroes.juntadeandalucia.es\/ceipcasalcarrillo\/wp-json\/wp\/v2\/pages"}],"about":[{"href":"https:\/\/blogsaverroes.juntadeandalucia.es\/ceipcasalcarrillo\/wp-json\/wp\/v2\/types\/page"}],"author":[{"embeddable":true,"href":"https:\/\/blogsaverroes.juntadeandalucia.es\/ceipcasalcarrillo\/wp-json\/wp\/v2\/users\/7051"}],"replies":[{"embeddable":true,"href":"https:\/\/blogsaverroes.juntadeandalucia.es\/ceipcasalcarrillo\/wp-json\/wp\/v2\/comments?post=39"}],"version-history":[{"count":7,"href":"https:\/\/blogsaverroes.juntadeandalucia.es\/ceipcasalcarrillo\/wp-json\/wp\/v2\/pages\/39\/revisions"}],"predecessor-version":[{"id":3361,"href":"https:\/\/blogsaverroes.juntadeandalucia.es\/ceipcasalcarrillo\/wp-json\/wp\/v2\/pages\/39\/revisions\/3361"}],"wp:featuredmedia":[{"embeddable":true,"href":"https:\/\/blogsaverroes.juntadeandalucia.es\/ceipcasalcarrillo\/wp-json\/wp\/v2\/media\/758"}],"wp:attachment":[{"href":"https:\/\/blogsaverroes.juntadeandalucia.es\/ceipcasalcarrillo\/wp-json\/wp\/v2\/media?parent=39"}],"curies":[{"name":"wp","href":"https:\/\/api.w.org\/{rel}","templated":true}]}}