{"id":43,"date":"2020-01-09T12:45:55","date_gmt":"2020-01-09T11:45:55","guid":{"rendered":"http:\/\/blogsaverroes.juntadeandalucia.es\/pre\/nuevoceip2v2\/?page_id=43"},"modified":"2023-02-14T22:05:40","modified_gmt":"2023-02-14T21:05:40","slug":"idiomas","status":"publish","type":"page","link":"https:\/\/blogsaverroes.juntadeandalucia.es\/ceipcasalcarrillo\/idiomas\/","title":{"rendered":"Idiomas"},"content":{"rendered":"<p>[et_pb_section fb_built=&#8221;1&#8243; _builder_version=&#8221;3.23.3&#8243; custom_padding=&#8221;0px||0px|&#8221; z_index_tablet=&#8221;500&#8243; box_shadow_horizontal_tablet=&#8221;0px&#8221; box_shadow_vertical_tablet=&#8221;0px&#8221; box_shadow_blur_tablet=&#8221;40px&#8221; box_shadow_spread_tablet=&#8221;0px&#8221; global_colors_info=&#8221;{}&#8221;][et_pb_row _builder_version=&#8221;3.25&#8243; background_size=&#8221;initial&#8221; background_position=&#8221;top_left&#8221; background_repeat=&#8221;repeat&#8221; global_colors_info=&#8221;{}&#8221;][et_pb_column type=&#8221;4_4&#8243; _builder_version=&#8221;3.25&#8243; custom_padding=&#8221;|||&#8221; global_colors_info=&#8221;{}&#8221; custom_padding__hover=&#8221;|||&#8221;][et_pb_image src=&#8221;https:\/\/blogsaverroes.juntadeandalucia.es\/ceipcasalcarrillo\/files\/2023\/02\/ingles_primaria.jpeg&#8221; title_text=&#8221;ingles_primaria&#8221; admin_label=&#8221;Imagen de la portada&#8221; _builder_version=&#8221;4.14.5&#8243; z_index_tablet=&#8221;500&#8243; box_shadow_horizontal_tablet=&#8221;0px&#8221; box_shadow_vertical_tablet=&#8221;0px&#8221; box_shadow_blur_tablet=&#8221;40px&#8221; box_shadow_spread_tablet=&#8221;0px&#8221; global_colors_info=&#8221;{}&#8221;][\/et_pb_image][et_pb_text admin_label=&#8221;Texto descriptivo&#8221; _builder_version=&#8221;4.14.5&#8243; hover_enabled=&#8221;0&#8243; z_index_tablet=&#8221;500&#8243; text_text_shadow_horizontal_length_tablet=&#8221;0px&#8221; text_text_shadow_vertical_length_tablet=&#8221;0px&#8221; text_text_shadow_blur_strength_tablet=&#8221;1px&#8221; link_text_shadow_horizontal_length_tablet=&#8221;0px&#8221; link_text_shadow_vertical_length_tablet=&#8221;0px&#8221; link_text_shadow_blur_strength_tablet=&#8221;1px&#8221; ul_text_shadow_horizontal_length_tablet=&#8221;0px&#8221; ul_text_shadow_vertical_length_tablet=&#8221;0px&#8221; ul_text_shadow_blur_strength_tablet=&#8221;1px&#8221; ol_text_shadow_horizontal_length_tablet=&#8221;0px&#8221; ol_text_shadow_vertical_length_tablet=&#8221;0px&#8221; ol_text_shadow_blur_strength_tablet=&#8221;1px&#8221; quote_text_shadow_horizontal_length_tablet=&#8221;0px&#8221; quote_text_shadow_vertical_length_tablet=&#8221;0px&#8221; quote_text_shadow_blur_strength_tablet=&#8221;1px&#8221; header_text_shadow_horizontal_length_tablet=&#8221;0px&#8221; header_text_shadow_vertical_length_tablet=&#8221;0px&#8221; header_text_shadow_blur_strength_tablet=&#8221;1px&#8221; header_2_text_shadow_horizontal_length_tablet=&#8221;0px&#8221; header_2_text_shadow_vertical_length_tablet=&#8221;0px&#8221; header_2_text_shadow_blur_strength_tablet=&#8221;1px&#8221; header_3_text_shadow_horizontal_length_tablet=&#8221;0px&#8221; header_3_text_shadow_vertical_length_tablet=&#8221;0px&#8221; header_3_text_shadow_blur_strength_tablet=&#8221;1px&#8221; header_4_text_shadow_horizontal_length_tablet=&#8221;0px&#8221; header_4_text_shadow_vertical_length_tablet=&#8221;0px&#8221; header_4_text_shadow_blur_strength_tablet=&#8221;1px&#8221; header_5_text_shadow_horizontal_length_tablet=&#8221;0px&#8221; header_5_text_shadow_vertical_length_tablet=&#8221;0px&#8221; header_5_text_shadow_blur_strength_tablet=&#8221;1px&#8221; header_6_text_shadow_horizontal_length_tablet=&#8221;0px&#8221; header_6_text_shadow_vertical_length_tablet=&#8221;0px&#8221; header_6_text_shadow_blur_strength_tablet=&#8221;1px&#8221; box_shadow_horizontal_tablet=&#8221;0px&#8221; box_shadow_vertical_tablet=&#8221;0px&#8221; box_shadow_blur_tablet=&#8221;40px&#8221; box_shadow_spread_tablet=&#8221;0px&#8221; global_colors_info=&#8221;{}&#8221; sticky_enabled=&#8221;0&#8243;]<\/p>\n<p><span style=\"font-size: 14pt\">Aprender ingl\u00e9s desde la primaria ofrece ventajas que van m\u00e1s all\u00e1 de dominar una lengua extranjera. Entre los 6 y los 12 a\u00f1os, los ni\u00f1os y ni\u00f1as est\u00e1n en una etapa crucial de su desarrollo no solo intelectual, sino tambi\u00e9n personal, social y emocional.&nbsp;<\/span><\/p>\n<p><span style=\"font-size: 14pt\">Las actividades en clase y la convivencia con profesores y compa\u00f1eros tambi\u00e9n permitir\u00e1 el desarrollo de las siguientes aptitudes.<\/span><\/p>\n<h2>Formaci\u00f3n integral<\/h2>\n<ul>\n<li>\n<p dir=\"ltr\"><span style=\"font-size: 14pt\"><strong>Personales<\/strong>. Presentarse a s\u00ed mismos, describirse f\u00edsica y emocionalmente, compartir gustos (comida, pel\u00edculas, m\u00fasica, etc.) y narrar c\u00f3mo es un d\u00eda normal en casa son parte de las primeras actividades que los ni\u00f1os tienen en los cursos de ingl\u00e9s. Estas actividades tan elementales&nbsp; ayudan a que los ni\u00f1os y ni\u00f1as se definan a s\u00ed mismos, se hagan autoconscientes de su entorno y conozcan la diversidad que existe a su alrededor.<\/span><\/p>\n<\/li>\n<li>\n<p dir=\"ltr\"><span style=\"font-size: 14pt\"><strong>Emocionales<\/strong>. Este punto est\u00e1 relacionado con el anterior ya que los alumnos pueden aprender a identificar sus emociones y trabajar con ellas. Por ejemplo, al trabajar su autoconfianza para expresarse en otro idioma, tambi\u00e9n aprenden a lidiar con los nervios al hablar en p\u00fablico.&nbsp;<\/span><\/p>\n<\/li>\n<li>\n<p dir=\"ltr\"><span style=\"font-size: 14pt\"><strong>Sociales.<\/strong>&nbsp;El trabajo en equipo en los cursos de ingl\u00e9s de primaria es muy importante. Ayuda a que los ni\u00f1os y ni\u00f1as se apoyen mutuamente, corrijan errores, conozcan sus habilidades principales y tambi\u00e9n se diviertan en actividades grupales e incluso hagan nuevos amigos. A final de cuentas, el fin principal de aprender ingl\u00e9s es poder relacionarse con otras personas.&nbsp;<\/span><\/p>\n<\/li>\n<li>\n<p dir=\"ltr\"><span style=\"font-size: 14pt\">El desarrollo de competencias como creatividad, liderazgo, pensamiento cr\u00edtico, trabajo en equipo y conciencia global es fundamental para el crecimiento personal de los ni\u00f1os y ni\u00f1as. El aprendizaje de ingl\u00e9s ayuda de la siguiente forma a cada una de estas competencias.<\/span><\/p>\n<ul>\n<li>\n<p dir=\"ltr\"><span style=\"font-size: 14pt\"><strong>Creatividad<\/strong>. Los ni\u00f1os y ni\u00f1as aprenden ingl\u00e9s con actividades did\u00e1cticas como juegos o&nbsp;cuentos&nbsp;, pero estas actividades tambi\u00e9n impulsan su creatividad.&nbsp;<\/span><\/p>\n<\/li>\n<li>\n<p dir=\"ltr\"><span style=\"font-size: 14pt\"><strong>Trabajo en equipo<\/strong>. Uno de los objetivos de las actividades grupales en los cursos de ingl\u00e9s de primaria es que los ni\u00f1os aprendan a dividirse tareas y trabajen de forma colaborativa para lograr un objetivo, por ejemplo, exponer en clase un tema.&nbsp;<\/span><\/p>\n<\/li>\n<li>\n<p dir=\"ltr\"><span style=\"font-size: 14pt\"><strong>Liderazgo<\/strong>. El trabajo en equipo tambi\u00e9n impulsa el liderazgo, ya que los ni\u00f1os identifican sus fortalezas en diferentes \u00e1reas y pueden reforzar las mismas en actividades subsecuentes en equipo.<\/span><\/p>\n<\/li>\n<li>\n<p dir=\"ltr\"><span style=\"font-size: 14pt\"><strong>Pensamiento cr\u00edtico.<\/strong>&nbsp;El aprender otro idioma permite que los ni\u00f1os y ni\u00f1as comparen su lengua materna con su segunda lengua. Esto desarrolla su habilidad de an\u00e1lisis.<\/span><\/p>\n<\/li>\n<li>\n<p dir=\"ltr\"><span style=\"font-size: 14pt\"><strong>Conciencia global<\/strong>. Aprender ingl\u00e9s es conocer otra cultura. Esto ayuda a que los ni\u00f1os sean conscientes de las diferentes maneras de pensar, expresarse y vivir que existen en el mundo.&nbsp;<\/span><\/p>\n<\/li>\n<\/ul>\n<\/li>\n<\/ul>\n<table style=\"border-collapse: collapse;width: 100%\">\n<tbody>\n<tr>\n<td style=\"width: 50%\"><a href=\"https:\/\/www.funenglishgames.com\/\" target=\"_blank\" rel=\"noopener noreferrer\"><img loading=\"lazy\" decoding=\"async\" class=\"wp-image-1855 aligncenter size-full\" src=\"https:\/\/blogsaverroes.juntadeandalucia.es\/ceipcasalcarrillo\/files\/2023\/02\/funenglishgames2.jpg\" alt=\"\" width=\"490\" height=\"80\" srcset=\"https:\/\/blogsaverroes.juntadeandalucia.es\/ceipcasalcarrillo\/files\/2023\/02\/funenglishgames2.jpg 490w, https:\/\/blogsaverroes.juntadeandalucia.es\/ceipcasalcarrillo\/files\/2023\/02\/funenglishgames2-480x78.jpg 480w\" sizes=\"(min-width: 0px) and (max-width: 480px) 480px, (min-width: 481px) 490px, 100vw\" \/><\/a><\/td>\n<td style=\"width: 50%;text-align: center\"><a href=\"https:\/\/breakingnewsenglish.com\/\" target=\"_blank\" rel=\"noopener noreferrer\"><img loading=\"lazy\" decoding=\"async\" class=\"wp-image-1856 aligncenter \" src=\"https:\/\/blogsaverroes.juntadeandalucia.es\/ceipcasalcarrillo\/files\/2023\/02\/learn-english-news1-530x294-1.jpg\" alt=\"\" width=\"279\" height=\"155\"><\/a>&nbsp;<\/td>\n<\/tr>\n<tr>\n<td style=\"width: 50%;text-align: center\"><a href=\"https:\/\/readtoday.net\/#pgMain\" target=\"_blank\" rel=\"noopener noreferrer\"><img loading=\"lazy\" decoding=\"async\" class=\"wp-image-1857 aligncenter size-full\" src=\"https:\/\/blogsaverroes.juntadeandalucia.es\/ceipcasalcarrillo\/files\/2023\/02\/Read-Today-Online-Learning.png\" alt=\"\" width=\"150\" height=\"150\"><\/a><\/td>\n<td style=\"width: 50%;text-align: center\"><span style=\"font-size: 24pt\"><a href=\"https:\/\/www.thestorystarter.com\/junior.html\" target=\"_blank\" rel=\"noopener noreferrer\"><strong><span style=\"font-family: Courier\">El iniciador de la historia, Jr.<\/span><\/strong><\/a><\/span><\/td>\n<\/tr>\n<tr>\n<td style=\"width: 50%;text-align: center\"><a href=\"https:\/\/www.cbeebies.com\/?cdrid=mT4A9fuDvG\" target=\"_blank\" rel=\"noopener noreferrer\"><img loading=\"lazy\" decoding=\"async\" class=\"wp-image-1858 aligncenter \" src=\"https:\/\/blogsaverroes.juntadeandalucia.es\/ceipcasalcarrillo\/files\/2023\/02\/cbee.png\" alt=\"\" width=\"160\" height=\"160\" srcset=\"https:\/\/blogsaverroes.juntadeandalucia.es\/ceipcasalcarrillo\/files\/2023\/02\/cbee.png 225w, https:\/\/blogsaverroes.juntadeandalucia.es\/ceipcasalcarrillo\/files\/2023\/02\/cbee-150x150.png 150w\" sizes=\"(max-width: 160px) 100vw, 160px\" \/><\/a><\/td>\n<td style=\"width: 50%;text-align: center\"><a href=\"https:\/\/learnenglishkids.britishcouncil.org\/\" target=\"_blank\" rel=\"noopener noreferrer\"><span style=\"font-size: 24pt\"><strong><span style=\"font-family: Courier\"><img loading=\"lazy\" decoding=\"async\" class=\"wp-image-1859 aligncenter \" src=\"https:\/\/blogsaverroes.juntadeandalucia.es\/ceipcasalcarrillo\/files\/2023\/02\/songs-hello-hello-hello.png\" alt=\"\" width=\"395\" height=\"137\"><\/span><\/strong><\/span><\/a><\/td>\n<\/tr>\n<\/tbody>\n<\/table>\n<p>[\/et_pb_text][\/et_pb_column][\/et_pb_row][\/et_pb_section]<\/p>\n","protected":false},"excerpt":{"rendered":"<p>Aprender ingl\u00e9s desde la primaria ofrece ventajas que van m\u00e1s all\u00e1 de dominar una lengua extranjera. Entre los 6 y los 12 a\u00f1os, los ni\u00f1os y ni\u00f1as est\u00e1n en una etapa crucial de su desarrollo no solo intelectual, sino tambi\u00e9n personal, social y emocional.&nbsp; Las actividades en clase y la convivencia con profesores y compa\u00f1eros [&hellip;]<\/p>\n","protected":false},"author":7051,"featured_media":1849,"parent":0,"menu_order":0,"comment_status":"closed","ping_status":"closed","template":"","meta":{"_et_pb_use_builder":"on","_et_pb_old_content":"","_et_gb_content_width":"","ngg_post_thumbnail":0,"footnotes":""},"aioseo_notices":[],"_links":{"self":[{"href":"https:\/\/blogsaverroes.juntadeandalucia.es\/ceipcasalcarrillo\/wp-json\/wp\/v2\/pages\/43"}],"collection":[{"href":"https:\/\/blogsaverroes.juntadeandalucia.es\/ceipcasalcarrillo\/wp-json\/wp\/v2\/pages"}],"about":[{"href":"https:\/\/blogsaverroes.juntadeandalucia.es\/ceipcasalcarrillo\/wp-json\/wp\/v2\/types\/page"}],"author":[{"embeddable":true,"href":"https:\/\/blogsaverroes.juntadeandalucia.es\/ceipcasalcarrillo\/wp-json\/wp\/v2\/users\/7051"}],"replies":[{"embeddable":true,"href":"https:\/\/blogsaverroes.juntadeandalucia.es\/ceipcasalcarrillo\/wp-json\/wp\/v2\/comments?post=43"}],"version-history":[{"count":6,"href":"https:\/\/blogsaverroes.juntadeandalucia.es\/ceipcasalcarrillo\/wp-json\/wp\/v2\/pages\/43\/revisions"}],"predecessor-version":[{"id":1868,"href":"https:\/\/blogsaverroes.juntadeandalucia.es\/ceipcasalcarrillo\/wp-json\/wp\/v2\/pages\/43\/revisions\/1868"}],"wp:featuredmedia":[{"embeddable":true,"href":"https:\/\/blogsaverroes.juntadeandalucia.es\/ceipcasalcarrillo\/wp-json\/wp\/v2\/media\/1849"}],"wp:attachment":[{"href":"https:\/\/blogsaverroes.juntadeandalucia.es\/ceipcasalcarrillo\/wp-json\/wp\/v2\/media?parent=43"}],"curies":[{"name":"wp","href":"https:\/\/api.w.org\/{rel}","templated":true}]}}