{"id":474,"date":"2020-12-18T08:32:40","date_gmt":"2020-12-18T07:32:40","guid":{"rendered":"https:\/\/blogsaverroes.juntadeandalucia.es\/pre\/plantilla-backbag\/?page_id=474"},"modified":"2023-11-01T11:35:10","modified_gmt":"2023-11-01T10:35:10","slug":"contactar-con-el-centro","status":"publish","type":"page","link":"https:\/\/blogsaverroes.juntadeandalucia.es\/ceipcasalcarrillo\/contactar-con-el-centro\/","title":{"rendered":"Contactar"},"content":{"rendered":"<p>[et_pb_section fb_built=&#8221;1&#8243; disabled_on=&#8221;off|off|off&#8221; _builder_version=&#8221;3.23.3&#8243; custom_padding=&#8221;0px||0px|&#8221; z_index_tablet=&#8221;500&#8243; box_shadow_horizontal_tablet=&#8221;0px&#8221; box_shadow_vertical_tablet=&#8221;0px&#8221; box_shadow_blur_tablet=&#8221;40px&#8221; box_shadow_spread_tablet=&#8221;0px&#8221; global_colors_info=&#8221;{}&#8221;][et_pb_row _builder_version=&#8221;4.5.0&#8243; background_size=&#8221;initial&#8221; background_position=&#8221;top_left&#8221; background_repeat=&#8221;repeat&#8221; custom_margin=&#8221;||||false|false&#8221; global_colors_info=&#8221;{}&#8221;][et_pb_column type=&#8221;4_4&#8243; _builder_version=&#8221;3.0.47&#8243; custom_padding=&#8221;|||&#8221; global_colors_info=&#8221;{}&#8221; custom_padding__hover=&#8221;|||&#8221;][et_pb_image src=&#8221;https:\/\/blogsaverroes.juntadeandalucia.es\/ceipcasalcarrillo\/files\/2023\/01\/5f5b74f79bd6983b85d41918_06_CONTACTO_VIVUS.jpeg&#8221; title_text=&#8221;5f5b74f79bd6983b85d41918_06_CONTACTO_VIVUS&#8221; align=&#8221;center&#8221; admin_label=&#8221;Imagen de la portada&#8221; _builder_version=&#8221;4.14.5&#8243; vertical_offset_tablet=&#8221;0&#8243; horizontal_offset_tablet=&#8221;0&#8243; width=&#8221;62%&#8221; max_width=&#8221;59%&#8221; z_index_tablet=&#8221;500&#8243; box_shadow_horizontal_tablet=&#8221;0px&#8221; box_shadow_vertical_tablet=&#8221;0px&#8221; box_shadow_blur_tablet=&#8221;40px&#8221; box_shadow_spread_tablet=&#8221;0px&#8221; global_colors_info=&#8221;{}&#8221;][\/et_pb_image][et_pb_text admin_label=&#8221;Texto&#8221; _builder_version=&#8221;4.14.5&#8243; _module_preset=&#8221;default&#8221; custom_padding=&#8221;||2px|||&#8221; hover_enabled=&#8221;0&#8243; global_colors_info=&#8221;{}&#8221; sticky_enabled=&#8221;0&#8243;]<\/p>\n<p style=\"text-align: center\"><span style=\"font-size: 18pt\"><span style=\"color: #0000ff\"><strong>Nombre:<\/strong><\/span> <strong>C.E.I.P. Padre Jos\u00e9 Casal Carrillo<\/strong><\/span><\/p>\n<p style=\"text-align: center\"><span style=\"font-size: 18pt\"> <strong>Calle General Pujales, S\/N<\/strong><\/span><br \/><span style=\"font-size: 18pt\"> <strong>San Fernando (C\u00e1diz). CP 11100<\/strong><\/span><\/p>\n<p style=\"text-align: center\"><span style=\"font-size: 18pt;color: #0000ff\"> <strong>Tel\u00e9fono:<\/strong> <strong>956243585<\/strong><\/span><\/p>\n<p style=\"text-align: center\"><span style=\"font-size: 18pt\"><span style=\"color: #0000ff\"> <strong>Correo electr\u00f3nico: <\/strong><\/span><a href=\"mailto:11007272.edu@juntadeandalucia.es\"><strong>11007272.edu@juntadeandalucia.es<\/strong><\/a><\/span><\/p>\n<p>[\/et_pb_text][\/et_pb_column][\/et_pb_row][et_pb_row column_structure=&#8221;1_2,1_2&#8243; _builder_version=&#8221;4.5.0&#8243; _module_preset=&#8221;default&#8221; custom_margin=&#8221;||||false|false&#8221; global_colors_info=&#8221;{}&#8221;][et_pb_column type=&#8221;1_2&#8243; _builder_version=&#8221;4.5.0&#8243; _module_preset=&#8221;default&#8221; background_color=&#8221;#F0F0F0;&#8221; custom_css_main_element=&#8221;border: 1px solid black;||border-radius: 10px;||min-height: 460px;&#8221; global_colors_info=&#8221;{}&#8221;][et_pb_code module_id=&#8221;form_contact_pencil&#8221; _builder_version=&#8221;4.5.0&#8243; _module_preset=&#8221;default&#8221; max_height=&#8221;450px&#8221; custom_css_main_element=&#8221;padding: 3%;&#8221; global_colors_info=&#8221;{}&#8221;]\n<div class=\"wpcf7 no-js\" id=\"wpcf7-f489-o1\" lang=\"es-ES\" dir=\"ltr\">\n<div class=\"screen-reader-response\"><p role=\"status\" aria-live=\"polite\" aria-atomic=\"true\"><\/p> <ul><\/ul><\/div>\n<form action=\"\/ceipcasalcarrillo\/wp-json\/wp\/v2\/pages\/474#wpcf7-f489-o1\" method=\"post\" class=\"wpcf7-form init\" aria-label=\"Formulario de contacto\" novalidate=\"novalidate\" data-status=\"init\">\n<div style=\"display: none;\">\n<input type=\"hidden\" name=\"_wpcf7\" value=\"489\" \/>\n<input type=\"hidden\" name=\"_wpcf7_version\" value=\"5.9.8\" \/>\n<input type=\"hidden\" name=\"_wpcf7_locale\" value=\"es_ES\" \/>\n<input type=\"hidden\" name=\"_wpcf7_unit_tag\" value=\"wpcf7-f489-o1\" \/>\n<input type=\"hidden\" name=\"_wpcf7_container_post\" value=\"0\" \/>\n<input type=\"hidden\" name=\"_wpcf7_posted_data_hash\" value=\"\" \/>\n<\/div>\n<div class=\"et_pb_contact\">\n\t<div class=\"et_pb_contact_form\">\n\t\t<p class=\"et_pb_contact_field et_pb_contact_field_half\"><span class=\"wpcf7-form-control-wrap\" data-name=\"your-name\"><input size=\"40\" maxlength=\"400\" class=\"wpcf7-form-control wpcf7-text wpcf7-validates-as-required\" aria-required=\"true\" aria-invalid=\"false\" placeholder=\"Nombre\" value=\"\" type=\"text\" name=\"your-name\" \/><\/span>\n\t\t<\/p>\n\t\t<p class=\"et_pb_contact_field et_pb_contact_field_half et_pb_contact_field_last\"><span class=\"wpcf7-form-control-wrap\" data-name=\"your-email\"><input size=\"40\" maxlength=\"400\" class=\"wpcf7-form-control wpcf7-email wpcf7-validates-as-required wpcf7-text wpcf7-validates-as-email\" aria-required=\"true\" aria-invalid=\"false\" placeholder=\"Correo electr\u00f3nico\" value=\"\" type=\"email\" name=\"your-email\" \/><\/span>\n\t\t<\/p>\n\t\t<p class=\"et_pb_contact_field et_pb_contact_field_half\"><span class=\"wpcf7-form-control-wrap\" data-name=\"tel-1\"><input size=\"40\" maxlength=\"400\" class=\"wpcf7-form-control wpcf7-tel wpcf7-text wpcf7-validates-as-tel\" aria-invalid=\"false\" placeholder=\"Tel\u00e9fono (No obligatorio)\" value=\"\" type=\"tel\" name=\"tel-1\" \/><\/span>\n\t\t<\/p>\n\t\t<p class=\"et_pb_contact_field et_pb_contact_field_half et_pb_contact_field_last\"><span class=\"wpcf7-form-control-wrap\" data-name=\"your-subject\"><input size=\"40\" maxlength=\"400\" class=\"wpcf7-form-control wpcf7-text wpcf7-validates-as-required\" aria-required=\"true\" aria-invalid=\"false\" placeholder=\"Asunto\" value=\"\" type=\"text\" name=\"your-subject\" \/><\/span>\n\t\t<\/p>\n\t\t<p class=\"et_pb_contact_field et_pb_contact_field_last\"><span class=\"wpcf7-form-control-wrap\" data-name=\"your-message\"><textarea cols=\"40\" rows=\"10\" maxlength=\"2000\" class=\"wpcf7-form-control wpcf7-textarea\" aria-invalid=\"false\" placeholder=\"Mensaje\" name=\"your-message\"><\/textarea><\/span>\n\t\t<\/p>\n\t<\/div>\n<\/div>\n<div class=\"et_contact_bottom_container padding-button-contact-form\">\n\t<p><button type=\"button\" class=\"et_pb_contact_submit wpcf7-form-control wpcf7-submit et_pb_button\">Enviar<\/button>\n\t<\/p>\n<\/div><div class=\"wpcf7-response-output\" aria-hidden=\"true\"><\/div>\n<\/form>\n<\/div>\n[\/et_pb_code][\/et_pb_column][et_pb_column type=&#8221;1_2&#8243; _builder_version=&#8221;4.5.0&#8243; _module_preset=&#8221;default&#8221; custom_css_main_element=&#8221;border: 1px solid black;||border-radius: 10px;||overflow: hidden;&#8221; global_colors_info=&#8221;{}&#8221;][et_pb_code _builder_version=&#8221;4.14.5&#8243; _module_preset=&#8221;default&#8221; max_height=&#8221;458px&#8221; border_radii=&#8221;on|10px|10px|10px|10px&#8221; global_colors_info=&#8221;{}&#8221;]<iframe loading=\"lazy\" src=\"https:\/\/www.google.com\/maps\/embed?pb=!1m18!1m12!1m3!1d3208.609762796891!2d-6.2058272850800025!3d36.46698598001855!2m3!1f0!2f0!3f0!3m2!1i1024!2i768!4f13.1!3m3!1m2!1s0xd0dcd230595f1d3%3A0xfd2cf3e21ffedd01!2sColegio%20P%C3%BAblico%20Padre%20Jos%C3%A9%20Casal%20Carrillo!5e0!3m2!1ses!2ses!4v1673204961616!5m2!1ses!2ses\" width=\"600\" height=\"450\"><\/iframe>[\/et_pb_code][\/et_pb_column][\/et_pb_row][et_pb_row _builder_version=&#8221;4.5.0&#8243; _module_preset=&#8221;default&#8221; global_colors_info=&#8221;{}&#8221;][et_pb_column type=&#8221;4_4&#8243; _builder_version=&#8221;4.5.0&#8243; _module_preset=&#8221;default&#8221; global_colors_info=&#8221;{}&#8221;][et_pb_social_media_follow _builder_version=&#8221;4.5.0&#8243; _module_preset=&#8221;default&#8221; text_orientation=&#8221;center&#8221; global_colors_info=&#8221;{}&#8221;][et_pb_social_media_follow_network social_network=&#8221;twitter&#8221; _builder_version=&#8221;4.5.0&#8243; _module_preset=&#8221;default&#8221; background_color=&#8221;#00aced&#8221; global_colors_info=&#8221;{}&#8221; follow_button=&#8221;off&#8221; url_new_window=&#8221;on&#8221;]twitter[\/et_pb_social_media_follow_network][et_pb_social_media_follow_network social_network=&#8221;facebook&#8221; _builder_version=&#8221;4.5.0&#8243; _module_preset=&#8221;default&#8221; background_color=&#8221;#3b5998&#8243; global_colors_info=&#8221;{}&#8221; follow_button=&#8221;off&#8221; url_new_window=&#8221;on&#8221;]facebook[\/et_pb_social_media_follow_network][et_pb_social_media_follow_network social_network=&#8221;instagram&#8221; _builder_version=&#8221;4.5.0&#8243; _module_preset=&#8221;default&#8221; background_color=&#8221;#ea2c59&#8243; global_colors_info=&#8221;{}&#8221; follow_button=&#8221;off&#8221; url_new_window=&#8221;on&#8221;]instagram[\/et_pb_social_media_follow_network][\/et_pb_social_media_follow][\/et_pb_column][\/et_pb_row][\/et_pb_section]<\/p>\n","protected":false},"excerpt":{"rendered":"<p>Nombre: C.E.I.P. Padre Jos\u00e9 Casal Carrillo Calle General Pujales, S\/N San Fernando (C\u00e1diz). CP 11100 Tel\u00e9fono: 956243585 Correo electr\u00f3nico: 11007272.edu@juntadeandalucia.es\n<div class=\"wpcf7 no-js\" id=\"wpcf7-f489-o2\" lang=\"es-ES\" dir=\"ltr\">\n<div class=\"screen-reader-response\"><p role=\"status\" aria-live=\"polite\" aria-atomic=\"true\"><\/p> <ul><\/ul><\/div>\n<form action=\"\/ceipcasalcarrillo\/wp-json\/wp\/v2\/pages\/474#wpcf7-f489-o2\" method=\"post\" class=\"wpcf7-form init\" aria-label=\"Formulario de contacto\" novalidate=\"novalidate\" data-status=\"init\">\n<div style=\"display: none;\">\n<input type=\"hidden\" name=\"_wpcf7\" value=\"489\" \/>\n<input type=\"hidden\" name=\"_wpcf7_version\" value=\"5.9.8\" \/>\n<input type=\"hidden\" name=\"_wpcf7_locale\" value=\"es_ES\" \/>\n<input type=\"hidden\" name=\"_wpcf7_unit_tag\" value=\"wpcf7-f489-o2\" \/>\n<input type=\"hidden\" name=\"_wpcf7_container_post\" value=\"0\" \/>\n<input type=\"hidden\" name=\"_wpcf7_posted_data_hash\" value=\"\" \/>\n<\/div>\n<div class=\"et_pb_contact\">\n\t<div class=\"et_pb_contact_form\">\n\t\t<p class=\"et_pb_contact_field et_pb_contact_field_half\"><span class=\"wpcf7-form-control-wrap\" data-name=\"your-name\"><input size=\"40\" maxlength=\"400\" class=\"wpcf7-form-control wpcf7-text wpcf7-validates-as-required\" aria-required=\"true\" aria-invalid=\"false\" placeholder=\"Nombre\" value=\"\" type=\"text\" name=\"your-name\" \/><\/span>\n\t\t<\/p>\n\t\t<p class=\"et_pb_contact_field et_pb_contact_field_half et_pb_contact_field_last\"><span class=\"wpcf7-form-control-wrap\" data-name=\"your-email\"><input size=\"40\" maxlength=\"400\" class=\"wpcf7-form-control wpcf7-email wpcf7-validates-as-required wpcf7-text wpcf7-validates-as-email\" aria-required=\"true\" aria-invalid=\"false\" placeholder=\"Correo electr\u00f3nico\" value=\"\" type=\"email\" name=\"your-email\" \/><\/span>\n\t\t<\/p>\n\t\t<p class=\"et_pb_contact_field et_pb_contact_field_half\"><span class=\"wpcf7-form-control-wrap\" data-name=\"tel-1\"><input size=\"40\" maxlength=\"400\" class=\"wpcf7-form-control wpcf7-tel wpcf7-text wpcf7-validates-as-tel\" aria-invalid=\"false\" placeholder=\"Tel\u00e9fono (No obligatorio)\" value=\"\" type=\"tel\" name=\"tel-1\" \/><\/span>\n\t\t<\/p>\n\t\t<p class=\"et_pb_contact_field et_pb_contact_field_half et_pb_contact_field_last\"><span class=\"wpcf7-form-control-wrap\" data-name=\"your-subject\"><input size=\"40\" maxlength=\"400\" class=\"wpcf7-form-control wpcf7-text wpcf7-validates-as-required\" aria-required=\"true\" aria-invalid=\"false\" placeholder=\"Asunto\" value=\"\" type=\"text\" name=\"your-subject\" \/><\/span>\n\t\t<\/p>\n\t\t<p class=\"et_pb_contact_field et_pb_contact_field_last\"><span class=\"wpcf7-form-control-wrap\" data-name=\"your-message\"><textarea cols=\"40\" rows=\"10\" maxlength=\"2000\" class=\"wpcf7-form-control wpcf7-textarea\" aria-invalid=\"false\" placeholder=\"Mensaje\" name=\"your-message\"><\/textarea><\/span>\n\t\t<\/p>\n\t<\/div>\n<\/div>\n<div class=\"et_contact_bottom_container padding-button-contact-form\">\n\t<p><button type=\"button\" class=\"et_pb_contact_submit wpcf7-form-control wpcf7-submit et_pb_button\">Enviar<\/button>\n\t<\/p>\n<\/div><div class=\"wpcf7-response-output\" aria-hidden=\"true\"><\/div>\n<\/form>\n<\/div>\n<\/p>\n","protected":false},"author":7051,"featured_media":0,"parent":0,"menu_order":0,"comment_status":"closed","ping_status":"closed","template":"","meta":{"_et_pb_use_builder":"on","_et_pb_old_content":"","_et_gb_content_width":"","ngg_post_thumbnail":0,"footnotes":""},"aioseo_notices":[],"_links":{"self":[{"href":"https:\/\/blogsaverroes.juntadeandalucia.es\/ceipcasalcarrillo\/wp-json\/wp\/v2\/pages\/474"}],"collection":[{"href":"https:\/\/blogsaverroes.juntadeandalucia.es\/ceipcasalcarrillo\/wp-json\/wp\/v2\/pages"}],"about":[{"href":"https:\/\/blogsaverroes.juntadeandalucia.es\/ceipcasalcarrillo\/wp-json\/wp\/v2\/types\/page"}],"author":[{"embeddable":true,"href":"https:\/\/blogsaverroes.juntadeandalucia.es\/ceipcasalcarrillo\/wp-json\/wp\/v2\/users\/7051"}],"replies":[{"embeddable":true,"href":"https:\/\/blogsaverroes.juntadeandalucia.es\/ceipcasalcarrillo\/wp-json\/wp\/v2\/comments?post=474"}],"version-history":[{"count":10,"href":"https:\/\/blogsaverroes.juntadeandalucia.es\/ceipcasalcarrillo\/wp-json\/wp\/v2\/pages\/474\/revisions"}],"predecessor-version":[{"id":3566,"href":"https:\/\/blogsaverroes.juntadeandalucia.es\/ceipcasalcarrillo\/wp-json\/wp\/v2\/pages\/474\/revisions\/3566"}],"wp:attachment":[{"href":"https:\/\/blogsaverroes.juntadeandalucia.es\/ceipcasalcarrillo\/wp-json\/wp\/v2\/media?parent=474"}],"curies":[{"name":"wp","href":"https:\/\/api.w.org\/{rel}","templated":true}]}}