{"id":55,"date":"2020-01-09T12:48:16","date_gmt":"2020-01-09T11:48:16","guid":{"rendered":"http:\/\/blogsaverroes.juntadeandalucia.es\/pre\/nuevoceip2v2\/?page_id=55"},"modified":"2024-06-13T20:48:08","modified_gmt":"2024-06-13T19:48:08","slug":"planes-y-proyectos","status":"publish","type":"page","link":"https:\/\/blogsaverroes.juntadeandalucia.es\/ceipcasalcarrillo\/planes-y-proyectos\/","title":{"rendered":"Trabajamos con proyectos"},"content":{"rendered":"<p>[et_pb_section fb_built=&#8221;1&#8243; _builder_version=&#8221;4.16&#8243; global_colors_info=&#8221;{}&#8221;][et_pb_row _builder_version=&#8221;4.16&#8243; background_size=&#8221;initial&#8221; background_position=&#8221;top_left&#8221; background_repeat=&#8221;repeat&#8221; global_colors_info=&#8221;{}&#8221;][et_pb_column type=&#8221;4_4&#8243; _builder_version=&#8221;4.16&#8243; custom_padding=&#8221;|||&#8221; global_colors_info=&#8221;{}&#8221; custom_padding__hover=&#8221;|||&#8221;][et_pb_image title_text=&#8221;istock_80048095_small&#8221; admin_label=&#8221;Imagen de la portada&#8221; _builder_version=&#8221;4.16&#8243; z_index_tablet=&#8221;500&#8243; box_shadow_horizontal_tablet=&#8221;0px&#8221; box_shadow_vertical_tablet=&#8221;0px&#8221; box_shadow_blur_tablet=&#8221;40px&#8221; box_shadow_spread_tablet=&#8221;0px&#8221; global_colors_info=&#8221;{}&#8221;][\/et_pb_image][et_pb_text admin_label=&#8221;Texto descriptivo&#8221; _builder_version=&#8221;4.24.2&#8243; hover_enabled=&#8221;0&#8243; z_index_tablet=&#8221;500&#8243; text_text_shadow_horizontal_length_tablet=&#8221;0px&#8221; text_text_shadow_vertical_length_tablet=&#8221;0px&#8221; text_text_shadow_blur_strength_tablet=&#8221;1px&#8221; link_text_shadow_horizontal_length_tablet=&#8221;0px&#8221; link_text_shadow_vertical_length_tablet=&#8221;0px&#8221; link_text_shadow_blur_strength_tablet=&#8221;1px&#8221; ul_text_shadow_horizontal_length_tablet=&#8221;0px&#8221; ul_text_shadow_vertical_length_tablet=&#8221;0px&#8221; ul_text_shadow_blur_strength_tablet=&#8221;1px&#8221; ol_text_shadow_horizontal_length_tablet=&#8221;0px&#8221; ol_text_shadow_vertical_length_tablet=&#8221;0px&#8221; ol_text_shadow_blur_strength_tablet=&#8221;1px&#8221; quote_text_shadow_horizontal_length_tablet=&#8221;0px&#8221; quote_text_shadow_vertical_length_tablet=&#8221;0px&#8221; quote_text_shadow_blur_strength_tablet=&#8221;1px&#8221; header_text_shadow_horizontal_length_tablet=&#8221;0px&#8221; header_text_shadow_vertical_length_tablet=&#8221;0px&#8221; header_text_shadow_blur_strength_tablet=&#8221;1px&#8221; header_2_text_shadow_horizontal_length_tablet=&#8221;0px&#8221; header_2_text_shadow_vertical_length_tablet=&#8221;0px&#8221; header_2_text_shadow_blur_strength_tablet=&#8221;1px&#8221; header_3_text_shadow_horizontal_length_tablet=&#8221;0px&#8221; header_3_text_shadow_vertical_length_tablet=&#8221;0px&#8221; header_3_text_shadow_blur_strength_tablet=&#8221;1px&#8221; header_4_text_shadow_horizontal_length_tablet=&#8221;0px&#8221; header_4_text_shadow_vertical_length_tablet=&#8221;0px&#8221; header_4_text_shadow_blur_strength_tablet=&#8221;1px&#8221; header_5_text_shadow_horizontal_length_tablet=&#8221;0px&#8221; header_5_text_shadow_vertical_length_tablet=&#8221;0px&#8221; header_5_text_shadow_blur_strength_tablet=&#8221;1px&#8221; header_6_text_shadow_horizontal_length_tablet=&#8221;0px&#8221; header_6_text_shadow_vertical_length_tablet=&#8221;0px&#8221; header_6_text_shadow_blur_strength_tablet=&#8221;1px&#8221; box_shadow_horizontal_tablet=&#8221;0px&#8221; box_shadow_vertical_tablet=&#8221;0px&#8221; box_shadow_blur_tablet=&#8221;40px&#8221; box_shadow_spread_tablet=&#8221;0px&#8221; global_colors_info=&#8221;{}&#8221; sticky_enabled=&#8221;0&#8243;]<\/p>\n<h1><span style=\"color: #ff0000\"><strong>Click im\u00e1genes<\/strong><\/span><\/h1>\n<table style=\"border-collapse: collapse;width: 100%;height: 288px\">\n<tbody>\n<tr style=\"height: 288px\">\n<td style=\"width: 25%;height: 288px\">\n<h1><a href=\"https:\/\/blogsaverroes.juntadeandalucia.es\/ceipcasalcarrillo\/proyecto-egipto\/\" target=\"_blank\" rel=\"noopener noreferrer\"><img loading=\"lazy\" decoding=\"async\" class=\"wp-image-1747 aligncenter\" src=\"https:\/\/blogsaverroes.juntadeandalucia.es\/ceipcasalcarrillo\/files\/2023\/02\/EGIPTO.jpg\" alt=\"\" width=\"333\" height=\"285\"><\/a><\/h1>\n<\/td>\n<td style=\"width: 28.1706%;height: 288px\">\n<h1><a href=\"https:\/\/blogsaverroes.juntadeandalucia.es\/ceipcasalcarrillo\/proyecto-los-dinosaurios\/\" target=\"_blank\" rel=\"noopener noreferrer\"><img loading=\"lazy\" decoding=\"async\" class=\"wp-image-1750 aligncenter\" src=\"https:\/\/blogsaverroes.juntadeandalucia.es\/ceipcasalcarrillo\/files\/2023\/02\/proyecto-dinosaurios.jpg\" alt=\"\" width=\"350\" height=\"247\"><\/a><\/h1>\n<\/td>\n<td style=\"width: 21.8294%;height: 288px\">\n<h1><a href=\"https:\/\/blogsaverroes.juntadeandalucia.es\/ceipcasalcarrillo\/proyecto-los-cocineros-as\/\" target=\"_blank\" rel=\"noopener noreferrer\"><img loading=\"lazy\" decoding=\"async\" class=\"wp-image-1748 aligncenter\" src=\"https:\/\/blogsaverroes.juntadeandalucia.es\/ceipcasalcarrillo\/files\/2023\/02\/images-1.jpg\" alt=\"\" width=\"300\" height=\"300\" srcset=\"https:\/\/blogsaverroes.juntadeandalucia.es\/ceipcasalcarrillo\/files\/2023\/02\/images-1.jpg 225w, https:\/\/blogsaverroes.juntadeandalucia.es\/ceipcasalcarrillo\/files\/2023\/02\/images-1-150x150.jpg 150w\" sizes=\"(max-width: 300px) 100vw, 300px\" \/><\/a><\/h1>\n<\/td>\n<td style=\"width: 25%;height: 288px\">\n<h1 class=\"title-heading-left\"><a href=\"https:\/\/blogsaverroes.juntadeandalucia.es\/ceipcasalcarrillo\/proyecto-mujeres-cientificas\/\" target=\"_blank\" rel=\"noopener noreferrer\"><img loading=\"lazy\" decoding=\"async\" class=\"wp-image-1751 aligncenter\" src=\"https:\/\/blogsaverroes.juntadeandalucia.es\/ceipcasalcarrillo\/files\/2023\/02\/MUJERES-CIENTIFICAS-1.jpg\" alt=\"\" width=\"186\" height=\"266\"><\/a><\/h1>\n<\/td>\n<\/tr>\n<tr>\n<td style=\"width: 25%;text-align: center\">\n<p><a href=\"https:\/\/blogsaverroes.juntadeandalucia.es\/ceipcasalcarrillo\/resumen-proyecto-periodismo-curso-20222-2023\/\" target=\"_blank\" rel=\"noopener noreferrer\"><img loading=\"lazy\" decoding=\"async\" class=\"wp-image-3389 aligncenter size-full\" src=\"https:\/\/blogsaverroes.juntadeandalucia.es\/ceipcasalcarrillo\/files\/2023\/09\/periodismo.png\" alt=\"\" width=\"573\" height=\"419\" srcset=\"https:\/\/blogsaverroes.juntadeandalucia.es\/ceipcasalcarrillo\/files\/2023\/09\/periodismo.png 573w, https:\/\/blogsaverroes.juntadeandalucia.es\/ceipcasalcarrillo\/files\/2023\/09\/periodismo-480x351.png 480w\" sizes=\"(min-width: 0px) and (max-width: 480px) 480px, (min-width: 481px) 573px, 100vw\" \/><\/a><span style=\"font-size: 18pt;color: #0000ff\"><strong>PERIODISMO<\/strong><\/span><\/p>\n<h1 style=\"text-align: center\">&nbsp;<\/h1>\n<\/td>\n<td style=\"width: 28.1706%\">\n<h1 style=\"text-align: center\">&nbsp;&nbsp;&nbsp; BIODIVERSIDAD CLIC AMBAS IM\u00c1GENES<\/h1>\n<div style=\"width: 360px;\" class=\"wp-video\"><!--[if lt IE 9]><script>document.createElement('video');<\/script><![endif]-->\n<video class=\"wp-video-shortcode\" id=\"video-55-1\" width=\"360\" height=\"360\" preload=\"metadata\" controls=\"controls\"><source type=\"video\/mp4\" src=\"https:\/\/blogsaverroes.juntadeandalucia.es\/ceipcasalcarrillo\/files\/2024\/06\/DIA-MUNDIAL-MEDIOAMBIENTE-CASAL-1-online-video-cutter.com-1.mp4?_=1\" \/><a href=\"https:\/\/blogsaverroes.juntadeandalucia.es\/ceipcasalcarrillo\/files\/2024\/06\/DIA-MUNDIAL-MEDIOAMBIENTE-CASAL-1-online-video-cutter.com-1.mp4\">https:\/\/blogsaverroes.juntadeandalucia.es\/ceipcasalcarrillo\/files\/2024\/06\/DIA-MUNDIAL-MEDIOAMBIENTE-CASAL-1-online-video-cutter.com-1.mp4<\/a><\/video><\/div>\n<\/td>\n<td style=\"width: 21.8294%\">\n<h1 style=\"text-align: center\">&nbsp;<a href=\"https:\/\/blogsaverroes.juntadeandalucia.es\/ceipcasalcarrillo\/celebracion-del-dia-mundial-del-medioambiente-en-nuestro-colegio\/\" target=\"_blank\" rel=\"noopener\"><img loading=\"lazy\" decoding=\"async\" class=\"wp-image-5662 aligncenter \" src=\"https:\/\/blogsaverroes.juntadeandalucia.es\/ceipcasalcarrillo\/files\/2024\/06\/dorsan-filtration-medio-ambiente-sostenibilidad-compromiso-6-1024x862-2-e1718308005633.jpg\" alt=\"\" width=\"305\" height=\"256\"><\/a><\/h1>\n<\/td>\n<td style=\"width: 25%\">\n<h1 class=\"title-heading-left\">&nbsp;<\/h1>\n<\/td>\n<\/tr>\n<\/tbody>\n<\/table>\n<h1>&nbsp;Trabajo por Proyectos: Conoce este nuevo modelo educativo<\/h1>\n<p><b><span style=\"font-size: 14pt\">El modelo educativo se encuentra en una etapa de enorme transformaci\u00f3n<\/span><\/b><span style=\"font-size: 14pt\"><b>&nbsp;respecto al sistema tradicional, los libros, ex\u00e1menes y clases eternas tienen sus d\u00edas contados. Un nuevo m\u00e9todo educativo se va abriendo camino en las aulas espa\u00f1olas, el trabajo por proyectos.<\/b><\/span><\/p>\n<p><span style=\"font-family: arial, helvetica, sans-serif;font-size: 14pt\">\u200bbLa Investigaci\u00f3n, parte fundamental de trabajar por proyectos<\/span><\/p>\n<p><span style=\"font-size: 14pt\">Aplicando el m\u00e9todo de trabajo por proyectos, los docentes no explican la teor\u00eda de forma mon\u00f3tona durante la clase, emplean ese tiempo &nbsp;en resolver las dudas que a los ni\u00f1os les surgen a lo largo del&nbsp;trabajo por proyecto, la idea es que los ni\u00f1os investiguen por su cuenta, buscando en Internet o aduciendo a libros, o pidiendo ayuda a sus padres y familiares. Tambi\u00e9n es com\u00fan que los docentes les entreguen materiales did\u00e1cticos que deben sintetizar y les den un empuj\u00f3n con su investigaci\u00f3n.<\/span><\/p>\n<h2><span style=\"font-size: 14pt\">Ventajas del modelo educativo por proyectos<\/span><\/h2>\n<p><span style=\"font-size: 14pt\">Las&nbsp;<b>principales ventajas&nbsp;<\/b>que tiene el trabajo por proyectos&nbsp;respecto al modelo tradicional son las siguientes:<\/span><\/p>\n<p><span style=\"font-size: 14pt\"><strong>1. Fomenta la faceta autodidacta.<\/strong>&nbsp;El&nbsp;trabajo por proyectos tiene una ventaja&nbsp;clara, y es &nbsp;fomenta que los ni\u00f1os sean m\u00e1s autodidactas, al &nbsp;hacer ellos solos el proyecto adquiriendo los conceptos a trav\u00e9s de una investigaci\u00f3n organizada, permite que aprendan mejor los conceptos, de forma m\u00e1s divertida y sobre todo que se &nbsp;interesen por el tema.<\/span><\/p>\n<p><span style=\"font-size: 14pt\"><strong>2. Fomenta el trabajo en equipo.<\/strong>&nbsp;Les obliga a trabajar en equipo dejando que cada alumno del grupo aporte su granito de arena dependiendo de lo que mejor se le d\u00e9 &nbsp;y se fomenten as\u00ed las &nbsp;cualidades de cada uno.<\/span><\/p>\n<p><span style=\"font-size: 14pt\"><strong>3. Aprenden competencias digitales<\/strong>, al tener que acudir a la tecnolog\u00eda para conseguir informaci\u00f3n acerca del proyecto.<\/span><\/p>\n<p><span style=\"font-size: 14pt\"><strong>4. Mejora la socializaci\u00f3n.<\/strong>&nbsp;Y por \u00faltimo, mejora las relaciones sociales de los alumnos, ayudando a los ni\u00f1os m\u00e1s t\u00edmidos a relacionarse con sus compa\u00f1eros.<\/span><\/p>\n<p>[\/et_pb_text][\/et_pb_column][\/et_pb_row][\/et_pb_section][et_pb_section fb_built=&#8221;1&#8243; _builder_version=&#8221;4.16&#8243; _module_preset=&#8221;default&#8221; global_colors_info=&#8221;{}&#8221;][\/et_pb_section]<\/p>\n","protected":false},"excerpt":{"rendered":"<p>Click im\u00e1genes PERIODISMO &nbsp; &nbsp;&nbsp;&nbsp; BIODIVERSIDAD CLIC AMBAS IM\u00c1GENES <div style=\"width: 360px;\" class=\"wp-video\"><video class=\"wp-video-shortcode\" id=\"video-55-2\" width=\"360\" height=\"360\" preload=\"metadata\" controls=\"controls\"><source type=\"video\/mp4\" src=\"https:\/\/blogsaverroes.juntadeandalucia.es\/ceipcasalcarrillo\/files\/2024\/06\/DIA-MUNDIAL-MEDIOAMBIENTE-CASAL-1-online-video-cutter.com-1.mp4?_=2\" \/><a href=\"https:\/\/blogsaverroes.juntadeandalucia.es\/ceipcasalcarrillo\/files\/2024\/06\/DIA-MUNDIAL-MEDIOAMBIENTE-CASAL-1-online-video-cutter.com-1.mp4\">https:\/\/blogsaverroes.juntadeandalucia.es\/ceipcasalcarrillo\/files\/2024\/06\/DIA-MUNDIAL-MEDIOAMBIENTE-CASAL-1-online-video-cutter.com-1.mp4<\/a><\/video><\/div> &nbsp; &nbsp; &nbsp;Trabajo por Proyectos: Conoce este nuevo modelo educativo El modelo educativo se encuentra en una etapa de enorme transformaci\u00f3n&nbsp;respecto al sistema tradicional, los libros, ex\u00e1menes y clases eternas tienen sus d\u00edas contados. Un nuevo m\u00e9todo educativo se va abriendo camino [&hellip;]<\/p>\n","protected":false},"author":7051,"featured_media":749,"parent":0,"menu_order":0,"comment_status":"closed","ping_status":"closed","template":"","meta":{"_et_pb_use_builder":"on","_et_pb_old_content":"","_et_gb_content_width":"","ngg_post_thumbnail":0,"footnotes":""},"aioseo_notices":[],"_links":{"self":[{"href":"https:\/\/blogsaverroes.juntadeandalucia.es\/ceipcasalcarrillo\/wp-json\/wp\/v2\/pages\/55"}],"collection":[{"href":"https:\/\/blogsaverroes.juntadeandalucia.es\/ceipcasalcarrillo\/wp-json\/wp\/v2\/pages"}],"about":[{"href":"https:\/\/blogsaverroes.juntadeandalucia.es\/ceipcasalcarrillo\/wp-json\/wp\/v2\/types\/page"}],"author":[{"embeddable":true,"href":"https:\/\/blogsaverroes.juntadeandalucia.es\/ceipcasalcarrillo\/wp-json\/wp\/v2\/users\/7051"}],"replies":[{"embeddable":true,"href":"https:\/\/blogsaverroes.juntadeandalucia.es\/ceipcasalcarrillo\/wp-json\/wp\/v2\/comments?post=55"}],"version-history":[{"count":18,"href":"https:\/\/blogsaverroes.juntadeandalucia.es\/ceipcasalcarrillo\/wp-json\/wp\/v2\/pages\/55\/revisions"}],"predecessor-version":[{"id":5670,"href":"https:\/\/blogsaverroes.juntadeandalucia.es\/ceipcasalcarrillo\/wp-json\/wp\/v2\/pages\/55\/revisions\/5670"}],"wp:featuredmedia":[{"embeddable":true,"href":"https:\/\/blogsaverroes.juntadeandalucia.es\/ceipcasalcarrillo\/wp-json\/wp\/v2\/media\/749"}],"wp:attachment":[{"href":"https:\/\/blogsaverroes.juntadeandalucia.es\/ceipcasalcarrillo\/wp-json\/wp\/v2\/media?parent=55"}],"curies":[{"name":"wp","href":"https:\/\/api.w.org\/{rel}","templated":true}]}}