{"id":1113,"date":"2015-03-12T11:00:55","date_gmt":"2015-03-12T11:00:55","guid":{"rendered":"http:\/\/blogsaverroes.juntadeandalucia.es\/pre\/ceip\/?page_id=2"},"modified":"2017-04-25T22:41:54","modified_gmt":"2017-04-25T22:41:54","slug":"pagina-ejemplo-2","status":"publish","type":"page","link":"https:\/\/blogsaverroes.juntadeandalucia.es\/ceipcaseriadeossio\/","title":{"rendered":"Inicio"},"content":{"rendered":"<p>Bienvenidos a la p\u00e1gina web del Colegio P\u00fablico de Educaci\u00f3n Infantil y Primaria Caser\u00eda de Ossio,&nbsp;situado en un entorno natural privilegiado.<\/p>\n<p>Desde esta Web os ofreceremos informaci\u00f3n sobre nuestro Centro y noticias sobre las actividades realizadas y venideras. Esperamos que disfrut\u00e9is y encontr\u00e9is \u00fatil la visita, al mismo tiempo que os animamos a que particip\u00e9is.<\/p>\n<p>Para una correcta visualizaci\u00f3n mantenga actualizado su navegador. Recomendamos Google Chrome.<\/p>\n","protected":false},"excerpt":{"rendered":"<p>Bienvenidos a la p\u00e1gina web del Colegio P\u00fablico de Educaci\u00f3n Infantil y Primaria Caser\u00eda de Ossio,&nbsp;situado en un entorno natural privilegiado. Desde esta Web os ofreceremos informaci\u00f3n sobre nuestro Centro y noticias sobre las&#46;&#46;&#46;<\/p>\n","protected":false},"author":1,"featured_media":0,"parent":0,"menu_order":0,"comment_status":"closed","ping_status":"open","template":"page-c.php","meta":{"ngg_post_thumbnail":0,"footnotes":"","_mc_calendar":[]},"aioseo_notices":[],"_links":{"self":[{"href":"https:\/\/blogsaverroes.juntadeandalucia.es\/ceipcaseriadeossio\/wp-json\/wp\/v2\/pages\/1113"}],"collection":[{"href":"https:\/\/blogsaverroes.juntadeandalucia.es\/ceipcaseriadeossio\/wp-json\/wp\/v2\/pages"}],"about":[{"href":"https:\/\/blogsaverroes.juntadeandalucia.es\/ceipcaseriadeossio\/wp-json\/wp\/v2\/types\/page"}],"author":[{"embeddable":true,"href":"https:\/\/blogsaverroes.juntadeandalucia.es\/ceipcaseriadeossio\/wp-json\/wp\/v2\/users\/1"}],"replies":[{"embeddable":true,"href":"https:\/\/blogsaverroes.juntadeandalucia.es\/ceipcaseriadeossio\/wp-json\/wp\/v2\/comments?post=1113"}],"version-history":[{"count":14,"href":"https:\/\/blogsaverroes.juntadeandalucia.es\/ceipcaseriadeossio\/wp-json\/wp\/v2\/pages\/1113\/revisions"}],"predecessor-version":[{"id":4759,"href":"https:\/\/blogsaverroes.juntadeandalucia.es\/ceipcaseriadeossio\/wp-json\/wp\/v2\/pages\/1113\/revisions\/4759"}],"wp:attachment":[{"href":"https:\/\/blogsaverroes.juntadeandalucia.es\/ceipcaseriadeossio\/wp-json\/wp\/v2\/media?parent=1113"}],"curies":[{"name":"wp","href":"https:\/\/api.w.org\/{rel}","templated":true}]}}