{"id":42,"date":"2015-03-13T08:40:47","date_gmt":"2015-03-13T08:40:47","guid":{"rendered":"http:\/\/blogsaverroes.juntadeandalucia.es\/pre\/ceip\/?page_id=42"},"modified":"2018-09-20T20:57:44","modified_gmt":"2018-09-20T20:57:44","slug":"equipo-directivo","status":"publish","type":"page","link":"https:\/\/blogsaverroes.juntadeandalucia.es\/ceipcaseriadeossio\/equipo-directivo\/","title":{"rendered":"Equipo directivo"},"content":{"rendered":"<p><strong>Direcci\u00f3n: <\/strong>Juan Burgos Malag\u00f3n<\/p>\n<p><strong>Jefatura de estudios: <\/strong>Mar\u00eda Jos\u00e9 Acosta Lozano<\/p>\n<p><strong>Secretar\u00eda: <\/strong>Blanca Mar\u00eda Mend\u00edas M\u00e1rquez <\/p>\n","protected":false},"excerpt":{"rendered":"<p>Direcci\u00f3n: Juan Burgos Malag\u00f3n Jefatura de estudios: Mar\u00eda Jos\u00e9 Acosta Lozano Secretar\u00eda: Blanca Mar\u00eda Mend\u00edas M\u00e1rquez<\/p>\n","protected":false},"author":1,"featured_media":0,"parent":0,"menu_order":0,"comment_status":"closed","ping_status":"open","template":"","meta":{"ngg_post_thumbnail":0,"footnotes":"","_mc_calendar":[]},"aioseo_notices":[],"_links":{"self":[{"href":"https:\/\/blogsaverroes.juntadeandalucia.es\/ceipcaseriadeossio\/wp-json\/wp\/v2\/pages\/42"}],"collection":[{"href":"https:\/\/blogsaverroes.juntadeandalucia.es\/ceipcaseriadeossio\/wp-json\/wp\/v2\/pages"}],"about":[{"href":"https:\/\/blogsaverroes.juntadeandalucia.es\/ceipcaseriadeossio\/wp-json\/wp\/v2\/types\/page"}],"author":[{"embeddable":true,"href":"https:\/\/blogsaverroes.juntadeandalucia.es\/ceipcaseriadeossio\/wp-json\/wp\/v2\/users\/1"}],"replies":[{"embeddable":true,"href":"https:\/\/blogsaverroes.juntadeandalucia.es\/ceipcaseriadeossio\/wp-json\/wp\/v2\/comments?post=42"}],"version-history":[{"count":8,"href":"https:\/\/blogsaverroes.juntadeandalucia.es\/ceipcaseriadeossio\/wp-json\/wp\/v2\/pages\/42\/revisions"}],"predecessor-version":[{"id":5794,"href":"https:\/\/blogsaverroes.juntadeandalucia.es\/ceipcaseriadeossio\/wp-json\/wp\/v2\/pages\/42\/revisions\/5794"}],"wp:attachment":[{"href":"https:\/\/blogsaverroes.juntadeandalucia.es\/ceipcaseriadeossio\/wp-json\/wp\/v2\/media?parent=42"}],"curies":[{"name":"wp","href":"https:\/\/api.w.org\/{rel}","templated":true}]}}