{"id":77,"date":"2015-03-16T06:54:56","date_gmt":"2015-03-16T06:54:56","guid":{"rendered":"http:\/\/blogsaverroes.juntadeandalucia.es\/pre\/ceip\/?page_id=77"},"modified":"2018-09-20T21:59:09","modified_gmt":"2018-09-20T21:59:09","slug":"secretaria","status":"publish","type":"page","link":"https:\/\/blogsaverroes.juntadeandalucia.es\/ceipcaseriadeossio\/secretaria\/","title":{"rendered":"Secretar\u00eda"},"content":{"rendered":"<h4>HORARIO:<\/h4>\n<p>Lunes a viernes 9:00 a 9:30 y 13:15 a 14:00<\/p>\n<h4>DOCUMENTACI\u00d3N:<\/h4>\n<p>Aqu\u00ed encontraras documentaci\u00f3n relativa de los distintos servicios que ofrece el colegio:<\/p>\n<p>Los formularios se pueden entregar en la secretaria del colegio en C\/ Magallanes 21, mandar por correo electr\u00f3nico o fax debidamente cumplimentados y firmados.<\/p>\n<p><em>Documentos:<\/em><\/p>\n<p><em>Escolarizaci\u00f3n:<\/em><\/p>\n<ul>\n<li><a href=\"https:\/\/blogsaverroes.juntadeandalucia.es\/ceipcaseriadeossio\/files\/2015\/03\/01.-ANEXO_III-Procedimiento-de-Admisi\u00f3n-solicitud.pdf\" target=\"_blank\" rel=\"noopener\">Solicitud de admisi\u00f3n Infantil y Primaria (Anexo III).<\/a><\/li>\n<li>Formulario de Matricula:\n<ul>\n<li><a href=\"https:\/\/blogsaverroes.juntadeandalucia.es\/ceipcaseriadeossio\/files\/2015\/03\/02.-ANEXO_IV-Matr\u00edcula-Educ.-Infant\u00edl.pdf\" target=\"_blank\" rel=\"noopener\">Infantil (Anexo IV).<\/a><\/li>\n<li><a href=\"https:\/\/blogsaverroes.juntadeandalucia.es\/ceipcaseriadeossio\/files\/2015\/03\/02.1.-ANEXO_V-Matr\u00edcula-Educ.-Primaria.pdf\" target=\"_blank\" rel=\"noopener\">Primaria (Anexo V).<\/a><\/li>\n<\/ul>\n<\/li>\n<\/ul>\n<p><em>Plan de apertura:<\/em><\/p>\n<ul>\n<li><a href=\"https:\/\/blogsaverroes.juntadeandalucia.es\/ceipcaseriadeossio\/files\/2018\/09\/03.-Anexo_II_Inscripcion_en_los_Servicios_de_AM_CE_y_AAEX.pdf\" target=\"_blank\" rel=\"noopener\">Solicitud alta de los servicios de comedor, aula matinal y actividades extraescolares (Anexo II).<\/a><\/li>\n<li><a href=\"https:\/\/blogsaverroes.juntadeandalucia.es\/ceipcaseriadeossio\/files\/2018\/09\/04.-SOLICITUD-DE-BAJA-PLAN-FAMILIA.pdf\" target=\"_blank\" rel=\"noopener\">Solicitud de baja en servicios del centro.<\/a><\/li>\n<li><a href=\"https:\/\/blogsaverroes.juntadeandalucia.es\/ceipcaseriadeossio\/files\/2018\/09\/05.-BONIFICACION-AnexoV.pdf\" target=\"_blank\" rel=\"noopener\">Solicitud de bonificaciones del precio de los servicios. (Anexo V).<\/a><\/li>\n<\/ul>\n","protected":false},"excerpt":{"rendered":"<p>HORARIO: Lunes a viernes 9:00 a 9:30 y 13:15 a 14:00 DOCUMENTACI\u00d3N: Aqu\u00ed encontraras documentaci\u00f3n relativa de los distintos servicios que ofrece el colegio: Los formularios se pueden entregar en la secretaria del colegio&#46;&#46;&#46;<\/p>\n","protected":false},"author":1,"featured_media":0,"parent":0,"menu_order":0,"comment_status":"closed","ping_status":"open","template":"page-cs.php","meta":{"ngg_post_thumbnail":0,"footnotes":"","_mc_calendar":[]},"aioseo_notices":[],"_links":{"self":[{"href":"https:\/\/blogsaverroes.juntadeandalucia.es\/ceipcaseriadeossio\/wp-json\/wp\/v2\/pages\/77"}],"collection":[{"href":"https:\/\/blogsaverroes.juntadeandalucia.es\/ceipcaseriadeossio\/wp-json\/wp\/v2\/pages"}],"about":[{"href":"https:\/\/blogsaverroes.juntadeandalucia.es\/ceipcaseriadeossio\/wp-json\/wp\/v2\/types\/page"}],"author":[{"embeddable":true,"href":"https:\/\/blogsaverroes.juntadeandalucia.es\/ceipcaseriadeossio\/wp-json\/wp\/v2\/users\/1"}],"replies":[{"embeddable":true,"href":"https:\/\/blogsaverroes.juntadeandalucia.es\/ceipcaseriadeossio\/wp-json\/wp\/v2\/comments?post=77"}],"version-history":[{"count":26,"href":"https:\/\/blogsaverroes.juntadeandalucia.es\/ceipcaseriadeossio\/wp-json\/wp\/v2\/pages\/77\/revisions"}],"predecessor-version":[{"id":5808,"href":"https:\/\/blogsaverroes.juntadeandalucia.es\/ceipcaseriadeossio\/wp-json\/wp\/v2\/pages\/77\/revisions\/5808"}],"wp:attachment":[{"href":"https:\/\/blogsaverroes.juntadeandalucia.es\/ceipcaseriadeossio\/wp-json\/wp\/v2\/media?parent=77"}],"curies":[{"name":"wp","href":"https:\/\/api.w.org\/{rel}","templated":true}]}}