{"id":44,"date":"2015-03-13T08:42:15","date_gmt":"2015-03-13T08:42:15","guid":{"rendered":"http:\/\/blogsaverroes.juntadeandalucia.es\/pre\/ceip\/?page_id=44"},"modified":"2022-05-11T12:01:32","modified_gmt":"2022-05-11T12:01:32","slug":"planes-y-proyectos","status":"publish","type":"page","link":"https:\/\/blogsaverroes.juntadeandalucia.es\/ceipcastilblanco\/planes-y-proyectos\/","title":{"rendered":"Planes y Programas"},"content":{"rendered":"<h3><strong>ACOMPA\u00d1AMIENTO<a href=\"https:\/\/blogsaverroes.juntadeandalucia.es\/ceipcastilblanco\/files\/2022\/01\/Anexo_I_cartel_centros_FSE.png\"><img loading=\"lazy\" decoding=\"async\" class=\"size-medium wp-image-2812 alignleft\" src=\"https:\/\/blogsaverroes.juntadeandalucia.es\/ceipcastilblanco\/files\/2022\/01\/Anexo_I_cartel_centros_FSE-212x300.png\" alt=\"\" width=\"212\" height=\"300\" srcset=\"https:\/\/blogsaverroes.juntadeandalucia.es\/ceipcastilblanco\/files\/2022\/01\/Anexo_I_cartel_centros_FSE-212x300.png 212w, https:\/\/blogsaverroes.juntadeandalucia.es\/ceipcastilblanco\/files\/2022\/01\/Anexo_I_cartel_centros_FSE-724x1024.png 724w, https:\/\/blogsaverroes.juntadeandalucia.es\/ceipcastilblanco\/files\/2022\/01\/Anexo_I_cartel_centros_FSE-768x1086.png 768w, https:\/\/blogsaverroes.juntadeandalucia.es\/ceipcastilblanco\/files\/2022\/01\/Anexo_I_cartel_centros_FSE-1086x1536.png 1086w, https:\/\/blogsaverroes.juntadeandalucia.es\/ceipcastilblanco\/files\/2022\/01\/Anexo_I_cartel_centros_FSE-1448x2048.png 1448w, https:\/\/blogsaverroes.juntadeandalucia.es\/ceipcastilblanco\/files\/2022\/01\/Anexo_I_cartel_centros_FSE.png 1131w\" sizes=\"(max-width: 212px) 100vw, 212px\" \/><\/a>&nbsp;ESCOLAR (PROA)<\/strong><\/h3>\n<p>El Acompa\u00f1amiento Escolar es una actuaci\u00f3n dirigida a mejorar la adquisici\u00f3n de las competenciasclave, especialmente en comunicaci\u00f3n ling\u00fc\u00edstica y razonamiento matem\u00e1tico, del alumnado connecesidades espec\u00edficas de apoyo educativo que precisa acciones de car\u00e1cter compensatorio.<\/p>\n<p>Por tanto, se concibe como una medida motivadora, a la vez que favorecedora del \u00e9xito escolar, as\u00ed como una importante v\u00eda para la prevenci\u00f3n del absentismo y abandono escolar temprano.<\/p>\n<p>Esta actuaci\u00f3n va dirigida al alumnado de 2\u00ba y 3\u00ba ciclo. Para este curso escolar (21-22), tenemos autorizados 4 grupos.&nbsp;<\/p>\n<p>&nbsp;<\/p>\n<p><span style=\"text-decoration: underline\"><strong>HORARIO Y GRUPOS<\/strong><\/span><\/p>\n<p>El programa dar\u00e1 comienzo el 7 de octubre, finalizando el 31 de mayo.<\/p>\n<p><strong>GRUPOS<\/strong>:&nbsp;3\u00ba EP,&nbsp;4\u00baEP,&nbsp;5\u00baEP y&nbsp;6\u00baEP*<\/p>\n<p><strong>HORARIO<\/strong>: Martes y Jueves de 16:00 a 18:00<\/p>\n<p>*Alumnado propuesto por los Equipo Educativos.<\/p>\n<h2>&nbsp;<\/h2>\n<h2 style=\"text-align: center\"><strong>PLANES Y PROYECTOS DE INNOVACI\u00d3N<\/strong><\/h2>\n<p style=\"text-align: center\"><a href=\"https:\/\/blogsaverroes.juntadeandalucia.es\/ceipcastilblanco\/files\/2022\/02\/Logo20HHVS20RRSS202.png\"><img loading=\"lazy\" decoding=\"async\" class=\"alignnone wp-image-2827\" src=\"https:\/\/blogsaverroes.juntadeandalucia.es\/ceipcastilblanco\/files\/2022\/02\/Logo20HHVS20RRSS202-300x300.png\" alt=\"\" width=\"167\" height=\"176\"><\/a> &nbsp;<\/p>\n<p>Plan de actuaci\u00f3n de los proyectos de innovaci\u00f3n desarrollados en el centro: <strong>ECOESCUELA y ESCUELAS PROMOTORAS EN SALUD (EPSA)<\/strong><\/p>\n<div style=\"width: 100%\">\n<div style=\"padding-bottom: 56.25%;padding-top: 0;height: 0\"><iframe loading=\"lazy\" src=\"https:\/\/view.genial.ly\/61f3cc950d07f00012ce0531\" width=\"1200\" height=\"675\" frameborder=\"0\" scrolling=\"yes\"><\/iframe><\/div>\n<\/div>\n<p>&nbsp;<\/p>\n","protected":false},"excerpt":{"rendered":"<p>ACOMPA\u00d1AMIENTO&nbsp;ESCOLAR (PROA) El Acompa\u00f1amiento Escolar es una actuaci\u00f3n dirigida a mejorar la adquisici\u00f3n de las competenciasclave, especialmente en comunicaci\u00f3n ling\u00fc\u00edstica y razonamiento matem\u00e1tico, del alumnado connecesidades espec\u00edficas de apoyo educativo que precisa acciones de&#46;&#46;&#46;<\/p>\n","protected":false},"author":1,"featured_media":0,"parent":0,"menu_order":0,"comment_status":"closed","ping_status":"closed","template":"page-cs.php","meta":{"ngg_post_thumbnail":0,"footnotes":"","_mc_calendar":[]},"aioseo_notices":[],"_links":{"self":[{"href":"https:\/\/blogsaverroes.juntadeandalucia.es\/ceipcastilblanco\/wp-json\/wp\/v2\/pages\/44"}],"collection":[{"href":"https:\/\/blogsaverroes.juntadeandalucia.es\/ceipcastilblanco\/wp-json\/wp\/v2\/pages"}],"about":[{"href":"https:\/\/blogsaverroes.juntadeandalucia.es\/ceipcastilblanco\/wp-json\/wp\/v2\/types\/page"}],"author":[{"embeddable":true,"href":"https:\/\/blogsaverroes.juntadeandalucia.es\/ceipcastilblanco\/wp-json\/wp\/v2\/users\/1"}],"replies":[{"embeddable":true,"href":"https:\/\/blogsaverroes.juntadeandalucia.es\/ceipcastilblanco\/wp-json\/wp\/v2\/comments?post=44"}],"version-history":[{"count":10,"href":"https:\/\/blogsaverroes.juntadeandalucia.es\/ceipcastilblanco\/wp-json\/wp\/v2\/pages\/44\/revisions"}],"predecessor-version":[{"id":3042,"href":"https:\/\/blogsaverroes.juntadeandalucia.es\/ceipcastilblanco\/wp-json\/wp\/v2\/pages\/44\/revisions\/3042"}],"wp:attachment":[{"href":"https:\/\/blogsaverroes.juntadeandalucia.es\/ceipcastilblanco\/wp-json\/wp\/v2\/media?parent=44"}],"curies":[{"name":"wp","href":"https:\/\/api.w.org\/{rel}","templated":true}]}}