{"id":49,"date":"2015-03-13T08:47:05","date_gmt":"2015-03-13T08:47:05","guid":{"rendered":"http:\/\/blogsaverroes.juntadeandalucia.es\/pre\/ceip\/?page_id=49"},"modified":"2021-10-13T16:48:13","modified_gmt":"2021-10-13T16:48:13","slug":"proyecto-educativo","status":"publish","type":"page","link":"https:\/\/blogsaverroes.juntadeandalucia.es\/ceipcastilblanco\/proyecto-educativo\/","title":{"rendered":"Proyecto Educativo y ROF"},"content":{"rendered":"<p>&nbsp;<\/p>\n<p>Un centro se define en gran medida por su <a href=\"https:\/\/drive.google.com\/file\/d\/1F01KgoG3czScHq_6w5Xa1YszOyXm7CtY\/view?usp=sharing\"><strong>Proyecto Educativo<\/strong><\/a>. En \u00e9l se plasma el modelo educativo y la concreci\u00f3n de la normativa que un centro realiza respecto a las ense\u00f1anzas que imparte. Aspectos tales como las finales educativas, objetivos, atenci\u00f3n a la diversidad, etc.<\/p>\n<p>Otro documento de vital importancia es el <a href=\"https:\/\/drive.google.com\/file\/d\/1vOrh8LmxV7enWY5FDvLsODiVtVeQny4w\/view?usp=sharing\"><strong>Reglamento de Organizaci\u00f3n y Funcionamiento<\/strong><\/a> (ROF),&nbsp;documento t\u00e9cnico normativo de gesti\u00f3n del centro que establece entre otros aspectos la estructura org\u00e1nica de la entidad, las funciones de cada uno de sus \u00f3rganos, etc.<\/p>\n<p>Otros <strong>documentos<\/strong> del centro<\/p>\n<div class=\"page\" title=\"Page 1\"><a href=\"https:\/\/drive.google.com\/open?id=1GvOaVOvrPkmqRfz6v1n1YGxvfCPvc2z8\"><img loading=\"lazy\" decoding=\"async\" class=\"wp-image-2162 aligncenter\" src=\"https:\/\/blogsaverroes.juntadeandalucia.es\/ceipcastilblanco\/files\/2020\/04\/Captura-de-pantalla-2020-04-08-a-las-21.02.22-281x300.png\" alt=\"\" width=\"142\" height=\"152\" srcset=\"https:\/\/blogsaverroes.juntadeandalucia.es\/ceipcastilblanco\/files\/2020\/04\/Captura-de-pantalla-2020-04-08-a-las-21.02.22-281x300.png 281w, https:\/\/blogsaverroes.juntadeandalucia.es\/ceipcastilblanco\/files\/2020\/04\/Captura-de-pantalla-2020-04-08-a-las-21.02.22-22x24.png 22w, https:\/\/blogsaverroes.juntadeandalucia.es\/ceipcastilblanco\/files\/2020\/04\/Captura-de-pantalla-2020-04-08-a-las-21.02.22-34x36.png 34w, https:\/\/blogsaverroes.juntadeandalucia.es\/ceipcastilblanco\/files\/2020\/04\/Captura-de-pantalla-2020-04-08-a-las-21.02.22-45x48.png 45w, https:\/\/blogsaverroes.juntadeandalucia.es\/ceipcastilblanco\/files\/2020\/04\/Captura-de-pantalla-2020-04-08-a-las-21.02.22.png 614w\" sizes=\"(max-width: 142px) 100vw, 142px\" \/><\/a><\/div>\n<div style=\"text-align: center\" title=\"Page 1\">Plan de actuaci\u00f3n <strong>ALDEA<\/strong><\/div>\n<div title=\"Page 1\">&nbsp;<\/div>\n<div title=\"Page 1\"><a href=\"https:\/\/drive.google.com\/open?id=1Eq3-WLuPKh9E87XkVif2T0KpQ0vL5YtH\"><img loading=\"lazy\" decoding=\"async\" class=\" wp-image-2160 aligncenter\" src=\"https:\/\/blogsaverroes.juntadeandalucia.es\/ceipcastilblanco\/files\/2020\/04\/Captura-de-pantalla-2020-04-08-a-las-20.55.56-300x99.png\" alt=\"\" width=\"224\" height=\"74\" srcset=\"https:\/\/blogsaverroes.juntadeandalucia.es\/ceipcastilblanco\/files\/2020\/04\/Captura-de-pantalla-2020-04-08-a-las-20.55.56-300x99.png 300w, https:\/\/blogsaverroes.juntadeandalucia.es\/ceipcastilblanco\/files\/2020\/04\/Captura-de-pantalla-2020-04-08-a-las-20.55.56-768x253.png 768w, https:\/\/blogsaverroes.juntadeandalucia.es\/ceipcastilblanco\/files\/2020\/04\/Captura-de-pantalla-2020-04-08-a-las-20.55.56-1024x337.png 1024w, https:\/\/blogsaverroes.juntadeandalucia.es\/ceipcastilblanco\/files\/2020\/04\/Captura-de-pantalla-2020-04-08-a-las-20.55.56-24x8.png 24w, https:\/\/blogsaverroes.juntadeandalucia.es\/ceipcastilblanco\/files\/2020\/04\/Captura-de-pantalla-2020-04-08-a-las-20.55.56-36x12.png 36w, https:\/\/blogsaverroes.juntadeandalucia.es\/ceipcastilblanco\/files\/2020\/04\/Captura-de-pantalla-2020-04-08-a-las-20.55.56-48x16.png 48w, https:\/\/blogsaverroes.juntadeandalucia.es\/ceipcastilblanco\/files\/2020\/04\/Captura-de-pantalla-2020-04-08-a-las-20.55.56.png 1178w\" sizes=\"(max-width: 224px) 100vw, 224px\" \/><\/a><\/div>\n<div style=\"text-align: center\" title=\"Page 1\">Plan de actuaci\u00f3n <strong>CRECIENDO EN SALUD<\/strong><\/div>\n<div style=\"text-align: center\" title=\"Page 1\">&nbsp;<\/div>\n<div title=\"Page 1\"><a href=\"https:\/\/view.genial.ly\/612758fd08f9950e3c180c9f\/interactive-content-protocolo-covid-ceip-miguel-de-cervantes-familias\"><img loading=\"lazy\" decoding=\"async\" class=\"aligncenter wp-image-2353\" src=\"https:\/\/blogsaverroes.juntadeandalucia.es\/ceipcastilblanco\/files\/2020\/09\/Captura-de-pantalla-2020-09-05-a-las-11.21.31-300x218.png\" alt=\"\" width=\"200\" height=\"145\"><\/a><\/div>\n<p style=\"text-align: center\"><strong>Protocolo COVID-19<\/strong> (Curso 20-21)<\/p>\n<p style=\"text-align: center\"><a title=\"Protocolo Completo\" href=\"https:\/\/drive.google.com\/file\/d\/1MGHX4OT_xI-k7UDoIhTVhhC-p4bNwDck\/view?usp=sharing\">Protocolo Completo<\/a><\/p>\n<p style=\"text-align: center\"><a href=\"https:\/\/drive.google.com\/file\/d\/16AyjMb2T2yTipKfAcczvku7ZeXVN_wrr\/view?usp=sharing\"><br \/>\n<img loading=\"lazy\" decoding=\"async\" class=\"wp-image-2557 aligncenter\" src=\"https:\/\/blogsaverroes.juntadeandalucia.es\/ceipcastilblanco\/files\/2020\/11\/Captura-de-pantalla-2020-11-17-a-las-9.59.22-300x283.png\" alt=\"\" width=\"110\" height=\"104\" srcset=\"https:\/\/blogsaverroes.juntadeandalucia.es\/ceipcastilblanco\/files\/2020\/11\/Captura-de-pantalla-2020-11-17-a-las-9.59.22-300x283.png 300w, https:\/\/blogsaverroes.juntadeandalucia.es\/ceipcastilblanco\/files\/2020\/11\/Captura-de-pantalla-2020-11-17-a-las-9.59.22-24x24.png 24w, https:\/\/blogsaverroes.juntadeandalucia.es\/ceipcastilblanco\/files\/2020\/11\/Captura-de-pantalla-2020-11-17-a-las-9.59.22-36x34.png 36w, https:\/\/blogsaverroes.juntadeandalucia.es\/ceipcastilblanco\/files\/2020\/11\/Captura-de-pantalla-2020-11-17-a-las-9.59.22-48x45.png 48w, https:\/\/blogsaverroes.juntadeandalucia.es\/ceipcastilblanco\/files\/2020\/11\/Captura-de-pantalla-2020-11-17-a-las-9.59.22.png 312w\" sizes=\"(max-width: 110px) 100vw, 110px\" \/>Plan de Transformaci\u00f3n Digital Educativa<\/a><\/p>\n","protected":false},"excerpt":{"rendered":"<p>&nbsp; Un centro se define en gran medida por su Proyecto Educativo. En \u00e9l se plasma el modelo educativo y la concreci\u00f3n de la normativa que un centro realiza respecto a las ense\u00f1anzas que&#46;&#46;&#46;<\/p>\n","protected":false},"author":1,"featured_media":0,"parent":0,"menu_order":0,"comment_status":"closed","ping_status":"open","template":"page-cs.php","meta":{"ngg_post_thumbnail":0,"footnotes":"","_mc_calendar":[]},"aioseo_notices":[],"_links":{"self":[{"href":"https:\/\/blogsaverroes.juntadeandalucia.es\/ceipcastilblanco\/wp-json\/wp\/v2\/pages\/49"}],"collection":[{"href":"https:\/\/blogsaverroes.juntadeandalucia.es\/ceipcastilblanco\/wp-json\/wp\/v2\/pages"}],"about":[{"href":"https:\/\/blogsaverroes.juntadeandalucia.es\/ceipcastilblanco\/wp-json\/wp\/v2\/types\/page"}],"author":[{"embeddable":true,"href":"https:\/\/blogsaverroes.juntadeandalucia.es\/ceipcastilblanco\/wp-json\/wp\/v2\/users\/1"}],"replies":[{"embeddable":true,"href":"https:\/\/blogsaverroes.juntadeandalucia.es\/ceipcastilblanco\/wp-json\/wp\/v2\/comments?post=49"}],"version-history":[{"count":19,"href":"https:\/\/blogsaverroes.juntadeandalucia.es\/ceipcastilblanco\/wp-json\/wp\/v2\/pages\/49\/revisions"}],"predecessor-version":[{"id":2749,"href":"https:\/\/blogsaverroes.juntadeandalucia.es\/ceipcastilblanco\/wp-json\/wp\/v2\/pages\/49\/revisions\/2749"}],"wp:attachment":[{"href":"https:\/\/blogsaverroes.juntadeandalucia.es\/ceipcastilblanco\/wp-json\/wp\/v2\/media?parent=49"}],"curies":[{"name":"wp","href":"https:\/\/api.w.org\/{rel}","templated":true}]}}