{"id":871,"date":"2015-03-16T07:25:46","date_gmt":"2015-03-16T07:25:46","guid":{"rendered":"http:\/\/blogsaverroes.juntadeandalucia.es\/pre\/ceip\/?page_id=106"},"modified":"2022-01-11T09:41:00","modified_gmt":"2022-01-11T09:41:00","slug":"actividades-extraescolares","status":"publish","type":"page","link":"https:\/\/blogsaverroes.juntadeandalucia.es\/ceipcastilblanco\/actividades-extraescolares\/","title":{"rendered":"Actividades Extraescolares"},"content":{"rendered":"<h1 style=\"text-align: center\"><strong><a href=\"https:\/\/drive.google.com\/file\/d\/1Gzr9W2HaQU_do4bCqyCMqBywZGGo2hgE\/view?usp=sharing\"><img loading=\"lazy\" decoding=\"async\" class=\"alignleft wp-image-2816\" src=\"https:\/\/blogsaverroes.juntadeandalucia.es\/ceipcastilblanco\/files\/2022\/01\/FOLLETO-A.-EXTRAESCOLARES-2122-copia-169x300.jpg\" alt=\"\" width=\"223\" height=\"366\"><\/a><\/strong><\/h1>\n<h1 style=\"text-align: center\"><strong>AVISO<\/strong><\/h1>\n<h1 style=\"text-align: center\"><strong>ACT. EXTRAESCOLARES<\/strong><\/h1>\n<p style=\"text-align: center\">ACTUALMENTE SOLO LOS ACTIVIDADES DE INGL\u00c9S EST\u00c1N EN FUNCIONAMIENTO POR FALTA DE ALUMNADO PARTICIPANTE EN EL RESTO (10-01-2022).&nbsp;<\/p>\n<p style=\"text-align: center\">DISCULPEN LAS MOLESTIAS.<\/p>\n<p style=\"text-align: right\">&nbsp;<\/p>\n<p style=\"text-align: right\">EQUIPO DIRECTIVO<\/p>\n<p>&nbsp;<\/p>\n<h6>Pincha sobre la imagen<\/h6>\n<p>&nbsp;<\/p>\n<p>&nbsp;<\/p>\n<h2>PROGRAMA DE ACOMPA\u00d1AMIENTO (PROA)<\/h2>\n<p><a href=\"https:\/\/www.juntadeandalucia.es\/educacion\/portals\/web\/ced\/planesyprogramas\/proa-2021-2022\"><img loading=\"lazy\" decoding=\"async\" class=\" wp-image-2813 alignleft\" src=\"https:\/\/blogsaverroes.juntadeandalucia.es\/ceipcastilblanco\/files\/2022\/01\/Captura-de-pantalla-2022-01-11-a-las-10.08.54-300x148.png\" alt=\"\" width=\"353\" height=\"174\" srcset=\"https:\/\/blogsaverroes.juntadeandalucia.es\/ceipcastilblanco\/files\/2022\/01\/Captura-de-pantalla-2022-01-11-a-las-10.08.54-300x148.png 300w, https:\/\/blogsaverroes.juntadeandalucia.es\/ceipcastilblanco\/files\/2022\/01\/Captura-de-pantalla-2022-01-11-a-las-10.08.54-1024x506.png 1024w, https:\/\/blogsaverroes.juntadeandalucia.es\/ceipcastilblanco\/files\/2022\/01\/Captura-de-pantalla-2022-01-11-a-las-10.08.54-768x380.png 768w, https:\/\/blogsaverroes.juntadeandalucia.es\/ceipcastilblanco\/files\/2022\/01\/Captura-de-pantalla-2022-01-11-a-las-10.08.54-1536x760.png 1536w, https:\/\/blogsaverroes.juntadeandalucia.es\/ceipcastilblanco\/files\/2022\/01\/Captura-de-pantalla-2022-01-11-a-las-10.08.54-2048x1013.png 2048w, https:\/\/blogsaverroes.juntadeandalucia.es\/ceipcastilblanco\/files\/2022\/01\/Captura-de-pantalla-2022-01-11-a-las-10.08.54.png 1600w\" sizes=\"(max-width: 353px) 100vw, 353px\" \/><\/a> <strong>PROA Andaluc\u00eda<\/strong> es una de las apuestas de la Consejer\u00eda de Educaci\u00f3n y Deporte para garantizar la igualdad de oportunidades, incrementar el \u00e9xito escolar del alumnado y prevenir el absentismo y el abandono escolar temprano, a trav\u00e9s de acciones de car\u00e1cter compensatorio. Actividad dirigida al alumnado de 3\u00ba a 6\u00ba de primaria.<\/p>\n<h6>Pincha sobre la imagen<\/h6>\n<p style=\"text-align: right\"><a href=\"https:\/\/blogsaverroes.juntadeandalucia.es\/ceipcastilblanco\/files\/2022\/01\/Captura-de-pantalla-2022-01-11-a-las-10.28.50.png\"><img loading=\"lazy\" decoding=\"async\" class=\"alignnone wp-image-2817\" src=\"https:\/\/blogsaverroes.juntadeandalucia.es\/ceipcastilblanco\/files\/2022\/01\/Captura-de-pantalla-2022-01-11-a-las-10.28.50-300x163.png\" alt=\"\" width=\"77\" height=\"42\" srcset=\"https:\/\/blogsaverroes.juntadeandalucia.es\/ceipcastilblanco\/files\/2022\/01\/Captura-de-pantalla-2022-01-11-a-las-10.28.50-300x163.png 300w, https:\/\/blogsaverroes.juntadeandalucia.es\/ceipcastilblanco\/files\/2022\/01\/Captura-de-pantalla-2022-01-11-a-las-10.28.50.png 528w\" sizes=\"(max-width: 77px) 100vw, 77px\" \/><\/a>&nbsp; &nbsp; &nbsp; &nbsp; &nbsp;<a href=\"https:\/\/blogsaverroes.juntadeandalucia.es\/ceipcastilblanco\/files\/2022\/01\/Captura-de-pantalla-2022-01-11-a-las-10.29.33.png\"><img loading=\"lazy\" decoding=\"async\" class=\"alignnone wp-image-2818\" src=\"https:\/\/blogsaverroes.juntadeandalucia.es\/ceipcastilblanco\/files\/2022\/01\/Captura-de-pantalla-2022-01-11-a-las-10.29.33.png\" alt=\"\" width=\"57\" height=\"49\"><\/a><\/p>\n","protected":false},"excerpt":{"rendered":"<p>AVISO ACT. EXTRAESCOLARES ACTUALMENTE SOLO LOS ACTIVIDADES DE INGL\u00c9S EST\u00c1N EN FUNCIONAMIENTO POR FALTA DE ALUMNADO PARTICIPANTE EN EL RESTO (10-01-2022).&nbsp; DISCULPEN LAS MOLESTIAS. &nbsp; EQUIPO DIRECTIVO &nbsp; Pincha sobre la imagen &nbsp; &nbsp;&#46;&#46;&#46;<\/p>\n","protected":false},"author":1,"featured_media":0,"parent":0,"menu_order":0,"comment_status":"closed","ping_status":"open","template":"page-cs.php","meta":{"ngg_post_thumbnail":0,"footnotes":"","_mc_calendar":[]},"aioseo_notices":[],"_links":{"self":[{"href":"https:\/\/blogsaverroes.juntadeandalucia.es\/ceipcastilblanco\/wp-json\/wp\/v2\/pages\/871"}],"collection":[{"href":"https:\/\/blogsaverroes.juntadeandalucia.es\/ceipcastilblanco\/wp-json\/wp\/v2\/pages"}],"about":[{"href":"https:\/\/blogsaverroes.juntadeandalucia.es\/ceipcastilblanco\/wp-json\/wp\/v2\/types\/page"}],"author":[{"embeddable":true,"href":"https:\/\/blogsaverroes.juntadeandalucia.es\/ceipcastilblanco\/wp-json\/wp\/v2\/users\/1"}],"replies":[{"embeddable":true,"href":"https:\/\/blogsaverroes.juntadeandalucia.es\/ceipcastilblanco\/wp-json\/wp\/v2\/comments?post=871"}],"version-history":[{"count":12,"href":"https:\/\/blogsaverroes.juntadeandalucia.es\/ceipcastilblanco\/wp-json\/wp\/v2\/pages\/871\/revisions"}],"predecessor-version":[{"id":2820,"href":"https:\/\/blogsaverroes.juntadeandalucia.es\/ceipcastilblanco\/wp-json\/wp\/v2\/pages\/871\/revisions\/2820"}],"wp:attachment":[{"href":"https:\/\/blogsaverroes.juntadeandalucia.es\/ceipcastilblanco\/wp-json\/wp\/v2\/media?parent=871"}],"curies":[{"name":"wp","href":"https:\/\/api.w.org\/{rel}","templated":true}]}}