{"id":99,"date":"2015-03-16T07:22:54","date_gmt":"2015-03-16T07:22:54","guid":{"rendered":"http:\/\/blogsaverroes.juntadeandalucia.es\/pre\/ceip\/?page_id=99"},"modified":"2021-09-09T17:36:45","modified_gmt":"2021-09-09T17:36:45","slug":"comedor-escolar","status":"publish","type":"page","link":"https:\/\/blogsaverroes.juntadeandalucia.es\/ceipcastilblanco\/comedor-escolar\/","title":{"rendered":"Comedor escolar"},"content":{"rendered":"<p>Los comedores escolares son un servicio complementario que resulta de gran utilidad a padres y madres para ayudarles a&nbsp;conciliar la vida laboral y familiar.<\/p>\n<p>Los comedores son adem\u00e1s una pieza importante&nbsp;en todas las medidas dirigidas a mejorar los h\u00e1bitos alimenticios de los ni\u00f1os y ni\u00f1as y prevenir problemas de salud como la obesidad.<\/p>\n<p>Los comedores escolares de los centros p\u00fablicos andaluces promueven una <a href=\"http:\/\/www.iseandalucia.es\/web\/guest\/familias\/servicios-ofertados\/comedores-escolares\"><strong>alimentaci\u00f3n saludable<\/strong><\/a> que est\u00e1 supervisada por nutricionistas y que, entre otros aspectos, se caracteriza por:<\/p>\n<ul>\n<li>Una mayor proporci\u00f3n de verdura en los men\u00fas.<\/li>\n<li>Fruta fresca como postre al menos cuatro d\u00edas a la semana.<\/li>\n<li>Uso de aceite de oliva virgen extra.<\/li>\n<li>M\u00e1s pescado que carne, que debe ser magra.<\/li>\n<li>Limitaci\u00f3n de los alimentos precocinados y los fritos.<\/li>\n<li>Apuesta por la dieta mediterr\u00e1nea y los productos ecol\u00f3gicos<\/li>\n<\/ul>\n<p><strong>Solicitudes:<\/strong><\/p>\n<p>Las solicitudes del servicio de comedor se deber\u00e1n rellenar junto con las matr\u00edculas en el mes de junio. Si alguna familia necesitara hacer uso del comedor porque la situaci\u00f3n laboral de los tutores cambiase, p\u00f3ngase en contacto con el centro para seguir sus indicaciones<\/p>\n<p><strong>Horarios:<\/strong><\/p>\n<p>El horario del servicio de comedor es de <strong>14:00 a 16:00<\/strong>.<\/p>\n<p>Este curso se van a establecer dos turnos de comidas<\/p>\n<p><span style=\"text-decoration: underline\">1\u00ba Turno<\/span>: Infantil, 1\u00ba y 2\u00ba Ciclo.<\/p>\n<p><span style=\"text-decoration: underline\">2\u00ba Turno<\/span>: 2\u00ba, 3\u00ba Ciclo e Instituto.<\/p>\n<p><strong>Normas del comedor:<\/strong><\/p>\n<div style=\"width: 100%\">\n<div style=\"padding-bottom: 56.25%;padding-top: 0;height: 0\"><iframe loading=\"lazy\" src=\"https:\/\/view.genial.ly\/5f6dd2d29bbeb80d1f93f068\" width=\"700\" height=\"394\" frameborder=\"0\" scrolling=\"yes\"><\/iframe><\/div>\n<\/div>\n<p><strong>Men\u00fas:<\/strong><\/p>\n<p><a href=\"https:\/\/drive.google.com\/file\/d\/16PbgVV-98Mlh_qLk7H-QM3f3wEUTLtTL\/view?usp=sharing\">Enlace a Men\u00fas y Recomendaciones.<\/a><\/p>\n<p>*Los men\u00fas pueden estar sujetos a peque\u00f1as y puntuales modificaciones.<\/p>\n<p>&nbsp;<\/p>\n","protected":false},"excerpt":{"rendered":"<p>Los comedores escolares son un servicio complementario que resulta de gran utilidad a padres y madres para ayudarles a&nbsp;conciliar la vida laboral y familiar. Los comedores son adem\u00e1s una pieza importante&nbsp;en todas las medidas&#46;&#46;&#46;<\/p>\n","protected":false},"author":1,"featured_media":0,"parent":0,"menu_order":0,"comment_status":"closed","ping_status":"open","template":"page-cs.php","meta":{"ngg_post_thumbnail":0,"footnotes":"","_mc_calendar":[]},"aioseo_notices":[],"_links":{"self":[{"href":"https:\/\/blogsaverroes.juntadeandalucia.es\/ceipcastilblanco\/wp-json\/wp\/v2\/pages\/99"}],"collection":[{"href":"https:\/\/blogsaverroes.juntadeandalucia.es\/ceipcastilblanco\/wp-json\/wp\/v2\/pages"}],"about":[{"href":"https:\/\/blogsaverroes.juntadeandalucia.es\/ceipcastilblanco\/wp-json\/wp\/v2\/types\/page"}],"author":[{"embeddable":true,"href":"https:\/\/blogsaverroes.juntadeandalucia.es\/ceipcastilblanco\/wp-json\/wp\/v2\/users\/1"}],"replies":[{"embeddable":true,"href":"https:\/\/blogsaverroes.juntadeandalucia.es\/ceipcastilblanco\/wp-json\/wp\/v2\/comments?post=99"}],"version-history":[{"count":13,"href":"https:\/\/blogsaverroes.juntadeandalucia.es\/ceipcastilblanco\/wp-json\/wp\/v2\/pages\/99\/revisions"}],"predecessor-version":[{"id":2737,"href":"https:\/\/blogsaverroes.juntadeandalucia.es\/ceipcastilblanco\/wp-json\/wp\/v2\/pages\/99\/revisions\/2737"}],"wp:attachment":[{"href":"https:\/\/blogsaverroes.juntadeandalucia.es\/ceipcastilblanco\/wp-json\/wp\/v2\/media?parent=99"}],"curies":[{"name":"wp","href":"https:\/\/api.w.org\/{rel}","templated":true}]}}