{"id":1360,"date":"2024-10-29T11:43:09","date_gmt":"2024-10-29T10:43:09","guid":{"rendered":"https:\/\/blogsaverroes.juntadeandalucia.es\/ceipcerroalto\/?page_id=1360"},"modified":"2024-10-29T11:46:48","modified_gmt":"2024-10-29T10:46:48","slug":"videotutoriales-ipasen","status":"publish","type":"page","link":"https:\/\/blogsaverroes.juntadeandalucia.es\/ceipcerroalto\/videotutoriales-ipasen\/","title":{"rendered":"VIDEOTUTORIALES IPASEN"},"content":{"rendered":"[et_pb_section fb_built=\u00bb1&#8243; _builder_version=\u00bb4.16&#8243; custom_padding=\u00bb0px||0px|\u00bb z_index_tablet=\u00bb500&#8243; box_shadow_horizontal_tablet=\u00bb0px\u00bb box_shadow_vertical_tablet=\u00bb0px\u00bb box_shadow_blur_tablet=\u00bb40px\u00bb box_shadow_spread_tablet=\u00bb0px\u00bb global_colors_info=\u00bb{}\u00bb][et_pb_row _builder_version=\u00bb4.24.2&#8243; min_height=\u00bb983px\u00bb custom_margin=\u00bb-10px|auto|-636px|auto||\u00bb custom_padding=\u00bb||0px|||\u00bb z_index_tablet=\u00bb500&#8243; box_shadow_horizontal_tablet=\u00bb0px\u00bb box_shadow_vertical_tablet=\u00bb0px\u00bb box_shadow_blur_tablet=\u00bb40px\u00bb box_shadow_spread_tablet=\u00bb0px\u00bb collapsed=\u00bbon\u00bb global_colors_info=\u00bb{}\u00bb][et_pb_column type=\u00bb4_4&#8243; _builder_version=\u00bb4.16&#8243; custom_padding=\u00bb|||\u00bb global_colors_info=\u00bb{}\u00bb custom_padding__hover=\u00bb|||\u00bb][et_pb_image src=\u00bbhttps:\/\/blogsaverroes.juntadeandalucia.es\/ceipcerroalto\/files\/2024\/10\/BANNER-WEBS.png\u00bb title_text=\u00bbBANNER WEBS\u00bb admin_label=\u00bbImagen de la portada\u00bb _builder_version=\u00bb4.24.2&#8243; vertical_offset_tablet=\u00bb0&#8243; horizontal_offset_tablet=\u00bb0&#8243; custom_margin=\u00bb24px|||||\u00bb z_index_tablet=\u00bb500&#8243; box_shadow_horizontal_tablet=\u00bb0px\u00bb box_shadow_vertical_tablet=\u00bb0px\u00bb box_shadow_blur_tablet=\u00bb40px\u00bb box_shadow_spread_tablet=\u00bb0px\u00bb global_colors_info=\u00bb{}\u00bb][\/et_pb_image][\/et_pb_column][\/et_pb_row][et_pb_row column_structure=\u00bb1_2,1_2&#8243; _builder_version=\u00bb4.24.2&#8243; _module_preset=\u00bbdefault\u00bb collapsed=\u00bbon\u00bb global_colors_info=\u00bb{}\u00bb][et_pb_column type=\u00bb1_2&#8243; _builder_version=\u00bb4.24.2&#8243; _module_preset=\u00bbdefault\u00bb global_colors_info=\u00bb{}\u00bb][et_pb_text _builder_version=\u00bb4.24.2&#8243; _module_preset=\u00bbdefault\u00bb global_colors_info=\u00bb{}\u00bb]\n<p style=\"text-align: center\"><strong><span style=\"font-size: 14pt\">AULOGIN, RECORDAR Y CAMBIAR CONTASE\u00d1A<\/span><\/strong><\/p>\n[\/et_pb_text][et_pb_video src=\u00bbhttps:\/\/youtu.be\/toQjQCEWVxQ?si=eE-sO56P1Q1YABO2&#8243; _builder_version=\u00bb4.24.2&#8243; _module_preset=\u00bbdefault\u00bb global_colors_info=\u00bb{}\u00bb][\/et_pb_video][\/et_pb_column][et_pb_column type=\u00bb1_2&#8243; _builder_version=\u00bb4.24.2&#8243; _module_preset=\u00bbdefault\u00bb global_colors_info=\u00bb{}\u00bb][et_pb_text _builder_version=\u00bb4.24.2&#8243; _module_preset=\u00bbdefault\u00bb global_colors_info=\u00bb{}\u00bb]\n<p style=\"text-align: center\"><strong><span style=\"font-size: 14pt\">AUTORIZACI\u00d3N PARA LA RECOGIDA DEL ALUMNADO<\/span><\/strong><\/p>\n[\/et_pb_text][et_pb_video src=\u00bbhttps:\/\/youtu.be\/2Ak711NjKrQ?si=3T61YVSQmrXqIz5E\u00bb _builder_version=\u00bb4.24.2&#8243; _module_preset=\u00bbdefault\u00bb global_colors_info=\u00bb{}\u00bb][\/et_pb_video][\/et_pb_column][\/et_pb_row][et_pb_row column_structure=\u00bb1_2,1_2&#8243; _builder_version=\u00bb4.24.2&#8243; _module_preset=\u00bbdefault\u00bb collapsed=\u00bbon\u00bb global_colors_info=\u00bb{}\u00bb][et_pb_column type=\u00bb1_2&#8243; _builder_version=\u00bb4.24.2&#8243; _module_preset=\u00bbdefault\u00bb global_colors_info=\u00bb{}\u00bb][et_pb_text _builder_version=\u00bb4.24.2&#8243; _module_preset=\u00bbdefault\u00bb global_colors_info=\u00bb{}\u00bb]\n<p style=\"text-align: center\"><strong><span style=\"font-size: 14pt\">CONSULTAR CALIFICACIONES TRIMESTRALES<\/span><\/strong><\/p>\n[\/et_pb_text][et_pb_video src=\u00bbhttps:\/\/youtu.be\/JKxy7CveUn4?si=RoPiFzonTP-iGJpq\u00bb _builder_version=\u00bb4.24.2&#8243; _module_preset=\u00bbdefault\u00bb global_colors_info=\u00bb{}\u00bb][\/et_pb_video][\/et_pb_column][et_pb_column type=\u00bb1_2&#8243; _builder_version=\u00bb4.24.2&#8243; _module_preset=\u00bbdefault\u00bb global_colors_info=\u00bb{}\u00bb][et_pb_text _builder_version=\u00bb4.24.2&#8243; _module_preset=\u00bbdefault\u00bb global_colors_info=\u00bb{}\u00bb]\n<p style=\"text-align: center\"><strong><span style=\"font-size: 14pt\">AUTORIZACI\u00d3N DE ACTIVIDADES<\/span><\/strong><\/p>\n[\/et_pb_text][et_pb_video src=\u00bbhttps:\/\/youtu.be\/GsWe2B4G8TQ?si=_fAiSaXfXpEitLuc\u00bb _builder_version=\u00bb4.24.2&#8243; _module_preset=\u00bbdefault\u00bb global_colors_info=\u00bb{}\u00bb][\/et_pb_video][\/et_pb_column][\/et_pb_row][et_pb_row column_structure=\u00bb1_2,1_2&#8243; _builder_version=\u00bb4.24.2&#8243; _module_preset=\u00bbdefault\u00bb collapsed=\u00bbon\u00bb global_colors_info=\u00bb{}\u00bb][et_pb_column type=\u00bb1_2&#8243; _builder_version=\u00bb4.24.2&#8243; _module_preset=\u00bbdefault\u00bb global_colors_info=\u00bb{}\u00bb][et_pb_text _builder_version=\u00bb4.24.2&#8243; _module_preset=\u00bbdefault\u00bb global_colors_info=\u00bb{}\u00bb]\n<p style=\"text-align: center\"><strong><span style=\"font-size: 14pt\">CAMBIAR FOTO EN IPASEN<\/span><\/strong><\/p>\n[\/et_pb_text][et_pb_video src=\u00bbhttps:\/\/youtu.be\/saOH24H8Cmg?si=WN4vk4qxscArt7fO\u00bb _builder_version=\u00bb4.24.2&#8243; _module_preset=\u00bbdefault\u00bb global_colors_info=\u00bb{}\u00bb][\/et_pb_video][\/et_pb_column][et_pb_column type=\u00bb1_2&#8243; _builder_version=\u00bb4.24.2&#8243; _module_preset=\u00bbdefault\u00bb global_colors_info=\u00bb{}\u00bb][et_pb_text _builder_version=\u00bb4.24.2&#8243; _module_preset=\u00bbdefault\u00bb global_colors_info=\u00bb{}\u00bb]\n<p style=\"text-align: center\"><strong><span style=\"font-size: 14pt\">DESCARGAR DOCUMENTACI\u00d3N<\/span><\/strong><\/p>\n[\/et_pb_text][et_pb_video src=\u00bbhttps:\/\/youtu.be\/ls7EritoyC0?si=5WgIXAFLFLQZYXw8&#8243; _builder_version=\u00bb4.24.2&#8243; _module_preset=\u00bbdefault\u00bb global_colors_info=\u00bb{}\u00bb][\/et_pb_video][\/et_pb_column][\/et_pb_row][et_pb_row column_structure=\u00bb1_2,1_2&#8243; _builder_version=\u00bb4.24.2&#8243; _module_preset=\u00bbdefault\u00bb collapsed=\u00bbon\u00bb global_colors_info=\u00bb{}\u00bb][et_pb_column type=\u00bb1_2&#8243; _builder_version=\u00bb4.24.2&#8243; _module_preset=\u00bbdefault\u00bb global_colors_info=\u00bb{}\u00bb][et_pb_text _builder_version=\u00bb4.24.2&#8243; _module_preset=\u00bbdefault\u00bb global_colors_info=\u00bb{}\u00bb]\n<p style=\"text-align: center\"><strong><span style=\"font-size: 14pt\">COMUNICACI\u00d3N CON IPASEN<\/span><\/strong><\/p>\n[\/et_pb_text][et_pb_video src=\u00bbhttps:\/\/youtu.be\/rJW7ceiQkm0?si=TETeWL_H1C1NFLt3&#8243; _builder_version=\u00bb4.24.2&#8243; _module_preset=\u00bbdefault\u00bb global_colors_info=\u00bb{}\u00bb][\/et_pb_video][\/et_pb_column][et_pb_column type=\u00bb1_2&#8243; _builder_version=\u00bb4.24.2&#8243; _module_preset=\u00bbdefault\u00bb global_colors_info=\u00bb{}\u00bb][et_pb_text _builder_version=\u00bb4.24.2&#8243; _module_preset=\u00bbdefault\u00bb global_colors_info=\u00bb{}\u00bb]\n<p style=\"text-align: center\"><span style=\"font-size: 14pt\"><strong>COMUNICACI\u00d3N Y JUSTIFICACI\u00d3N DE FALTAS<\/strong><\/span><\/p>\n[\/et_pb_text][et_pb_video src=\u00bbhttps:\/\/youtu.be\/-mNn45UXx2A?si=LTwI41KdZPED43cK\u00bb _builder_version=\u00bb4.24.2&#8243; _module_preset=\u00bbdefault\u00bb global_colors_info=\u00bb{}\u00bb][\/et_pb_video][\/et_pb_column][\/et_pb_row][et_pb_row column_structure=\u00bb1_2,1_2&#8243; _builder_version=\u00bb4.24.2&#8243; _module_preset=\u00bbdefault\u00bb collapsed=\u00bbon\u00bb global_colors_info=\u00bb{}\u00bb][et_pb_column type=\u00bb1_2&#8243; _builder_version=\u00bb4.24.2&#8243; _module_preset=\u00bbdefault\u00bb global_colors_info=\u00bb{}\u00bb][et_pb_text _builder_version=\u00bb4.24.2&#8243; _module_preset=\u00bbdefault\u00bb global_colors_info=\u00bb{}\u00bb]\n<p style=\"text-align: center\"><span style=\"font-size: 14pt\"><strong>CONOCER USUARIO Y CONTRASE\u00d1A DE <a href=\"http:\/\/g.educaand.es\/\" target=\"_blank\" rel=\"noopener noreferrer\" data-saferedirecturl=\"https:\/\/www.google.com\/url?q=http:\/\/G.EDUCAAND.ES&amp;source=gmail&amp;ust=1730283931552000&amp;usg=AOvVaw3BvTe99_MimzjS4Il1tEAX\">G.EDUCAAND.ES<\/a><\/strong><\/span><\/p>\n[\/et_pb_text][et_pb_video src=\u00bbhttps:\/\/youtu.be\/zOanzI08qSg?si=aYe78-q1-M8RJ0l1&#8243; _builder_version=\u00bb4.24.2&#8243; _module_preset=\u00bbdefault\u00bb global_colors_info=\u00bb{}\u00bb][\/et_pb_video][\/et_pb_column][et_pb_column type=\u00bb1_2&#8243; _builder_version=\u00bb4.24.2&#8243; _module_preset=\u00bbdefault\u00bb global_colors_info=\u00bb{}\u00bb][et_pb_text _builder_version=\u00bb4.24.2&#8243; _module_preset=\u00bbdefault\u00bb global_colors_info=\u00bb{}\u00bb]\n<p style=\"text-align: center\"><strong><span style=\"font-size: 14pt\">CONSULTAR TABL\u00d3N DE ANUNCIOS DESDE IPASEN<\/span><\/strong><\/p>\n[\/et_pb_text][et_pb_video src=\u00bbhttps:\/\/youtu.be\/Zn1VpbxebKU?si=Xg4OG61veECN9yQ5&#8243; _builder_version=\u00bb4.24.2&#8243; _module_preset=\u00bbdefault\u00bb global_colors_info=\u00bb{}\u00bb][\/et_pb_video][\/et_pb_column][\/et_pb_row][et_pb_row _builder_version=\u00bb4.24.2&#8243; _module_preset=\u00bbdefault\u00bb collapsed=\u00bbon\u00bb global_colors_info=\u00bb{}\u00bb][et_pb_column type=\u00bb4_4&#8243; _builder_version=\u00bb4.24.2&#8243; _module_preset=\u00bbdefault\u00bb global_colors_info=\u00bb{}\u00bb][et_pb_text _builder_version=\u00bb4.24.2&#8243; _module_preset=\u00bbdefault\u00bb global_colors_info=\u00bb{}\u00bb]\n<p style=\"text-align: center\"><span style=\"font-size: 14pt\"><strong>SOLUCI\u00d3N EN LOS PROBLEMAS DE LAS NOTIFICACIONES<\/strong><\/span><\/p>\n[\/et_pb_text][et_pb_video src=\u00bbhttps:\/\/youtu.be\/-15Uu_gVSIw?si=c0Wog1-lQpVOo5VL\u00bb _builder_version=\u00bb4.24.2&#8243; _module_preset=\u00bbdefault\u00bb width=\u00bb42%\u00bb max_width=\u00bb42%\u00bb module_alignment=\u00bbcenter\u00bb global_colors_info=\u00bb{}\u00bb][\/et_pb_video][\/et_pb_column][\/et_pb_row][\/et_pb_section]\n","protected":false},"excerpt":{"rendered":"<p>AULOGIN, RECORDAR Y CAMBIAR CONTASE\u00d1AAUTORIZACI\u00d3N PARA LA RECOGIDA DEL ALUMNADOCONSULTAR CALIFICACIONES TRIMESTRALESAUTORIZACI\u00d3N DE ACTIVIDADESCAMBIAR FOTO EN IPASENDESCARGAR DOCUMENTACI\u00d3NCOMUNICACI\u00d3N CON IPASENCOMUNICACI\u00d3N Y JUSTIFICACI\u00d3N DE FALTASCONOCER USUARIO Y CONTRASE\u00d1A DE G.EDUCAAND.ESCONSULTAR TABL\u00d3N DE ANUNCIOS DESDE IPASENSOLUCI\u00d3N EN LOS PROBLEMAS DE LAS NOTIFICACIONES<\/p>\n","protected":false},"author":18519,"featured_media":0,"parent":0,"menu_order":0,"comment_status":"closed","ping_status":"closed","template":"","meta":{"_et_pb_use_builder":"on","_et_pb_old_content":"","_et_gb_content_width":"","ngg_post_thumbnail":0,"footnotes":""},"aioseo_notices":[],"post_mailing_queue_ids":[],"_links":{"self":[{"href":"https:\/\/blogsaverroes.juntadeandalucia.es\/ceipcerroalto\/wp-json\/wp\/v2\/pages\/1360"}],"collection":[{"href":"https:\/\/blogsaverroes.juntadeandalucia.es\/ceipcerroalto\/wp-json\/wp\/v2\/pages"}],"about":[{"href":"https:\/\/blogsaverroes.juntadeandalucia.es\/ceipcerroalto\/wp-json\/wp\/v2\/types\/page"}],"author":[{"embeddable":true,"href":"https:\/\/blogsaverroes.juntadeandalucia.es\/ceipcerroalto\/wp-json\/wp\/v2\/users\/18519"}],"replies":[{"embeddable":true,"href":"https:\/\/blogsaverroes.juntadeandalucia.es\/ceipcerroalto\/wp-json\/wp\/v2\/comments?post=1360"}],"version-history":[{"count":4,"href":"https:\/\/blogsaverroes.juntadeandalucia.es\/ceipcerroalto\/wp-json\/wp\/v2\/pages\/1360\/revisions"}],"predecessor-version":[{"id":1369,"href":"https:\/\/blogsaverroes.juntadeandalucia.es\/ceipcerroalto\/wp-json\/wp\/v2\/pages\/1360\/revisions\/1369"}],"wp:attachment":[{"href":"https:\/\/blogsaverroes.juntadeandalucia.es\/ceipcerroalto\/wp-json\/wp\/v2\/media?parent=1360"}],"curies":[{"name":"wp","href":"https:\/\/api.w.org\/{rel}","templated":true}]}}