{"id":295,"date":"2020-01-23T11:42:26","date_gmt":"2020-01-23T10:42:26","guid":{"rendered":"http:\/\/blogsaverroes.juntadeandalucia.es\/pre\/nuevoiesv2\/?page_id=295"},"modified":"2025-09-22T13:44:50","modified_gmt":"2025-09-22T11:44:50","slug":"equipo-directivo","status":"publish","type":"page","link":"https:\/\/blogsaverroes.juntadeandalucia.es\/ceipcerroalto\/equipo-directivo\/","title":{"rendered":"EQUIPO DIRECTIVO Y CLAUSTRO DE PROFESORES"},"content":{"rendered":"[et_pb_section fb_built=\u00bb1&#8243; _builder_version=\u00bb4.16&#8243; custom_padding=\u00bb0px||0px|\u00bb z_index_tablet=\u00bb500&#8243; box_shadow_horizontal_tablet=\u00bb0px\u00bb box_shadow_vertical_tablet=\u00bb0px\u00bb box_shadow_blur_tablet=\u00bb40px\u00bb box_shadow_spread_tablet=\u00bb0px\u00bb global_colors_info=\u00bb{}\u00bb][et_pb_row _builder_version=\u00bb4.16&#8243; min_height=\u00bb2165px\u00bb custom_margin=\u00bb-10px|||\u00bb z_index_tablet=\u00bb500&#8243; box_shadow_horizontal_tablet=\u00bb0px\u00bb box_shadow_vertical_tablet=\u00bb0px\u00bb box_shadow_blur_tablet=\u00bb40px\u00bb box_shadow_spread_tablet=\u00bb0px\u00bb global_colors_info=\u00bb{}\u00bb][et_pb_column type=\u00bb4_4&#8243; _builder_version=\u00bb4.16&#8243; custom_padding=\u00bb|||\u00bb global_colors_info=\u00bb{}\u00bb custom_padding__hover=\u00bb|||\u00bb][et_pb_image src=\u00bbhttps:\/\/blogsaverroes.juntadeandalucia.es\/ceipcerroalto\/files\/2022\/06\/cabecera-equipo-directivo.png\u00bb title_text=\u00bbcabecera-equipo-directivo\u00bb admin_label=\u00bbImagen de la portada\u00bb _builder_version=\u00bb4.16&#8243; vertical_offset_tablet=\u00bb0&#8243; horizontal_offset_tablet=\u00bb0&#8243; custom_margin=\u00bb24px|||||\u00bb z_index_tablet=\u00bb500&#8243; box_shadow_horizontal_tablet=\u00bb0px\u00bb box_shadow_vertical_tablet=\u00bb0px\u00bb box_shadow_blur_tablet=\u00bb40px\u00bb box_shadow_spread_tablet=\u00bb0px\u00bb global_colors_info=\u00bb{}\u00bb][\/et_pb_image][et_pb_text admin_label=\u00bbTexto descriptivo\u00bb _builder_version=\u00bb4.16&#8243; custom_margin=\u00bb-60px||-60px||true|\u00bb custom_padding=\u00bb||13px|||\u00bb z_index_tablet=\u00bb500&#8243; text_text_shadow_horizontal_length_tablet=\u00bb0px\u00bb text_text_shadow_vertical_length_tablet=\u00bb0px\u00bb text_text_shadow_blur_strength_tablet=\u00bb1px\u00bb link_text_shadow_horizontal_length_tablet=\u00bb0px\u00bb link_text_shadow_vertical_length_tablet=\u00bb0px\u00bb link_text_shadow_blur_strength_tablet=\u00bb1px\u00bb ul_text_shadow_horizontal_length_tablet=\u00bb0px\u00bb ul_text_shadow_vertical_length_tablet=\u00bb0px\u00bb ul_text_shadow_blur_strength_tablet=\u00bb1px\u00bb ol_text_shadow_horizontal_length_tablet=\u00bb0px\u00bb ol_text_shadow_vertical_length_tablet=\u00bb0px\u00bb ol_text_shadow_blur_strength_tablet=\u00bb1px\u00bb quote_text_shadow_horizontal_length_tablet=\u00bb0px\u00bb quote_text_shadow_vertical_length_tablet=\u00bb0px\u00bb quote_text_shadow_blur_strength_tablet=\u00bb1px\u00bb header_text_shadow_horizontal_length_tablet=\u00bb0px\u00bb header_text_shadow_vertical_length_tablet=\u00bb0px\u00bb header_text_shadow_blur_strength_tablet=\u00bb1px\u00bb header_2_text_shadow_horizontal_length_tablet=\u00bb0px\u00bb header_2_text_shadow_vertical_length_tablet=\u00bb0px\u00bb header_2_text_shadow_blur_strength_tablet=\u00bb1px\u00bb header_3_text_shadow_horizontal_length_tablet=\u00bb0px\u00bb header_3_text_shadow_vertical_length_tablet=\u00bb0px\u00bb header_3_text_shadow_blur_strength_tablet=\u00bb1px\u00bb header_4_text_shadow_horizontal_length_tablet=\u00bb0px\u00bb header_4_text_shadow_vertical_length_tablet=\u00bb0px\u00bb header_4_text_shadow_blur_strength_tablet=\u00bb1px\u00bb header_5_text_shadow_horizontal_length_tablet=\u00bb0px\u00bb header_5_text_shadow_vertical_length_tablet=\u00bb0px\u00bb header_5_text_shadow_blur_strength_tablet=\u00bb1px\u00bb header_6_text_shadow_horizontal_length_tablet=\u00bb0px\u00bb header_6_text_shadow_vertical_length_tablet=\u00bb0px\u00bb header_6_text_shadow_blur_strength_tablet=\u00bb1px\u00bb box_shadow_horizontal_tablet=\u00bb0px\u00bb box_shadow_vertical_tablet=\u00bb0px\u00bb box_shadow_blur_tablet=\u00bb40px\u00bb box_shadow_spread_tablet=\u00bb0px\u00bb global_colors_info=\u00bb{}\u00bb]\n<h2 style=\"text-align: center\">6<\/h2>\n<h2 style=\"text-align: center\">\u00a0<\/h2>\n<h2 style=\"text-align: center\"><span style=\"text-decoration: underline\">PLANTILLA CURSO 2025\/2026<\/span><\/h2>\n<h2>\u00a0<\/h2>\n<h2>\u00a0<\/h2>\n<h2>Equipo directivo<\/h2>\n<p>&nbsp;<\/p>\n<p><span style=\"font-size: 12pt\"><strong>Direcci\u00f3n:<\/strong> Alicia Iglesia Delgado.<\/span><\/p>\n<p><span style=\"font-size: 12pt\"><strong>Jefatura de estudios:<\/strong> Celia Ortega Salvador.<\/span><\/p>\n<p><span style=\"font-size: 12pt\"><strong>Secretaria:<\/strong> Mar\u00eda Isabel Rodr\u00edguez Pozo.<\/span><\/p>\n<p>&nbsp;<\/p>\n[\/et_pb_text][et_pb_text admin_label=\u00bbTexto descriptivo\u00bb _builder_version=\u00bb4.16&#8243; z_index_tablet=\u00bb500&#8243; text_text_shadow_horizontal_length_tablet=\u00bb0px\u00bb text_text_shadow_vertical_length_tablet=\u00bb0px\u00bb text_text_shadow_blur_strength_tablet=\u00bb1px\u00bb link_text_shadow_horizontal_length_tablet=\u00bb0px\u00bb link_text_shadow_vertical_length_tablet=\u00bb0px\u00bb link_text_shadow_blur_strength_tablet=\u00bb1px\u00bb ul_text_shadow_horizontal_length_tablet=\u00bb0px\u00bb ul_text_shadow_vertical_length_tablet=\u00bb0px\u00bb ul_text_shadow_blur_strength_tablet=\u00bb1px\u00bb ol_text_shadow_horizontal_length_tablet=\u00bb0px\u00bb ol_text_shadow_vertical_length_tablet=\u00bb0px\u00bb ol_text_shadow_blur_strength_tablet=\u00bb1px\u00bb quote_text_shadow_horizontal_length_tablet=\u00bb0px\u00bb quote_text_shadow_vertical_length_tablet=\u00bb0px\u00bb quote_text_shadow_blur_strength_tablet=\u00bb1px\u00bb header_text_shadow_horizontal_length_tablet=\u00bb0px\u00bb header_text_shadow_vertical_length_tablet=\u00bb0px\u00bb header_text_shadow_blur_strength_tablet=\u00bb1px\u00bb header_2_text_shadow_horizontal_length_tablet=\u00bb0px\u00bb header_2_text_shadow_vertical_length_tablet=\u00bb0px\u00bb header_2_text_shadow_blur_strength_tablet=\u00bb1px\u00bb header_3_text_shadow_horizontal_length_tablet=\u00bb0px\u00bb header_3_text_shadow_vertical_length_tablet=\u00bb0px\u00bb header_3_text_shadow_blur_strength_tablet=\u00bb1px\u00bb header_4_text_shadow_horizontal_length_tablet=\u00bb0px\u00bb header_4_text_shadow_vertical_length_tablet=\u00bb0px\u00bb header_4_text_shadow_blur_strength_tablet=\u00bb1px\u00bb header_5_text_shadow_horizontal_length_tablet=\u00bb0px\u00bb header_5_text_shadow_vertical_length_tablet=\u00bb0px\u00bb header_5_text_shadow_blur_strength_tablet=\u00bb1px\u00bb header_6_text_shadow_horizontal_length_tablet=\u00bb0px\u00bb header_6_text_shadow_vertical_length_tablet=\u00bb0px\u00bb header_6_text_shadow_blur_strength_tablet=\u00bb1px\u00bb box_shadow_horizontal_tablet=\u00bb0px\u00bb box_shadow_vertical_tablet=\u00bb0px\u00bb box_shadow_blur_tablet=\u00bb40px\u00bb box_shadow_spread_tablet=\u00bb0px\u00bb global_colors_info=\u00bb{}\u00bb]\n<h2><\/h2>\n<h2><\/h2>\n<h2><\/h2>\n<h2><\/h2>\n<h2>Claustro de profesores<\/h2>\n<p>&nbsp;<\/p>\n<p><span style=\"text-decoration: underline;font-size: 14pt\">EDUCACI\u00d3N INFANTIL:<\/span><\/p>\n<p>&nbsp;<\/p>\n<p><span style=\"font-size: 12pt\"><strong>3 a\u00f1os A:\u00a0\u00a0<\/strong> Mar\u00eda \u00c1ngeles Anguita Velasco.\u00a0<\/span><\/p>\n<p><span style=\"font-size: 12pt\"><strong>3 a\u00f1os B:<\/strong>\u00a0 Mar\u00eda Isabel Rodr\u00edguez Pozo.Mar\u00eda Lilian Castillo Tena.\u00a0<\/span><\/p>\n<p><span style=\"font-size: 12pt\"><strong>4 a\u00f1os A:<\/strong>\u00a0 Inmaculada Rivera Fern\u00e1ndez.<\/span><\/p>\n<p><span style=\"font-size: 12pt\"><strong>4 a\u00f1os B:<\/strong>\u00a0 Mar\u00eda Lilian Castillo Tena.\u00a0<\/span><\/p>\n<p><span style=\"font-size: 12pt\"><strong>5 a\u00f1os A:<\/strong>\u00a0 Ruba Alatabi Sendal.<\/span><\/p>\n<p><span style=\"font-size: 12pt\"><strong>5 a\u00f1os B:<\/strong>\u00a0 Mar\u00eda Rodr\u00edguez Esteban..<\/span><\/p>\n<p><strong><span style=\"font-size: 12pt\">Apoyo:<\/span><\/strong>\u00a0 \u00a0 \u00a0 \u00a0 <span style=\"font-size: 12pt\">Mar\u00eda Salud Pallares Pallares.<\/span><\/p>\n<p><span style=\"text-decoration: underline\"><span style=\"font-size: 14pt\"><\/span><\/span><\/p>\n<p><span style=\"text-decoration: underline\"><span style=\"font-size: 14pt\">EDUCACI\u00d3N PRIMARIA:<\/span><\/span><\/p>\n<p>&nbsp;<\/p>\n<p><span style=\"font-size: 12pt\"><strong>1\u00baA:<\/strong>\u00a0 \u00a0Cristina Carrascal LLanos.<\/span><\/p>\n<p><span style=\"font-size: 12pt\"><strong>1\u00baB:<\/strong>\u00a0 \u00a0Liberto Gil Iglesias.<\/span><\/p>\n<p><strong style=\"font-size: 12pt\">2\u00baA:<\/strong><span style=\"font-size: 12pt\">\u00a0 \u00a0F\u00e1tima Pires Gonz\u00e1lez de la Rubia.\u00a0<\/span><\/p>\n<p><span style=\"font-size: 12pt\"><strong>2\u00baB:<\/strong> \u00a0 Eva Mar\u00eda Machado P\u00e9rez. \u00a0<\/span><\/p>\n<p><span style=\"font-size: 12pt\"><strong>3\u00baA:<\/strong>\u00a0 Cristina Thiri\u00f3n V\u00e1zquez.<\/span><\/p>\n<p><span style=\"font-size: 12pt\"><strong>3\u00baB:<\/strong>\u00a0 Roc\u00edo Garc\u00eda Toscano.<\/span><\/p>\n<p><span style=\"font-size: 12pt\"><strong>4\u00baA:<\/strong>\u00a0 Nella S\u00e1nchez Garrido.\u00a0<\/span><\/p>\n<p><span style=\"font-size: 12pt\"><strong>4\u00baB:<\/strong>\u00a0 Mar\u00eda del Rosario Carrera Caro.<\/span><\/p>\n<p><span style=\"font-size: 12pt\"><strong>4\u00baC:<\/strong>\u00a0 Susana Rueda Almonacid.<\/span><\/p>\n<p><span style=\"font-size: 12pt\"><strong>5\u00baA:\u00a0 <\/strong>Elena Carmen Falla Dom\u00ednguez.<\/span><\/p>\n<p><span style=\"font-size: 12pt\"><strong>5\u00baB:<\/strong>\u00a0 \u00c1ngel Maeso Seco.<\/span><\/p>\n<p><span style=\"font-size: 12pt\"><strong>5\u00baC:<\/strong>\u00a0 Abel Delgado Gonz\u00e1lez.\u00a0<\/span><\/p>\n<p><span style=\"font-size: 12pt\"><strong>6\u00baA:<\/strong>\u00a0 Ismael Dom\u00ednguez Santiago..<\/span><\/p>\n<p><span style=\"font-size: 12pt\"><strong>6\u00baB:<\/strong>\u00a0 \u00a0 \u00c1ngel Maeso Seco.<\/span><\/p>\n<p>\u00a0<span style=\"font-size: 12pt\"><strong>6\u00baC:<\/strong>\u00a0<\/span> \u00a0 <span style=\"font-size: 12pt\">Silvia Guijarro Guidonet.<\/span><span style=\"font-size: 12pt\"><\/span><\/p>\n<p>&nbsp;<\/p>\n<p><span style=\"font-size: 12pt\"><strong>Especialistas<\/strong>:<\/span>\u00a0 \u00a0<span style=\"font-size: 12pt\">M\u00f3nica\u00a0<\/span><span style=\"font-size: 12pt\">Navarro Romero. Mar\u00eda del Rosario Carrera Caro.<\/span><\/p>\n<p><span style=\"font-size: 12pt\"><strong>Cupo Apoyo y Refuerzo (CAR)<\/strong>: \u00a0 \u00a0Raquel Mar\u00eda Pereira Bernal.<\/span><\/p>\n<p><span style=\"font-size: 12pt\"><strong>Religi\u00f3n<\/strong>: \u00a0 \u00a0Mar\u00eda Carmen Delgado Ferrer, \u00c1ngela de los Reyes Gonz\u00e1lez Molleja.<\/span><\/p>\n<p>&nbsp;<\/p>\n<p><span style=\"font-size: 12pt\"><span style=\"text-decoration: underline\"><span style=\"font-size: 14pt\">EQUIPO DE ORIENTACI\u00d3N<\/span><\/span><\/span><span style=\"font-size: 12pt\"><span style=\"text-decoration: underline\"><span style=\"font-size: 14pt\">:<\/span><\/span><\/span><\/p>\n<p>&nbsp;<\/p>\n<p><span style=\"font-size: 12pt\"><strong>Audici\u00f3n y Lenguaje:<\/strong> Carlos Navarro \u00c1lvarez, Roc\u00edo S\u00e1nchez Cano. \u00a0\u00a0<\/span><\/p>\n<p><span style=\"font-size: 12pt\"><strong>Audici\u00f3n y Lenguaje(lenguaje de signos): <\/strong>Paqui Fern\u00e1ndez Infante.<\/span><\/p>\n<p><span style=\"font-size: 12pt\"><strong>Pedagog\u00eda Terap\u00e9utica:<\/strong> Cecilia Gracia Dana Armijo,\u00a0 Mar\u00eda \u00c1ngeles Calder\u00f3n Vicente.\u00a0<\/span><\/p>\n<p><span style=\"font-size: 12pt\"><strong>Aula Espec\u00edfica:<\/strong> Josefina Birman Mart\u00edn.<\/span><\/p>\n<p><span style=\"font-size: 12pt\"><strong>PTIS:<\/strong> Mar\u00eda del Mar S\u00e1nchez Lara.<\/span><\/p>\n<p><span style=\"font-size: 12pt\"><strong>Orientadora: <\/strong>Virginia Mu\u00f1oz Lagares.<\/span><\/p>\n<p><span style=\"font-size: 12pt\"><\/span><\/p>\n<p>&nbsp;<\/p>\n[\/et_pb_text][\/et_pb_column][\/et_pb_row][et_pb_row column_structure=\u00bb1_3,1_3,1_3&#8243; _builder_version=\u00bb4.16&#8243; background_size=\u00bbinitial\u00bb background_position=\u00bbtop_left\u00bb background_repeat=\u00bbrepeat\u00bb global_colors_info=\u00bb{}\u00bb][et_pb_column type=\u00bb1_3&#8243; _builder_version=\u00bb4.16&#8243; custom_padding=\u00bb|||\u00bb global_colors_info=\u00bb{}\u00bb custom_padding__hover=\u00bb|||\u00bb][et_pb_image src=\u00bbhttps:\/\/blogsaverroes.juntadeandalucia.es\/ceipcerroalto\/files\/2020\/01\/descarga-1.jpg\u00bb align=\u00bbcenter\u00bb admin_label=\u00bbImagen para Anuncio innovaci\u00f3n\u00bb _builder_version=\u00bb4.16&#8243; vertical_offset_tablet=\u00bb0&#8243; horizontal_offset_tablet=\u00bb0&#8243; z_index_tablet=\u00bb500&#8243; box_shadow_horizontal_tablet=\u00bb0px\u00bb box_shadow_vertical_tablet=\u00bb0px\u00bb box_shadow_blur_tablet=\u00bb40px\u00bb box_shadow_spread_tablet=\u00bb0px\u00bb global_colors_info=\u00bb{}\u00bb][\/et_pb_image][et_pb_blurb title=\u00bbInnovaci\u00f3n\u00bb use_icon=\u00bbon\u00bb font_icon=\u00bb&#xe01c;||divi||400&#8243; icon_placement=\u00bbleft\u00bb admin_label=\u00bbTexto innovaci\u00f3n\u00bb _builder_version=\u00bb4.16&#8243; background_color=\u00bb#f18c8c\u00bb custom_padding=\u00bb20px|20px|20px|20px\u00bb z_index_tablet=\u00bb500&#8243; header_text_shadow_horizontal_length_tablet=\u00bb0px\u00bb header_text_shadow_vertical_length_tablet=\u00bb0px\u00bb header_text_shadow_blur_strength_tablet=\u00bb1px\u00bb body_text_shadow_horizontal_length_tablet=\u00bb0px\u00bb body_text_shadow_vertical_length_tablet=\u00bb0px\u00bb body_text_shadow_blur_strength_tablet=\u00bb1px\u00bb body_link_text_shadow_horizontal_length_tablet=\u00bb0px\u00bb body_link_text_shadow_vertical_length_tablet=\u00bb0px\u00bb body_link_text_shadow_blur_strength_tablet=\u00bb1px\u00bb body_ul_text_shadow_horizontal_length_tablet=\u00bb0px\u00bb body_ul_text_shadow_vertical_length_tablet=\u00bb0px\u00bb body_ul_text_shadow_blur_strength_tablet=\u00bb1px\u00bb body_ol_text_shadow_horizontal_length_tablet=\u00bb0px\u00bb body_ol_text_shadow_vertical_length_tablet=\u00bb0px\u00bb body_ol_text_shadow_blur_strength_tablet=\u00bb1px\u00bb body_quote_text_shadow_horizontal_length_tablet=\u00bb0px\u00bb body_quote_text_shadow_vertical_length_tablet=\u00bb0px\u00bb body_quote_text_shadow_blur_strength_tablet=\u00bb1px\u00bb box_shadow_horizontal_tablet=\u00bb0px\u00bb box_shadow_vertical_tablet=\u00bb0px\u00bb box_shadow_blur_tablet=\u00bb40px\u00bb box_shadow_spread_tablet=\u00bb0px\u00bb box_shadow_horizontal_image_tablet=\u00bb0px\u00bb box_shadow_vertical_image_tablet=\u00bb0px\u00bb box_shadow_blur_image_tablet=\u00bb40px\u00bb box_shadow_spread_image_tablet=\u00bb0px\u00bb text_shadow_horizontal_length_tablet=\u00bb0px\u00bb text_shadow_vertical_length_tablet=\u00bb0px\u00bb text_shadow_blur_strength_tablet=\u00bb1px\u00bb global_colors_info=\u00bb{}\u00bb]\n<p>Nuevas tecnolog\u00edas en el centro<\/p>\n[\/et_pb_blurb][\/et_pb_column][et_pb_column type=\u00bb1_3&#8243; _builder_version=\u00bb4.16&#8243; custom_padding=\u00bb|||\u00bb global_colors_info=\u00bb{}\u00bb custom_padding__hover=\u00bb|||\u00bb][et_pb_image src=\u00bbhttps:\/\/blogsaverroes.juntadeandalucia.es\/ceipcerroalto\/files\/2020\/01\/centro.jpg\u00bb align=\u00bbcenter\u00bb admin_label=\u00bbImagen para anuncio biling\u00fce\u00bb _builder_version=\u00bb4.16&#8243; vertical_offset_tablet=\u00bb0&#8243; horizontal_offset_tablet=\u00bb0&#8243; z_index_tablet=\u00bb500&#8243; box_shadow_horizontal_tablet=\u00bb0px\u00bb box_shadow_vertical_tablet=\u00bb0px\u00bb box_shadow_blur_tablet=\u00bb40px\u00bb box_shadow_spread_tablet=\u00bb0px\u00bb global_colors_info=\u00bb{}\u00bb][\/et_pb_image][et_pb_blurb title=\u00bbcentro biling\u00fce\u00bb use_icon=\u00bbon\u00bb font_icon=\u00bb&#xe0de;||divi||400&#8243; icon_placement=\u00bbleft\u00bb admin_label=\u00bbTexto biling\u00fce\u00bb _builder_version=\u00bb4.16&#8243; background_color=\u00bb#f9e582&#8243; custom_padding=\u00bb20px|20px|20px|20px\u00bb z_index_tablet=\u00bb500&#8243; header_text_shadow_horizontal_length_tablet=\u00bb0px\u00bb header_text_shadow_vertical_length_tablet=\u00bb0px\u00bb header_text_shadow_blur_strength_tablet=\u00bb1px\u00bb body_text_shadow_horizontal_length_tablet=\u00bb0px\u00bb body_text_shadow_vertical_length_tablet=\u00bb0px\u00bb body_text_shadow_blur_strength_tablet=\u00bb1px\u00bb body_link_text_shadow_horizontal_length_tablet=\u00bb0px\u00bb body_link_text_shadow_vertical_length_tablet=\u00bb0px\u00bb body_link_text_shadow_blur_strength_tablet=\u00bb1px\u00bb body_ul_text_shadow_horizontal_length_tablet=\u00bb0px\u00bb body_ul_text_shadow_vertical_length_tablet=\u00bb0px\u00bb body_ul_text_shadow_blur_strength_tablet=\u00bb1px\u00bb body_ol_text_shadow_horizontal_length_tablet=\u00bb0px\u00bb body_ol_text_shadow_vertical_length_tablet=\u00bb0px\u00bb body_ol_text_shadow_blur_strength_tablet=\u00bb1px\u00bb body_quote_text_shadow_horizontal_length_tablet=\u00bb0px\u00bb body_quote_text_shadow_vertical_length_tablet=\u00bb0px\u00bb body_quote_text_shadow_blur_strength_tablet=\u00bb1px\u00bb box_shadow_horizontal_tablet=\u00bb0px\u00bb box_shadow_vertical_tablet=\u00bb0px\u00bb box_shadow_blur_tablet=\u00bb40px\u00bb box_shadow_spread_tablet=\u00bb0px\u00bb box_shadow_horizontal_image_tablet=\u00bb0px\u00bb box_shadow_vertical_image_tablet=\u00bb0px\u00bb box_shadow_blur_image_tablet=\u00bb40px\u00bb box_shadow_spread_image_tablet=\u00bb0px\u00bb text_shadow_horizontal_length_tablet=\u00bb0px\u00bb text_shadow_vertical_length_tablet=\u00bb0px\u00bb text_shadow_blur_strength_tablet=\u00bb1px\u00bb global_colors_info=\u00bb{}\u00bb]\n<p>Impartimos materias en Ingl\u00e9s y Castellano<\/p>\n[\/et_pb_blurb][\/et_pb_column][et_pb_column type=\u00bb1_3&#8243; _builder_version=\u00bb4.16&#8243; custom_padding=\u00bb|||\u00bb global_colors_info=\u00bb{}\u00bb custom_padding__hover=\u00bb|||\u00bb][et_pb_image src=\u00bbhttps:\/\/blogsaverroes.juntadeandalucia.es\/ceipcerroalto\/files\/2020\/01\/sugerencia.jpg\u00bb align=\u00bbcenter\u00bb admin_label=\u00bbImagen para anuncio contacta\u00bb _builder_version=\u00bb4.16&#8243; vertical_offset_tablet=\u00bb0&#8243; horizontal_offset_tablet=\u00bb0&#8243; z_index_tablet=\u00bb500&#8243; box_shadow_horizontal_tablet=\u00bb0px\u00bb box_shadow_vertical_tablet=\u00bb0px\u00bb box_shadow_blur_tablet=\u00bb40px\u00bb box_shadow_spread_tablet=\u00bb0px\u00bb global_colors_info=\u00bb{}\u00bb][\/et_pb_image][et_pb_blurb title=\u00bbContacta\u00bb use_icon=\u00bbon\u00bb font_icon=\u00bb&#xe010;||divi||400&#8243; icon_placement=\u00bbleft\u00bb admin_label=\u00bbTexto contacta\u00bb _builder_version=\u00bb4.16&#8243; background_color=\u00bb#9cebcf\u00bb custom_padding=\u00bb20px|20px|20px|20px\u00bb z_index_tablet=\u00bb500&#8243; header_text_shadow_horizontal_length_tablet=\u00bb0px\u00bb header_text_shadow_vertical_length_tablet=\u00bb0px\u00bb header_text_shadow_blur_strength_tablet=\u00bb1px\u00bb body_text_shadow_horizontal_length_tablet=\u00bb0px\u00bb body_text_shadow_vertical_length_tablet=\u00bb0px\u00bb body_text_shadow_blur_strength_tablet=\u00bb1px\u00bb body_link_text_shadow_horizontal_length_tablet=\u00bb0px\u00bb body_link_text_shadow_vertical_length_tablet=\u00bb0px\u00bb body_link_text_shadow_blur_strength_tablet=\u00bb1px\u00bb body_ul_text_shadow_horizontal_length_tablet=\u00bb0px\u00bb body_ul_text_shadow_vertical_length_tablet=\u00bb0px\u00bb body_ul_text_shadow_blur_strength_tablet=\u00bb1px\u00bb body_ol_text_shadow_horizontal_length_tablet=\u00bb0px\u00bb body_ol_text_shadow_vertical_length_tablet=\u00bb0px\u00bb body_ol_text_shadow_blur_strength_tablet=\u00bb1px\u00bb body_quote_text_shadow_horizontal_length_tablet=\u00bb0px\u00bb body_quote_text_shadow_vertical_length_tablet=\u00bb0px\u00bb body_quote_text_shadow_blur_strength_tablet=\u00bb1px\u00bb box_shadow_horizontal_tablet=\u00bb0px\u00bb box_shadow_vertical_tablet=\u00bb0px\u00bb box_shadow_blur_tablet=\u00bb40px\u00bb box_shadow_spread_tablet=\u00bb0px\u00bb box_shadow_horizontal_image_tablet=\u00bb0px\u00bb box_shadow_vertical_image_tablet=\u00bb0px\u00bb box_shadow_blur_image_tablet=\u00bb40px\u00bb box_shadow_spread_image_tablet=\u00bb0px\u00bb text_shadow_horizontal_length_tablet=\u00bb0px\u00bb text_shadow_vertical_length_tablet=\u00bb0px\u00bb text_shadow_blur_strength_tablet=\u00bb1px\u00bb global_colors_info=\u00bb{}\u00bb]\n<p>Tenemos abierto nuestro buz\u00f3n de sugerencias<\/p>\n[\/et_pb_blurb][\/et_pb_column][\/et_pb_row][\/et_pb_section]\n","protected":false},"excerpt":{"rendered":"<p>6 \u00a0 PLANTILLA CURSO 2025\/2026 \u00a0 \u00a0 Equipo directivo &nbsp; Direcci\u00f3n: Alicia Iglesia Delgado. Jefatura de estudios: Celia Ortega Salvador. Secretaria: Mar\u00eda Isabel Rodr\u00edguez Pozo. &nbsp; Claustro de profesores &nbsp; EDUCACI\u00d3N INFANTIL: &nbsp; 3 a\u00f1os A:\u00a0\u00a0 Mar\u00eda \u00c1ngeles Anguita Velasco.\u00a0 3 a\u00f1os B:\u00a0 Mar\u00eda Isabel Rodr\u00edguez Pozo.Mar\u00eda Lilian Castillo Tena.\u00a0 4 a\u00f1os A:\u00a0 Inmaculada Rivera [&hellip;]<\/p>\n","protected":false},"author":15400,"featured_media":0,"parent":0,"menu_order":0,"comment_status":"closed","ping_status":"closed","template":"","meta":{"_et_pb_use_builder":"on","_et_pb_old_content":"","_et_gb_content_width":"","ngg_post_thumbnail":0,"footnotes":""},"aioseo_notices":[],"post_mailing_queue_ids":[],"_links":{"self":[{"href":"https:\/\/blogsaverroes.juntadeandalucia.es\/ceipcerroalto\/wp-json\/wp\/v2\/pages\/295"}],"collection":[{"href":"https:\/\/blogsaverroes.juntadeandalucia.es\/ceipcerroalto\/wp-json\/wp\/v2\/pages"}],"about":[{"href":"https:\/\/blogsaverroes.juntadeandalucia.es\/ceipcerroalto\/wp-json\/wp\/v2\/types\/page"}],"author":[{"embeddable":true,"href":"https:\/\/blogsaverroes.juntadeandalucia.es\/ceipcerroalto\/wp-json\/wp\/v2\/users\/15400"}],"replies":[{"embeddable":true,"href":"https:\/\/blogsaverroes.juntadeandalucia.es\/ceipcerroalto\/wp-json\/wp\/v2\/comments?post=295"}],"version-history":[{"count":19,"href":"https:\/\/blogsaverroes.juntadeandalucia.es\/ceipcerroalto\/wp-json\/wp\/v2\/pages\/295\/revisions"}],"predecessor-version":[{"id":1535,"href":"https:\/\/blogsaverroes.juntadeandalucia.es\/ceipcerroalto\/wp-json\/wp\/v2\/pages\/295\/revisions\/1535"}],"wp:attachment":[{"href":"https:\/\/blogsaverroes.juntadeandalucia.es\/ceipcerroalto\/wp-json\/wp\/v2\/media?parent=295"}],"curies":[{"name":"wp","href":"https:\/\/api.w.org\/{rel}","templated":true}]}}