{"id":636,"date":"2022-06-29T13:45:03","date_gmt":"2022-06-29T11:45:03","guid":{"rendered":"https:\/\/blogsaverroes.juntadeandalucia.es\/ceipcerroalto\/?page_id=636"},"modified":"2025-03-04T09:37:55","modified_gmt":"2025-03-04T08:37:55","slug":"radio-escolar","status":"publish","type":"page","link":"https:\/\/blogsaverroes.juntadeandalucia.es\/ceipcerroalto\/radio-escolar\/","title":{"rendered":"RADIO ESCOLAR"},"content":{"rendered":"[et_pb_section fb_built=\u00bb1&#8243; _builder_version=\u00bb4.16&#8243; custom_padding=\u00bb0px||0px|\u00bb z_index_tablet=\u00bb500&#8243; box_shadow_horizontal_tablet=\u00bb0px\u00bb box_shadow_vertical_tablet=\u00bb0px\u00bb box_shadow_blur_tablet=\u00bb40px\u00bb box_shadow_spread_tablet=\u00bb0px\u00bb global_colors_info=\u00bb{}\u00bb][et_pb_row _builder_version=\u00bb4.16&#8243; background_size=\u00bbinitial\u00bb background_position=\u00bbtop_left\u00bb background_repeat=\u00bbrepeat\u00bb global_colors_info=\u00bb{}\u00bb][et_pb_column type=\u00bb4_4&#8243; _builder_version=\u00bb4.16&#8243; custom_padding=\u00bb|||\u00bb global_colors_info=\u00bb{}\u00bb custom_padding__hover=\u00bb|||\u00bb][et_pb_image src=\u00bbhttps:\/\/blogsaverroes.juntadeandalucia.es\/ceipcerroalto\/files\/2023\/11\/banner-radio.png\u00bb title_text=\u00bbbanner radio\u00bb admin_label=\u00bbImagen de la portada\u00bb _builder_version=\u00bb4.16&#8243; vertical_offset_tablet=\u00bb0&#8243; horizontal_offset_tablet=\u00bb0&#8243; z_index_tablet=\u00bb500&#8243; box_shadow_horizontal_tablet=\u00bb0px\u00bb box_shadow_vertical_tablet=\u00bb0px\u00bb box_shadow_blur_tablet=\u00bb40px\u00bb box_shadow_spread_tablet=\u00bb0px\u00bb global_colors_info=\u00bb{}\u00bb][\/et_pb_image][et_pb_text admin_label=\u00bbTexto descriptivo\u00bb _builder_version=\u00bb4.24.2&#8243; hover_enabled=\u00bb0&#8243; z_index_tablet=\u00bb500&#8243; text_text_shadow_horizontal_length_tablet=\u00bb0px\u00bb text_text_shadow_vertical_length_tablet=\u00bb0px\u00bb text_text_shadow_blur_strength_tablet=\u00bb1px\u00bb link_text_shadow_horizontal_length_tablet=\u00bb0px\u00bb link_text_shadow_vertical_length_tablet=\u00bb0px\u00bb link_text_shadow_blur_strength_tablet=\u00bb1px\u00bb ul_text_shadow_horizontal_length_tablet=\u00bb0px\u00bb ul_text_shadow_vertical_length_tablet=\u00bb0px\u00bb ul_text_shadow_blur_strength_tablet=\u00bb1px\u00bb ol_text_shadow_horizontal_length_tablet=\u00bb0px\u00bb ol_text_shadow_vertical_length_tablet=\u00bb0px\u00bb ol_text_shadow_blur_strength_tablet=\u00bb1px\u00bb quote_text_shadow_horizontal_length_tablet=\u00bb0px\u00bb quote_text_shadow_vertical_length_tablet=\u00bb0px\u00bb quote_text_shadow_blur_strength_tablet=\u00bb1px\u00bb header_text_shadow_horizontal_length_tablet=\u00bb0px\u00bb header_text_shadow_vertical_length_tablet=\u00bb0px\u00bb header_text_shadow_blur_strength_tablet=\u00bb1px\u00bb header_2_text_shadow_horizontal_length_tablet=\u00bb0px\u00bb header_2_text_shadow_vertical_length_tablet=\u00bb0px\u00bb header_2_text_shadow_blur_strength_tablet=\u00bb1px\u00bb header_3_text_shadow_horizontal_length_tablet=\u00bb0px\u00bb header_3_text_shadow_vertical_length_tablet=\u00bb0px\u00bb header_3_text_shadow_blur_strength_tablet=\u00bb1px\u00bb header_4_text_shadow_horizontal_length_tablet=\u00bb0px\u00bb header_4_text_shadow_vertical_length_tablet=\u00bb0px\u00bb header_4_text_shadow_blur_strength_tablet=\u00bb1px\u00bb header_5_text_shadow_horizontal_length_tablet=\u00bb0px\u00bb header_5_text_shadow_vertical_length_tablet=\u00bb0px\u00bb header_5_text_shadow_blur_strength_tablet=\u00bb1px\u00bb header_6_text_shadow_horizontal_length_tablet=\u00bb0px\u00bb header_6_text_shadow_vertical_length_tablet=\u00bb0px\u00bb header_6_text_shadow_blur_strength_tablet=\u00bb1px\u00bb box_shadow_horizontal_tablet=\u00bb0px\u00bb box_shadow_vertical_tablet=\u00bb0px\u00bb box_shadow_blur_tablet=\u00bb40px\u00bb box_shadow_spread_tablet=\u00bb0px\u00bb global_colors_info=\u00bb{}\u00bb sticky_enabled=\u00bb0&#8243;]\n<h2 style=\"text-align: center\"><strong>RADIO ESCOLAR<\/strong><\/h2>\n<p>&nbsp;<\/p>\n<p style=\"font-weight: 400\"><span style=\"font-size: 12pt\">La emisora de radio escolar es un recurso important\u00edsimo para el Centro y una herramienta con la que &nbsp;toda la comunidad educativa dispondr\u00e1 de un espacio de encuentro, de comunicaci\u00f3n, de convivencia, de desarrollo personal, tanto individual como en relaci\u00f3n con los dem\u00e1s, y muy especialmente la mejora de la expresi\u00f3n oral.<\/span><\/p>\n<p>&nbsp;<\/p>\n<p style=\"font-weight: 400\"><strong><span style=\"font-size: 14pt\">\u00bfQu\u00e9 trabajamos en la radio?<\/span><\/strong><\/p>\n<p style=\"font-weight: 400\"><span style=\"font-size: 12pt\">&#8211;&nbsp;Mejora la expresi\u00f3n y comprensi\u00f3n oral.&nbsp;<\/span><\/p>\n<p style=\"font-weight: 400\"><span style=\"font-size: 12pt\">&nbsp;&#8211; Se practican las diversas formas de expresi\u00f3n oral.&nbsp;<\/span><\/p>\n<p style=\"font-weight: 400\"><span style=\"font-size: 12pt\">&nbsp;&#8211; Ampliar su vocabulario.&nbsp;<\/span><\/p>\n<p style=\"font-weight: 400\"><span style=\"font-size: 12pt\">&#8211; Fomenta la formaci\u00f3n integral.&nbsp;<\/span><\/p>\n<p style=\"font-weight: 400\"><span style=\"font-size: 12pt\">&nbsp;&#8211; Aumenta el conocimiento de las TIC.&nbsp;<\/span><\/p>\n<p style=\"font-weight: 400\"><span style=\"font-size: 12pt\">&nbsp;&#8211; Fomento de un pensamiento cr\u00edtico.&nbsp;<\/span><\/p>\n<p style=\"font-weight: 400\"><span style=\"font-size: 12pt\">&#8211; Uso responsable de las redes sociales.<\/span><\/p>\n<p style=\"font-weight: 400\">&nbsp;<\/p>\n<p style=\"font-weight: 400\"><span style=\"font-size: medium\"><strong>PODCAST GRABADOS EN NUESTRA RADIO ESCOLAR<\/strong><\/span><\/p>\n<p style=\"font-weight: 400\">&nbsp;<\/p>\n<p style=\"font-weight: 400;text-align: left\"><strong>&#8211; CURSO 2024-2025<\/strong><\/p>\n<p><a href=\"https:\/\/zeno.fm\/podcast\/PRIMARIA-4B\/episodes\/programa-de-radio-4b\/\">https:\/\/zeno.fm\/podcast\/PRIMARIA-4B\/episodes\/programa-de-radio-4b\/<\/a><\/p>\n<p><a href=\"https:\/\/zeno.fm\/podcast\/PRIMARIA-6A\/episodes\/semana-de-la-mujer-y-la-ciencia-entrevista-a-geologa-y-ganadera\/\">https:\/\/zeno.fm\/podcast\/PRIMARIA-6A\/episodes\/semana-de-la-mujer-y-la-ciencia-entrevista-a-geologa-y-ganadera\/<\/a><\/p>\n<p><a href=\"https:\/\/zeno.fm\/podcast\/PRIMARIA-6A\/episodes\/semana-de-la-mujer-y-la-ciencia-entrevista-a-una-genetista\/\">https:\/\/zeno.fm\/podcast\/PRIMARIA-6A\/episodes\/semana-de-la-mujer-y-la-ciencia-entrevista-a-una-genetista\/<\/a><\/p>\n<p><a href=\"https:\/\/zeno.fm\/podcast\/PRIMARIA-6A\/episodes\/semana-de-la-mujer-y-la-ciencia-entrevista-ingeniera-aeronautica\/\">https:\/\/zeno.fm\/podcast\/PRIMARIA-6A\/episodes\/semana-de-la-mujer-y-la-ciencia-entrevista-ingeniera-aeronautica\/<\/a><\/p>\n<p><a href=\"https:\/\/zeno.fm\/podcast\/PRIMARIA-5A\/episodes\/semana-de-la-ciencia-entrevista-ingeniero-de-caminos\/\">https:\/\/zeno.fm\/podcast\/PRIMARIA-5A\/episodes\/semana-de-la-ciencia-entrevista-ingeniero-de-caminos\/<\/a><\/p>\n<p><a href=\"https:\/\/zeno.fm\/podcast\/PRIMARIA-5A\/episodes\/semana-de-la-ciencia-entrevista-a-madre-de-5-anos-que-se-dedica-a-la-estadistica\/\">https:\/\/zeno.fm\/podcast\/PRIMARIA-5A\/episodes\/semana-de-la-ciencia-entrevista-a-madre-de-5-anos-que-se-dedica-a-la-estadistica\/<\/a><\/p>\n<p><a href=\"https:\/\/zeno.fm\/podcast\/PRIMARIA-5A\/episodes\/semana-de-la-ciencia-entrevista-a-enfermera\/\">https:\/\/zeno.fm\/podcast\/PRIMARIA-5A\/episodes\/semana-de-la-ciencia-entrevista-a-enfermera\/<\/a><\/p>\n<p><a href=\"https:\/\/zeno.fm\/podcast\/PRIMARIA-6A\/episodes\/semana-de-la-mujer-y-la-ciencia-ingeniera-forestal\/\">https:\/\/zeno.fm\/podcast\/PRIMARIA-6A\/episodes\/semana-de-la-mujer-y-la-ciencia-ingeniera-forestal\/<\/a><\/p>\n<p>&nbsp;<\/p>\n<p style=\"font-weight: 400\"><strong>&#8211; CURSO 2022-2023<\/strong><\/p>\n<p><a href=\"https:\/\/zeno.fm\/podcast\/PRIMARIA-1B\/episodes\/1-b-pasea-por-el-tiempo-mp3\/\">https:\/\/zeno.fm\/podcast\/PRIMARIA-1B\/episodes\/1-b-pasea-por-el-tiempo-mp3\/<\/a><\/p>\n<p><a href=\"https:\/\/zeno.fm\/podcast\/PRIMARIA-1A\/episodes\/1-a-un-paseo-por-el-tiempo-mp3\/\">https:\/\/zeno.fm\/podcast\/PRIMARIA-1A\/episodes\/1-a-un-paseo-por-el-tiempo-mp3\/<\/a><\/p>\n<p><a href=\"https:\/\/zeno.fm\/podcast\/primaria-quinto-d\/episodes\/cancion-dia-de-la-paz-mp3\/\">https:\/\/zeno.fm\/podcast\/primaria-quinto-d\/episodes\/cancion-dia-de-la-paz-mp3\/<\/a><\/p>\n<p><a href=\"https:\/\/zeno.fm\/podcast\/PRIMARIA-1C\/episodes\/programa-acoso-escolar-1-c-mp3\/\">https:\/\/zeno.fm\/podcast\/PRIMARIA-1C\/episodes\/programa-acoso-escolar-1-c-mp3\/<\/a><\/p>\n<p>&nbsp;<\/p>\n<p style=\"font-weight: 400\"><strong>&#8211; CURSO 2021-2022<\/strong><\/p>\n<p><a href=\"https:\/\/zeno.fm\/podcast\/INICIO_EMISION\/episodes\/inauguracion-radio-ceip-cerro-alto\/\">https:\/\/zeno.fm\/podcast\/INICIO_EMISION\/episodes\/inauguracion-radio-ceip-cerro-alto\/<\/a><\/p>\n<p><a href=\"https:\/\/zeno.fm\/podcast\/INFANTIL-3A-A\/episodes\/trabajo-de-expresion-oral-3-anos-a-seno-salud\/\">https:\/\/zeno.fm\/podcast\/INFANTIL-3A-A\/episodes\/trabajo-de-expresion-oral-3-anos-a-seno-salud\/<\/a><\/p>\n<p><a href=\"https:\/\/zeno.fm\/podcast\/INFANTIL-3A-B\/episodes\/trabajo-de-expresion-oral-3-anos-b-seno-claudia\/\">https:\/\/zeno.fm\/podcast\/INFANTIL-3A-B\/episodes\/trabajo-de-expresion-oral-3-anos-b-seno-claudia\/<\/a><\/p>\n<p><a href=\"https:\/\/zeno.fm\/podcast\/INFANTIL-3A-B\/episodes\/trabajo-de-expresion-oral-3-anos-b-seno-claudia\/\">https:\/\/zeno.fm\/podcast\/INFANTIL-3A-B\/episodes\/trabajo-de-expresion-oral-3-anos-b-seno-claudia\/<\/a><\/p>\n<p><a href=\"https:\/\/zeno.fm\/podcast\/PRIMARIA-2A\/episodes\/entrevista-a-sandra-martin-madre-de-2-c-y-medico-de-profesion\/\">https:\/\/zeno.fm\/podcast\/PRIMARIA-2A\/episodes\/entrevista-a-sandra-martin-madre-de-2-c-y-medico-de-profesion\/<\/a><\/p>\n<p><a href=\"https:\/\/zeno.fm\/podcast\/PRIMARIA-5B\/episodes\/rec_el-arbol-del-parque-5b-mp3\/\">https:\/\/zeno.fm\/podcast\/PRIMARIA-5B\/episodes\/rec_el-arbol-del-parque-5b-mp3\/<\/a><\/p>\n<p><a href=\"https:\/\/zeno.fm\/podcast\/PRIMARIA-6A\/episodes\/rap-6a-rap-y-profe-mp3\/\">https:\/\/zeno.fm\/podcast\/PRIMARIA-6A\/episodes\/rap-6a-rap-y-profe-mp3\/<\/a><\/p>\n<p><a href=\"https:\/\/zeno.fm\/podcast\/INFANTIL-3A-B\/\">https:\/\/zeno.fm\/podcast\/INFANTIL-3A-B\/<\/a><\/p>\n<p><a href=\"https:\/\/zeno.fm\/podcast\/PRIMARIA-4A\/episodes\/rap-4-a-y-profe-mp3\/\">https:\/\/zeno.fm\/podcast\/PRIMARIA-4A\/episodes\/rap-4-a-y-profe-mp3\/<\/a><\/p>\n<p><a href=\"https:\/\/zeno.fm\/podcast\/PRIMARIA-5B\/episodes\/5b-rap-y-profe-mp3\/\">https:\/\/zeno.fm\/podcast\/PRIMARIA-5B\/episodes\/5b-rap-y-profe-mp3\/<\/a><\/p>\n<p>&nbsp;<\/p>\n[\/et_pb_text][\/et_pb_column][\/et_pb_row][et_pb_row column_structure=\u00bb1_3,1_3,1_3&#8243; _builder_version=\u00bb4.16&#8243; _module_preset=\u00bbdefault\u00bb global_colors_info=\u00bb{}\u00bb][et_pb_column type=\u00bb1_3&#8243; _builder_version=\u00bb4.16&#8243; _module_preset=\u00bbdefault\u00bb global_colors_info=\u00bb{}\u00bb][et_pb_video src=\u00bbhttps:\/\/www.youtube.com\/watch?v=Mn6RMgYS9RI&amp;list=PLy2KVVgIg_uGVOIaRt_5nauPMnygiDqlF&amp;index=2&#8243; _builder_version=\u00bb4.16&#8243; _module_preset=\u00bbdefault\u00bb global_colors_info=\u00bb{}\u00bb][\/et_pb_video][\/et_pb_column][et_pb_column type=\u00bb1_3&#8243; _builder_version=\u00bb4.16&#8243; _module_preset=\u00bbdefault\u00bb global_colors_info=\u00bb{}\u00bb][et_pb_video src=\u00bbhttps:\/\/www.youtube.com\/watch?v=Mi0rg7h2oq8&amp;list=PLy2KVVgIg_uGVOIaRt_5nauPMnygiDqlF\u00bb _builder_version=\u00bb4.16&#8243; _module_preset=\u00bbdefault\u00bb global_colors_info=\u00bb{}\u00bb][\/et_pb_video][\/et_pb_column][et_pb_column type=\u00bb1_3&#8243; _builder_version=\u00bb4.16&#8243; _module_preset=\u00bbdefault\u00bb global_colors_info=\u00bb{}\u00bb][et_pb_video src=\u00bbhttps:\/\/www.youtube.com\/watch?v=c8DCjWm0F80&amp;list=PLy2KVVgIg_uGVOIaRt_5nauPMnygiDqlF&amp;index=3&#8243; _builder_version=\u00bb4.16&#8243; _module_preset=\u00bbdefault\u00bb global_colors_info=\u00bb{}\u00bb][\/et_pb_video][\/et_pb_column][\/et_pb_row][\/et_pb_section]\n","protected":false},"excerpt":{"rendered":"<p>RADIO ESCOLAR &nbsp; La emisora de radio escolar es un recurso important\u00edsimo para el Centro y una herramienta con la que &nbsp;toda la comunidad educativa dispondr\u00e1 de un espacio de encuentro, de comunicaci\u00f3n, de convivencia, de desarrollo personal, tanto individual como en relaci\u00f3n con los dem\u00e1s, y muy especialmente la mejora de la expresi\u00f3n oral. [&hellip;]<\/p>\n","protected":false},"author":15363,"featured_media":0,"parent":0,"menu_order":0,"comment_status":"closed","ping_status":"closed","template":"","meta":{"_et_pb_use_builder":"on","_et_pb_old_content":"","_et_gb_content_width":"","ngg_post_thumbnail":0,"footnotes":""},"aioseo_notices":[],"post_mailing_queue_ids":[],"_links":{"self":[{"href":"https:\/\/blogsaverroes.juntadeandalucia.es\/ceipcerroalto\/wp-json\/wp\/v2\/pages\/636"}],"collection":[{"href":"https:\/\/blogsaverroes.juntadeandalucia.es\/ceipcerroalto\/wp-json\/wp\/v2\/pages"}],"about":[{"href":"https:\/\/blogsaverroes.juntadeandalucia.es\/ceipcerroalto\/wp-json\/wp\/v2\/types\/page"}],"author":[{"embeddable":true,"href":"https:\/\/blogsaverroes.juntadeandalucia.es\/ceipcerroalto\/wp-json\/wp\/v2\/users\/15363"}],"replies":[{"embeddable":true,"href":"https:\/\/blogsaverroes.juntadeandalucia.es\/ceipcerroalto\/wp-json\/wp\/v2\/comments?post=636"}],"version-history":[{"count":11,"href":"https:\/\/blogsaverroes.juntadeandalucia.es\/ceipcerroalto\/wp-json\/wp\/v2\/pages\/636\/revisions"}],"predecessor-version":[{"id":1436,"href":"https:\/\/blogsaverroes.juntadeandalucia.es\/ceipcerroalto\/wp-json\/wp\/v2\/pages\/636\/revisions\/1436"}],"wp:attachment":[{"href":"https:\/\/blogsaverroes.juntadeandalucia.es\/ceipcerroalto\/wp-json\/wp\/v2\/media?parent=636"}],"curies":[{"name":"wp","href":"https:\/\/api.w.org\/{rel}","templated":true}]}}