{"id":878,"date":"2023-10-23T18:26:47","date_gmt":"2023-10-23T16:26:47","guid":{"rendered":"https:\/\/blogsaverroes.juntadeandalucia.es\/ceipcerroalto\/?page_id=878"},"modified":"2025-09-21T21:23:38","modified_gmt":"2025-09-21T19:23:38","slug":"consejo-escolar","status":"publish","type":"page","link":"https:\/\/blogsaverroes.juntadeandalucia.es\/ceipcerroalto\/consejo-escolar\/","title":{"rendered":"CONSEJO ESCOLAR"},"content":{"rendered":"[et_pb_section fb_built=\u00bb1&#8243; _builder_version=\u00bb4.16&#8243; custom_padding=\u00bb0px||0px|\u00bb z_index_tablet=\u00bb500&#8243; box_shadow_horizontal_tablet=\u00bb0px\u00bb box_shadow_vertical_tablet=\u00bb0px\u00bb box_shadow_blur_tablet=\u00bb40px\u00bb box_shadow_spread_tablet=\u00bb0px\u00bb global_colors_info=\u00bb{}\u00bb][et_pb_row _builder_version=\u00bb4.16&#8243; min_height=\u00bb2165px\u00bb custom_margin=\u00bb-10px|||\u00bb z_index_tablet=\u00bb500&#8243; box_shadow_horizontal_tablet=\u00bb0px\u00bb box_shadow_vertical_tablet=\u00bb0px\u00bb box_shadow_blur_tablet=\u00bb40px\u00bb box_shadow_spread_tablet=\u00bb0px\u00bb global_colors_info=\u00bb{}\u00bb][et_pb_column type=\u00bb4_4&#8243; _builder_version=\u00bb4.16&#8243; custom_padding=\u00bb|||\u00bb global_colors_info=\u00bb{}\u00bb custom_padding__hover=\u00bb|||\u00bb][et_pb_image src=\u00bbhttps:\/\/blogsaverroes.juntadeandalucia.es\/ceipcerroalto\/files\/2022\/06\/cabecera-equipo-directivo.png\u00bb title_text=\u00bbcabecera-equipo-directivo\u00bb admin_label=\u00bbImagen de la portada\u00bb _builder_version=\u00bb4.16&#8243; vertical_offset_tablet=\u00bb0&#8243; horizontal_offset_tablet=\u00bb0&#8243; custom_margin=\u00bb24px|||||\u00bb z_index_tablet=\u00bb500&#8243; box_shadow_horizontal_tablet=\u00bb0px\u00bb box_shadow_vertical_tablet=\u00bb0px\u00bb box_shadow_blur_tablet=\u00bb40px\u00bb box_shadow_spread_tablet=\u00bb0px\u00bb global_colors_info=\u00bb{}\u00bb][\/et_pb_image][et_pb_text admin_label=\u00bbTexto descriptivo\u00bb _builder_version=\u00bb4.16&#8243; custom_margin=\u00bb-60px||12px|||\u00bb custom_padding=\u00bb||13px|||\u00bb z_index_tablet=\u00bb500&#8243; text_text_shadow_horizontal_length_tablet=\u00bb0px\u00bb text_text_shadow_vertical_length_tablet=\u00bb0px\u00bb text_text_shadow_blur_strength_tablet=\u00bb1px\u00bb link_text_shadow_horizontal_length_tablet=\u00bb0px\u00bb link_text_shadow_vertical_length_tablet=\u00bb0px\u00bb link_text_shadow_blur_strength_tablet=\u00bb1px\u00bb ul_text_shadow_horizontal_length_tablet=\u00bb0px\u00bb ul_text_shadow_vertical_length_tablet=\u00bb0px\u00bb ul_text_shadow_blur_strength_tablet=\u00bb1px\u00bb ol_text_shadow_horizontal_length_tablet=\u00bb0px\u00bb ol_text_shadow_vertical_length_tablet=\u00bb0px\u00bb ol_text_shadow_blur_strength_tablet=\u00bb1px\u00bb quote_text_shadow_horizontal_length_tablet=\u00bb0px\u00bb quote_text_shadow_vertical_length_tablet=\u00bb0px\u00bb quote_text_shadow_blur_strength_tablet=\u00bb1px\u00bb header_text_shadow_horizontal_length_tablet=\u00bb0px\u00bb header_text_shadow_vertical_length_tablet=\u00bb0px\u00bb header_text_shadow_blur_strength_tablet=\u00bb1px\u00bb header_2_text_shadow_horizontal_length_tablet=\u00bb0px\u00bb header_2_text_shadow_vertical_length_tablet=\u00bb0px\u00bb header_2_text_shadow_blur_strength_tablet=\u00bb1px\u00bb header_3_text_shadow_horizontal_length_tablet=\u00bb0px\u00bb header_3_text_shadow_vertical_length_tablet=\u00bb0px\u00bb header_3_text_shadow_blur_strength_tablet=\u00bb1px\u00bb header_4_text_shadow_horizontal_length_tablet=\u00bb0px\u00bb header_4_text_shadow_vertical_length_tablet=\u00bb0px\u00bb header_4_text_shadow_blur_strength_tablet=\u00bb1px\u00bb header_5_text_shadow_horizontal_length_tablet=\u00bb0px\u00bb header_5_text_shadow_vertical_length_tablet=\u00bb0px\u00bb header_5_text_shadow_blur_strength_tablet=\u00bb1px\u00bb header_6_text_shadow_horizontal_length_tablet=\u00bb0px\u00bb header_6_text_shadow_vertical_length_tablet=\u00bb0px\u00bb header_6_text_shadow_blur_strength_tablet=\u00bb1px\u00bb box_shadow_horizontal_tablet=\u00bb0px\u00bb box_shadow_vertical_tablet=\u00bb0px\u00bb box_shadow_blur_tablet=\u00bb40px\u00bb box_shadow_spread_tablet=\u00bb0px\u00bb global_colors_info=\u00bb{}\u00bb]\n<h2 style=\"text-align: center\">\u00a0<\/h2>\n<h2 style=\"text-align: center\">\u00a0<\/h2>\n<h2 style=\"text-align: center\"><span style=\"text-decoration: underline\">CONSEJO ESCOLAR<\/span><\/h2>\n<p><span style=\"text-decoration: underline\"><\/span><\/p>\n<p><span style=\"text-decoration: underline\"><\/span><\/p>\n<p><span style=\"font-size: 12pt\">El Consejo Escolar del centro es el \u00f3rgano de participaci\u00f3n de los diferentes miembros de la comunidad educativa para evaluar los proyectos,\u00a0propuestas, informes y todo aquello relacionado con la funcionalidad del centro.<\/span><\/p>\n<p><span style=\"font-size: 12pt\">El Consejo Escolar estar\u00e1 compuesto por los siguientes miembros:<\/span><\/p>\n<ul>\n<li><span style=\"font-size: 12pt\">La directora.<\/span><\/li>\n<li><span style=\"font-size: 12pt\">La jefe de estudios.<\/span><\/li>\n<li><span style=\"font-size: 12pt\">La secretaria, que actuar\u00e1 como secretaria del consejo escolar.<\/span><\/li>\n<li><span style=\"font-size: 12pt\">Ocho profesores elegidos por el claustro.<\/span><\/li>\n<li><span style=\"font-size: 12pt\">Ocho representantes de los padres de alumnos, uno de los cuales ser\u00e1 designado, en su caso, por la AMPA legalmente constituida.<\/span><\/li>\n<li><span style=\"font-size: 12pt\">Un representante del personal de administraci\u00f3n y servicios.<\/span><\/li>\n<li><span style=\"font-size: 12pt\">Un concejal o representante del Ayuntamiento de Espartinas.<\/span><span style=\"font-size: 14px\">\u00a0<\/span><\/li>\n<\/ul>\n<p><span style=\"font-size: 14px\"><\/span><\/p>\n<p><span style=\"font-size: 14px\"><\/span><\/p>\n<p><span style=\"font-size: 14px\"><\/span><\/p>\n[\/et_pb_text][et_pb_text admin_label=\u00bbTexto descriptivo\u00bb _builder_version=\u00bb4.16&#8243; z_index_tablet=\u00bb500&#8243; text_text_shadow_horizontal_length_tablet=\u00bb0px\u00bb text_text_shadow_vertical_length_tablet=\u00bb0px\u00bb text_text_shadow_blur_strength_tablet=\u00bb1px\u00bb link_text_shadow_horizontal_length_tablet=\u00bb0px\u00bb link_text_shadow_vertical_length_tablet=\u00bb0px\u00bb link_text_shadow_blur_strength_tablet=\u00bb1px\u00bb ul_text_shadow_horizontal_length_tablet=\u00bb0px\u00bb ul_text_shadow_vertical_length_tablet=\u00bb0px\u00bb ul_text_shadow_blur_strength_tablet=\u00bb1px\u00bb ol_text_shadow_horizontal_length_tablet=\u00bb0px\u00bb ol_text_shadow_vertical_length_tablet=\u00bb0px\u00bb ol_text_shadow_blur_strength_tablet=\u00bb1px\u00bb quote_text_shadow_horizontal_length_tablet=\u00bb0px\u00bb quote_text_shadow_vertical_length_tablet=\u00bb0px\u00bb quote_text_shadow_blur_strength_tablet=\u00bb1px\u00bb header_text_shadow_horizontal_length_tablet=\u00bb0px\u00bb header_text_shadow_vertical_length_tablet=\u00bb0px\u00bb header_text_shadow_blur_strength_tablet=\u00bb1px\u00bb header_2_text_shadow_horizontal_length_tablet=\u00bb0px\u00bb header_2_text_shadow_vertical_length_tablet=\u00bb0px\u00bb header_2_text_shadow_blur_strength_tablet=\u00bb1px\u00bb header_3_text_shadow_horizontal_length_tablet=\u00bb0px\u00bb header_3_text_shadow_vertical_length_tablet=\u00bb0px\u00bb header_3_text_shadow_blur_strength_tablet=\u00bb1px\u00bb header_4_text_shadow_horizontal_length_tablet=\u00bb0px\u00bb header_4_text_shadow_vertical_length_tablet=\u00bb0px\u00bb header_4_text_shadow_blur_strength_tablet=\u00bb1px\u00bb header_5_text_shadow_horizontal_length_tablet=\u00bb0px\u00bb header_5_text_shadow_vertical_length_tablet=\u00bb0px\u00bb header_5_text_shadow_blur_strength_tablet=\u00bb1px\u00bb header_6_text_shadow_horizontal_length_tablet=\u00bb0px\u00bb header_6_text_shadow_vertical_length_tablet=\u00bb0px\u00bb header_6_text_shadow_blur_strength_tablet=\u00bb1px\u00bb box_shadow_horizontal_tablet=\u00bb0px\u00bb box_shadow_vertical_tablet=\u00bb0px\u00bb box_shadow_blur_tablet=\u00bb40px\u00bb box_shadow_spread_tablet=\u00bb0px\u00bb global_colors_info=\u00bb{}\u00bb]\n<p style=\"text-align: center\"><span style=\"font-size: 18pt\">INTEGRANTES DEL CONSEJO ESCOLAR<\/span><\/p>\n<p>&nbsp;<\/p>\n<table style=\"border-collapse: collapse;width: 100%;height: 1522px\">\n<tbody>\n<tr style=\"height: 26px\">\n<td style=\"width: 43.973214285714285%;text-align: center;height: 26px\"><span style=\"font-family: impact, sans-serif;font-size: 14pt\">SECTOR<\/span><\/td>\n<td style=\"width: 56.026785714285715%;text-align: center;height: 26px\"><span style=\"font-family: impact, sans-serif;font-size: 14pt\">MIEMBRO<\/span><\/td>\n<\/tr>\n<tr style=\"height: 76px\">\n<td style=\"width: 43.973214285714285%;text-align: center;height: 76px\"><span style=\"font-size: 12pt\">Equipo directivo<\/span><\/td>\n<td style=\"width: 56.026785714285715%;text-align: center;height: 76px\">\n<p style=\"font-weight: 400\"><span style=\"font-size: 12pt\">Iglesia Delgado, Alicia Laura (DIRECTORA)<\/span><\/p>\n<\/td>\n<\/tr>\n<tr style=\"height: 76px\">\n<td style=\"width: 43.973214285714285%;text-align: center;height: 76px\"><span style=\"font-size: 12pt\">Equipo directivo<\/span><\/td>\n<td style=\"width: 56.026785714285715%;text-align: center;height: 76px\">\n<p style=\"font-weight: 400\"><span style=\"font-size: 12pt\">Ortega Salvador, Celia Mar\u00eda (JEFA DE ESTUDIOS)<\/span><\/p>\n<\/td>\n<\/tr>\n<tr style=\"height: 76px\">\n<td style=\"width: 43.973214285714285%;text-align: center;height: 76px\"><span style=\"font-size: 12pt\">Equipo directivo<\/span><\/td>\n<td style=\"width: 56.026785714285715%;text-align: center;height: 76px\">\n<p style=\"font-weight: 400\"><span style=\"font-size: 12pt\">Rodr\u00edguez Pozo, Mar\u00eda Isabel (SECRETARIA)<\/span><\/p>\n<\/td>\n<\/tr>\n<tr style=\"height: 76px\">\n<td style=\"width: 43.973214285714285%;text-align: center;height: 76px\"><span style=\"font-size: 12pt\">Profesorado<\/span><\/td>\n<td style=\"width: 56.026785714285715%;text-align: center;height: 76px\">\n<p style=\"font-weight: 400\"><span style=\"font-size: 12pt\">Eva Mar\u00edaa Machado P\u00e9rez<\/span><\/p>\n<\/td>\n<\/tr>\n<tr style=\"height: 76px\">\n<td style=\"width: 43.973214285714285%;text-align: center;height: 76px\"><span style=\"font-size: 12pt\">Profesorado<\/span><\/td>\n<td style=\"width: 56.026785714285715%;text-align: center;height: 76px\">\n<p style=\"font-weight: 400\"><span style=\"font-size: 12pt\">Maeso Seco \u00c1ngel<\/span><\/p>\n<\/td>\n<\/tr>\n<tr style=\"height: 76px\">\n<td style=\"width: 43.973214285714285%;text-align: center;height: 76px\"><span style=\"font-size: 12pt\">Profesorado<\/span><\/td>\n<td style=\"width: 56.026785714285715%;text-align: center;height: 76px\">\n<p style=\"font-weight: 400\"><span style=\"font-size: 12pt\">Delgado Ferrer, Mar\u00eda Carmen<\/span><\/p>\n<\/td>\n<\/tr>\n<tr style=\"height: 76px\">\n<td style=\"width: 43.973214285714285%;text-align: center;height: 76px\"><span style=\"font-size: 12pt\">Profesorado<\/span><\/td>\n<td style=\"width: 56.026785714285715%;text-align: center;height: 76px\">\n<p style=\"font-weight: 400\"><span style=\"font-size: 12pt\">Guijarro Guidonet, Silvia<\/span><\/p>\n<\/td>\n<\/tr>\n<tr style=\"height: 76px\">\n<td style=\"width: 43.973214285714285%;text-align: center;height: 76px\"><span style=\"font-size: 12pt\">Profesorado<\/span><\/td>\n<td style=\"width: 56.026785714285715%;text-align: center;height: 76px\">\n<p style=\"font-weight: 400\"><span style=\"font-size: 12pt\">Navarro P\u00e9rez, Carlos<\/span><\/p>\n<\/td>\n<\/tr>\n<tr style=\"height: 76px\">\n<td style=\"width: 43.973214285714285%;text-align: center;height: 76px\"><span style=\"font-size: 12pt\">Profesorado<\/span><\/td>\n<td style=\"width: 56.026785714285715%;text-align: center;height: 76px\">\n<p style=\"font-weight: 400\"><span style=\"font-size: 12pt\">Navarro Romero, M\u00f3nica<\/span><\/p>\n<\/td>\n<\/tr>\n<tr style=\"height: 76px\">\n<td style=\"width: 43.973214285714285%;text-align: center;height: 76px\"><span style=\"font-size: 12pt\">Profesorado<\/span><\/td>\n<td style=\"width: 56.026785714285715%;text-align: center;height: 76px\">\n<p style=\"font-weight: 400\"><span style=\"font-size: 12pt\">S\u00e1nchez Cano, Roc\u00edo<\/span><\/p>\n<\/td>\n<\/tr>\n<tr style=\"height: 76px\">\n<td style=\"width: 43.973214285714285%;text-align: center;height: 76px\"><span style=\"font-size: 12pt\">Profesorado<\/span><\/td>\n<td style=\"width: 56.026785714285715%;text-align: center;height: 76px\">\n<p style=\"font-weight: 400\"><span style=\"font-size: 12pt\">Pereira Bernal, Raquel Mar\u00eda<\/span><\/p>\n<\/td>\n<\/tr>\n<tr style=\"height: 76px\">\n<td style=\"width: 43.973214285714285%;text-align: center;height: 76px\"><span style=\"font-size: 12pt\">Madres\/Padres\/Tutores<\/span><\/td>\n<td style=\"width: 56.026785714285715%;text-align: center;height: 76px\">\n<p style=\"font-weight: 400\"><span style=\"font-size: 12pt\">Heluani Gahete, Hayat<\/span><\/p>\n<\/td>\n<\/tr>\n<tr style=\"height: 76px\">\n<td style=\"width: 43.973214285714285%;text-align: center;height: 76px\"><span style=\"font-size: 12pt\">Madres\/Padres\/Tutores<\/span><\/td>\n<td style=\"width: 56.026785714285715%;text-align: center;height: 76px\">\n<p style=\"font-weight: 400\"><span style=\"font-size: 12pt\">Garc\u00eda Espino, Sandra<\/span><\/p>\n<\/td>\n<\/tr>\n<tr style=\"height: 76px\">\n<td style=\"width: 43.973214285714285%;text-align: center;height: 76px\"><span style=\"font-size: 12pt\">Madres\/Padres\/Tutores<\/span><\/td>\n<td style=\"width: 56.026785714285715%;text-align: center;height: 76px\">\n<p style=\"font-weight: 400\"><span style=\"font-size: 12pt\">Conejero Montes, Mar\u00eda Jos\u00e9<\/span><\/p>\n<\/td>\n<\/tr>\n<tr style=\"height: 76px\">\n<td style=\"width: 43.973214285714285%;text-align: center;height: 76px\"><span style=\"font-size: 12pt\">Madres\/Padres\/Tutores<\/span><\/td>\n<td style=\"width: 56.026785714285715%;text-align: center;height: 76px\">\n<p style=\"font-weight: 400\"><span style=\"font-size: 12pt\">G\u00f3mez Fern\u00e1ndez, Mar\u00eda Cristina<\/span><\/p>\n<\/td>\n<\/tr>\n<tr style=\"height: 76px\">\n<td style=\"width: 43.973214285714285%;text-align: center;height: 76px\"><span style=\"font-size: 12pt\">Madres\/Padres\/Tutores<\/span><\/td>\n<td style=\"width: 56.026785714285715%;text-align: center;height: 76px\">\n<p style=\"font-weight: 400\"><span style=\"font-size: 12pt\">Mart\u00ednez Montero, Esther<\/span><\/p>\n<\/td>\n<\/tr>\n<tr style=\"height: 64px\">\n<td style=\"width: 43.973214285714285%;text-align: center;height: 64px\"><span style=\"font-size: 12pt\">Madres\/Padres\/Tutores<\/span><\/td>\n<td style=\"width: 56.026785714285715%;text-align: center;height: 64px\">\n<p style=\"font-weight: 400\"><span style=\"font-size: 12pt\">Tudela Amat, Galia Mar\u00eda<\/span><\/p>\n<\/td>\n<\/tr>\n<tr style=\"height: 28px\">\n<td style=\"width: 43.973214285714285%;text-align: center;height: 67px\"><span style=\"font-size: 12pt\">Madres\/Padres\/Tutores<\/span><\/td>\n<td style=\"width: 56.026785714285715%;text-align: center;height: 67px\">\n<p style=\"font-weight: 400\"><span style=\"font-size: 12pt\">Sayago Silva, Isabel (Representante de la AMPA)<\/span><\/p>\n<\/td>\n<\/tr>\n<tr style=\"height: 76px\">\n<td style=\"width: 43.973214285714285%;text-align: center;height: 76px\"><span style=\"font-size: 12pt\">Administraci\u00f3n y Servicios<\/span><\/td>\n<td style=\"width: 56.026785714285715%;text-align: center;height: 76px\">&#8212;&#8212;&#8211;<\/td>\n<\/tr>\n<tr style=\"height: 73px\">\n<td style=\"width: 43.973214285714285%;text-align: center;height: 73px\">Ayuntamiento<\/td>\n<td style=\"width: 56.026785714285715%;text-align: center;height: 73px\">\n<p style=\"font-weight: 400\"><span style=\"font-size: 12pt\">Conde Mons\u00e1lvez, Maite<\/span><\/p>\n<\/td>\n<\/tr>\n<\/tbody>\n<\/table>\n<p>&nbsp;<\/p>\n[\/et_pb_text][\/et_pb_column][\/et_pb_row][et_pb_row column_structure=\u00bb1_3,1_3,1_3&#8243; _builder_version=\u00bb4.16&#8243; background_size=\u00bbinitial\u00bb background_position=\u00bbtop_left\u00bb background_repeat=\u00bbrepeat\u00bb global_colors_info=\u00bb{}\u00bb][et_pb_column type=\u00bb1_3&#8243; _builder_version=\u00bb4.16&#8243; custom_padding=\u00bb|||\u00bb global_colors_info=\u00bb{}\u00bb custom_padding__hover=\u00bb|||\u00bb][et_pb_image src=\u00bbhttps:\/\/blogsaverroes.juntadeandalucia.es\/ceipcerroalto\/files\/2020\/01\/descarga-1.jpg\u00bb align=\u00bbcenter\u00bb admin_label=\u00bbImagen para Anuncio innovaci\u00f3n\u00bb _builder_version=\u00bb4.16&#8243; vertical_offset_tablet=\u00bb0&#8243; horizontal_offset_tablet=\u00bb0&#8243; z_index_tablet=\u00bb500&#8243; box_shadow_horizontal_tablet=\u00bb0px\u00bb box_shadow_vertical_tablet=\u00bb0px\u00bb box_shadow_blur_tablet=\u00bb40px\u00bb box_shadow_spread_tablet=\u00bb0px\u00bb global_colors_info=\u00bb{}\u00bb][\/et_pb_image][et_pb_blurb title=\u00bbInnovaci\u00f3n\u00bb use_icon=\u00bbon\u00bb font_icon=\u00bb&#xe01c;||divi||400&#8243; icon_placement=\u00bbleft\u00bb admin_label=\u00bbTexto innovaci\u00f3n\u00bb _builder_version=\u00bb4.16&#8243; background_color=\u00bb#f18c8c\u00bb custom_padding=\u00bb20px|20px|20px|20px\u00bb z_index_tablet=\u00bb500&#8243; header_text_shadow_horizontal_length_tablet=\u00bb0px\u00bb header_text_shadow_vertical_length_tablet=\u00bb0px\u00bb header_text_shadow_blur_strength_tablet=\u00bb1px\u00bb body_text_shadow_horizontal_length_tablet=\u00bb0px\u00bb body_text_shadow_vertical_length_tablet=\u00bb0px\u00bb body_text_shadow_blur_strength_tablet=\u00bb1px\u00bb body_link_text_shadow_horizontal_length_tablet=\u00bb0px\u00bb body_link_text_shadow_vertical_length_tablet=\u00bb0px\u00bb body_link_text_shadow_blur_strength_tablet=\u00bb1px\u00bb body_ul_text_shadow_horizontal_length_tablet=\u00bb0px\u00bb body_ul_text_shadow_vertical_length_tablet=\u00bb0px\u00bb body_ul_text_shadow_blur_strength_tablet=\u00bb1px\u00bb body_ol_text_shadow_horizontal_length_tablet=\u00bb0px\u00bb body_ol_text_shadow_vertical_length_tablet=\u00bb0px\u00bb body_ol_text_shadow_blur_strength_tablet=\u00bb1px\u00bb body_quote_text_shadow_horizontal_length_tablet=\u00bb0px\u00bb body_quote_text_shadow_vertical_length_tablet=\u00bb0px\u00bb body_quote_text_shadow_blur_strength_tablet=\u00bb1px\u00bb box_shadow_horizontal_tablet=\u00bb0px\u00bb box_shadow_vertical_tablet=\u00bb0px\u00bb box_shadow_blur_tablet=\u00bb40px\u00bb box_shadow_spread_tablet=\u00bb0px\u00bb box_shadow_horizontal_image_tablet=\u00bb0px\u00bb box_shadow_vertical_image_tablet=\u00bb0px\u00bb box_shadow_blur_image_tablet=\u00bb40px\u00bb box_shadow_spread_image_tablet=\u00bb0px\u00bb text_shadow_horizontal_length_tablet=\u00bb0px\u00bb text_shadow_vertical_length_tablet=\u00bb0px\u00bb text_shadow_blur_strength_tablet=\u00bb1px\u00bb global_colors_info=\u00bb{}\u00bb]\n<p>Nuevas tecnolog\u00edas en el centro<\/p>\n[\/et_pb_blurb][\/et_pb_column][et_pb_column type=\u00bb1_3&#8243; _builder_version=\u00bb4.16&#8243; custom_padding=\u00bb|||\u00bb global_colors_info=\u00bb{}\u00bb custom_padding__hover=\u00bb|||\u00bb][et_pb_image src=\u00bbhttps:\/\/blogsaverroes.juntadeandalucia.es\/ceipcerroalto\/files\/2020\/01\/centro.jpg\u00bb align=\u00bbcenter\u00bb admin_label=\u00bbImagen para anuncio biling\u00fce\u00bb _builder_version=\u00bb4.16&#8243; vertical_offset_tablet=\u00bb0&#8243; horizontal_offset_tablet=\u00bb0&#8243; z_index_tablet=\u00bb500&#8243; box_shadow_horizontal_tablet=\u00bb0px\u00bb box_shadow_vertical_tablet=\u00bb0px\u00bb box_shadow_blur_tablet=\u00bb40px\u00bb box_shadow_spread_tablet=\u00bb0px\u00bb global_colors_info=\u00bb{}\u00bb][\/et_pb_image][et_pb_blurb title=\u00bbcentro biling\u00fce\u00bb use_icon=\u00bbon\u00bb font_icon=\u00bb&#xe0de;||divi||400&#8243; icon_placement=\u00bbleft\u00bb admin_label=\u00bbTexto biling\u00fce\u00bb _builder_version=\u00bb4.16&#8243; background_color=\u00bb#f9e582&#8243; custom_padding=\u00bb20px|20px|20px|20px\u00bb z_index_tablet=\u00bb500&#8243; header_text_shadow_horizontal_length_tablet=\u00bb0px\u00bb header_text_shadow_vertical_length_tablet=\u00bb0px\u00bb header_text_shadow_blur_strength_tablet=\u00bb1px\u00bb body_text_shadow_horizontal_length_tablet=\u00bb0px\u00bb body_text_shadow_vertical_length_tablet=\u00bb0px\u00bb body_text_shadow_blur_strength_tablet=\u00bb1px\u00bb body_link_text_shadow_horizontal_length_tablet=\u00bb0px\u00bb body_link_text_shadow_vertical_length_tablet=\u00bb0px\u00bb body_link_text_shadow_blur_strength_tablet=\u00bb1px\u00bb body_ul_text_shadow_horizontal_length_tablet=\u00bb0px\u00bb body_ul_text_shadow_vertical_length_tablet=\u00bb0px\u00bb body_ul_text_shadow_blur_strength_tablet=\u00bb1px\u00bb body_ol_text_shadow_horizontal_length_tablet=\u00bb0px\u00bb body_ol_text_shadow_vertical_length_tablet=\u00bb0px\u00bb body_ol_text_shadow_blur_strength_tablet=\u00bb1px\u00bb body_quote_text_shadow_horizontal_length_tablet=\u00bb0px\u00bb body_quote_text_shadow_vertical_length_tablet=\u00bb0px\u00bb body_quote_text_shadow_blur_strength_tablet=\u00bb1px\u00bb box_shadow_horizontal_tablet=\u00bb0px\u00bb box_shadow_vertical_tablet=\u00bb0px\u00bb box_shadow_blur_tablet=\u00bb40px\u00bb box_shadow_spread_tablet=\u00bb0px\u00bb box_shadow_horizontal_image_tablet=\u00bb0px\u00bb box_shadow_vertical_image_tablet=\u00bb0px\u00bb box_shadow_blur_image_tablet=\u00bb40px\u00bb box_shadow_spread_image_tablet=\u00bb0px\u00bb text_shadow_horizontal_length_tablet=\u00bb0px\u00bb text_shadow_vertical_length_tablet=\u00bb0px\u00bb text_shadow_blur_strength_tablet=\u00bb1px\u00bb global_colors_info=\u00bb{}\u00bb]\n<p>Impartimos materias en Ingl\u00e9s y Castellano<\/p>\n[\/et_pb_blurb][\/et_pb_column][et_pb_column type=\u00bb1_3&#8243; _builder_version=\u00bb4.16&#8243; custom_padding=\u00bb|||\u00bb global_colors_info=\u00bb{}\u00bb custom_padding__hover=\u00bb|||\u00bb][et_pb_image src=\u00bbhttps:\/\/blogsaverroes.juntadeandalucia.es\/ceipcerroalto\/files\/2020\/01\/sugerencia.jpg\u00bb align=\u00bbcenter\u00bb admin_label=\u00bbImagen para anuncio contacta\u00bb _builder_version=\u00bb4.16&#8243; vertical_offset_tablet=\u00bb0&#8243; horizontal_offset_tablet=\u00bb0&#8243; z_index_tablet=\u00bb500&#8243; box_shadow_horizontal_tablet=\u00bb0px\u00bb box_shadow_vertical_tablet=\u00bb0px\u00bb box_shadow_blur_tablet=\u00bb40px\u00bb box_shadow_spread_tablet=\u00bb0px\u00bb global_colors_info=\u00bb{}\u00bb][\/et_pb_image][et_pb_blurb title=\u00bbContacta\u00bb use_icon=\u00bbon\u00bb font_icon=\u00bb&#xe010;||divi||400&#8243; icon_placement=\u00bbleft\u00bb admin_label=\u00bbTexto contacta\u00bb _builder_version=\u00bb4.16&#8243; background_color=\u00bb#9cebcf\u00bb custom_padding=\u00bb20px|20px|20px|20px\u00bb z_index_tablet=\u00bb500&#8243; header_text_shadow_horizontal_length_tablet=\u00bb0px\u00bb header_text_shadow_vertical_length_tablet=\u00bb0px\u00bb header_text_shadow_blur_strength_tablet=\u00bb1px\u00bb body_text_shadow_horizontal_length_tablet=\u00bb0px\u00bb body_text_shadow_vertical_length_tablet=\u00bb0px\u00bb body_text_shadow_blur_strength_tablet=\u00bb1px\u00bb body_link_text_shadow_horizontal_length_tablet=\u00bb0px\u00bb body_link_text_shadow_vertical_length_tablet=\u00bb0px\u00bb body_link_text_shadow_blur_strength_tablet=\u00bb1px\u00bb body_ul_text_shadow_horizontal_length_tablet=\u00bb0px\u00bb body_ul_text_shadow_vertical_length_tablet=\u00bb0px\u00bb body_ul_text_shadow_blur_strength_tablet=\u00bb1px\u00bb body_ol_text_shadow_horizontal_length_tablet=\u00bb0px\u00bb body_ol_text_shadow_vertical_length_tablet=\u00bb0px\u00bb body_ol_text_shadow_blur_strength_tablet=\u00bb1px\u00bb body_quote_text_shadow_horizontal_length_tablet=\u00bb0px\u00bb body_quote_text_shadow_vertical_length_tablet=\u00bb0px\u00bb body_quote_text_shadow_blur_strength_tablet=\u00bb1px\u00bb box_shadow_horizontal_tablet=\u00bb0px\u00bb box_shadow_vertical_tablet=\u00bb0px\u00bb box_shadow_blur_tablet=\u00bb40px\u00bb box_shadow_spread_tablet=\u00bb0px\u00bb box_shadow_horizontal_image_tablet=\u00bb0px\u00bb box_shadow_vertical_image_tablet=\u00bb0px\u00bb box_shadow_blur_image_tablet=\u00bb40px\u00bb box_shadow_spread_image_tablet=\u00bb0px\u00bb text_shadow_horizontal_length_tablet=\u00bb0px\u00bb text_shadow_vertical_length_tablet=\u00bb0px\u00bb text_shadow_blur_strength_tablet=\u00bb1px\u00bb global_colors_info=\u00bb{}\u00bb]\n<p>Tenemos abierto nuestro buz\u00f3n de sugerencias<\/p>\n[\/et_pb_blurb][\/et_pb_column][\/et_pb_row][\/et_pb_section]\n","protected":false},"excerpt":{"rendered":"<p>\u00a0 \u00a0 CONSEJO ESCOLAR El Consejo Escolar del centro es el \u00f3rgano de participaci\u00f3n de los diferentes miembros de la comunidad educativa para evaluar los proyectos,\u00a0propuestas, informes y todo aquello relacionado con la funcionalidad del centro. El Consejo Escolar estar\u00e1 compuesto por los siguientes miembros: La directora. La jefe de estudios. La secretaria, que actuar\u00e1 [&hellip;]<\/p>\n","protected":false},"author":18519,"featured_media":0,"parent":0,"menu_order":0,"comment_status":"closed","ping_status":"closed","template":"","meta":{"_et_pb_use_builder":"on","_et_pb_old_content":"","_et_gb_content_width":"","ngg_post_thumbnail":0,"footnotes":""},"aioseo_notices":[],"post_mailing_queue_ids":[],"_links":{"self":[{"href":"https:\/\/blogsaverroes.juntadeandalucia.es\/ceipcerroalto\/wp-json\/wp\/v2\/pages\/878"}],"collection":[{"href":"https:\/\/blogsaverroes.juntadeandalucia.es\/ceipcerroalto\/wp-json\/wp\/v2\/pages"}],"about":[{"href":"https:\/\/blogsaverroes.juntadeandalucia.es\/ceipcerroalto\/wp-json\/wp\/v2\/types\/page"}],"author":[{"embeddable":true,"href":"https:\/\/blogsaverroes.juntadeandalucia.es\/ceipcerroalto\/wp-json\/wp\/v2\/users\/18519"}],"replies":[{"embeddable":true,"href":"https:\/\/blogsaverroes.juntadeandalucia.es\/ceipcerroalto\/wp-json\/wp\/v2\/comments?post=878"}],"version-history":[{"count":5,"href":"https:\/\/blogsaverroes.juntadeandalucia.es\/ceipcerroalto\/wp-json\/wp\/v2\/pages\/878\/revisions"}],"predecessor-version":[{"id":1527,"href":"https:\/\/blogsaverroes.juntadeandalucia.es\/ceipcerroalto\/wp-json\/wp\/v2\/pages\/878\/revisions\/1527"}],"wp:attachment":[{"href":"https:\/\/blogsaverroes.juntadeandalucia.es\/ceipcerroalto\/wp-json\/wp\/v2\/media?parent=878"}],"curies":[{"name":"wp","href":"https:\/\/api.w.org\/{rel}","templated":true}]}}