{"id":2067,"date":"2024-08-08T10:51:07","date_gmt":"2024-08-08T10:51:07","guid":{"rendered":"https:\/\/blogsaverroes.juntadeandalucia.es\/ceipcerrocoronado\/?page_id=2067"},"modified":"2024-08-12T22:56:40","modified_gmt":"2024-08-12T22:56:40","slug":"uniformes","status":"publish","type":"page","link":"https:\/\/blogsaverroes.juntadeandalucia.es\/ceipcerrocoronado\/uniformes\/","title":{"rendered":"UNIFORMES"},"content":{"rendered":"<p>[et_pb_section fb_built=\u00bb1&#8243; _builder_version=\u00bb4.24.2&#8243; _module_preset=\u00bbdefault\u00bb custom_padding=\u00bb31px|||||\u00bb global_colors_info=\u00bb{}\u00bb][et_pb_row _builder_version=\u00bb4.24.2&#8243; _module_preset=\u00bbdefault\u00bb global_colors_info=\u00bb{}\u00bb][et_pb_column type=\u00bb4_4&#8243; _builder_version=\u00bb4.24.2&#8243; _module_preset=\u00bbdefault\u00bb global_colors_info=\u00bb{}\u00bb][et_pb_heading title=\u00bbUNIFORME CEIP Cerro Coronado\u00bb _builder_version=\u00bb4.24.2&#8243; _module_preset=\u00bbdefault\u00bb global_colors_info=\u00bb{}\u00bb][\/et_pb_heading][et_pb_image src=\u00bbhttps:\/\/blogsaverroes.juntadeandalucia.es\/ceipcerrocoronado\/files\/2024\/08\/CEIP-CERRO-CORONADO-24-25.pdf.png\u00bb title_text=\u00bbCEIP CERRO CORONADO 24-25.pdf\u00bb _builder_version=\u00bb4.24.2&#8243; _module_preset=\u00bbdefault\u00bb global_colors_info=\u00bb{}\u00bb][\/et_pb_image][et_pb_text _builder_version=\u00bb4.24.2&#8243; _module_preset=\u00bbdefault\u00bb text_font=\u00bbABeeZee||||||||\u00bb text_font_size=\u00bb18px\u00bb global_colors_info=\u00bb{}\u00bb]<\/p>\n<p>Puedes adquirir tu uniforme reserv\u00e1ndolo en la Secretar\u00eda del centro. Disponemos de todas las tallas de muestra para probar.<\/p>\n<p>Tambi\u00e9n pod\u00e9is comprar directamente en la empresa que nos lo suministra:<\/p>\n<p><span class=\"OYPEnA font-feature-liga-off font-feature-clig-off font-feature-calt-off text-decoration-none text-strikethrough-none\">KEDEKE SPORT _ C. Alejandro Casona, 44, Churriana, 29004 M\u00e1laga<\/span><\/p>\n<p>[\/et_pb_text][\/et_pb_column][\/et_pb_row][\/et_pb_section]<\/p>\n","protected":false},"excerpt":{"rendered":"<p>Puedes adquirir tu uniforme reserv\u00e1ndolo en la Secretar\u00eda del centro. Disponemos de todas las tallas de muestra para probar. Tambi\u00e9n pod\u00e9is comprar directamente en la empresa que nos lo suministra: KEDEKE SPORT _ C. Alejandro Casona, 44, Churriana, 29004 M\u00e1laga<\/p>\n","protected":false},"author":5294,"featured_media":0,"parent":0,"menu_order":0,"comment_status":"closed","ping_status":"closed","template":"","meta":{"_et_pb_use_builder":"on","_et_pb_old_content":"","_et_gb_content_width":"","ngg_post_thumbnail":0,"footnotes":""},"aioseo_notices":[],"_links":{"self":[{"href":"https:\/\/blogsaverroes.juntadeandalucia.es\/ceipcerrocoronado\/wp-json\/wp\/v2\/pages\/2067"}],"collection":[{"href":"https:\/\/blogsaverroes.juntadeandalucia.es\/ceipcerrocoronado\/wp-json\/wp\/v2\/pages"}],"about":[{"href":"https:\/\/blogsaverroes.juntadeandalucia.es\/ceipcerrocoronado\/wp-json\/wp\/v2\/types\/page"}],"author":[{"embeddable":true,"href":"https:\/\/blogsaverroes.juntadeandalucia.es\/ceipcerrocoronado\/wp-json\/wp\/v2\/users\/5294"}],"replies":[{"embeddable":true,"href":"https:\/\/blogsaverroes.juntadeandalucia.es\/ceipcerrocoronado\/wp-json\/wp\/v2\/comments?post=2067"}],"version-history":[{"count":4,"href":"https:\/\/blogsaverroes.juntadeandalucia.es\/ceipcerrocoronado\/wp-json\/wp\/v2\/pages\/2067\/revisions"}],"predecessor-version":[{"id":2433,"href":"https:\/\/blogsaverroes.juntadeandalucia.es\/ceipcerrocoronado\/wp-json\/wp\/v2\/pages\/2067\/revisions\/2433"}],"wp:attachment":[{"href":"https:\/\/blogsaverroes.juntadeandalucia.es\/ceipcerrocoronado\/wp-json\/wp\/v2\/media?parent=2067"}],"curies":[{"name":"wp","href":"https:\/\/api.w.org\/{rel}","templated":true}]}}