{"id":32,"date":"2017-09-28T17:34:31","date_gmt":"2017-09-28T17:34:31","guid":{"rendered":"https:\/\/blogsaverroes.juntadeandalucia.es\/ceipcerrocoronado\/?page_id=32"},"modified":"2025-08-23T19:04:13","modified_gmt":"2025-08-23T19:04:13","slug":"ensenanzas","status":"publish","type":"page","link":"https:\/\/blogsaverroes.juntadeandalucia.es\/ceipcerrocoronado\/ensenanzas\/","title":{"rendered":"\u00bfQUI\u00c9NES LO FORMAMOS?"},"content":{"rendered":"<p>[et_pb_section fb_built=\u00bb1&#8243; _builder_version=\u00bb4.16&#8243; custom_padding=\u00bb18px|||||\u00bb global_colors_info=\u00bb{}\u00bb][et_pb_row _builder_version=\u00bb4.16&#8243; background_size=\u00bbinitial\u00bb background_position=\u00bbtop_left\u00bb background_repeat=\u00bbrepeat\u00bb global_colors_info=\u00bb{}\u00bb][et_pb_column type=\u00bb4_4&#8243; _builder_version=\u00bb4.16&#8243; custom_padding=\u00bb|||\u00bb global_colors_info=\u00bb{}\u00bb custom_padding__hover=\u00bb|||\u00bb][et_pb_text _builder_version=\u00bb4.16&#8243; background_size=\u00bbinitial\u00bb background_position=\u00bbtop_left\u00bb background_repeat=\u00bbrepeat\u00bb global_colors_info=\u00bb{}\u00bb]<\/p>\n<p>Nuestra comunidad educativa est\u00e1 compuesta por los siguientes profesionales:<\/p>\n<p><strong>EQUIPO DIRECTIVO:<\/strong><\/p>\n<ul>\n<li>DIRECTOR: Javier Castro<\/li>\n<li>JEFA DE ESTUDIOS: Carolina Rando<\/li>\n<li>SECRETARIO: David Anaya<\/li>\n<\/ul>\n<p><strong>ADMINISTRATIVA:<\/strong>\u00a0<\/p>\n<p><span style=\"text-decoration: underline\"><strong>EDUCACI\u00d3N INFANTIL<\/strong><\/span>:<\/p>\n<ul>\n<li><strong>Infantil 3 a\u00f1os<\/strong> &#8212;\u00a0<\/li>\n<li><strong>Infantil 4 a\u00f1os<\/strong> &#8212;<\/li>\n<li><strong>Infantil 5 a\u00f1os<\/strong> &#8212;\u00a0<\/li>\n<\/ul>\n<p><strong>Monitora de Infantil:<\/strong>\u00a0<\/p>\n<p><span style=\"text-decoration: underline\"><strong>EDUCACI\u00d3N PRIMARIA<\/strong><\/span><\/p>\n<ul>\n<li><strong>1\u00ba de educaci\u00f3n Primaria<\/strong> &#8212;\u00a0<\/li>\n<li><strong>2\u00baA de educaci\u00f3n Primaria<\/strong> &#8212;\u00a0<\/li>\n<li><strong>2\u00baB de educaci\u00f3n Primaria<\/strong> &#8212;<\/li>\n<li><strong>3\u00ba de educaci\u00f3n Primaria<\/strong> &#8212;\u00a0<\/li>\n<li><strong>4\u00ba de educaci\u00f3n Primaria<\/strong> &#8212;\u00a0<\/li>\n<li><strong>5\u00ba de educaci\u00f3n Primaria<\/strong> &#8212;\u00a0<\/li>\n<li><strong>6\u00ba de educaci\u00f3n Primaria<\/strong> &#8212;\u00a0<\/li>\n<\/ul>\n<p><strong>ESPECIALISTA M\u00daSICA:\u00a0<\/strong><\/p>\n<p><strong>ESPECIALISTA DE INGL\u00c9S:<\/strong>\u00a0<\/p>\n<p><strong>ESPECIALISTA DE FRANC\u00c9S:<\/strong>\u00a0<\/p>\n<p><strong>ESPECIALISTA EDUCACI\u00d3N F\u00cdSICA<\/strong>:\u00a0<\/p>\n<p><strong>APOYO A LA COMPESATORIA:<\/strong> Ana M\u00aa Morales<\/p>\n<p><strong>PEDAGOG\u00cdA TERAPEUTICA<\/strong>: Encarnaci\u00f3n Medina<\/p>\n<p><strong>AUDICI\u00d3N Y LENGUAJE:<\/strong>\u00a0<\/p>\n<p><strong>RELIGI\u00d3N CAT\u00d3LICA:<\/strong> M\u00f3nica L\u00f3pez<\/p>\n<p><strong>RELIGI\u00d3N EVANG\u00c9LICA:<\/strong> Margarita Jurado<\/p>\n<p><strong>RELIGI\u00d3N ISL\u00c1MICA:<\/strong> Hanin Kamal<\/p>\n<p>&nbsp;<\/p>\n<p>TUTOR\u00cdAS: los lunes de 16:00 a 17:00 horas los maestros del centro estamos a vuestra disposici\u00f3n en el Centro para cualquier duda o consulta que pod\u00e1is tener. Recuerda solicitar cita de tutor\u00eda con anterioridad a trav\u00e9s de IPASEN.<\/p>\n<p>&nbsp;<\/p>\n<p>[\/et_pb_text][\/et_pb_column][\/et_pb_row][\/et_pb_section]<\/p>\n","protected":false},"excerpt":{"rendered":"<p>Nuestra comunidad educativa est\u00e1 compuesta por los siguientes profesionales: EQUIPO DIRECTIVO: DIRECTOR: Javier Castro JEFA DE ESTUDIOS: Carolina Rando SECRETARIO: David Anaya ADMINISTRATIVA:\u00a0 EDUCACI\u00d3N INFANTIL: Infantil 3 a\u00f1os &#8212;\u00a0 Infantil 4 a\u00f1os &#8212; Infantil 5 a\u00f1os &#8212;\u00a0 Monitora de Infantil:\u00a0 EDUCACI\u00d3N PRIMARIA 1\u00ba de educaci\u00f3n Primaria &#8212;\u00a0 2\u00baA de educaci\u00f3n Primaria &#8212;\u00a0 2\u00baB de educaci\u00f3n [&hellip;]<\/p>\n","protected":false},"author":5294,"featured_media":0,"parent":0,"menu_order":0,"comment_status":"closed","ping_status":"closed","template":"","meta":{"_et_pb_use_builder":"on","_et_pb_old_content":"<p>Nuestra comunidad educativa est\u00e1 compuesta por las siguientes personas:<\/p><p><strong>EQUIPO DIRECTIVO:<\/strong><\/p><ul><li>DIRECTOR: Javier Castro<\/li><li>JEFA DE ESTUDIOS: Carolina Rando<\/li><li>SECRETARIO: David Anaya<\/li><\/ul><p><strong>ADMINISTRATIVA:<\/strong> Rosa<\/p><p><span style=\"text-decoration: underline;\"><strong>EDUCACI\u00d3N INFANTIL<\/strong><\/span>:<\/p><ul><li><strong>Infantil 3 a\u00f1os<\/strong> --- Mercedes Mart\u00edn<\/li><li><strong>Infantil 4 a\u00f1os<\/strong> ---Carolina Rando e Irene Claros<\/li><li><strong>Infantil 5 a\u00f1os<\/strong> --- Gemma L\u00f3pez<\/li><\/ul><p><strong>Monitora de Infantil:<\/strong> Araceli\u00a0<\/p><p><span style=\"text-decoration: underline;\"><strong>EDUCACI\u00d3N PRIMARIA<\/strong><\/span><\/p><ul><li><strong>1\u00ba de educaci\u00f3n Primaria<\/strong> ---\u00a0<\/li><li><strong>2\u00baA de educaci\u00f3n Primaria<\/strong> ---\u00a0<\/li><li><strong>2\u00baB de educaci\u00f3n Primaria<\/strong> ---<\/li><li><strong>3\u00ba de educaci\u00f3n Primaria<\/strong> ---\u00a0<\/li><li><strong>4\u00ba de educaci\u00f3n Primaria<\/strong> ---\u00a0<\/li><li><strong>5\u00ba de educaci\u00f3n Primaria<\/strong> ---\u00a0<\/li><li><strong>6\u00ba de educaci\u00f3n Primaria<\/strong> ---\u00a0<\/li><\/ul><p><strong>ESPECIALISTA M\u00daSICA:\u00a0<\/strong><\/p><p><strong>ESPECIALISTA DE INGL\u00c9S:<\/strong>\u00a0<\/p><p><strong>ESPECIALISTA DE FRANC\u00c9S:<\/strong>\u00a0<\/p><p><strong>ESPECIALISTA EDUCACI\u00d3N F\u00cdSICA<\/strong>:\u00a0<\/p><p><strong>APOYO A LA COMPESATORIA:<\/strong> Ana M\u00aa Morales<\/p><p><strong>PEDAGOG\u00cdA TERAPEUTICA<\/strong>: Encarnaci\u00f3n Medina<\/p><p><strong>AUDICI\u00d3N Y LENGUAJE:<\/strong> M\u00aa del Mar Palma<\/p><p><strong>RELIGI\u00d3N CAT\u00d3LICA:<\/strong> M\u00f3nica L\u00f3pez<\/p><p><strong>RELIGI\u00d3N EVANG\u00c9LICA:<\/strong> Margarita Jurado<\/p><p><strong>RELIGI\u00d3N ISL\u00c1MICA:<\/strong> Hanin Kamal<\/p><p>\u00a0<\/p><p>TUTOR\u00cdAS: los martes, mi\u00e9rcoles y jueves de 14:00 a 14:20 los maestros del centro estamos a vuestra disposici\u00f3n en el Centro para cualquier duda o consulta que pod\u00e1is tener. Recuerda avisar con anterioridad a trav\u00e9s de Ipasen.\u00a0<\/p><p>\u00a0<\/p>","_et_gb_content_width":"","ngg_post_thumbnail":0,"footnotes":""},"aioseo_notices":[],"_links":{"self":[{"href":"https:\/\/blogsaverroes.juntadeandalucia.es\/ceipcerrocoronado\/wp-json\/wp\/v2\/pages\/32"}],"collection":[{"href":"https:\/\/blogsaverroes.juntadeandalucia.es\/ceipcerrocoronado\/wp-json\/wp\/v2\/pages"}],"about":[{"href":"https:\/\/blogsaverroes.juntadeandalucia.es\/ceipcerrocoronado\/wp-json\/wp\/v2\/types\/page"}],"author":[{"embeddable":true,"href":"https:\/\/blogsaverroes.juntadeandalucia.es\/ceipcerrocoronado\/wp-json\/wp\/v2\/users\/5294"}],"replies":[{"embeddable":true,"href":"https:\/\/blogsaverroes.juntadeandalucia.es\/ceipcerrocoronado\/wp-json\/wp\/v2\/comments?post=32"}],"version-history":[{"count":19,"href":"https:\/\/blogsaverroes.juntadeandalucia.es\/ceipcerrocoronado\/wp-json\/wp\/v2\/pages\/32\/revisions"}],"predecessor-version":[{"id":2713,"href":"https:\/\/blogsaverroes.juntadeandalucia.es\/ceipcerrocoronado\/wp-json\/wp\/v2\/pages\/32\/revisions\/2713"}],"wp:attachment":[{"href":"https:\/\/blogsaverroes.juntadeandalucia.es\/ceipcerrocoronado\/wp-json\/wp\/v2\/media?parent=32"}],"curies":[{"name":"wp","href":"https:\/\/api.w.org\/{rel}","templated":true}]}}