{"id":36,"date":"2017-09-28T17:36:26","date_gmt":"2017-09-28T17:36:26","guid":{"rendered":"https:\/\/blogsaverroes.juntadeandalucia.es\/ceipcerrocoronado\/?page_id=36"},"modified":"2024-08-12T22:35:55","modified_gmt":"2024-08-12T22:35:55","slug":"datos-del-centro","status":"publish","type":"page","link":"https:\/\/blogsaverroes.juntadeandalucia.es\/ceipcerrocoronado\/datos-del-centro\/","title":{"rendered":"DATOS DEL CENTRO"},"content":{"rendered":"<p>[et_pb_section fb_built=\u00bb1&#8243; admin_label=\u00bbsection\u00bb _builder_version=\u00bb4.16&#8243; custom_padding=\u00bb126px|||||\u00bb hover_enabled=\u00bb0&#8243; global_colors_info=\u00bb{}\u00bb sticky_enabled=\u00bb0&#8243;][et_pb_row column_structure=\u00bb1_2,1_2&#8243; admin_label=\u00bbrow\u00bb _builder_version=\u00bb4.24.2&#8243; background_size=\u00bbinitial\u00bb background_position=\u00bbtop_left\u00bb background_repeat=\u00bbrepeat\u00bb custom_margin=\u00bb-35px|auto||auto||\u00bb custom_padding=\u00bb0px|||||\u00bb global_colors_info=\u00bb{}\u00bb][et_pb_column type=\u00bb1_2&#8243; _builder_version=\u00bb4.24.2&#8243; custom_padding=\u00bb|||\u00bb global_colors_info=\u00bb{}\u00bb custom_padding__hover=\u00bb|||\u00bb][et_pb_text _builder_version=\u00bb4.24.2&#8243; _module_preset=\u00bbdefault\u00bb text_font=\u00bbRubik||||||||\u00bb text_font_size=\u00bb17px\u00bb text_orientation=\u00bbjustified\u00bb custom_margin=\u00bb-50px||||false|false\u00bb custom_padding=\u00bb|99px|||false|false\u00bb hover_enabled=\u00bb0&#8243; global_colors_info=\u00bb{}\u00bb custom_margin_last_edited=\u00bbon|phone\u00bb custom_margin_tablet=\u00bb-50px|-86px|||false|false\u00bb sticky_enabled=\u00bb0&#8243; custom_margin_phone=\u00bb-50px|-86px|||false|false\u00bb]<\/p>\n<p>El CEIP CERRO CORONADO&nbsp; se halla ubicado en la barriada Palma Palmilla de la ciudad de M\u00e1laga.<\/p>\n<p>Nuestro Centro consta de dos edificios:<\/p>\n<p>El principal es donde se imparte la Educaci\u00f3n&nbsp; Primaria y en el que se ubican&nbsp; la Direcci\u00f3n, la Secretar\u00eda, el aula de usos m\u00faltiples, biblioteca, sala de audiovisuales, aula de inform\u00e1tica, cocina, comedor, aula matinal&#8230; y las dependencias principales de cualquier centro.<\/p>\n<p>&nbsp;<\/p>\n<p>[\/et_pb_text][\/et_pb_column][et_pb_column type=\u00bb1_2&#8243; _builder_version=\u00bb4.24.2&#8243; custom_padding=\u00bb|||\u00bb global_colors_info=\u00bb{}\u00bb custom_padding__hover=\u00bb|||\u00bb][et_pb_image src=\u00bbhttps:\/\/blogsaverroes.juntadeandalucia.es\/ceipcerrocoronado\/files\/2024\/08\/20240213_135403-frame-at-0m3s.jpg\u00bb title_text=\u00bb20240213_135403 &#8211; frame at 0m3s\u00bb _builder_version=\u00bb4.24.2&#8243; _module_preset=\u00bbdefault\u00bb transform_scale=\u00bb126%|138%\u00bb transform_scale_linked=\u00bboff\u00bb transform_translate=\u00bb-29px|-28px\u00bb transform_translate_linked=\u00bboff\u00bb width=\u00bb98.3%\u00bb min_height=\u00bb158.3px\u00bb custom_padding=\u00bb22px||0px|||\u00bb hover_enabled=\u00bb0&#8243; border_width_all=\u00bb5px\u00bb border_color_all=\u00bb#c1c1c1&#8243; box_shadow_style=\u00bbpreset2&#8243; global_colors_info=\u00bb{}\u00bb transform_styles_last_edited=\u00bbon|phone\u00bb transform_scale_last_edited=\u00bbon|phone\u00bb transform_translate_last_edited=\u00bbon|tablet\u00bb transform_rotate_last_edited=\u00bbon|tablet\u00bb transform_skew_last_edited=\u00bbon|tablet\u00bb transform_origin_last_edited=\u00bbon|tablet\u00bb transform_scale_tablet=\u00bb90%|112%\u00bb sticky_enabled=\u00bb0&#8243; transform_scale_phone=\u00bb90%|112%\u00bb transform_translate_tablet=\u00bb-29px|-28px\u00bb transform_translate_phone=\u00bb-29px|-28px\u00bb][\/et_pb_image][\/et_pb_column][\/et_pb_row][et_pb_row column_structure=\u00bb1_2,1_2&#8243; _builder_version=\u00bb4.24.2&#8243; _module_preset=\u00bbdefault\u00bb custom_padding=\u00bb||13px|||\u00bb global_colors_info=\u00bb{}\u00bb][et_pb_column type=\u00bb1_2&#8243; _builder_version=\u00bb4.24.2&#8243; _module_preset=\u00bbdefault\u00bb global_colors_info=\u00bb{}\u00bb][et_pb_image src=\u00bbhttps:\/\/blogsaverroes.juntadeandalucia.es\/ceipcerrocoronado\/files\/2024\/08\/20240207_143338.jpg\u00bb title_text=\u00bb20240207_143338&#8243; _builder_version=\u00bb4.24.2&#8243; _module_preset=\u00bbdefault\u00bb transform_scale=\u00bb122%|122%\u00bb transform_translate=\u00bb28px|-37px\u00bb transform_translate_linked=\u00bboff\u00bb width=\u00bb100%\u00bb min_height=\u00bb231.2px\u00bb custom_margin=\u00bb||13px|||\u00bb custom_padding=\u00bb73px||35px|||\u00bb hover_enabled=\u00bb0&#8243; border_width_all=\u00bb5px\u00bb border_color_all=\u00bb#c1c1c1&#8243; box_shadow_style=\u00bbpreset2&#8243; global_colors_info=\u00bb{}\u00bb transform_styles_last_edited=\u00bbon|phone\u00bb transform_scale_last_edited=\u00bbon|tablet\u00bb transform_translate_last_edited=\u00bbon|phone\u00bb transform_rotate_last_edited=\u00bbon|tablet\u00bb transform_skew_last_edited=\u00bbon|tablet\u00bb transform_origin_last_edited=\u00bbon|tablet\u00bb transform_scale_tablet=\u00bb90%|90%\u00bb transform_translate_tablet=\u00bb-34px|-81px\u00bb sticky_enabled=\u00bb0&#8243; transform_scale_phone=\u00bb90%|90%\u00bb transform_translate_phone=\u00bb-34px|-81px\u00bb][\/et_pb_image][\/et_pb_column][et_pb_column type=\u00bb1_2&#8243; _builder_version=\u00bb4.24.2&#8243; _module_preset=\u00bbdefault\u00bb global_colors_info=\u00bb{}\u00bb][et_pb_text _builder_version=\u00bb4.24.2&#8243; _module_preset=\u00bbdefault\u00bb text_font=\u00bbRubik||||||||\u00bb text_font_size=\u00bb16px\u00bb text_orientation=\u00bbjustified\u00bb custom_margin=\u00bb10px|0px||92px|false|false\u00bb hover_enabled=\u00bb0&#8243; global_colors_info=\u00bb{}\u00bb custom_margin_last_edited=\u00bbon|phone\u00bb custom_margin_tablet=\u00bb-137px|0px||0px|false|false\u00bb sticky_enabled=\u00bb0&#8243; custom_margin_phone=\u00bb-137px|0px||0px|false|false\u00bb]<\/p>\n<p>El de Educaci\u00f3n Infantil, donde se encuentran las aulas destinadas a esta Etapa (tres) m\u00e1s cinco dependencias (aulas) utilizadas como comedor, biblioteca, sala de v\u00eddeo, sala de psicomotricidad y sala de juegos y tiene en el patio un peque\u00f1o parque infantil con tobog\u00e1n, balanc\u00edn,&nbsp; etc\u2026<\/p>\n<p>Los dos edificios est\u00e1n separados por un muro que divide sus &nbsp;respectivos patios de recreo, gozando de autonom\u00eda tanto en los accesos como en el&nbsp; funcionamiento, aunque est\u00e1n comunicados entre s\u00ed por dos puertas.<\/p>\n<p>[\/et_pb_text][\/et_pb_column][\/et_pb_row][et_pb_row column_structure=\u00bb1_2,1_2&#8243; _builder_version=\u00bb4.24.2&#8243; _module_preset=\u00bbdefault\u00bb global_colors_info=\u00bb{}\u00bb][et_pb_column type=\u00bb1_2&#8243; _builder_version=\u00bb4.24.2&#8243; _module_preset=\u00bbdefault\u00bb global_colors_info=\u00bb{}\u00bb][et_pb_code _builder_version=\u00bb4.24.2&#8243; _module_preset=\u00bbdefault\u00bb transform_scale=\u00bb110%|110%\u00bb transform_translate=\u00bb28px|-11px\u00bb width=\u00bb100%\u00bb min_height=\u00bb404.1px\u00bb custom_padding=\u00bb||0px|||\u00bb hover_enabled=\u00bb0&#8243; box_shadow_style=\u00bbpreset2&#8243; global_colors_info=\u00bb{}\u00bb custom_margin_last_edited=\u00bbon|phone\u00bb custom_margin_phone=\u00bb|||-41px|false|false\u00bb transform_styles_last_edited=\u00bbon|tablet\u00bb transform_scale_last_edited=\u00bbon|tablet\u00bb transform_translate_last_edited=\u00bbon|phone\u00bb transform_rotate_last_edited=\u00bbon|phone\u00bb transform_skew_last_edited=\u00bbon|phone\u00bb transform_origin_last_edited=\u00bbon|phone\u00bb transform_scale_phone=\u00bb88%|88%\u00bb sticky_enabled=\u00bb0&#8243; transform_scale_tablet=\u00bb98%|98%\u00bb transform_translate_tablet=\u00bb21px|-3px\u00bb transform_translate_linked_tablet=\u00bboff\u00bb transform_translate_phone=\u00bb21px|-3px\u00bb]<\/p>\n<div class=\"mapouter\">\n<div class=\"gmap_canvas\"><iframe loading=\"lazy\" width=\"720\" height=\"404\" src=\"https:\/\/maps.google.com\/maps?q=calle%20duero%203%2029011%20M%C3%A1laga&amp;t=&amp;z=13&amp;ie=UTF8&amp;iwloc=&amp;output=embed\" frameborder=\"0\" scrolling=\"no\" marginheight=\"0\" marginwidth=\"0\"><\/iframe><a href=\"https:\/\/123movies-i.net\"><\/a><!\u2013- [et_pb_br_holder] -\u2013><a href=\"https:\/\/www.embedgooglemap.net\"><\/a><\/div>\n<\/div>\n<p>[\/et_pb_code][\/et_pb_column][et_pb_column type=\u00bb1_2&#8243; _builder_version=\u00bb4.24.2&#8243; _module_preset=\u00bbdefault\u00bb global_colors_info=\u00bb{}\u00bb][et_pb_cta title=\u00bbCONTACTO\u00bb button_url=\u00bb#top\u00bb _builder_version=\u00bb4.24.2&#8243; header_font=\u00bbRubik|700|||||||\u00bb header_text_align=\u00bbcenter\u00bb header_font_size=\u00bb40px\u00bb header_line_height=\u00bb1.4em\u00bb body_font=\u00bbRubik||||||||\u00bb body_line_height=\u00bb2.4em\u00bb background_color=\u00bb#ffffff\u00bb custom_button=\u00bbon\u00bb button_text_size=\u00bb16px\u00bb button_text_color=\u00bb#ffffff\u00bb button_bg_color=\u00bb#7f5aff\u00bb button_border_width=\u00bb10px\u00bb button_border_color=\u00bbrgba(65,65,144,0)\u00bb button_border_radius=\u00bb70px\u00bb button_font=\u00bbRubik|700|||||||\u00bb button_use_icon=\u00bboff\u00bb transform_translate=\u00bb13px|-27px\u00bb text_orientation=\u00bbleft\u00bb background_layout=\u00bblight\u00bb width=\u00bb93.1%\u00bb max_width_last_edited=\u00bboff|desktop\u00bb module_alignment=\u00bbright\u00bb min_height=\u00bb329.9px\u00bb custom_margin=\u00bb|||159px||\u00bb custom_padding=\u00bb10px|74px|10px|20px|true|false\u00bb hover_enabled=\u00bb0&#8243; header_font_size_tablet=\u00bb\u00bb header_font_size_phone=\u00bb30px\u00bb header_font_size_last_edited=\u00bbon|phone\u00bb body_line_height_last_edited=\u00bboff|desktop\u00bb border_radii=\u00bbon|10px|10px|10px|10px\u00bb box_shadow_style=\u00bbpreset2&#8243; box_shadow_horizontal=\u00bb20px\u00bb box_shadow_vertical=\u00bb10px\u00bb box_shadow_blur=\u00bb15px\u00bb box_shadow_spread=\u00bb1px\u00bb button_text_color_hover=\u00bb#ffffff\u00bb button_border_radius_hover=\u00bb70px\u00bb button_bg_color_hover=\u00bb#9577ff\u00bb global_colors_info=\u00bb{}\u00bb button_text_size__hover_enabled=\u00bboff\u00bb button_one_text_size__hover_enabled=\u00bboff\u00bb button_two_text_size__hover_enabled=\u00bboff\u00bb button_text_color__hover_enabled=\u00bbon\u00bb button_text_color__hover=\u00bb#ffffff\u00bb button_one_text_color__hover_enabled=\u00bboff\u00bb button_two_text_color__hover_enabled=\u00bboff\u00bb button_border_width__hover_enabled=\u00bboff\u00bb button_one_border_width__hover_enabled=\u00bboff\u00bb button_two_border_width__hover_enabled=\u00bboff\u00bb button_border_color__hover_enabled=\u00bboff\u00bb button_one_border_color__hover_enabled=\u00bboff\u00bb button_two_border_color__hover_enabled=\u00bboff\u00bb button_border_radius__hover_enabled=\u00bbon\u00bb button_border_radius__hover=\u00bb70px\u00bb button_one_border_radius__hover_enabled=\u00bboff\u00bb button_two_border_radius__hover_enabled=\u00bboff\u00bb button_letter_spacing__hover_enabled=\u00bboff\u00bb button_one_letter_spacing__hover_enabled=\u00bboff\u00bb button_two_letter_spacing__hover_enabled=\u00bboff\u00bb button_bg_color__hover_enabled=\u00bbon\u00bb button_bg_color__hover=\u00bb#9577ff\u00bb button_one_bg_color__hover_enabled=\u00bboff\u00bb button_two_bg_color__hover_enabled=\u00bboff\u00bb custom_margin_last_edited=\u00bbon|desktop\u00bb custom_margin_tablet=\u00bb21px|||159px|false|false\u00bb sticky_enabled=\u00bb0&#8243; custom_margin_phone=\u00bb21px|||159px|false|false\u00bb]<\/p>\n<p><strong>Direcci\u00f3n:<\/strong> Calle Duero 3, 29011 M\u00e1laga<\/p>\n<p><strong>Tel\u00e9fono: 951 29 88 67 \/ 697 95 21 77<\/strong><\/p>\n<p><strong>Email:<\/strong> 29004699.edu@juntadeandalucia.es<\/p>\n<p><strong>C\u00f3digo:<\/strong> 29004699<\/p>\n<p><strong>Horario de atenci\u00f3n al p\u00fablico:<\/strong> L-V&nbsp;de 9:00 a 14:00 h<\/p>\n<p>[\/et_pb_cta][\/et_pb_column][\/et_pb_row][\/et_pb_section]<\/p>\n","protected":false},"excerpt":{"rendered":"<p>El CEIP CERRO CORONADO&nbsp; se halla ubicado en la barriada Palma Palmilla de la ciudad de M\u00e1laga. Nuestro Centro consta de dos edificios: El principal es donde se imparte la Educaci\u00f3n&nbsp; Primaria y en el que se ubican&nbsp; la Direcci\u00f3n, la Secretar\u00eda, el aula de usos m\u00faltiples, biblioteca, sala de audiovisuales, aula de inform\u00e1tica, cocina, [&hellip;]<\/p>\n","protected":false},"author":5294,"featured_media":0,"parent":0,"menu_order":0,"comment_status":"closed","ping_status":"closed","template":"","meta":{"_et_pb_use_builder":"on","_et_pb_old_content":"El CEIP CERRO CORONADO\u00a0 se halla ubicado en la barriada Palma Palmilla de la ciudad de M\u00e1laga.\r\n\r\nNuestro Centro consta de dos edificios:\r\n\r\nEl principal es donde se imparte la Educaci\u00f3n\u00a0 Primaria y en el que se ubican\u00a0 la Direcci\u00f3n, la Secretar\u00eda, el aula de usos m\u00faltiples, biblioteca, sala de audiovisuales, aula de inform\u00e1tica, cocina, comedor, aula matinal... y las dependencias principales de cualquier centro.\u00a0\r\n\r\nEl de Educaci\u00f3n Infantil, donde se encuentran las aulas destinadas a esta Etapa (tres) m\u00e1s cinco dependencias (aulas) utilizadas como comedor, biblioteca, sala de v\u00eddeo, sala de psicomotricidad y sala de juegos y tiene en el patio un peque\u00f1o parque infantil con tobog\u00e1n, balanc\u00edn,\u00a0 etc\u2026\r\n\r\nLos dos edificios est\u00e1n separados por un muro que divide sus \u00a0respectivos patios de recreo, gozando de autonom\u00eda tanto en los accesos como en el\u00a0 funcionamiento, aunque est\u00e1n comunicados entre s\u00ed por dos puertas.\r\n<table style=\"height: 185px;border-color: #ffffff;background-color: #f0dddd;width: 291.5px\" border=\"3\">\r\n<tbody>\r\n<tr style=\"height: 19px\">\r\n<td style=\"width: 268.5px;height: 19px\">\r\n<h3 style=\"text-align: center\">Datos del Centro:<\/h3>\r\nCEIP Cerro Coronado (c\u00f3digo 29004699)\r\n\r\nC\/ Duero s\/n, 29011, M\u00e1laga\r\n\r\n<em>Tel\u00e9fono<\/em>: 951298867 <em>Fax<\/em>: 951298868<\/td>\r\n<\/tr>\r\n<\/tbody>\r\n<\/table>","_et_gb_content_width":"","ngg_post_thumbnail":0,"footnotes":""},"aioseo_notices":[],"_links":{"self":[{"href":"https:\/\/blogsaverroes.juntadeandalucia.es\/ceipcerrocoronado\/wp-json\/wp\/v2\/pages\/36"}],"collection":[{"href":"https:\/\/blogsaverroes.juntadeandalucia.es\/ceipcerrocoronado\/wp-json\/wp\/v2\/pages"}],"about":[{"href":"https:\/\/blogsaverroes.juntadeandalucia.es\/ceipcerrocoronado\/wp-json\/wp\/v2\/types\/page"}],"author":[{"embeddable":true,"href":"https:\/\/blogsaverroes.juntadeandalucia.es\/ceipcerrocoronado\/wp-json\/wp\/v2\/users\/5294"}],"replies":[{"embeddable":true,"href":"https:\/\/blogsaverroes.juntadeandalucia.es\/ceipcerrocoronado\/wp-json\/wp\/v2\/comments?post=36"}],"version-history":[{"count":17,"href":"https:\/\/blogsaverroes.juntadeandalucia.es\/ceipcerrocoronado\/wp-json\/wp\/v2\/pages\/36\/revisions"}],"predecessor-version":[{"id":2429,"href":"https:\/\/blogsaverroes.juntadeandalucia.es\/ceipcerrocoronado\/wp-json\/wp\/v2\/pages\/36\/revisions\/2429"}],"wp:attachment":[{"href":"https:\/\/blogsaverroes.juntadeandalucia.es\/ceipcerrocoronado\/wp-json\/wp\/v2\/media?parent=36"}],"curies":[{"name":"wp","href":"https:\/\/api.w.org\/{rel}","templated":true}]}}