{"id":52,"date":"2017-09-28T17:38:06","date_gmt":"2017-09-28T17:38:06","guid":{"rendered":"https:\/\/blogsaverroes.juntadeandalucia.es\/ceipcerrocoronado\/?page_id=52"},"modified":"2024-10-11T17:45:28","modified_gmt":"2024-10-11T17:45:28","slug":"comedor","status":"publish","type":"page","link":"https:\/\/blogsaverroes.juntadeandalucia.es\/ceipcerrocoronado\/comedor\/","title":{"rendered":"COMEDOR"},"content":{"rendered":"<p>[et_pb_section fb_built=\u00bb1&#8243; _builder_version=\u00bb4.24.2&#8243; custom_margin=\u00bb||105px|||\u00bb custom_margin_tablet=\u00bb54px||103px||false|false\u00bb custom_margin_phone=\u00bb54px||103px||false|false\u00bb custom_margin_last_edited=\u00bbon|tablet\u00bb custom_padding=\u00bb||122px|||\u00bb global_colors_info=\u00bb{}\u00bb][et_pb_row column_structure=\u00bb3_5,2_5&#8243; _builder_version=\u00bb4.24.2&#8243; background_size=\u00bbinitial\u00bb background_position=\u00bbtop_left\u00bb background_repeat=\u00bbrepeat\u00bb custom_margin=\u00bb-66px|auto|-66px|auto|true|\u00bb custom_padding=\u00bb14px||44px|||\u00bb global_colors_info=\u00bb{}\u00bb][et_pb_column type=\u00bb3_5&#8243; _builder_version=\u00bb4.16&#8243; custom_padding=\u00bb|||\u00bb global_colors_info=\u00bb{}\u00bb custom_padding__hover=\u00bb|||\u00bb][et_pb_text _builder_version=\u00bb4.24.2&#8243; background_size=\u00bbinitial\u00bb background_position=\u00bbtop_left\u00bb background_repeat=\u00bbrepeat\u00bb custom_margin=\u00bb||53px|||\u00bb global_colors_info=\u00bb{}\u00bb]<\/p>\n<p>El comedor escolar tiene lugar de 14:00 a 16:00 horas y est\u00e1 gestionado por la empresa \u00abHermanos Gonz\u00e1lez\u00bb, aunque la comida se realiza en el mismo d\u00eda en la cocina propia del centro.<\/p>\n<p>La salida para los alumnos que no asisten a actividades extraescolares se organiza en dos tramos horarios:<\/p>\n<ul>\n<li>14:45 a 15:00 horas<\/li>\n<li>15:45 a 16:00 horas<\/li>\n<\/ul>\n<p style=\"text-align: left\" align=\"center\">Aquellas familias que deseen recoger a sus hijos en el primer turno de salida deber\u00e1n solicitar y entregar firmado en secretar\u00eda el documento de autorizaci\u00f3n correspondiente.<\/p>\n<p style=\"text-align: justify\" align=\"center\">Los servicios de comedor y actividades extraescolares han sido solicitados bajo una responsabilidad familiar de que sus hijos\/as van a desarrollarlos en orden y en un ambiente de convivencia sano. Esto implica el cumplimiento de ciertas normas b\u00e1sicas, como son:<\/p>\n<div align=\"justify\"><\/div>\n<div align=\"justify\">\u00a0<\/div>\n<p>&nbsp;<\/p>\n<p>&nbsp;<\/p>\n<p>[\/et_pb_text][et_pb_text _builder_version=\u00bb4.24.2&#8243; _module_preset=\u00bbdefault\u00bb custom_margin=\u00bb-33px|-396px||||\u00bb custom_margin_tablet=\u00bb|0px||0px|false|false\u00bb custom_margin_phone=\u00bb|0px||0px|false|false\u00bb custom_margin_last_edited=\u00bbon|phone\u00bb custom_padding=\u00bb0px|0px||||\u00bb global_colors_info=\u00bb{}\u00bb]<\/p>\n<h4 style=\"text-align: center\" align=\"center\"><span style=\"text-decoration: underline\"><span style=\"background-color: #ffff99\">NORMAS DE FUNCIONAMIENTO<\/span><\/span><\/h4>\n<p>El alumnado usuario del servicio de comedor deber\u00e1 cumplir las siguientes normas:&nbsp;<\/p>\n<ul>\n<li>No desperdiciar la comida que se les ofrece en el comedor.<\/li>\n<li>Respetar a los compa\u00f1eros.<\/li>\n<li>\n<div align=\"justify\">Respetar y obedecer a los profesores\/as, monitores\/as y dem\u00e1s personal que trabaja en Comedor y Actividades Extraescolares.<\/div>\n<\/li>\n<li>Cumplir con las normas del comedor sobre higiene y comportamiento.<\/li>\n<li>Asistir al comedor todos los d\u00edas que venga al Centro. S\u00f3lo puede obtener permiso para no asistir &nbsp;si entrega una autorizaci\u00f3n firmada por la familia.<\/li>\n<\/ul>\n<div align=\"justify\">Las monitoras y monitores se encargar\u00e1n de vigilar el cumplimiento de las normas de funcionamiento en las actividades de las que son responsables. Controlando&nbsp;a todo el alumnado&nbsp;y especialmente al grupo que les corresponda.<\/div>\n<p>[\/et_pb_text][\/et_pb_column][et_pb_column type=\u00bb2_5&#8243; _builder_version=\u00bb4.16&#8243; custom_padding=\u00bb|||\u00bb global_colors_info=\u00bb{}\u00bb custom_padding__hover=\u00bb|||\u00bb][et_pb_image src=\u00bbhttps:\/\/blogsaverroes.juntadeandalucia.es\/ceipcerrocoronado\/files\/2024\/08\/20240214_140125-frame-at-0m2s.jpg\u00bb title_text=\u00bb20240214_140125 &#8211; frame at 0m2s\u00bb _builder_version=\u00bb4.24.2&#8243; _module_preset=\u00bbdefault\u00bb border_width_all=\u00bb5px\u00bb box_shadow_style=\u00bbpreset2&#8243; global_colors_info=\u00bb{}\u00bb][\/et_pb_image][et_pb_image src=\u00bbhttps:\/\/blogsaverroes.juntadeandalucia.es\/ceipcerrocoronado\/files\/2024\/08\/20240214_140234-frame-at-0m0s.jpg\u00bb title_text=\u00bb20240214_140234 &#8211; frame at 0m0s\u00bb _builder_version=\u00bb4.24.2&#8243; _module_preset=\u00bbdefault\u00bb border_width_all=\u00bb5px\u00bb box_shadow_style=\u00bbpreset2&#8243; global_colors_info=\u00bb{}\u00bb][\/et_pb_image][\/et_pb_column][\/et_pb_row][et_pb_row _builder_version=\u00bb4.24.2&#8243; _module_preset=\u00bbdefault\u00bb][et_pb_column _builder_version=\u00bb4.24.2&#8243; _module_preset=\u00bbdefault\u00bb type=\u00bb4_4&#8243;][et_pb_image src=\u00bbhttps:\/\/blogsaverroes.juntadeandalucia.es\/ceipcerrocoronado\/files\/2024\/10\/WhatsApp-Image-2024-10-10-at-09.31.00-1.jpeg\u00bb _builder_version=\u00bb4.24.2&#8243; _module_preset=\u00bbdefault\u00bb title_text=\u00bbWhatsApp Image 2024-10-10 at 09.31.00&#8243; hover_enabled=\u00bb0&#8243; sticky_enabled=\u00bb0&#8243;][\/et_pb_image][\/et_pb_column][\/et_pb_row][\/et_pb_section]<\/p>\n","protected":false},"excerpt":{"rendered":"<p>El comedor escolar tiene lugar de 14:00 a 16:00 horas y est\u00e1 gestionado por la empresa \u00abHermanos Gonz\u00e1lez\u00bb, aunque la comida se realiza en el mismo d\u00eda en la cocina propia del centro. La salida para los alumnos que no asisten a actividades extraescolares se organiza en dos tramos horarios: 14:45 a 15:00 horas 15:45 [&hellip;]<\/p>\n","protected":false},"author":5294,"featured_media":0,"parent":0,"menu_order":0,"comment_status":"closed","ping_status":"closed","template":"","meta":{"_et_pb_use_builder":"on","_et_pb_old_content":"<p>El comedor escolar de nuestro Centro tiene lugar de 14 a 16 horas y es suministrado por la empresa \"Hermanos Gonz\u00e1lez\".<\/p><p>La salida para los alumnos que no asisten a actividades extraescolares tendr\u00e1 lugar en dos tramos horarios:<\/p><ul><li>14:45 a 15:00 horas<\/li><li>15:45 a 16:00 horas<\/li><\/ul><p style=\"text-align: left;\" align=\"center\">Aquellas familias que deseen recoger a sus hijos en el primer turno de salida deber\u00e1n solicitar y entregar firmado en secretar\u00eda el documento de autorizaci\u00f3n correspondiente.\u00a0<\/p><p style=\"text-align: justify;\" align=\"center\">Los servicios de comedor y actividades extraescolares han sido solicitados bajo una responsabilidad familiar de que sus hijos\/as van a desarrollarlos en orden y en un ambiente de convivencia sano. Esto implica el cumplimiento de ciertas normas b\u00e1sicas, como son:\u00a0<\/p><h4 style=\"text-align: center;\" align=\"center\"><span style=\"text-decoration: underline;\"><span style=\"background-color: #ffff99;\">NORMAS DE FUNCIONAMIENTO<\/span><\/span><\/h4><p><span style=\"background-color: #ffff99;\">El alumnado usuario del servicio de comedor deber\u00e1 cumplir las siguientes normas:\u00a0<\/span><\/p><ul><li><span style=\"background-color: #ffff99;\">No desperdiciar la comida que se les ofrece en el comedor.<\/span><\/li><li><span style=\"background-color: #ffff99;\">Respetar a los compa\u00f1eros.<\/span><\/li><li><div align=\"justify\"><span style=\"background-color: #ffff99;\">Respetar y obedecer a los profesores\/as, monitores\/as y dem\u00e1s personal que trabaja en Comedor y Actividades Extraescolares.<\/span><\/div><\/li><li><span style=\"background-color: #ffff99;\">Cumplir con las normas del comedor sobre higiene y comportamiento.<\/span><\/li><li><span style=\"background-color: #ffff99;\">Asistir al comedor todos los d\u00edas que venga al Centro. S\u00f3lo puede obtener permiso para no asistir \u00a0si entrega una autorizaci\u00f3n firmada por la familia.<\/span><\/li><\/ul><div align=\"justify\">Las monitoras y monitores se encargar\u00e1n de vigilar el cumplimiento de las normas de funcionamiento en las actividades de las que son responsables. Controlando\u00a0a todo el alumnado\u00a0y especialmente al grupo que les corresponda.<\/div><div align=\"justify\">\u00a0<\/div><p>\u00a0<\/p><p>\u00a0<\/p>","_et_gb_content_width":"","ngg_post_thumbnail":0,"footnotes":""},"aioseo_notices":[],"_links":{"self":[{"href":"https:\/\/blogsaverroes.juntadeandalucia.es\/ceipcerrocoronado\/wp-json\/wp\/v2\/pages\/52"}],"collection":[{"href":"https:\/\/blogsaverroes.juntadeandalucia.es\/ceipcerrocoronado\/wp-json\/wp\/v2\/pages"}],"about":[{"href":"https:\/\/blogsaverroes.juntadeandalucia.es\/ceipcerrocoronado\/wp-json\/wp\/v2\/types\/page"}],"author":[{"embeddable":true,"href":"https:\/\/blogsaverroes.juntadeandalucia.es\/ceipcerrocoronado\/wp-json\/wp\/v2\/users\/5294"}],"replies":[{"embeddable":true,"href":"https:\/\/blogsaverroes.juntadeandalucia.es\/ceipcerrocoronado\/wp-json\/wp\/v2\/comments?post=52"}],"version-history":[{"count":24,"href":"https:\/\/blogsaverroes.juntadeandalucia.es\/ceipcerrocoronado\/wp-json\/wp\/v2\/pages\/52\/revisions"}],"predecessor-version":[{"id":2632,"href":"https:\/\/blogsaverroes.juntadeandalucia.es\/ceipcerrocoronado\/wp-json\/wp\/v2\/pages\/52\/revisions\/2632"}],"wp:attachment":[{"href":"https:\/\/blogsaverroes.juntadeandalucia.es\/ceipcerrocoronado\/wp-json\/wp\/v2\/media?parent=52"}],"curies":[{"name":"wp","href":"https:\/\/api.w.org\/{rel}","templated":true}]}}