{"id":113,"date":"2015-03-16T08:06:00","date_gmt":"2015-03-16T08:06:00","guid":{"rendered":"http:\/\/blogsaverroes.juntadeandalucia.es\/pre\/ceip\/?page_id=113"},"modified":"2019-11-19T16:15:19","modified_gmt":"2019-11-19T16:15:19","slug":"biblioteca","status":"publish","type":"page","link":"https:\/\/blogsaverroes.juntadeandalucia.es\/ceipcervantes\/biblioteca\/","title":{"rendered":"Biblioteca"},"content":{"rendered":"<p><iframe loading=\"lazy\" title=\"Bibliotecas escolares de Andaluc\u00eda al servicio de la comunidad educativa\" width=\"1080\" height=\"608\" src=\"https:\/\/www.youtube.com\/embed\/N_rrGePF_zM?feature=oembed\"  allow=\"accelerometer; autoplay; clipboard-write; encrypted-media; gyroscope; picture-in-picture; web-share\" referrerpolicy=\"strict-origin-when-cross-origin\" allowfullscreen><\/iframe><\/p>\n<p>&nbsp;<\/p>\n<p>&nbsp;<\/p>\n<p>&nbsp;<\/p>\n<p>&nbsp;<\/p>\n<p>&nbsp;<\/p>\n<p>BLOG DE LA BIBLIOTECA CERVANTES:<\/p>\n<p>http:\/\/bibliotecacolecervantes.blogspot.com.es<\/p>\n<p>La biblioteca del CEIP Cervantes est\u00e1 abierta a todo aquel miembro de la comunidad educativa que desee acceder a&nbsp; la colecci\u00f3n de libros de los que dispone el centro.<\/p>\n<p>Muy pronto, podr\u00e9is consultar el cat\u00e1logo ya que hemos sido seleccionados para formar parte del grupo Biblioweb2 que conecta a todas las bibliotecas en red.<\/p>\n<p><a title=\"Bibliotecas escolares\" href=\"http:\/\/www.juntadeandalucia.es\/educacion\/webportal\/web\/lecturas-y-bibliotecas-escolares\/bibliotecas-escolares\" target=\"_blank\" rel=\"noopener noreferrer\">Enlace al portal sobre las Bibliotecas Escolares.<\/a><\/p>\n","protected":false},"excerpt":{"rendered":"<p>&nbsp; &nbsp; &nbsp; &nbsp; &nbsp; BLOG DE LA BIBLIOTECA CERVANTES: http:\/\/bibliotecacolecervantes.blogspot.com.es La biblioteca del CEIP Cervantes est\u00e1 abierta a todo aquel miembro de la comunidad educativa que desee acceder a&nbsp; la colecci\u00f3n de libros de los que dispone el centro. Muy pronto, podr\u00e9is consultar el cat\u00e1logo ya que hemos sido seleccionados para formar parte del [&hellip;]<\/p>\n","protected":false},"author":1,"featured_media":0,"parent":0,"menu_order":0,"comment_status":"closed","ping_status":"open","template":"","meta":{"_et_pb_use_builder":"","_et_pb_old_content":"","_et_gb_content_width":"","ngg_post_thumbnail":0,"footnotes":"","_mc_calendar":[]},"aioseo_notices":[],"_links":{"self":[{"href":"https:\/\/blogsaverroes.juntadeandalucia.es\/ceipcervantes\/wp-json\/wp\/v2\/pages\/113"}],"collection":[{"href":"https:\/\/blogsaverroes.juntadeandalucia.es\/ceipcervantes\/wp-json\/wp\/v2\/pages"}],"about":[{"href":"https:\/\/blogsaverroes.juntadeandalucia.es\/ceipcervantes\/wp-json\/wp\/v2\/types\/page"}],"author":[{"embeddable":true,"href":"https:\/\/blogsaverroes.juntadeandalucia.es\/ceipcervantes\/wp-json\/wp\/v2\/users\/1"}],"replies":[{"embeddable":true,"href":"https:\/\/blogsaverroes.juntadeandalucia.es\/ceipcervantes\/wp-json\/wp\/v2\/comments?post=113"}],"version-history":[{"count":5,"href":"https:\/\/blogsaverroes.juntadeandalucia.es\/ceipcervantes\/wp-json\/wp\/v2\/pages\/113\/revisions"}],"predecessor-version":[{"id":3262,"href":"https:\/\/blogsaverroes.juntadeandalucia.es\/ceipcervantes\/wp-json\/wp\/v2\/pages\/113\/revisions\/3262"}],"wp:attachment":[{"href":"https:\/\/blogsaverroes.juntadeandalucia.es\/ceipcervantes\/wp-json\/wp\/v2\/media?parent=113"}],"curies":[{"name":"wp","href":"https:\/\/api.w.org\/{rel}","templated":true}]}}