{"id":424,"date":"2015-03-20T07:05:20","date_gmt":"2015-03-20T07:05:20","guid":{"rendered":"http:\/\/blogsaverroes.juntadeandalucia.es\/pre\/ceip\/?page_id=424"},"modified":"2018-10-25T18:12:57","modified_gmt":"2018-10-25T18:12:57","slug":"educacion-infantil","status":"publish","type":"page","link":"https:\/\/blogsaverroes.juntadeandalucia.es\/ceipcervantes\/educacion-infantil\/","title":{"rendered":"Educaci\u00f3n infantil"},"content":{"rendered":"<p><a href=\"http:\/\/blogsaverroes.juntadeandalucia.es\/ceipcervantes\/files\/2014\/12\/lapices2.jpg\"><img loading=\"lazy\" decoding=\"async\" class=\" size-medium wp-image-547 aligncenter\" src=\"http:\/\/blogsaverroes.juntadeandalucia.es\/ceipcervantes\/files\/2014\/12\/lapices2-300x200.jpg\" alt=\"lapices2\" width=\"300\" height=\"200\" srcset=\"https:\/\/blogsaverroes.juntadeandalucia.es\/ceipcervantes\/files\/2014\/12\/lapices2-300x200.jpg 300w, https:\/\/blogsaverroes.juntadeandalucia.es\/ceipcervantes\/files\/2014\/12\/lapices2-1024x682.jpg 1024w, https:\/\/blogsaverroes.juntadeandalucia.es\/ceipcervantes\/files\/2014\/12\/lapices2-700x466.jpg 700w, https:\/\/blogsaverroes.juntadeandalucia.es\/ceipcervantes\/files\/2014\/12\/lapices2-332x221.jpg 332w, https:\/\/blogsaverroes.juntadeandalucia.es\/ceipcervantes\/files\/2014\/12\/lapices2.jpg 1280w\" sizes=\"(max-width: 300px) 100vw, 300px\" \/><\/a><\/p>\n<p style=\"text-align: left\">La Educaci\u00f3n Infantil&nbsp;es la etapa educativa que atiende a ni\u00f1os y ni\u00f1as&nbsp;<strong>desde el nacimiento hasta los seis a\u00f1os <\/strong>con la finalidad de contribuir a su desarrollo f\u00edsico, afectivo, social e intelectual. Se ordena en dos ciclos: el primero comprende hasta los tres a\u00f1os; el segundo, que es gratuito, va&nbsp;desde los tres a los seis a\u00f1os de edad.<\/p>\n<p style=\"text-align: left\">Cuentamos con las siguientes l\u00edneas de infantil:<\/p>\n<ul>\n<li style=\"text-align: left\">L\u00ednea de 3 a\u00f1os, tutorizada por Do\u00f1a M\u00aa del Mar Olmo<\/li>\n<li style=\"text-align: left\">L\u00cdnea de 4 a\u00f1os, tutorizada por Do\u00f1a Sonia M\u00e9ndez<\/li>\n<li style=\"text-align: left\">Dos l\u00edneas de 5 a\u00f1os, A y B, cuyas tutoras son, Do\u00f1a Susana Mej\u00eda y Do\u00f1a Eva Mar\u00eda G\u00f3mez respectivamente.<\/li>\n<\/ul>\n<p>&nbsp;<\/p>\n","protected":false},"excerpt":{"rendered":"<p>La Educaci\u00f3n Infantil&nbsp;es la etapa educativa que atiende a ni\u00f1os y ni\u00f1as&nbsp;desde el nacimiento hasta los seis a\u00f1os con la finalidad de contribuir a su desarrollo f\u00edsico, afectivo, social e intelectual. Se ordena en dos ciclos: el primero comprende hasta los tres a\u00f1os; el segundo, que es gratuito, va&nbsp;desde los tres a los seis a\u00f1os [&hellip;]<\/p>\n","protected":false},"author":1,"featured_media":0,"parent":0,"menu_order":0,"comment_status":"closed","ping_status":"open","template":"","meta":{"_et_pb_use_builder":"","_et_pb_old_content":"","_et_gb_content_width":"","ngg_post_thumbnail":0,"footnotes":"","_mc_calendar":[]},"aioseo_notices":[],"_links":{"self":[{"href":"https:\/\/blogsaverroes.juntadeandalucia.es\/ceipcervantes\/wp-json\/wp\/v2\/pages\/424"}],"collection":[{"href":"https:\/\/blogsaverroes.juntadeandalucia.es\/ceipcervantes\/wp-json\/wp\/v2\/pages"}],"about":[{"href":"https:\/\/blogsaverroes.juntadeandalucia.es\/ceipcervantes\/wp-json\/wp\/v2\/types\/page"}],"author":[{"embeddable":true,"href":"https:\/\/blogsaverroes.juntadeandalucia.es\/ceipcervantes\/wp-json\/wp\/v2\/users\/1"}],"replies":[{"embeddable":true,"href":"https:\/\/blogsaverroes.juntadeandalucia.es\/ceipcervantes\/wp-json\/wp\/v2\/comments?post=424"}],"version-history":[{"count":7,"href":"https:\/\/blogsaverroes.juntadeandalucia.es\/ceipcervantes\/wp-json\/wp\/v2\/pages\/424\/revisions"}],"predecessor-version":[{"id":2342,"href":"https:\/\/blogsaverroes.juntadeandalucia.es\/ceipcervantes\/wp-json\/wp\/v2\/pages\/424\/revisions\/2342"}],"wp:attachment":[{"href":"https:\/\/blogsaverroes.juntadeandalucia.es\/ceipcervantes\/wp-json\/wp\/v2\/media?parent=424"}],"curies":[{"name":"wp","href":"https:\/\/api.w.org\/{rel}","templated":true}]}}