{"id":2959,"date":"2017-09-06T15:27:47","date_gmt":"2017-09-06T15:27:47","guid":{"rendered":"http:\/\/blogsaverroes.juntadeandalucia.es\/ceipcervantesalcala\/?page_id=2959"},"modified":"2018-03-13T10:06:16","modified_gmt":"2018-03-13T10:06:16","slug":"blogs-del-2017-18","status":"publish","type":"page","link":"https:\/\/blogsaverroes.juntadeandalucia.es\/ceipcervantesalcala\/blogs-del-2017-18\/","title":{"rendered":"Blogs del curso 2017-18"},"content":{"rendered":"<p>Estos son los enlaces a los blogs de los diversos cursos y especialidades creados en el cole para el presente curso escolar.<\/p>\n<h3>INFANTIL<\/h3>\n<p><a href=\"http:\/\/ceipcervantes3aacurso1718.blogspot.com.es\/\">Infantil 3 a\u00f1os A<\/a><\/p>\n<p>Infantil 3 a\u00f1os B<\/p>\n<p><a href=\"https:\/\/ceipcervantes4aacurso1718.blogspot.com.es\/\">Infantil 4 a\u00f1os A<\/a><\/p>\n<p><a href=\"https:\/\/ceipcervantes4abcurso1718.blogspot.com.es\/\">Infantil 4 a\u00f1os B<\/a><\/p>\n<p><a href=\"https:\/\/ceipcervantes5aacurso17-18.blogspot.com.es\/\">Infantil 5 a\u00f1os A<\/a><\/p>\n<p><a href=\"https:\/\/ceipcervantes5abcurso17-18.blogspot.com.es\/\">Infantil 5 a\u00f1os B<\/a><\/p>\n<h3>PRIMARIA<\/h3>\n<p><a href=\"http:\/\/ceipcervantes1acurso17-18.blogspot.com.es\/\">1\u00ba A<\/a><\/p>\n<p><a href=\"http:\/\/ceipcervantes1bcurso1718.blogspot.com.es\/\">1\u00ba B<\/a><\/p>\n<p>2\u00ba A<\/p>\n<p><a href=\"http:\/\/ceipcervantes2bcurso1718.blogspot.com.es\/\">2\u00ba B<\/a><\/p>\n<p>3\u00ba A<\/p>\n<p>3\u00ba B<\/p>\n<p><a href=\"http:\/\/ceipcervantes4acursos1718.blogspot.com.es\/\">4\u00ba A<\/a><\/p>\n<p><a href=\"http:\/\/ceipcervantes4bcurso17-18.blogspot.com.es\/\">4\u00ba B<\/a><\/p>\n<p>4\u00ba C<\/p>\n<p><a href=\"https:\/\/ceipcervantes5acurso1718.blogspot.com.es\/\">5\u00ba A<\/a><\/p>\n<p><a href=\"https:\/\/ceipcervantes5bcurso1718.blogspot.com.es\/\">5\u00ba B<\/a><\/p>\n<p><a href=\"http:\/\/ceipcervantes6acurso1718.blogspot.com.es\">6\u00ba A<\/a><\/p>\n<p><a href=\"http:\/\/ceipcervantes6bcurso1718.blogspot.com.es\">6\u00ba B<\/a><\/p>\n<h3>ESPECIALIDADES<\/h3>\n<p><a class=\"spip_out\" href=\"http:\/\/ceipcervantesinglescurso1718.blogspot.com.es\/\" rel=\"external\">INGL\u00c9S<\/a><\/p>\n<p><a href=\"http:\/\/ceipcervantesfrancescurso1718.blogspot.com.es\">FRANC\u00c9S<\/a><\/p>\n<p><a class=\"spip_out\" href=\"http:\/\/ceipcervanteshuerto.blogspot.com.es\/\" rel=\"external\">HUERTO ESCOLAR<\/a><\/p>\n<p><a class=\"spip_out\" href=\"http:\/\/ceipcervantesefcurso1718.blogspot.com.es\/\" rel=\"external\">E.F\u00cdSICA<\/a><\/p>\n<p><a class=\"spip_out\" href=\"http:\/\/ceipcervantescpd1718.blogspot.com\/\" rel=\"external\">CULTURA Y PR\u00c1CTICA DIGITAL<\/a><\/p>\n<p><a class=\"spip_out\" href=\"http:\/\/www.redes-cepalcala.org\/spip\/ceipcervantes\/ecrire\/[BIBLIOTECA-%3Ehttp:\/\/www.cervantiteca.blogspot.com.es\">RELIGI\u00d3N<\/a><\/p>\n<p><a class=\"spip_out\" href=\"http:\/\/elpoderdellenguajealcala.blogspot.com.es\/\" rel=\"external\"><strong>EL PODER DEL LENGUAJE<\/strong><\/a><\/p>\n<p><a class=\"spip_out\" href=\"http:\/\/ceipcervantescoeducacioncurso1516.blogspot.com.es\/\" rel=\"external\">COEDUCACI\u00d3N<\/a><\/p>\n<p><a class=\"spip_out\" href=\"http:\/\/ceipcervantesmusicacurso1718.blogspot.com.es\/\" rel=\"external\">M\u00daSICA<\/a><\/p>\n<p><a href=\"http:\/\/ceipcervantespt1718.blogspot.com.es\/\">PEDAGOG\u00cdA TERAP\u00c9UTICA (PT)<\/a><\/p>\n<p><a href=\"http:\/\/bibliotecaceipcervantescurso1718.blogspot.com.es\/\">BIBLIOTECA ESCOLAR<\/a><\/p>\n","protected":false},"excerpt":{"rendered":"<p>Estos son los enlaces a los blogs de los diversos cursos y especialidades creados en el cole para el presente curso escolar. INFANTIL Infantil 3 a\u00f1os A Infantil 3 a\u00f1os B Infantil 4 a\u00f1os&#46;&#46;&#46;<\/p>\n","protected":false},"author":3504,"featured_media":0,"parent":0,"menu_order":0,"comment_status":"closed","ping_status":"closed","template":"","meta":{"ngg_post_thumbnail":0,"footnotes":"","_mc_calendar":[]},"aioseo_notices":[],"_links":{"self":[{"href":"https:\/\/blogsaverroes.juntadeandalucia.es\/ceipcervantesalcala\/wp-json\/wp\/v2\/pages\/2959"}],"collection":[{"href":"https:\/\/blogsaverroes.juntadeandalucia.es\/ceipcervantesalcala\/wp-json\/wp\/v2\/pages"}],"about":[{"href":"https:\/\/blogsaverroes.juntadeandalucia.es\/ceipcervantesalcala\/wp-json\/wp\/v2\/types\/page"}],"author":[{"embeddable":true,"href":"https:\/\/blogsaverroes.juntadeandalucia.es\/ceipcervantesalcala\/wp-json\/wp\/v2\/users\/3504"}],"replies":[{"embeddable":true,"href":"https:\/\/blogsaverroes.juntadeandalucia.es\/ceipcervantesalcala\/wp-json\/wp\/v2\/comments?post=2959"}],"version-history":[{"count":21,"href":"https:\/\/blogsaverroes.juntadeandalucia.es\/ceipcervantesalcala\/wp-json\/wp\/v2\/pages\/2959\/revisions"}],"predecessor-version":[{"id":3180,"href":"https:\/\/blogsaverroes.juntadeandalucia.es\/ceipcervantesalcala\/wp-json\/wp\/v2\/pages\/2959\/revisions\/3180"}],"wp:attachment":[{"href":"https:\/\/blogsaverroes.juntadeandalucia.es\/ceipcervantesalcala\/wp-json\/wp\/v2\/media?parent=2959"}],"curies":[{"name":"wp","href":"https:\/\/api.w.org\/{rel}","templated":true}]}}