{"id":35,"date":"2015-03-13T08:21:43","date_gmt":"2015-03-13T08:21:43","guid":{"rendered":"http:\/\/blogsaverroes.juntadeandalucia.es\/pre\/ceip\/?page_id=35"},"modified":"2024-08-26T14:37:37","modified_gmt":"2024-08-26T12:37:37","slug":"el-centro-2","status":"publish","type":"page","link":"https:\/\/blogsaverroes.juntadeandalucia.es\/ceipcervantesalcala\/el-centro-2\/","title":{"rendered":"Datos del centro"},"content":{"rendered":"<h4><strong>Datos de contacto<\/strong><\/h4>\n<p>C.E.I.P. Cervantes<\/p>\n<p><strong>Direcci\u00f3n:<\/strong>&nbsp;&nbsp;Plaza Doctor Fleming, s\/n. &nbsp; Alcal\u00e1 de Guada\u00edra (Sevilla) &nbsp; &nbsp; &nbsp; &nbsp; &nbsp; C.P. 41500<\/p>\n<p><strong>Tel\u00e9fono: 955622348 &nbsp; &nbsp; &nbsp; &nbsp; &nbsp; &nbsp; &nbsp; &nbsp; &nbsp; FAX:&nbsp;<\/strong>&nbsp;<strong>955622368<\/strong><br \/>\n<strong>Email:<\/strong> 41000065.edu@juntadeandalucia.es<\/p>\n<h4><strong>Horarios<\/strong><\/h4>\n<p><strong>Horario del centro:<\/strong> de 9 a 14 horas.<\/p>\n<p><strong>Aula matinal:<\/strong> a partir de las 7&#8217;30 horas y hasta las 08:50 horas de lunes a viernes.<\/p>\n<p><strong>Horario de Comedor: <\/strong>De 14:00 a 16:00 horas<strong><br \/>\n<\/strong><\/p>\n<p><strong>Recogida de alumnado del comedor:<\/strong> 15:00 horas\/ 15:30 horas y 15:50 horas de lunes a viernes<\/p>\n<p><strong>Actividades extraescolares: <\/strong>De 16:00 a 18:00 horas<\/p>\n<p><strong>Horario de atenci\u00f3n de la secretar\u00eda: <\/strong>de lunes a viernes de 09:15 a 12:00 horas (con cita previa)<strong><br \/>\n<\/strong><\/p>\n<h4>&nbsp;<\/h4>\n","protected":false},"excerpt":{"rendered":"<p>Datos de contacto C.E.I.P. Cervantes Direcci\u00f3n:&nbsp;&nbsp;Plaza Doctor Fleming, s\/n. &nbsp; Alcal\u00e1 de Guada\u00edra (Sevilla) &nbsp; &nbsp; &nbsp; &nbsp; &nbsp; C.P. 41500 Tel\u00e9fono: 955622348 &nbsp; &nbsp; &nbsp; &nbsp; &nbsp; &nbsp; &nbsp; &nbsp; &nbsp; FAX:&nbsp;&nbsp;955622368 Email:&#46;&#46;&#46;<\/p>\n","protected":false},"author":1,"featured_media":0,"parent":0,"menu_order":0,"comment_status":"closed","ping_status":"open","template":"","meta":{"ngg_post_thumbnail":0,"footnotes":"","_mc_calendar":[]},"aioseo_notices":[],"_links":{"self":[{"href":"https:\/\/blogsaverroes.juntadeandalucia.es\/ceipcervantesalcala\/wp-json\/wp\/v2\/pages\/35"}],"collection":[{"href":"https:\/\/blogsaverroes.juntadeandalucia.es\/ceipcervantesalcala\/wp-json\/wp\/v2\/pages"}],"about":[{"href":"https:\/\/blogsaverroes.juntadeandalucia.es\/ceipcervantesalcala\/wp-json\/wp\/v2\/types\/page"}],"author":[{"embeddable":true,"href":"https:\/\/blogsaverroes.juntadeandalucia.es\/ceipcervantesalcala\/wp-json\/wp\/v2\/users\/1"}],"replies":[{"embeddable":true,"href":"https:\/\/blogsaverroes.juntadeandalucia.es\/ceipcervantesalcala\/wp-json\/wp\/v2\/comments?post=35"}],"version-history":[{"count":12,"href":"https:\/\/blogsaverroes.juntadeandalucia.es\/ceipcervantesalcala\/wp-json\/wp\/v2\/pages\/35\/revisions"}],"predecessor-version":[{"id":6512,"href":"https:\/\/blogsaverroes.juntadeandalucia.es\/ceipcervantesalcala\/wp-json\/wp\/v2\/pages\/35\/revisions\/6512"}],"wp:attachment":[{"href":"https:\/\/blogsaverroes.juntadeandalucia.es\/ceipcervantesalcala\/wp-json\/wp\/v2\/media?parent=35"}],"curies":[{"name":"wp","href":"https:\/\/api.w.org\/{rel}","templated":true}]}}