{"id":4171,"date":"2020-08-27T09:49:06","date_gmt":"2020-08-27T09:49:06","guid":{"rendered":"https:\/\/blogsaverroes.juntadeandalucia.es\/ceipcervantesalcala\/?page_id=4171"},"modified":"2020-11-23T10:09:51","modified_gmt":"2020-11-23T08:09:51","slug":"blogs-del-curso-2-020-21","status":"publish","type":"page","link":"https:\/\/blogsaverroes.juntadeandalucia.es\/ceipcervantesalcala\/blogs-del-curso-2-020-21\/","title":{"rendered":"Blogs del curso 2.020-21"},"content":{"rendered":"<p>Estos son los enlaces a los blogs de los diversos cursos y especialidades creados en el cole para el presente curso escolar.<\/p>\n<h3>INFANTIL<\/h3>\n<p><a href=\"https:\/\/ceipcervantes3aacurso2021.blogspot.com\/\">Infantil 3 a\u00f1os A<\/a><\/p>\n<p><a href=\"https:\/\/ceipcervantes3abcurso2021.blogspot.com\/\">Infantil 3 a\u00f1os B<\/a><\/p>\n<p><a href=\"https:\/\/ceipcervantes4aacurso2021.blogspot.com\/\">Infantil 4 a\u00f1os A<\/a><\/p>\n<p><a href=\"https:\/\/ceipcervantes4abcurso1920.blogspot.com\/\">Infantil 4 a\u00f1os B<\/a><\/p>\n<p><a href=\"https:\/\/ceipcervantes5aacurso2021.blogspot.com\/\">Infantil 5 a\u00f1os A<\/a><\/p>\n<p><a href=\"https:\/\/ceipcervantes5abcurso2021.blogspot.com\/\">Infantil 5 a\u00f1os B<\/a><\/p>\n<h3>PRIMARIA<\/h3>\n<p><a href=\"https:\/\/ceipcervantes1acurso2021.blogspot.com\/\">1\u00ba A<\/a><\/p>\n<p><a href=\"https:\/\/ceipcervantes1bcurso2021.blogspot.com\/\">1\u00ba B<\/a><\/p>\n<p><a href=\"https:\/\/ceipcervantes2acurso2021.blogspot.com\/\">2\u00ba A<\/a><\/p>\n<p><a href=\"https:\/\/ceipcervantes2bcurso2021.blogspot.com\/\">2\u00ba B<\/a><\/p>\n<p><a href=\"https:\/\/ceipcervantes3a2021.blogspot.com\/\">3\u00ba A<\/a><\/p>\n<p><a href=\"https:\/\/ceipcervantes3bcurso20-21.blogspot.com\/\">3\u00ba B<\/a><\/p>\n<p><a href=\"https:\/\/ceipcervantes4acurso2021.blogspot.com\/\">4\u00ba A<\/a><\/p>\n<p><a href=\"https:\/\/ceipcervantes4bcurso2021.blogspot.com\/\">4\u00ba B<\/a><\/p>\n<p><a href=\"https:\/\/ceipcervantes5acurso2021.blogspot.com\/\">5\u00ba A<\/a><\/p>\n<p><a href=\"https:\/\/ceipcervantes5bcurso2021.blogspot.com\/\">5\u00ba B<\/a><\/p>\n<p><a href=\"https:\/\/ceipcervantes6acurso2021.blogspot.com\/\">6\u00ba A<\/a><\/p>\n<p><a href=\"https:\/\/ceipcervantes6bcurso2021.blogspot.com\/\">6\u00ba B<\/a><\/p>\n<p>&nbsp;<\/p>\n<h3>ESPECIALIDADES<\/h3>\n<p><a class=\"spip_out\" href=\"http:\/\/ceipcervantesinglescurso2021.blogspot.com.es\/\" rel=\"external\">INGL\u00c9S<\/a><\/p>\n<p><a href=\"http:\/\/francescervantesalcala2021.blogspot.com.es\">FRANC\u00c9S<\/a><\/p>\n<p><a class=\"spip_out\" href=\"http:\/\/ceipcervanteshuerto.blogspot.com.es\/\" rel=\"external\">HUERTO ESCOLAR<\/a><\/p>\n<p><a class=\"spip_out\" href=\"http:\/\/ceipcervantesefcurso2021.blogspot.com.es\/\" rel=\"external\">E.F\u00cdSICA<\/a><\/p>\n<p><a class=\"spip_out\" href=\"https:\/\/ceipcervantesculturatic1819.blogspot.com\/\" rel=\"external\">CULTURA Y PR\u00c1CTICA DIGITAL<\/a><\/p>\n<p><a href=\"https:\/\/ceipcervantesreligion20-21.blogspot.com\/\">RELIGI\u00d3N<\/a><\/p>\n<p><a class=\"spip_out\" href=\"http:\/\/elpoderdellenguajealcala.blogspot.com\/\" rel=\"external\"><strong>EL PODER DEL LENGUAJE<\/strong><\/a><\/p>\n<p><a class=\"spip_out\" href=\"http:\/\/ceipcervantescoeducacioncurso1516.blogspot.com.es\/\" rel=\"external\">COEDUCACI\u00d3N<\/a><\/p>\n<p><a href=\"http:\/\/ceipcervantesmusicacurso2021.blogspot.com\">M\u00daSICA<\/a><\/p>\n<p><a href=\"http:\/\/ceipcervantespt1718.blogspot.com.es\/\">PEDAGOG\u00cdA TERAP\u00c9UTICA (PT)<\/a><\/p>\n<p><a href=\"https:\/\/bibliotecaceipcervantescurso1920.blogspot.com\/\">BIBLIOTECA ESCOLAR<\/a><\/p>\n","protected":false},"excerpt":{"rendered":"<p>Estos son los enlaces a los blogs de los diversos cursos y especialidades creados en el cole para el presente curso escolar. INFANTIL Infantil 3 a\u00f1os A Infantil 3 a\u00f1os B Infantil 4 a\u00f1os&#46;&#46;&#46;<\/p>\n","protected":false},"author":3504,"featured_media":0,"parent":0,"menu_order":0,"comment_status":"closed","ping_status":"closed","template":"","meta":{"ngg_post_thumbnail":0,"footnotes":"","_mc_calendar":[]},"aioseo_notices":[],"_links":{"self":[{"href":"https:\/\/blogsaverroes.juntadeandalucia.es\/ceipcervantesalcala\/wp-json\/wp\/v2\/pages\/4171"}],"collection":[{"href":"https:\/\/blogsaverroes.juntadeandalucia.es\/ceipcervantesalcala\/wp-json\/wp\/v2\/pages"}],"about":[{"href":"https:\/\/blogsaverroes.juntadeandalucia.es\/ceipcervantesalcala\/wp-json\/wp\/v2\/types\/page"}],"author":[{"embeddable":true,"href":"https:\/\/blogsaverroes.juntadeandalucia.es\/ceipcervantesalcala\/wp-json\/wp\/v2\/users\/3504"}],"replies":[{"embeddable":true,"href":"https:\/\/blogsaverroes.juntadeandalucia.es\/ceipcervantesalcala\/wp-json\/wp\/v2\/comments?post=4171"}],"version-history":[{"count":8,"href":"https:\/\/blogsaverroes.juntadeandalucia.es\/ceipcervantesalcala\/wp-json\/wp\/v2\/pages\/4171\/revisions"}],"predecessor-version":[{"id":4357,"href":"https:\/\/blogsaverroes.juntadeandalucia.es\/ceipcervantesalcala\/wp-json\/wp\/v2\/pages\/4171\/revisions\/4357"}],"wp:attachment":[{"href":"https:\/\/blogsaverroes.juntadeandalucia.es\/ceipcervantesalcala\/wp-json\/wp\/v2\/media?parent=4171"}],"curies":[{"name":"wp","href":"https:\/\/api.w.org\/{rel}","templated":true}]}}