{"id":44,"date":"2015-03-13T08:42:15","date_gmt":"2015-03-13T08:42:15","guid":{"rendered":"http:\/\/blogsaverroes.juntadeandalucia.es\/pre\/ceip\/?page_id=44"},"modified":"2025-09-30T12:57:43","modified_gmt":"2025-09-30T10:57:43","slug":"planes-y-proyectos","status":"publish","type":"page","link":"https:\/\/blogsaverroes.juntadeandalucia.es\/ceipcervantesalcala\/planes-y-proyectos\/","title":{"rendered":"Planes y Programas"},"content":{"rendered":"<p><img loading=\"lazy\" decoding=\"async\" class=\"alignnone size-medium wp-image-1667\" src=\"http:\/\/blogsaverroes.juntadeandalucia.es\/ceipcervantesalcala\/files\/2015\/03\/planes-300x150.png\" alt=\"planes\" width=\"300\" height=\"150\" srcset=\"https:\/\/blogsaverroes.juntadeandalucia.es\/ceipcervantesalcala\/files\/2015\/03\/planes-300x150.png 300w, https:\/\/blogsaverroes.juntadeandalucia.es\/ceipcervantesalcala\/files\/2015\/03\/planes-332x166.png 332w, https:\/\/blogsaverroes.juntadeandalucia.es\/ceipcervantesalcala\/files\/2015\/03\/planes.png 640w\" sizes=\"(max-width: 300px) 100vw, 300px\" \/><\/p>\n<p>Cada centro personaliza y adapta su Proyecto Educativo adhiri\u00e9ndose a diferentes <strong>Planes y Programas<\/strong> promovidos desde la Consejer\u00eda de Educaci\u00f3n, Cultura y Deporte o desde el propio centro.<\/p>\n<p>En este apartado recogemos los diferentes Planes y Programas desarrollados en nuestro centro.<\/p>\n<ul>\n<li><a href=\"https:\/\/www.juntadeandalucia.es\/educacion\/portals\/web\/ced\/plan-apertura\" target=\"_blank\" rel=\"noopener noreferrer\"><strong>Plan de Apertura de Centros (Aula Matinal, Comedor escolar y Actividades extraescolares) <\/strong><\/a>Coord. D. Miguel \u00c1ngel Portillo Guerra<\/li>\n<li><a href=\"https:\/\/www.juntadeandalucia.es\/organismos\/transparencia\/planificacion-evaluacion-estadistica\/planes\/detalle\/167264.html\"><strong>Plan de Igualdad de G\u00e9nero en Andaluc\u00eda.<\/strong><\/a> Coord. D\u00aa M\u00f3nica Mart\u00ednez Prieto<\/li>\n<li><strong>Pacto de estado Prevenci\u00f3n de la Violencia de G\u00e9nero <\/strong>Coord. D\u00aa M\u00f3nica Mart\u00ednez Prieto<\/li>\n<li><strong>Plan de Autoprotecci\u00f3n y P. R. L. <\/strong>Coord. D. Miguel \u00c1ngel Portillo Guerra<\/li>\n<li><strong>Plan de Actuaci\u00f3n Digital (TDE) y Steam 4.0<\/strong> Coord. D. Miguel \u00c1ngel Portillo Guerra<\/li>\n<li><strong>Plan de Convivencia.&nbsp;<\/strong>Coord. D. Miguel \u00c1ngel Portillo Guerra<\/li>\n<li><strong>PCC (Proyecto de Competencia Comunicativa) <\/strong>Coord. D. Andr\u00e9s N. Zambrana S\u00e1nchez y D\u00aa Pilar Blanco Molina<strong><br \/>\n<\/strong><\/li>\n<li><strong>Patios Din\u00e1micos e inclusivos.&nbsp;<\/strong>Coord. D. Jes\u00fas L\u00f3pez Torres<\/li>\n<li><strong>Desayunos saludables con frutas y Huerto escolar.<\/strong> Coord. D. Miguel A. Portillo Guerra<\/li>\n<li><strong>Plan de Bibliotecas escolares.<\/strong> D\u00aa. Rosa Jim\u00e9nez Pe\u00f1alva<\/li>\n<li><strong>Programa de Bienestar y Protecci\u00f3n de la Infancia.<\/strong> Coord. D. M\u00f3nica Mart\u00ednez Prieto<\/li>\n<\/ul>\n<p>&nbsp;<\/p>\n","protected":false},"excerpt":{"rendered":"<p>Cada centro personaliza y adapta su Proyecto Educativo adhiri\u00e9ndose a diferentes Planes y Programas promovidos desde la Consejer\u00eda de Educaci\u00f3n, Cultura y Deporte o desde el propio centro. En este apartado recogemos los diferentes&#46;&#46;&#46;<\/p>\n","protected":false},"author":1,"featured_media":0,"parent":0,"menu_order":0,"comment_status":"closed","ping_status":"closed","template":"","meta":{"ngg_post_thumbnail":0,"footnotes":"","_mc_calendar":[]},"aioseo_notices":[],"_links":{"self":[{"href":"https:\/\/blogsaverroes.juntadeandalucia.es\/ceipcervantesalcala\/wp-json\/wp\/v2\/pages\/44"}],"collection":[{"href":"https:\/\/blogsaverroes.juntadeandalucia.es\/ceipcervantesalcala\/wp-json\/wp\/v2\/pages"}],"about":[{"href":"https:\/\/blogsaverroes.juntadeandalucia.es\/ceipcervantesalcala\/wp-json\/wp\/v2\/types\/page"}],"author":[{"embeddable":true,"href":"https:\/\/blogsaverroes.juntadeandalucia.es\/ceipcervantesalcala\/wp-json\/wp\/v2\/users\/1"}],"replies":[{"embeddable":true,"href":"https:\/\/blogsaverroes.juntadeandalucia.es\/ceipcervantesalcala\/wp-json\/wp\/v2\/comments?post=44"}],"version-history":[{"count":17,"href":"https:\/\/blogsaverroes.juntadeandalucia.es\/ceipcervantesalcala\/wp-json\/wp\/v2\/pages\/44\/revisions"}],"predecessor-version":[{"id":7499,"href":"https:\/\/blogsaverroes.juntadeandalucia.es\/ceipcervantesalcala\/wp-json\/wp\/v2\/pages\/44\/revisions\/7499"}],"wp:attachment":[{"href":"https:\/\/blogsaverroes.juntadeandalucia.es\/ceipcervantesalcala\/wp-json\/wp\/v2\/media?parent=44"}],"curies":[{"name":"wp","href":"https:\/\/api.w.org\/{rel}","templated":true}]}}