{"id":49,"date":"2015-03-13T08:47:05","date_gmt":"2015-03-13T08:47:05","guid":{"rendered":"http:\/\/blogsaverroes.juntadeandalucia.es\/pre\/ceip\/?page_id=49"},"modified":"2025-12-15T15:11:58","modified_gmt":"2025-12-15T13:11:58","slug":"proyecto-educativo","status":"publish","type":"page","link":"https:\/\/blogsaverroes.juntadeandalucia.es\/ceipcervantesalcala\/proyecto-educativo\/","title":{"rendered":"Plan de Centro 25\/26"},"content":{"rendered":"<p style=\"text-align: center\">Picar en la Imagen para acceder al Plan de Centro<br \/>\n<a href=\"https:\/\/drive.google.com\/file\/d\/1gMWJ9I-J9OVceM54o40E9PgfOAmttjk_\/view?usp=sharing\" target=\"_blank\" rel=\"noopener\"><img loading=\"lazy\" decoding=\"async\" class=\"aligncenter wp-image-6257 size-full\" src=\"https:\/\/blogsaverroes.juntadeandalucia.es\/ceipcervantesalcala\/files\/2024\/04\/plan.png\" alt=\"\" width=\"405\" height=\"340\" srcset=\"https:\/\/blogsaverroes.juntadeandalucia.es\/ceipcervantesalcala\/files\/2024\/04\/plan.png 405w, https:\/\/blogsaverroes.juntadeandalucia.es\/ceipcervantesalcala\/files\/2024\/04\/plan-300x252.png 300w\" sizes=\"(max-width: 405px) 100vw, 405px\" \/><\/a><\/p>\n<p>El Plan de Centro es un documento aprobado anualmente por el Consejo Escolar y est\u00e1 compuesto de tres importantes elementos:<\/p>\n<ul>\n<li>E<b>l <\/b><span class=\"ILfuVd\" lang=\"es\"><span class=\"hgKElc\"><b>Proyecto E<span role=\"tooltip\"><span class=\"c5aZPb\" role=\"button\" data-enable-toggle-animation=\"true\" data-extra-container-classes=\"ZLo7Eb\" data-hover-hide-delay=\"1000\" data-hover-open-delay=\"500\" data-send-open-event=\"true\" data-theme=\"0\" data-width=\"250\" data-ved=\"2ahUKEwj2lZ6rpNeCAxUT7qQKHSFzA9gQmpgGegQIFhAD\"><span class=\"JPfdse\" data-bubble-link=\"\" data-segment-text=\"educativo\">ducativo de Centro (PEC)<\/span><\/span><\/span>,<\/b><\/span><\/span><\/li>\n<li><span class=\"ILfuVd\" lang=\"es\"><span class=\"hgKElc\"><b>el Reglamento de Organizaci\u00f3n y Funcionamiento (ROF) <\/b><\/span><\/span><\/li>\n<li><span class=\"ILfuVd\" lang=\"es\"><span class=\"hgKElc\"><b>y el Proyecto de Gesti\u00f3n<\/b>.<\/span><\/span><\/li>\n<\/ul>\n<p>Un centro se define en gran medida por su <strong>Proyecto Educativo de Centro (PEC)<\/strong>. En \u00e9l se plasma el modelo educativo y la concreci\u00f3n de la normativa que un centro realiza respecto a las ense\u00f1anzas que imparte. Aspectos tales como las finales educativas, objetivos, atenci\u00f3n a la diversidad, etc.<\/p>\n<p><strong> El<\/strong> <span class=\"ILfuVd\" lang=\"es\"><span class=\"hgKElc\">Reglamento de Organizaci\u00f3n y Funcionamiento<b> (ROF), es el <\/b><\/span><\/span>instrumento que debe facilitar la consecuci\u00f3n del clima organizativo y funcional adecuado para alcanzar los objetivos que el centro se haya propuesto y permitan mantener un ambiente de respeto, confianza y colaboraci\u00f3n entre todos los sectores de la comunidad educativa.<\/p>\n<p>Por \u00faltimo, y no menos importante por ello, tenemos el <span class=\"ILfuVd\" lang=\"es\"><span class=\"hgKElc\"><strong>Proyecto de Gesti\u00f3n<\/strong>, como documento que es el instrumento que debe establecer los criterios a seguir en las decisiones relativas a la <b>gesti\u00f3n<\/b> de los recursos humanos, materiales y econ\u00f3micos del <b>Centro<\/b>, favoreciendo el uso responsable de los mismos.<\/span><\/span><\/p>\n<p>El PAD,o Plan de Actuaci\u00f3n Digital es un documento anexo en el que se establecen las iniciativas a llevar a cabo para el desarrollo de la&nbsp; Competencia Digital de toda la comunidad Educativa.&nbsp;<\/p>\n<p>&nbsp;<\/p>\n<p>&nbsp;<\/p>\n<p>&nbsp;<\/p>\n<p>&nbsp;<\/p>\n","protected":false},"excerpt":{"rendered":"<p>Picar en la Imagen para acceder al Plan de Centro El Plan de Centro es un documento aprobado anualmente por el Consejo Escolar y est\u00e1 compuesto de tres importantes elementos: El Proyecto Educativo de&#46;&#46;&#46;<\/p>\n","protected":false},"author":1,"featured_media":0,"parent":0,"menu_order":0,"comment_status":"closed","ping_status":"open","template":"","meta":{"ngg_post_thumbnail":0,"footnotes":"","_mc_calendar":[]},"aioseo_notices":[],"_links":{"self":[{"href":"https:\/\/blogsaverroes.juntadeandalucia.es\/ceipcervantesalcala\/wp-json\/wp\/v2\/pages\/49"}],"collection":[{"href":"https:\/\/blogsaverroes.juntadeandalucia.es\/ceipcervantesalcala\/wp-json\/wp\/v2\/pages"}],"about":[{"href":"https:\/\/blogsaverroes.juntadeandalucia.es\/ceipcervantesalcala\/wp-json\/wp\/v2\/types\/page"}],"author":[{"embeddable":true,"href":"https:\/\/blogsaverroes.juntadeandalucia.es\/ceipcervantesalcala\/wp-json\/wp\/v2\/users\/1"}],"replies":[{"embeddable":true,"href":"https:\/\/blogsaverroes.juntadeandalucia.es\/ceipcervantesalcala\/wp-json\/wp\/v2\/comments?post=49"}],"version-history":[{"count":26,"href":"https:\/\/blogsaverroes.juntadeandalucia.es\/ceipcervantesalcala\/wp-json\/wp\/v2\/pages\/49\/revisions"}],"predecessor-version":[{"id":7624,"href":"https:\/\/blogsaverroes.juntadeandalucia.es\/ceipcervantesalcala\/wp-json\/wp\/v2\/pages\/49\/revisions\/7624"}],"wp:attachment":[{"href":"https:\/\/blogsaverroes.juntadeandalucia.es\/ceipcervantesalcala\/wp-json\/wp\/v2\/media?parent=49"}],"curies":[{"name":"wp","href":"https:\/\/api.w.org\/{rel}","templated":true}]}}