{"id":6540,"date":"2024-08-31T15:36:35","date_gmt":"2024-08-31T13:36:35","guid":{"rendered":"https:\/\/blogsaverroes.juntadeandalucia.es\/ceipcervantesalcala\/?page_id=6540"},"modified":"2024-08-31T15:43:57","modified_gmt":"2024-08-31T13:43:57","slug":"primer-trimestre","status":"publish","type":"page","link":"https:\/\/blogsaverroes.juntadeandalucia.es\/ceipcervantesalcala\/primer-trimestre\/","title":{"rendered":"Primer Trimestre"},"content":{"rendered":"<h4><b>Trabajos del Proyecto de Competencia Comunicativa del 1\u00ba Trimestre curso 2023\/24 (P.C.C.)<\/b><\/h4>\n<p>Aqu\u00ed os dejamos una muestra de los libros elaborados con los trabajos del primer trimestre del presente curso 23\/24.<\/p>\n<p><strong>PRIMER CICLO DE ED. PRIMARIA<\/strong><\/p>\n<p><a href=\"https:\/\/flipbookpdf.net\/web\/site\/31866da472f5182319f9636f7d8078028cf34395202401.pdf.html\">Trabajos del primer ciclo de Ed. Primaria primer trimestre curso 23\/24<\/a><\/p>\n<p><strong>SEGUNDO CICLO DE ED. PRIMARIA<\/strong><\/p>\n<p><a href=\"https:\/\/flipbookpdf.net\/web\/site\/360fe22e622adf59e961b5d171226c9861094572202401.pdf.html\">Trabajos del segundo ciclo de Ed. Primaria primer trimestre curso 23\/24<\/a><\/p>\n<p><strong>TERCER<\/strong> <strong>CICLO DE ED. PRIMARIA<\/strong><\/p>\n<p><a href=\"https:\/\/flipbookpdf.net\/web\/site\/52598b52e50571e86985724605ff5c5d8a531cde202401.pdf.html\">Trabajos del segundo ciclo de Ed. Primaria primer trimestre del curso 23\/24<\/a><\/p>\n<p>&nbsp;<\/p>\n<p>Si copias las URLs que encontrar\u00e1s m\u00e1s abajo en la barra de direcciones de tu navegador, podr\u00e1s ver algunas <strong>im\u00e1genes de las exposiciones de sus trabajos<\/strong> que algunos alumnos\/as hicieron a sus compa\u00f1eros\/as<\/p>\n<p>&nbsp;<\/p>\n<p>https:\/\/drive.google.com\/file\/d\/10CDAxdBijfvX_laNc6vOIYP82aeilyzr\/view?usp=sharing,&nbsp;<\/p>\n<p>https:\/\/drive.google.com\/file\/d\/183iR3cpS_oKyirL42qPs_v3hgU8-vr9t\/view?usp=sharing,<\/p>\n<p>https:\/\/drive.google.com\/file\/d\/19ApkRdCDmHQcyZfT5u4qSoWI6XUPt2rc\/view?usp=sharing,<\/p>\n<p>https:\/\/drive.google.com\/file\/d\/1CMDfdvuefmcGMSmTmQVhPfiNgOXkjVZN\/view?usp=sharing,<\/p>\n<p>https:\/\/drive.google.com\/file\/d\/1IbDNy7Fjgrk4aRxMf9bWWtnvHg0gP5cL\/view?usp=sharing,<\/p>\n<p>https:\/\/drive.google.com\/file\/d\/1KBjAdElCN1tiBcN8BORNxqqH8Gqz_XGc\/view?usp=sharing,<\/p>\n<p>https:\/\/drive.google.com\/file\/d\/1LeaCx30mlcG1iuLj9bmapa_riXCasRX7\/view?usp=sharing,<\/p>\n<p>https:\/\/drive.google.com\/file\/d\/1NDq_KWFQ3I3RJtWil0YGSELnSq96fPvm\/view?usp=sharing,<\/p>\n<p>https:\/\/drive.google.com\/file\/d\/1OrPNlo93CKXf1-o3egoeeCa_mYpk-YA2\/view?usp=sharing,<\/p>\n<p>https:\/\/drive.google.com\/file\/d\/1TlGS3ZpBNEpUn1uDyluZUp5ZLcGNTnY5\/view?usp=sharing,<\/p>\n<p>https:\/\/drive.google.com\/file\/d\/1UXv0uwNKo6OFMcatOV19ES9IbOOlUk3g\/view?usp=sharing,<\/p>\n<p>https:\/\/drive.google.com\/file\/d\/1YEl1koKJLyu7nr\u2013F583YqfUmoHhM3HI\/view?usp=sharing,<\/p>\n<p>https:\/\/drive.google.com\/file\/d\/1bNEHBr-6a1fPtvbm3KU0wSMy7OwP-ik0\/view?usp=sharing,<\/p>\n<p>https:\/\/drive.google.com\/file\/d\/1c0YFdy1S4CoE6z_vql7jwRAxItkfzCin\/view?usp=sharing,<\/p>\n<p>https:\/\/drive.google.com\/file\/d\/1fIZ4-r5-o0lnzpWQ6pUSTuSdz6xyA3nE\/view?usp=sharing,<\/p>\n<p>https:\/\/drive.google.com\/file\/d\/1kFeDcaiSYDu8Gtbo3uRqkJC2jr9tH8Xp\/view?usp=sharing,<\/p>\n<p>https:\/\/drive.google.com\/file\/d\/1mltJ2KqajPDlQTqtCfCqHnrRHAFm6tU8\/view?usp=sharing,<\/p>\n<p>https:\/\/drive.google.com\/file\/d\/1uPWUK1mKR1D5m0teqm-6f-tQxvC5qeVw\/view?usp=sharing,<\/p>\n<p>https:\/\/drive.google.com\/file\/d\/1ubUwptI3N9AypgwuQNZNVdo1D9GN6A7r\/view?usp=sharing<\/p>\n","protected":false},"excerpt":{"rendered":"<p>Trabajos del Proyecto de Competencia Comunicativa del 1\u00ba Trimestre curso 2023\/24 (P.C.C.) Aqu\u00ed os dejamos una muestra de los libros elaborados con los trabajos del primer trimestre del presente curso 23\/24. PRIMER CICLO DE&#46;&#46;&#46;<\/p>\n","protected":false},"author":3504,"featured_media":0,"parent":0,"menu_order":0,"comment_status":"closed","ping_status":"closed","template":"","meta":{"ngg_post_thumbnail":0,"footnotes":"","_mc_calendar":[]},"aioseo_notices":[],"_links":{"self":[{"href":"https:\/\/blogsaverroes.juntadeandalucia.es\/ceipcervantesalcala\/wp-json\/wp\/v2\/pages\/6540"}],"collection":[{"href":"https:\/\/blogsaverroes.juntadeandalucia.es\/ceipcervantesalcala\/wp-json\/wp\/v2\/pages"}],"about":[{"href":"https:\/\/blogsaverroes.juntadeandalucia.es\/ceipcervantesalcala\/wp-json\/wp\/v2\/types\/page"}],"author":[{"embeddable":true,"href":"https:\/\/blogsaverroes.juntadeandalucia.es\/ceipcervantesalcala\/wp-json\/wp\/v2\/users\/3504"}],"replies":[{"embeddable":true,"href":"https:\/\/blogsaverroes.juntadeandalucia.es\/ceipcervantesalcala\/wp-json\/wp\/v2\/comments?post=6540"}],"version-history":[{"count":5,"href":"https:\/\/blogsaverroes.juntadeandalucia.es\/ceipcervantesalcala\/wp-json\/wp\/v2\/pages\/6540\/revisions"}],"predecessor-version":[{"id":6560,"href":"https:\/\/blogsaverroes.juntadeandalucia.es\/ceipcervantesalcala\/wp-json\/wp\/v2\/pages\/6540\/revisions\/6560"}],"wp:attachment":[{"href":"https:\/\/blogsaverroes.juntadeandalucia.es\/ceipcervantesalcala\/wp-json\/wp\/v2\/media?parent=6540"}],"curies":[{"name":"wp","href":"https:\/\/api.w.org\/{rel}","templated":true}]}}