{"id":6941,"date":"2025-02-19T10:50:57","date_gmt":"2025-02-19T08:50:57","guid":{"rendered":"https:\/\/blogsaverroes.juntadeandalucia.es\/ceipcervantesalcala\/?page_id=6941"},"modified":"2025-02-19T11:12:40","modified_gmt":"2025-02-19T09:12:40","slug":"secretaria-virtual","status":"publish","type":"page","link":"https:\/\/blogsaverroes.juntadeandalucia.es\/ceipcervantesalcala\/secretaria-virtual\/","title":{"rendered":"Secretar\u00eda Virtual"},"content":{"rendered":"<h4>&nbsp;<\/h4>\n<h4><a href=\"https:\/\/www.youtube.com\/watch?v=BG9pVAlp2lk\" target=\"_blank\" rel=\"noopener\">Solicitud de clave IANDE y acceso a la Secretar\u00eda Virtual (para tr\u00e1mites como solicitud de admisi\u00f3n o matriculaci\u00f3n)<\/a><\/h4>\n<h4><a href=\"https:\/\/www.youtube.com\/watch?v=6qnpRCkgJxQ\" target=\"_blank\" rel=\"noopener\">Presentaci\u00f3n electr\u00f3nica de tr\u00e1mites generales en centros educativos<\/a><\/h4>\n<h4><a href=\"https:\/\/www.youtube.com\/watch?v=0gkPSOMvkFU\" target=\"_blank\" rel=\"noopener\">Solicitud de Bonificaci\u00f3n para los servicios del Plan de Apertura de Centros (Aula Matinal, comedor escolar y actividades extraescolares)<\/a><\/h4>\n","protected":false},"excerpt":{"rendered":"<p>&nbsp; Solicitud de clave IANDE y acceso a la Secretar\u00eda Virtual (para tr\u00e1mites como solicitud de admisi\u00f3n o matriculaci\u00f3n) Presentaci\u00f3n electr\u00f3nica de tr\u00e1mites generales en centros educativos Solicitud de Bonificaci\u00f3n para los servicios del&#46;&#46;&#46;<\/p>\n","protected":false},"author":3504,"featured_media":0,"parent":0,"menu_order":0,"comment_status":"closed","ping_status":"closed","template":"","meta":{"ngg_post_thumbnail":0,"footnotes":"","_mc_calendar":[]},"aioseo_notices":[],"_links":{"self":[{"href":"https:\/\/blogsaverroes.juntadeandalucia.es\/ceipcervantesalcala\/wp-json\/wp\/v2\/pages\/6941"}],"collection":[{"href":"https:\/\/blogsaverroes.juntadeandalucia.es\/ceipcervantesalcala\/wp-json\/wp\/v2\/pages"}],"about":[{"href":"https:\/\/blogsaverroes.juntadeandalucia.es\/ceipcervantesalcala\/wp-json\/wp\/v2\/types\/page"}],"author":[{"embeddable":true,"href":"https:\/\/blogsaverroes.juntadeandalucia.es\/ceipcervantesalcala\/wp-json\/wp\/v2\/users\/3504"}],"replies":[{"embeddable":true,"href":"https:\/\/blogsaverroes.juntadeandalucia.es\/ceipcervantesalcala\/wp-json\/wp\/v2\/comments?post=6941"}],"version-history":[{"count":3,"href":"https:\/\/blogsaverroes.juntadeandalucia.es\/ceipcervantesalcala\/wp-json\/wp\/v2\/pages\/6941\/revisions"}],"predecessor-version":[{"id":6948,"href":"https:\/\/blogsaverroes.juntadeandalucia.es\/ceipcervantesalcala\/wp-json\/wp\/v2\/pages\/6941\/revisions\/6948"}],"wp:attachment":[{"href":"https:\/\/blogsaverroes.juntadeandalucia.es\/ceipcervantesalcala\/wp-json\/wp\/v2\/media?parent=6941"}],"curies":[{"name":"wp","href":"https:\/\/api.w.org\/{rel}","templated":true}]}}