{"id":869,"date":"2015-03-16T07:03:52","date_gmt":"2015-03-16T07:03:52","guid":{"rendered":"http:\/\/blogsaverroes.juntadeandalucia.es\/pre\/ceip\/?page_id=84"},"modified":"2025-11-07T13:46:17","modified_gmt":"2025-11-07T11:46:17","slug":"calendario-escolar","status":"publish","type":"page","link":"https:\/\/blogsaverroes.juntadeandalucia.es\/ceipcervantesalcala\/calendario-escolar\/","title":{"rendered":"Calendario Escolar"},"content":{"rendered":"<p style=\"text-align: center\">Calendario Escolar Sevilla 2025_2026<\/p>\n<h6 class=\"titulo\"><a href=\"https:\/\/drive.google.com\/file\/d\/1AKjzMnGK8vpgq71LptKsJ6BjgsgjKRmH\/view?usp=sharing\" target=\"_blank\" rel=\"noopener\">RESOLUCI\u00d3N DE LA DELEGACI\u00d3N TERRITORIAL DE LA CONSEJER\u00cdA DE EDUCACI\u00d3N Y DEPORTE EN SEVILLA, POR LA QUE SE APRUEBAN EL CALENDARIO Y LA JORNADA ESCOLAR EN LOS CENTROS DOCENTES NO UNIVERSITARIOS PARA EL CURSO ACAD\u00c9MICO 2025\/2026.<\/a><\/h6>\n<p>&nbsp;<\/p>\n<p><a href=\"https:\/\/blogsaverroes.juntadeandalucia.es\/ceipcervantesalcala\/files\/2025\/07\/CALENDARIO-25_26F_page-0001.jpg\"><img loading=\"lazy\" decoding=\"async\" class=\"aligncenter size-large wp-image-7362\" src=\"https:\/\/blogsaverroes.juntadeandalucia.es\/ceipcervantesalcala\/files\/2025\/07\/CALENDARIO-25_26F_page-0001-724x1024.jpg\" alt=\"\" width=\"724\" height=\"1024\" srcset=\"https:\/\/blogsaverroes.juntadeandalucia.es\/ceipcervantesalcala\/files\/2025\/07\/CALENDARIO-25_26F_page-0001-724x1024.jpg 724w, https:\/\/blogsaverroes.juntadeandalucia.es\/ceipcervantesalcala\/files\/2025\/07\/CALENDARIO-25_26F_page-0001-212x300.jpg 212w, https:\/\/blogsaverroes.juntadeandalucia.es\/ceipcervantesalcala\/files\/2025\/07\/CALENDARIO-25_26F_page-0001-768x1087.jpg 768w, https:\/\/blogsaverroes.juntadeandalucia.es\/ceipcervantesalcala\/files\/2025\/07\/CALENDARIO-25_26F_page-0001-1086x1536.jpg 1086w, https:\/\/blogsaverroes.juntadeandalucia.es\/ceipcervantesalcala\/files\/2025\/07\/CALENDARIO-25_26F_page-0001-1447x2048.jpg 1447w, https:\/\/blogsaverroes.juntadeandalucia.es\/ceipcervantesalcala\/files\/2025\/07\/CALENDARIO-25_26F_page-0001.jpg 1131w\" sizes=\"(max-width: 724px) 100vw, 724px\" \/><\/a><\/p>\n<p style=\"text-align: left\"><strong>Son fiestas locales:<\/strong><\/p>\n<ul>\n<li>D\u00eda 21 de septiembre de 2025: D\u00eda de San Mateo, que se pasa al<strong> 22 de septiembre <\/strong>como NO LECTIVO<\/li>\n<li><strong>5 de junio de 2026<\/strong> : Viernes de Feria de Alcal\u00e1<\/li>\n<\/ul>\n<p style=\"text-align: left\"><strong>De acuerdo con el art\u00edculo 11.6 del Decreto 301\/2009, el Consejo Escolar Municipal&nbsp; establecer\u00e1 los dos d\u00edas d\u00edas de libre disposici\u00f3n (sin clases). Estos d\u00edas son:<\/strong><\/p>\n<ul>\n<li><strong>jueves 4 de junio de 2026<\/strong> (jueves de feria de Alcal\u00e1).<\/li>\n<li><strong>lunes 2 de marzo de 2026<\/strong><\/li>\n<\/ul>\n<p>&nbsp;<\/p>\n<p>En el siguiente enlace a la web de la Delegaci\u00f3n Territorial se puede consultar el calendario escolar por centros y localidades:<\/p>\n<p style=\"text-align: center\"><a href=\"https:\/\/www.juntadeandalucia.es\/educacion\/secretariavirtual\/consulta\/calendario-escolar\/provincia\/41\/\" target=\"_blank\" rel=\"noopener\">CALENDARIO POR CENTROS Y LOCALIDADES<\/a><\/p>\n<p>&nbsp;<\/p>\n<p style=\"text-align: center\">&nbsp;<\/p>\n<p style=\"text-align: center\">&nbsp;<\/p>\n","protected":false},"excerpt":{"rendered":"<p>Calendario Escolar Sevilla 2025_2026 RESOLUCI\u00d3N DE LA DELEGACI\u00d3N TERRITORIAL DE LA CONSEJER\u00cdA DE EDUCACI\u00d3N Y DEPORTE EN SEVILLA, POR LA QUE SE APRUEBAN EL CALENDARIO Y LA JORNADA ESCOLAR EN LOS CENTROS DOCENTES NO&#46;&#46;&#46;<\/p>\n","protected":false},"author":1,"featured_media":0,"parent":0,"menu_order":0,"comment_status":"closed","ping_status":"open","template":"","meta":{"ngg_post_thumbnail":0,"footnotes":"","_mc_calendar":{"weekends":"true","shortcode":"[my_calendar weekends=&quot;true&quot;]","append":""}},"aioseo_notices":[],"_links":{"self":[{"href":"https:\/\/blogsaverroes.juntadeandalucia.es\/ceipcervantesalcala\/wp-json\/wp\/v2\/pages\/869"}],"collection":[{"href":"https:\/\/blogsaverroes.juntadeandalucia.es\/ceipcervantesalcala\/wp-json\/wp\/v2\/pages"}],"about":[{"href":"https:\/\/blogsaverroes.juntadeandalucia.es\/ceipcervantesalcala\/wp-json\/wp\/v2\/types\/page"}],"author":[{"embeddable":true,"href":"https:\/\/blogsaverroes.juntadeandalucia.es\/ceipcervantesalcala\/wp-json\/wp\/v2\/users\/1"}],"replies":[{"embeddable":true,"href":"https:\/\/blogsaverroes.juntadeandalucia.es\/ceipcervantesalcala\/wp-json\/wp\/v2\/comments?post=869"}],"version-history":[{"count":42,"href":"https:\/\/blogsaverroes.juntadeandalucia.es\/ceipcervantesalcala\/wp-json\/wp\/v2\/pages\/869\/revisions"}],"predecessor-version":[{"id":7577,"href":"https:\/\/blogsaverroes.juntadeandalucia.es\/ceipcervantesalcala\/wp-json\/wp\/v2\/pages\/869\/revisions\/7577"}],"wp:attachment":[{"href":"https:\/\/blogsaverroes.juntadeandalucia.es\/ceipcervantesalcala\/wp-json\/wp\/v2\/media?parent=869"}],"curies":[{"name":"wp","href":"https:\/\/api.w.org\/{rel}","templated":true}]}}