{"id":42,"date":"2015-03-13T08:40:47","date_gmt":"2015-03-13T08:40:47","guid":{"rendered":"http:\/\/blogsaverroes.juntadeandalucia.es\/pre\/ceip\/?page_id=42"},"modified":"2025-08-27T08:06:21","modified_gmt":"2025-08-27T08:06:21","slug":"equipo-directivo","status":"publish","type":"page","link":"https:\/\/blogsaverroes.juntadeandalucia.es\/ceipcervantesalhama\/equipo-directivo\/","title":{"rendered":"Equipo directivo"},"content":{"rendered":"<p>El Equipo Directivo del CEIP Cervantes de Alhama de Granada est\u00e1 compuesto por<\/p>\n<p>&nbsp;<\/p>\n<p style=\"text-align: center\"><strong>Direcci\u00f3n: Daniel Moreno Ruiz<\/strong><\/p>\n<p style=\"text-align: center\"><strong>Jefatura de Estudios: Lidia Castro Negro<\/strong><\/p>\n<p style=\"text-align: center\"><strong>Secretar\u00eda: Nicol\u00e1s Ortiz Cabello<\/strong><\/p>\n<figure id=\"attachment_2222\" aria-describedby=\"caption-attachment-2222\" style=\"width: 294px\" class=\"wp-caption aligncenter\"><img fetchpriority=\"high\" decoding=\"async\" class=\" wp-image-2222\" src=\"http:\/\/blogsaverroes.juntadeandalucia.es\/ceipcervantesalhama\/files\/2015\/03\/organigrama2-300x232.gif\" alt=\"organigrama\" width=\"294\" height=\"227\"><figcaption id=\"caption-attachment-2222\" class=\"wp-caption-text\">ORGANIGRAMA DEL CENTRO<\/figcaption><\/figure>\n","protected":false},"excerpt":{"rendered":"<p>El Equipo Directivo del CEIP Cervantes de Alhama de Granada est\u00e1 compuesto por &nbsp; Direcci\u00f3n: Daniel Moreno Ruiz Jefatura de Estudios: Lidia Castro Negro Secretar\u00eda:&hellip;<\/p>\n","protected":false},"author":1,"featured_media":0,"parent":0,"menu_order":0,"comment_status":"closed","ping_status":"open","template":"","meta":{"ngg_post_thumbnail":0,"footnotes":"","_mc_calendar":[]},"aioseo_notices":[],"_links":{"self":[{"href":"https:\/\/blogsaverroes.juntadeandalucia.es\/ceipcervantesalhama\/wp-json\/wp\/v2\/pages\/42"}],"collection":[{"href":"https:\/\/blogsaverroes.juntadeandalucia.es\/ceipcervantesalhama\/wp-json\/wp\/v2\/pages"}],"about":[{"href":"https:\/\/blogsaverroes.juntadeandalucia.es\/ceipcervantesalhama\/wp-json\/wp\/v2\/types\/page"}],"author":[{"embeddable":true,"href":"https:\/\/blogsaverroes.juntadeandalucia.es\/ceipcervantesalhama\/wp-json\/wp\/v2\/users\/1"}],"replies":[{"embeddable":true,"href":"https:\/\/blogsaverroes.juntadeandalucia.es\/ceipcervantesalhama\/wp-json\/wp\/v2\/comments?post=42"}],"version-history":[{"count":8,"href":"https:\/\/blogsaverroes.juntadeandalucia.es\/ceipcervantesalhama\/wp-json\/wp\/v2\/pages\/42\/revisions"}],"predecessor-version":[{"id":10520,"href":"https:\/\/blogsaverroes.juntadeandalucia.es\/ceipcervantesalhama\/wp-json\/wp\/v2\/pages\/42\/revisions\/10520"}],"wp:attachment":[{"href":"https:\/\/blogsaverroes.juntadeandalucia.es\/ceipcervantesalhama\/wp-json\/wp\/v2\/media?parent=42"}],"curies":[{"name":"wp","href":"https:\/\/api.w.org\/{rel}","templated":true}]}}