{"id":2315,"date":"2020-12-09T10:21:41","date_gmt":"2020-12-09T10:21:41","guid":{"rendered":"https:\/\/blogsaverroes.juntadeandalucia.es\/ceipcesarbarrios\/?page_id=2315"},"modified":"2020-12-14T16:57:23","modified_gmt":"2020-12-14T16:57:23","slug":"carta-de-bienvenida","status":"publish","type":"page","link":"https:\/\/blogsaverroes.juntadeandalucia.es\/ceipcesarbarrios\/carta-de-bienvenida\/","title":{"rendered":"Carta de bienvenida"},"content":{"rendered":"<p style=\"text-align: justify\">La Educaci\u00f3n es el pilar fundamental para formar ciudadanos con valores acordes a lo que se espera de una sociedad democr\u00e1tica y solidaria adaptada a nuestro tiempo.<\/p>\n<p>Desde el CEIP C\u00e9sar Barrios, trabajamos cada ma\u00f1ana aportando nuestro granito de arena para que nuestro alumnado adquiera dichos valores y se labren un futuro de provecho.<\/p>\n<p>Nos encontramos en un Centro de Educaci\u00f3n Compensatoria, con un contexto multicultural que enriquece a\u00fan m\u00e1s nuestra labor como docentes y con el motivador reto de paliar, en la medida de lo posible, las dificultades que nos encontremos en nuestro d\u00eda a d\u00eda.<\/p>\n<p>El Equipo Directivo trabaja conjuntamente con las instituciones para abrir el centro al exterior y as\u00ed aprovechar al m\u00e1ximo los recursos disponibles para complementar nuestra labor docente.<\/p>\n<p>Contamos con un Claustro de profesores que ama su profesi\u00f3n y da lo mejor de cada uno, trabajando de forma conjunta en un clima afectivo-emocional que propicia seguir mejorando cada jornada laboral.<\/p>\n<p>Si adem\u00e1s le sumamos la incondicional labor del AMPA, junta de Delegados\/as de clase y en definitiva la aportaci\u00f3n de toda la Comunidad educativa, nos&nbsp; encontramos con un centro vivo, dispuesto a mejorar y siempre buscando el fin \u00faltimo que no es otro que trabajar por y para nuestro alumnado.<\/p>\n<p>Este Centro os abre sus puertas para que trabaj\u00e9is codo con codo con nosotros y conjuntamente logremos hacer de nuestros ni\u00f1os y ni\u00f1as, unos j\u00f3venes formados y preparados para lo que el futuro les depare.<\/p>\n<p><em>Un cordial saludo.<\/em><\/p>\n<p><em>Joaqu\u00edn Hern\u00e1ndez Acosta<\/em><\/p>\n<p><strong>Director del CEIP C\u00c9SAR BARRIOS (LEPE)<\/strong><\/p>\n<p>&nbsp;<\/p>\n<p><a href=\"https:\/\/blogsaverroes.juntadeandalucia.es\/ceipcesarbarrios\/files\/2020\/12\/Taller-Henna.jpg\"><img loading=\"lazy\" decoding=\"async\" class=\"size-medium wp-image-2939 aligncenter\" src=\"https:\/\/blogsaverroes.juntadeandalucia.es\/ceipcesarbarrios\/files\/2020\/12\/Taller-Henna-225x300.jpg\" alt=\"\" width=\"225\" height=\"300\" srcset=\"https:\/\/blogsaverroes.juntadeandalucia.es\/ceipcesarbarrios\/files\/2020\/12\/Taller-Henna-225x300.jpg 225w, https:\/\/blogsaverroes.juntadeandalucia.es\/ceipcesarbarrios\/files\/2020\/12\/Taller-Henna-768x1024.jpg 768w, https:\/\/blogsaverroes.juntadeandalucia.es\/ceipcesarbarrios\/files\/2020\/12\/Taller-Henna-1152x1536.jpg 1152w, https:\/\/blogsaverroes.juntadeandalucia.es\/ceipcesarbarrios\/files\/2020\/12\/Taller-Henna-18x24.jpg 18w, https:\/\/blogsaverroes.juntadeandalucia.es\/ceipcesarbarrios\/files\/2020\/12\/Taller-Henna-27x36.jpg 27w, https:\/\/blogsaverroes.juntadeandalucia.es\/ceipcesarbarrios\/files\/2020\/12\/Taller-Henna-36x48.jpg 36w, https:\/\/blogsaverroes.juntadeandalucia.es\/ceipcesarbarrios\/files\/2020\/12\/Taller-Henna.jpg 1200w\" sizes=\"(max-width: 225px) 100vw, 225px\" \/><\/a><\/p>\n<p>&nbsp;<\/p>\n","protected":false},"excerpt":{"rendered":"<p>La Educaci\u00f3n es el pilar fundamental para formar ciudadanos con valores acordes a lo que se espera de una sociedad democr\u00e1tica y solidaria adaptada a nuestro tiempo. Desde el CEIP C\u00e9sar Barrios, trabajamos cada&#46;&#46;&#46;<\/p>\n","protected":false},"author":11723,"featured_media":0,"parent":0,"menu_order":0,"comment_status":"closed","ping_status":"closed","template":"","meta":{"ngg_post_thumbnail":0,"footnotes":"","_mc_calendar":[]},"aioseo_notices":[],"_links":{"self":[{"href":"https:\/\/blogsaverroes.juntadeandalucia.es\/ceipcesarbarrios\/wp-json\/wp\/v2\/pages\/2315"}],"collection":[{"href":"https:\/\/blogsaverroes.juntadeandalucia.es\/ceipcesarbarrios\/wp-json\/wp\/v2\/pages"}],"about":[{"href":"https:\/\/blogsaverroes.juntadeandalucia.es\/ceipcesarbarrios\/wp-json\/wp\/v2\/types\/page"}],"author":[{"embeddable":true,"href":"https:\/\/blogsaverroes.juntadeandalucia.es\/ceipcesarbarrios\/wp-json\/wp\/v2\/users\/11723"}],"replies":[{"embeddable":true,"href":"https:\/\/blogsaverroes.juntadeandalucia.es\/ceipcesarbarrios\/wp-json\/wp\/v2\/comments?post=2315"}],"version-history":[{"count":6,"href":"https:\/\/blogsaverroes.juntadeandalucia.es\/ceipcesarbarrios\/wp-json\/wp\/v2\/pages\/2315\/revisions"}],"predecessor-version":[{"id":2940,"href":"https:\/\/blogsaverroes.juntadeandalucia.es\/ceipcesarbarrios\/wp-json\/wp\/v2\/pages\/2315\/revisions\/2940"}],"wp:attachment":[{"href":"https:\/\/blogsaverroes.juntadeandalucia.es\/ceipcesarbarrios\/wp-json\/wp\/v2\/media?parent=2315"}],"curies":[{"name":"wp","href":"https:\/\/api.w.org\/{rel}","templated":true}]}}