{"id":2325,"date":"2020-12-09T10:42:43","date_gmt":"2020-12-09T10:42:43","guid":{"rendered":"https:\/\/blogsaverroes.juntadeandalucia.es\/ceipcesarbarrios\/?page_id=2325"},"modified":"2024-10-29T09:39:17","modified_gmt":"2024-10-29T09:39:17","slug":"aula-matinal-2","status":"publish","type":"page","link":"https:\/\/blogsaverroes.juntadeandalucia.es\/ceipcesarbarrios\/aula-matinal-2\/","title":{"rendered":"Aula Matinal"},"content":{"rendered":"<p>Nuestro centro cuenta desde este a\u00f1o, con Aula Matinal dependiente de la Consejer\u00eda de Educaci\u00f3n, para atender a las familias que requieran el servicio.<\/p>\n<p style=\"text-align: center\"><em><strong>INFORMACI\u00d3N DE INTER\u00c9S:<\/strong><\/em><\/p>\n<p><strong>HORARIO<\/strong>: Lunes a viernes de 7:30 a 9:00 horas.<\/p>\n<p><strong>MONITORA<\/strong>: ISABEL GONZ\u00c1LEZ Y MAR\u00cdA EST\u00c9VEZ.<\/p>\n<p><strong>INSCRIPCI\u00d3N:<\/strong> Rellenar la solicitud en la secretar\u00eda del centro.<\/p>\n<p><strong>UBICACI\u00d3N<\/strong>: Sala de usos m\u00faltiples del edificio de Infantil (acceso por la carretera direcci\u00f3n a Cartaya).<\/p>\n<p><strong>ACTIVIDADES:<\/strong><\/p>\n<ul>\n<li>Visionado de pel\u00edculas\/dibujos.<\/li>\n<li>Circuitos<\/li>\n<li>Juegos de mesa<\/li>\n<li>Dibujos\/colorear<\/li>\n<li>Celebraci\u00f3n de efem\u00e9rides<\/li>\n<li>Entre otras&#8230;<\/li>\n<\/ul>\n<p><strong>TARIFAS\/PRECIO:<\/strong><\/p>\n<p style=\"text-align: left\">Dependiendo la la bonificaci\u00f3n marcada por la Consejer\u00eda de Educaci\u00f3n.<\/p>\n<p>&nbsp;<\/p>\n<p><em>Si necesitas hacer uso del servicio no dejes de pedir informaci\u00f3n y acudir a rellenar la solicitud.<\/em><\/p>\n<p style=\"text-align: center\">&nbsp;<\/p>\n<p><a href=\"https:\/\/blogsaverroes.juntadeandalucia.es\/ceipcesarbarrios\/files\/2021\/09\/80103b20-7cc2-4dd9-8cd0-569a974f8a41.jpeg\"><img loading=\"lazy\" decoding=\"async\" class=\"alignnone size-thumbnail wp-image-3957\" src=\"https:\/\/blogsaverroes.juntadeandalucia.es\/ceipcesarbarrios\/files\/2021\/09\/80103b20-7cc2-4dd9-8cd0-569a974f8a41-150x150.jpeg\" alt=\"\" width=\"150\" height=\"150\" srcset=\"https:\/\/blogsaverroes.juntadeandalucia.es\/ceipcesarbarrios\/files\/2021\/09\/80103b20-7cc2-4dd9-8cd0-569a974f8a41-150x150.jpeg 150w, https:\/\/blogsaverroes.juntadeandalucia.es\/ceipcesarbarrios\/files\/2021\/09\/80103b20-7cc2-4dd9-8cd0-569a974f8a41-80x80.jpeg 80w, https:\/\/blogsaverroes.juntadeandalucia.es\/ceipcesarbarrios\/files\/2021\/09\/80103b20-7cc2-4dd9-8cd0-569a974f8a41-320x320.jpeg 320w\" sizes=\"(max-width: 150px) 100vw, 150px\" \/><\/a> <a href=\"https:\/\/blogsaverroes.juntadeandalucia.es\/ceipcesarbarrios\/files\/2021\/09\/73cfc8cc-7ef7-4a09-a8d3-510ef0a0e845.jpeg\"><img loading=\"lazy\" decoding=\"async\" class=\"alignnone size-thumbnail wp-image-3958\" src=\"https:\/\/blogsaverroes.juntadeandalucia.es\/ceipcesarbarrios\/files\/2021\/09\/73cfc8cc-7ef7-4a09-a8d3-510ef0a0e845-150x150.jpeg\" alt=\"\" width=\"150\" height=\"150\" srcset=\"https:\/\/blogsaverroes.juntadeandalucia.es\/ceipcesarbarrios\/files\/2021\/09\/73cfc8cc-7ef7-4a09-a8d3-510ef0a0e845-150x150.jpeg 150w, https:\/\/blogsaverroes.juntadeandalucia.es\/ceipcesarbarrios\/files\/2021\/09\/73cfc8cc-7ef7-4a09-a8d3-510ef0a0e845-80x80.jpeg 80w, https:\/\/blogsaverroes.juntadeandalucia.es\/ceipcesarbarrios\/files\/2021\/09\/73cfc8cc-7ef7-4a09-a8d3-510ef0a0e845-320x320.jpeg 320w\" sizes=\"(max-width: 150px) 100vw, 150px\" \/><\/a> <a href=\"https:\/\/blogsaverroes.juntadeandalucia.es\/ceipcesarbarrios\/files\/2021\/09\/251535dc-a94b-4764-b054-d25408b7cabd.jpeg\"><img loading=\"lazy\" decoding=\"async\" class=\"alignnone size-thumbnail wp-image-3959\" src=\"https:\/\/blogsaverroes.juntadeandalucia.es\/ceipcesarbarrios\/files\/2021\/09\/251535dc-a94b-4764-b054-d25408b7cabd-150x150.jpeg\" alt=\"\" width=\"150\" height=\"150\" srcset=\"https:\/\/blogsaverroes.juntadeandalucia.es\/ceipcesarbarrios\/files\/2021\/09\/251535dc-a94b-4764-b054-d25408b7cabd-150x150.jpeg 150w, https:\/\/blogsaverroes.juntadeandalucia.es\/ceipcesarbarrios\/files\/2021\/09\/251535dc-a94b-4764-b054-d25408b7cabd-80x80.jpeg 80w, https:\/\/blogsaverroes.juntadeandalucia.es\/ceipcesarbarrios\/files\/2021\/09\/251535dc-a94b-4764-b054-d25408b7cabd-320x320.jpeg 320w\" sizes=\"(max-width: 150px) 100vw, 150px\" \/><\/a> <a href=\"https:\/\/blogsaverroes.juntadeandalucia.es\/ceipcesarbarrios\/files\/2021\/09\/a09e9877-a7f5-4199-bb66-8a4ca778922b.jpeg\"><img loading=\"lazy\" decoding=\"async\" class=\"alignnone size-thumbnail wp-image-3960\" src=\"https:\/\/blogsaverroes.juntadeandalucia.es\/ceipcesarbarrios\/files\/2021\/09\/a09e9877-a7f5-4199-bb66-8a4ca778922b-150x150.jpeg\" alt=\"\" width=\"150\" height=\"150\" srcset=\"https:\/\/blogsaverroes.juntadeandalucia.es\/ceipcesarbarrios\/files\/2021\/09\/a09e9877-a7f5-4199-bb66-8a4ca778922b-150x150.jpeg 150w, https:\/\/blogsaverroes.juntadeandalucia.es\/ceipcesarbarrios\/files\/2021\/09\/a09e9877-a7f5-4199-bb66-8a4ca778922b-80x80.jpeg 80w, https:\/\/blogsaverroes.juntadeandalucia.es\/ceipcesarbarrios\/files\/2021\/09\/a09e9877-a7f5-4199-bb66-8a4ca778922b-320x320.jpeg 320w\" sizes=\"(max-width: 150px) 100vw, 150px\" \/><\/a> <a href=\"https:\/\/blogsaverroes.juntadeandalucia.es\/ceipcesarbarrios\/files\/2021\/09\/4df5232a-54ca-447f-b750-b10a35d1760a.jpeg\"><img loading=\"lazy\" decoding=\"async\" class=\"alignnone size-thumbnail wp-image-3961\" src=\"https:\/\/blogsaverroes.juntadeandalucia.es\/ceipcesarbarrios\/files\/2021\/09\/4df5232a-54ca-447f-b750-b10a35d1760a-150x150.jpeg\" alt=\"\" width=\"150\" height=\"150\" srcset=\"https:\/\/blogsaverroes.juntadeandalucia.es\/ceipcesarbarrios\/files\/2021\/09\/4df5232a-54ca-447f-b750-b10a35d1760a-150x150.jpeg 150w, https:\/\/blogsaverroes.juntadeandalucia.es\/ceipcesarbarrios\/files\/2021\/09\/4df5232a-54ca-447f-b750-b10a35d1760a-80x80.jpeg 80w, https:\/\/blogsaverroes.juntadeandalucia.es\/ceipcesarbarrios\/files\/2021\/09\/4df5232a-54ca-447f-b750-b10a35d1760a-320x320.jpeg 320w\" sizes=\"(max-width: 150px) 100vw, 150px\" \/><\/a> <a href=\"https:\/\/blogsaverroes.juntadeandalucia.es\/ceipcesarbarrios\/files\/2021\/09\/a950500f-ef50-43b7-ba97-9ddaf8ec3324.jpeg\"><img loading=\"lazy\" decoding=\"async\" class=\"alignnone size-thumbnail wp-image-3962\" src=\"https:\/\/blogsaverroes.juntadeandalucia.es\/ceipcesarbarrios\/files\/2021\/09\/a950500f-ef50-43b7-ba97-9ddaf8ec3324-150x150.jpeg\" alt=\"\" width=\"150\" height=\"150\" srcset=\"https:\/\/blogsaverroes.juntadeandalucia.es\/ceipcesarbarrios\/files\/2021\/09\/a950500f-ef50-43b7-ba97-9ddaf8ec3324-150x150.jpeg 150w, https:\/\/blogsaverroes.juntadeandalucia.es\/ceipcesarbarrios\/files\/2021\/09\/a950500f-ef50-43b7-ba97-9ddaf8ec3324-80x80.jpeg 80w, https:\/\/blogsaverroes.juntadeandalucia.es\/ceipcesarbarrios\/files\/2021\/09\/a950500f-ef50-43b7-ba97-9ddaf8ec3324-320x320.jpeg 320w\" sizes=\"(max-width: 150px) 100vw, 150px\" \/><\/a> <a href=\"https:\/\/blogsaverroes.juntadeandalucia.es\/ceipcesarbarrios\/files\/2021\/09\/c3b9ba32-5157-4f33-90a0-28d68b79f43c.jpeg\"><img loading=\"lazy\" decoding=\"async\" class=\"alignnone size-thumbnail wp-image-3963\" src=\"https:\/\/blogsaverroes.juntadeandalucia.es\/ceipcesarbarrios\/files\/2021\/09\/c3b9ba32-5157-4f33-90a0-28d68b79f43c-150x150.jpeg\" alt=\"\" width=\"150\" height=\"150\" srcset=\"https:\/\/blogsaverroes.juntadeandalucia.es\/ceipcesarbarrios\/files\/2021\/09\/c3b9ba32-5157-4f33-90a0-28d68b79f43c-150x150.jpeg 150w, https:\/\/blogsaverroes.juntadeandalucia.es\/ceipcesarbarrios\/files\/2021\/09\/c3b9ba32-5157-4f33-90a0-28d68b79f43c-80x80.jpeg 80w, https:\/\/blogsaverroes.juntadeandalucia.es\/ceipcesarbarrios\/files\/2021\/09\/c3b9ba32-5157-4f33-90a0-28d68b79f43c-320x320.jpeg 320w\" sizes=\"(max-width: 150px) 100vw, 150px\" \/><\/a> <a href=\"https:\/\/blogsaverroes.juntadeandalucia.es\/ceipcesarbarrios\/files\/2021\/09\/6d330055-19c9-4770-8f35-4b939ee05bfe.jpeg\"><img loading=\"lazy\" decoding=\"async\" class=\"alignnone size-thumbnail wp-image-3964\" src=\"https:\/\/blogsaverroes.juntadeandalucia.es\/ceipcesarbarrios\/files\/2021\/09\/6d330055-19c9-4770-8f35-4b939ee05bfe-150x150.jpeg\" alt=\"\" width=\"150\" height=\"150\" srcset=\"https:\/\/blogsaverroes.juntadeandalucia.es\/ceipcesarbarrios\/files\/2021\/09\/6d330055-19c9-4770-8f35-4b939ee05bfe-150x150.jpeg 150w, https:\/\/blogsaverroes.juntadeandalucia.es\/ceipcesarbarrios\/files\/2021\/09\/6d330055-19c9-4770-8f35-4b939ee05bfe-80x80.jpeg 80w, https:\/\/blogsaverroes.juntadeandalucia.es\/ceipcesarbarrios\/files\/2021\/09\/6d330055-19c9-4770-8f35-4b939ee05bfe-320x320.jpeg 320w\" sizes=\"(max-width: 150px) 100vw, 150px\" \/><\/a><\/p>\n","protected":false},"excerpt":{"rendered":"<p>Nuestro centro cuenta desde este a\u00f1o, con Aula Matinal dependiente de la Consejer\u00eda de Educaci\u00f3n, para atender a las familias que requieran el servicio. INFORMACI\u00d3N DE INTER\u00c9S: HORARIO: Lunes a viernes de 7:30 a&#46;&#46;&#46;<\/p>\n","protected":false},"author":11723,"featured_media":0,"parent":0,"menu_order":0,"comment_status":"closed","ping_status":"closed","template":"","meta":{"ngg_post_thumbnail":0,"footnotes":"","_mc_calendar":[]},"aioseo_notices":[],"_links":{"self":[{"href":"https:\/\/blogsaverroes.juntadeandalucia.es\/ceipcesarbarrios\/wp-json\/wp\/v2\/pages\/2325"}],"collection":[{"href":"https:\/\/blogsaverroes.juntadeandalucia.es\/ceipcesarbarrios\/wp-json\/wp\/v2\/pages"}],"about":[{"href":"https:\/\/blogsaverroes.juntadeandalucia.es\/ceipcesarbarrios\/wp-json\/wp\/v2\/types\/page"}],"author":[{"embeddable":true,"href":"https:\/\/blogsaverroes.juntadeandalucia.es\/ceipcesarbarrios\/wp-json\/wp\/v2\/users\/11723"}],"replies":[{"embeddable":true,"href":"https:\/\/blogsaverroes.juntadeandalucia.es\/ceipcesarbarrios\/wp-json\/wp\/v2\/comments?post=2325"}],"version-history":[{"count":10,"href":"https:\/\/blogsaverroes.juntadeandalucia.es\/ceipcesarbarrios\/wp-json\/wp\/v2\/pages\/2325\/revisions"}],"predecessor-version":[{"id":5814,"href":"https:\/\/blogsaverroes.juntadeandalucia.es\/ceipcesarbarrios\/wp-json\/wp\/v2\/pages\/2325\/revisions\/5814"}],"wp:attachment":[{"href":"https:\/\/blogsaverroes.juntadeandalucia.es\/ceipcesarbarrios\/wp-json\/wp\/v2\/media?parent=2325"}],"curies":[{"name":"wp","href":"https:\/\/api.w.org\/{rel}","templated":true}]}}