{"id":2327,"date":"2020-12-09T10:42:43","date_gmt":"2020-12-09T10:42:43","guid":{"rendered":"https:\/\/blogsaverroes.juntadeandalucia.es\/ceipcesarbarrios\/?page_id=2327"},"modified":"2023-11-17T08:49:49","modified_gmt":"2023-11-17T08:49:49","slug":"escuelas-deportivas","status":"publish","type":"page","link":"https:\/\/blogsaverroes.juntadeandalucia.es\/ceipcesarbarrios\/escuelas-deportivas\/","title":{"rendered":"M\u00e1s Deporte"},"content":{"rendered":"<p style=\"text-align: justify\">El centro cuenta con el servicio de Deporte en la Escuela a trav\u00e9s de la firma del convenio entre el Ayuntamiento de la localidad y la Delegaci\u00f3n de Educaci\u00f3n.<\/p>\n<p style=\"text-align: justify\">El centro ofrece las instalaciones y facilita al alumnado que se inscriba, la posibilidad de realizar actividades deportivas dirigidas por el personal especializado del Patronato de deportes de Lepe.<\/p>\n<p style=\"text-align: justify\">En este curso tan especial debido al COVID-19 el Ayuntamiento de Lepe garantiza la seguridad en la realizaci\u00f3n de las actividades a trav\u00e9s del siguiente <strong>Protocolo de actuaci\u00f3n:<\/strong> <em>(Pincha en el enlace para acceder)<\/em><\/p>\n<p style=\"text-align: center\"><strong><a href=\"https:\/\/blogsaverroes.juntadeandalucia.es\/ceipcesarbarrios\/files\/2020\/12\/PROTOCOLO-DE-ENTRENAMIENTOS-EN-CENTROS-EDUCATIVOS.pdf\">PROTOCOLO DE ENTRENAMIENTOS EN CENTROS EDUCATIVOS<\/a><\/strong><\/p>\n<p>Las <strong>actividades<\/strong> que se llevar\u00e1n a cabo en el presente curso escolar son las siguientes:<\/p>\n<p style=\"text-align: center\"><a href=\"https:\/\/blogsaverroes.juntadeandalucia.es\/ceipcesarbarrios\/files\/2020\/12\/Captura-de-pantalla-2020-12-12-a-las-23.17.17.png\"><img loading=\"lazy\" decoding=\"async\" class=\"alignnone size-medium wp-image-2846\" src=\"https:\/\/blogsaverroes.juntadeandalucia.es\/ceipcesarbarrios\/files\/2020\/12\/Captura-de-pantalla-2020-12-12-a-las-23.17.17-217x300.png\" alt=\"\" width=\"217\" height=\"300\" srcset=\"https:\/\/blogsaverroes.juntadeandalucia.es\/ceipcesarbarrios\/files\/2020\/12\/Captura-de-pantalla-2020-12-12-a-las-23.17.17-217x300.png 217w, https:\/\/blogsaverroes.juntadeandalucia.es\/ceipcesarbarrios\/files\/2020\/12\/Captura-de-pantalla-2020-12-12-a-las-23.17.17-739x1024.png 739w, https:\/\/blogsaverroes.juntadeandalucia.es\/ceipcesarbarrios\/files\/2020\/12\/Captura-de-pantalla-2020-12-12-a-las-23.17.17-768x1064.png 768w, https:\/\/blogsaverroes.juntadeandalucia.es\/ceipcesarbarrios\/files\/2020\/12\/Captura-de-pantalla-2020-12-12-a-las-23.17.17-17x24.png 17w, https:\/\/blogsaverroes.juntadeandalucia.es\/ceipcesarbarrios\/files\/2020\/12\/Captura-de-pantalla-2020-12-12-a-las-23.17.17-26x36.png 26w, https:\/\/blogsaverroes.juntadeandalucia.es\/ceipcesarbarrios\/files\/2020\/12\/Captura-de-pantalla-2020-12-12-a-las-23.17.17-35x48.png 35w, https:\/\/blogsaverroes.juntadeandalucia.es\/ceipcesarbarrios\/files\/2020\/12\/Captura-de-pantalla-2020-12-12-a-las-23.17.17.png 908w\" sizes=\"(max-width: 217px) 100vw, 217px\" \/><\/a><\/p>\n<p style=\"text-align: left\"><strong>COORDINADOR DEL PROGRAMA: Antonio Barbosa G\u00f3mez.<\/strong><\/p>\n<p style=\"text-align: justify\">Para inscribirte en cualquiera de las modalidades mencionadas anteriormente, solicita informaci\u00f3n al centro e inscr\u00edbete en el Patronato de deportes de Lepe.<\/p>\n","protected":false},"excerpt":{"rendered":"<p>El centro cuenta con el servicio de Deporte en la Escuela a trav\u00e9s de la firma del convenio entre el Ayuntamiento de la localidad y la Delegaci\u00f3n de Educaci\u00f3n. El centro ofrece las instalaciones&#46;&#46;&#46;<\/p>\n","protected":false},"author":11723,"featured_media":0,"parent":0,"menu_order":0,"comment_status":"closed","ping_status":"closed","template":"","meta":{"ngg_post_thumbnail":0,"footnotes":"","_mc_calendar":[]},"aioseo_notices":[],"_links":{"self":[{"href":"https:\/\/blogsaverroes.juntadeandalucia.es\/ceipcesarbarrios\/wp-json\/wp\/v2\/pages\/2327"}],"collection":[{"href":"https:\/\/blogsaverroes.juntadeandalucia.es\/ceipcesarbarrios\/wp-json\/wp\/v2\/pages"}],"about":[{"href":"https:\/\/blogsaverroes.juntadeandalucia.es\/ceipcesarbarrios\/wp-json\/wp\/v2\/types\/page"}],"author":[{"embeddable":true,"href":"https:\/\/blogsaverroes.juntadeandalucia.es\/ceipcesarbarrios\/wp-json\/wp\/v2\/users\/11723"}],"replies":[{"embeddable":true,"href":"https:\/\/blogsaverroes.juntadeandalucia.es\/ceipcesarbarrios\/wp-json\/wp\/v2\/comments?post=2327"}],"version-history":[{"count":7,"href":"https:\/\/blogsaverroes.juntadeandalucia.es\/ceipcesarbarrios\/wp-json\/wp\/v2\/pages\/2327\/revisions"}],"predecessor-version":[{"id":5431,"href":"https:\/\/blogsaverroes.juntadeandalucia.es\/ceipcesarbarrios\/wp-json\/wp\/v2\/pages\/2327\/revisions\/5431"}],"wp:attachment":[{"href":"https:\/\/blogsaverroes.juntadeandalucia.es\/ceipcesarbarrios\/wp-json\/wp\/v2\/media?parent=2327"}],"curies":[{"name":"wp","href":"https:\/\/api.w.org\/{rel}","templated":true}]}}