{"id":2405,"date":"2020-12-09T22:34:19","date_gmt":"2020-12-09T22:34:19","guid":{"rendered":"https:\/\/blogsaverroes.juntadeandalucia.es\/ceipcesarbarrios\/?page_id=2405"},"modified":"2023-11-16T09:18:30","modified_gmt":"2023-11-16T09:18:30","slug":"director","status":"publish","type":"page","link":"https:\/\/blogsaverroes.juntadeandalucia.es\/ceipcesarbarrios\/director\/","title":{"rendered":"Director"},"content":{"rendered":"<p style=\"text-align: center\"><a href=\"https:\/\/blogsaverroes.juntadeandalucia.es\/ceipcesarbarrios\/files\/2020\/12\/IMG_2756-scaled.jpeg\"><img loading=\"lazy\" decoding=\"async\" class=\"alignnone size-medium wp-image-3214\" src=\"https:\/\/blogsaverroes.juntadeandalucia.es\/ceipcesarbarrios\/files\/2020\/12\/IMG_2756-225x300.jpeg\" alt=\"\" width=\"225\" height=\"300\" srcset=\"https:\/\/blogsaverroes.juntadeandalucia.es\/ceipcesarbarrios\/files\/2020\/12\/IMG_2756-225x300.jpeg 225w, https:\/\/blogsaverroes.juntadeandalucia.es\/ceipcesarbarrios\/files\/2020\/12\/IMG_2756-768x1024.jpeg 768w, https:\/\/blogsaverroes.juntadeandalucia.es\/ceipcesarbarrios\/files\/2020\/12\/IMG_2756-1152x1536.jpeg 1152w, https:\/\/blogsaverroes.juntadeandalucia.es\/ceipcesarbarrios\/files\/2020\/12\/IMG_2756-1536x2048.jpeg 1536w, https:\/\/blogsaverroes.juntadeandalucia.es\/ceipcesarbarrios\/files\/2020\/12\/IMG_2756-18x24.jpeg 18w, https:\/\/blogsaverroes.juntadeandalucia.es\/ceipcesarbarrios\/files\/2020\/12\/IMG_2756-27x36.jpeg 27w, https:\/\/blogsaverroes.juntadeandalucia.es\/ceipcesarbarrios\/files\/2020\/12\/IMG_2756-36x48.jpeg 36w, https:\/\/blogsaverroes.juntadeandalucia.es\/ceipcesarbarrios\/files\/2020\/12\/IMG_2756-scaled.jpeg 1200w\" sizes=\"(max-width: 225px) 100vw, 225px\" \/><\/a><\/p>\n<p>&nbsp;<\/p>\n<ul>\n<li><em><strong>Director, Joaqu\u00edn Hern\u00e1ndez Acosta (Quini)<\/strong><\/em><\/li>\n<li><em><strong>En activo como docente desde el curso escolar 2005-2006<\/strong><\/em><\/li>\n<li><em><strong>Titulaci\u00f3n: Maestro de Educaci\u00f3n Primaria<\/strong><\/em><\/li>\n<li><em><strong>Destino definitivo en el centro desde el curso escolar 2012-2013<\/strong><\/em><\/li>\n<li><em><strong>Formador LOMLOE, Situaciones de aprendizaje y cuaderno de S\u00e9neca.<\/strong><\/em><\/li>\n<li><em><strong>Coordinador del Tercer Ciclo de Primaria curso 2012-2013<\/strong><\/em><\/li>\n<li><em><strong>Secretario del centro los cursos 2013 al 2017<\/strong><\/em><\/li>\n<li><em><strong>Director del centro desde el curso 2017-2018<\/strong><\/em><\/li>\n<\/ul>\n<p>&nbsp;<\/p>\n","protected":false},"excerpt":{"rendered":"<p>&nbsp; Director, Joaqu\u00edn Hern\u00e1ndez Acosta (Quini) En activo como docente desde el curso escolar 2005-2006 Titulaci\u00f3n: Maestro de Educaci\u00f3n Primaria Destino definitivo en el centro desde el curso escolar 2012-2013 Formador LOMLOE, Situaciones de&#46;&#46;&#46;<\/p>\n","protected":false},"author":11723,"featured_media":0,"parent":0,"menu_order":0,"comment_status":"closed","ping_status":"closed","template":"","meta":{"ngg_post_thumbnail":0,"footnotes":"","_mc_calendar":[]},"aioseo_notices":[],"_links":{"self":[{"href":"https:\/\/blogsaverroes.juntadeandalucia.es\/ceipcesarbarrios\/wp-json\/wp\/v2\/pages\/2405"}],"collection":[{"href":"https:\/\/blogsaverroes.juntadeandalucia.es\/ceipcesarbarrios\/wp-json\/wp\/v2\/pages"}],"about":[{"href":"https:\/\/blogsaverroes.juntadeandalucia.es\/ceipcesarbarrios\/wp-json\/wp\/v2\/types\/page"}],"author":[{"embeddable":true,"href":"https:\/\/blogsaverroes.juntadeandalucia.es\/ceipcesarbarrios\/wp-json\/wp\/v2\/users\/11723"}],"replies":[{"embeddable":true,"href":"https:\/\/blogsaverroes.juntadeandalucia.es\/ceipcesarbarrios\/wp-json\/wp\/v2\/comments?post=2405"}],"version-history":[{"count":6,"href":"https:\/\/blogsaverroes.juntadeandalucia.es\/ceipcesarbarrios\/wp-json\/wp\/v2\/pages\/2405\/revisions"}],"predecessor-version":[{"id":5416,"href":"https:\/\/blogsaverroes.juntadeandalucia.es\/ceipcesarbarrios\/wp-json\/wp\/v2\/pages\/2405\/revisions\/5416"}],"wp:attachment":[{"href":"https:\/\/blogsaverroes.juntadeandalucia.es\/ceipcesarbarrios\/wp-json\/wp\/v2\/media?parent=2405"}],"curies":[{"name":"wp","href":"https:\/\/api.w.org\/{rel}","templated":true}]}}