{"id":2406,"date":"2020-12-09T22:34:19","date_gmt":"2020-12-09T22:34:19","guid":{"rendered":"https:\/\/blogsaverroes.juntadeandalucia.es\/ceipcesarbarrios\/?page_id=2406"},"modified":"2020-12-14T09:13:57","modified_gmt":"2020-12-14T09:13:57","slug":"secretaria-3","status":"publish","type":"page","link":"https:\/\/blogsaverroes.juntadeandalucia.es\/ceipcesarbarrios\/secretaria-3\/","title":{"rendered":"Secretar\u00eda"},"content":{"rendered":"<p><a href=\"https:\/\/blogsaverroes.juntadeandalucia.es\/ceipcesarbarrios\/files\/2020\/12\/Secretaria-scaled.jpeg\"><img loading=\"lazy\" decoding=\"async\" class=\"size-medium wp-image-2916 aligncenter\" src=\"https:\/\/blogsaverroes.juntadeandalucia.es\/ceipcesarbarrios\/files\/2020\/12\/Secretaria-225x300.jpeg\" alt=\"\" width=\"225\" height=\"300\" srcset=\"https:\/\/blogsaverroes.juntadeandalucia.es\/ceipcesarbarrios\/files\/2020\/12\/Secretaria-225x300.jpeg 225w, https:\/\/blogsaverroes.juntadeandalucia.es\/ceipcesarbarrios\/files\/2020\/12\/Secretaria-768x1024.jpeg 768w, https:\/\/blogsaverroes.juntadeandalucia.es\/ceipcesarbarrios\/files\/2020\/12\/Secretaria-1152x1536.jpeg 1152w, https:\/\/blogsaverroes.juntadeandalucia.es\/ceipcesarbarrios\/files\/2020\/12\/Secretaria-1536x2048.jpeg 1536w, https:\/\/blogsaverroes.juntadeandalucia.es\/ceipcesarbarrios\/files\/2020\/12\/Secretaria-18x24.jpeg 18w, https:\/\/blogsaverroes.juntadeandalucia.es\/ceipcesarbarrios\/files\/2020\/12\/Secretaria-27x36.jpeg 27w, https:\/\/blogsaverroes.juntadeandalucia.es\/ceipcesarbarrios\/files\/2020\/12\/Secretaria-36x48.jpeg 36w, https:\/\/blogsaverroes.juntadeandalucia.es\/ceipcesarbarrios\/files\/2020\/12\/Secretaria-scaled.jpeg 1200w\" sizes=\"(max-width: 225px) 100vw, 225px\" \/><\/a><\/p>\n<ul>\n<li><strong>Secretaria, M\u00f3nica Dacosta Guzm\u00e1n<\/strong><\/li>\n<li><strong>En activo como docente desde el curso escolar 2002<\/strong><\/li>\n<li><strong>Titulaci\u00f3n: Maestra de Educaci\u00f3n Infantil<\/strong><\/li>\n<li><strong>Destino definitivo en el centro desde el curso escolar 2011-2012<\/strong><\/li>\n<li><strong>Coordinadora de Infantil durante tres cursos escolares<\/strong><\/li>\n<li><strong>Secretaria del centro desde el curso 2020-2021<\/strong><\/li>\n<\/ul>\n","protected":false},"excerpt":{"rendered":"<p>Secretaria, M\u00f3nica Dacosta Guzm\u00e1n En activo como docente desde el curso escolar 2002 Titulaci\u00f3n: Maestra de Educaci\u00f3n Infantil Destino definitivo en el centro desde el curso escolar 2011-2012 Coordinadora de Infantil durante tres cursos&#46;&#46;&#46;<\/p>\n","protected":false},"author":11723,"featured_media":0,"parent":0,"menu_order":0,"comment_status":"closed","ping_status":"closed","template":"","meta":{"ngg_post_thumbnail":0,"footnotes":"","_mc_calendar":[]},"aioseo_notices":[],"_links":{"self":[{"href":"https:\/\/blogsaverroes.juntadeandalucia.es\/ceipcesarbarrios\/wp-json\/wp\/v2\/pages\/2406"}],"collection":[{"href":"https:\/\/blogsaverroes.juntadeandalucia.es\/ceipcesarbarrios\/wp-json\/wp\/v2\/pages"}],"about":[{"href":"https:\/\/blogsaverroes.juntadeandalucia.es\/ceipcesarbarrios\/wp-json\/wp\/v2\/types\/page"}],"author":[{"embeddable":true,"href":"https:\/\/blogsaverroes.juntadeandalucia.es\/ceipcesarbarrios\/wp-json\/wp\/v2\/users\/11723"}],"replies":[{"embeddable":true,"href":"https:\/\/blogsaverroes.juntadeandalucia.es\/ceipcesarbarrios\/wp-json\/wp\/v2\/comments?post=2406"}],"version-history":[{"count":5,"href":"https:\/\/blogsaverroes.juntadeandalucia.es\/ceipcesarbarrios\/wp-json\/wp\/v2\/pages\/2406\/revisions"}],"predecessor-version":[{"id":2917,"href":"https:\/\/blogsaverroes.juntadeandalucia.es\/ceipcesarbarrios\/wp-json\/wp\/v2\/pages\/2406\/revisions\/2917"}],"wp:attachment":[{"href":"https:\/\/blogsaverroes.juntadeandalucia.es\/ceipcesarbarrios\/wp-json\/wp\/v2\/media?parent=2406"}],"curies":[{"name":"wp","href":"https:\/\/api.w.org\/{rel}","templated":true}]}}