{"id":2418,"date":"2020-12-10T10:13:01","date_gmt":"2020-12-10T10:13:01","guid":{"rendered":"https:\/\/blogsaverroes.juntadeandalucia.es\/ceipcesarbarrios\/?page_id=2418"},"modified":"2022-11-29T10:00:20","modified_gmt":"2022-11-29T10:00:20","slug":"aldea","status":"publish","type":"page","link":"https:\/\/blogsaverroes.juntadeandalucia.es\/ceipcesarbarrios\/aldea\/","title":{"rendered":"Aldea"},"content":{"rendered":"<div style=\"text-align: justify\">La Consejer\u00eda de Educaci\u00f3n y Deporte y la Consejer\u00eda de Agricultura, Ganader\u00eda, Pesca y Desarrollo Sostenible ponen a disposici\u00f3n del sistema educativo andaluz el Programa Aldea, Educaci\u00f3n Ambiental para la Comunidad Educativa con el objetivo de promover el desarrollo integrado de iniciativas de educaci\u00f3n para la conservaci\u00f3n de los recursos naturales y el fomento del desarrollo sostenible en el \u00e1mbito de la comunidad educativa andaluza, al objeto de contribuir a una sociedad m\u00e1s proambiental, justa y solidaria, permitiendo el logro de una educaci\u00f3n integral, que comparte y se asienta en los cuatro pilares educativos que propone la UNESCO: Aprender a ser \/ Aprender a convivir \/ Aprender a conocer \/ Aprender a hacer.<\/div>\n<div style=\"text-align: justify\">&nbsp;<\/div>\n<div style=\"text-align: justify\">Aldea, Educaci\u00f3n Ambiental para la Comunidad Educativa se configura como una herramienta para favorecer el desarrollo de las competencias clave del alumnado, el intercambio de experiencias educativas, el trabajo en equipo, la creaci\u00f3n de redes profesionales, el trabajo por proyectos u otras metodolog\u00edas activas e innovadoras que propicien, en definitiva, un cambio en conductas ambientales con nuestro entorno y que incida en la pr\u00e1ctica educativa diaria.<\/div>\n<div>&nbsp;<\/div>\n<div><a href=\"https:\/\/blogsaverroes.juntadeandalucia.es\/ceipcesarbarrios\/files\/2020\/12\/Captura-de-pantalla-2020-12-11-a-las-22.00.34.png\"><img loading=\"lazy\" decoding=\"async\" class=\"size-medium wp-image-2771 aligncenter\" src=\"https:\/\/blogsaverroes.juntadeandalucia.es\/ceipcesarbarrios\/files\/2020\/12\/Captura-de-pantalla-2020-12-11-a-las-22.00.34-300x152.png\" alt=\"\" width=\"300\" height=\"152\" srcset=\"https:\/\/blogsaverroes.juntadeandalucia.es\/ceipcesarbarrios\/files\/2020\/12\/Captura-de-pantalla-2020-12-11-a-las-22.00.34-300x152.png 300w, https:\/\/blogsaverroes.juntadeandalucia.es\/ceipcesarbarrios\/files\/2020\/12\/Captura-de-pantalla-2020-12-11-a-las-22.00.34-1024x520.png 1024w, https:\/\/blogsaverroes.juntadeandalucia.es\/ceipcesarbarrios\/files\/2020\/12\/Captura-de-pantalla-2020-12-11-a-las-22.00.34-768x390.png 768w, https:\/\/blogsaverroes.juntadeandalucia.es\/ceipcesarbarrios\/files\/2020\/12\/Captura-de-pantalla-2020-12-11-a-las-22.00.34-1536x781.png 1536w, https:\/\/blogsaverroes.juntadeandalucia.es\/ceipcesarbarrios\/files\/2020\/12\/Captura-de-pantalla-2020-12-11-a-las-22.00.34-2048x1041.png 2048w, https:\/\/blogsaverroes.juntadeandalucia.es\/ceipcesarbarrios\/files\/2020\/12\/Captura-de-pantalla-2020-12-11-a-las-22.00.34-24x12.png 24w, https:\/\/blogsaverroes.juntadeandalucia.es\/ceipcesarbarrios\/files\/2020\/12\/Captura-de-pantalla-2020-12-11-a-las-22.00.34-36x18.png 36w, https:\/\/blogsaverroes.juntadeandalucia.es\/ceipcesarbarrios\/files\/2020\/12\/Captura-de-pantalla-2020-12-11-a-las-22.00.34-48x24.png 48w, https:\/\/blogsaverroes.juntadeandalucia.es\/ceipcesarbarrios\/files\/2020\/12\/Captura-de-pantalla-2020-12-11-a-las-22.00.34.png 1600w\" sizes=\"(max-width: 300px) 100vw, 300px\" \/><\/a><\/div>\n<div>&nbsp;<\/div>\n<div>Coordinadora: <strong>Yolanda Roca Fragoso<\/strong>&nbsp; (curso 2022-2023)<\/div>\n<div>&nbsp;<\/div>\n<div>&nbsp;<\/div>\n<div><em>Pincha en el enlace para acceder al Plan de actuaci\u00f3n para el presente curso escolar<\/em><\/div>\n<div>&nbsp;<\/div>\n<div style=\"text-align: center\"><a href=\"https:\/\/blogsaverroes.juntadeandalucia.es\/ceipcesarbarrios\/files\/2020\/12\/Plan-de-actuacio\u0301n-ALDEA.pdf\">Plan de actuacio\u0301n ALDEA<\/a> 2022-2023<\/div>\n<div>&nbsp;<\/div>\n<div><a href=\"https:\/\/blogsaverroes.juntadeandalucia.es\/ceipcesarbarrios\/files\/2020\/12\/Captura-de-pantalla-2020-12-11-a-las-22.06.13.png\"><img loading=\"lazy\" decoding=\"async\" class=\"size-medium wp-image-2774 aligncenter\" src=\"https:\/\/blogsaverroes.juntadeandalucia.es\/ceipcesarbarrios\/files\/2020\/12\/Captura-de-pantalla-2020-12-11-a-las-22.06.13-219x300.png\" alt=\"\" width=\"219\" height=\"300\" srcset=\"https:\/\/blogsaverroes.juntadeandalucia.es\/ceipcesarbarrios\/files\/2020\/12\/Captura-de-pantalla-2020-12-11-a-las-22.06.13-219x300.png 219w, https:\/\/blogsaverroes.juntadeandalucia.es\/ceipcesarbarrios\/files\/2020\/12\/Captura-de-pantalla-2020-12-11-a-las-22.06.13-747x1024.png 747w, https:\/\/blogsaverroes.juntadeandalucia.es\/ceipcesarbarrios\/files\/2020\/12\/Captura-de-pantalla-2020-12-11-a-las-22.06.13-768x1052.png 768w, https:\/\/blogsaverroes.juntadeandalucia.es\/ceipcesarbarrios\/files\/2020\/12\/Captura-de-pantalla-2020-12-11-a-las-22.06.13-18x24.png 18w, https:\/\/blogsaverroes.juntadeandalucia.es\/ceipcesarbarrios\/files\/2020\/12\/Captura-de-pantalla-2020-12-11-a-las-22.06.13-26x36.png 26w, https:\/\/blogsaverroes.juntadeandalucia.es\/ceipcesarbarrios\/files\/2020\/12\/Captura-de-pantalla-2020-12-11-a-las-22.06.13-35x48.png 35w, https:\/\/blogsaverroes.juntadeandalucia.es\/ceipcesarbarrios\/files\/2020\/12\/Captura-de-pantalla-2020-12-11-a-las-22.06.13.png 902w\" sizes=\"(max-width: 219px) 100vw, 219px\" \/><\/a><\/div>\n","protected":false},"excerpt":{"rendered":"<p>La Consejer\u00eda de Educaci\u00f3n y Deporte y la Consejer\u00eda de Agricultura, Ganader\u00eda, Pesca y Desarrollo Sostenible ponen a disposici\u00f3n del sistema educativo andaluz el Programa Aldea, Educaci\u00f3n Ambiental para la Comunidad Educativa con el&#46;&#46;&#46;<\/p>\n","protected":false},"author":11723,"featured_media":0,"parent":0,"menu_order":0,"comment_status":"closed","ping_status":"closed","template":"","meta":{"ngg_post_thumbnail":0,"footnotes":"","_mc_calendar":[]},"aioseo_notices":[],"_links":{"self":[{"href":"https:\/\/blogsaverroes.juntadeandalucia.es\/ceipcesarbarrios\/wp-json\/wp\/v2\/pages\/2418"}],"collection":[{"href":"https:\/\/blogsaverroes.juntadeandalucia.es\/ceipcesarbarrios\/wp-json\/wp\/v2\/pages"}],"about":[{"href":"https:\/\/blogsaverroes.juntadeandalucia.es\/ceipcesarbarrios\/wp-json\/wp\/v2\/types\/page"}],"author":[{"embeddable":true,"href":"https:\/\/blogsaverroes.juntadeandalucia.es\/ceipcesarbarrios\/wp-json\/wp\/v2\/users\/11723"}],"replies":[{"embeddable":true,"href":"https:\/\/blogsaverroes.juntadeandalucia.es\/ceipcesarbarrios\/wp-json\/wp\/v2\/comments?post=2418"}],"version-history":[{"count":5,"href":"https:\/\/blogsaverroes.juntadeandalucia.es\/ceipcesarbarrios\/wp-json\/wp\/v2\/pages\/2418\/revisions"}],"predecessor-version":[{"id":4944,"href":"https:\/\/blogsaverroes.juntadeandalucia.es\/ceipcesarbarrios\/wp-json\/wp\/v2\/pages\/2418\/revisions\/4944"}],"wp:attachment":[{"href":"https:\/\/blogsaverroes.juntadeandalucia.es\/ceipcesarbarrios\/wp-json\/wp\/v2\/media?parent=2418"}],"curies":[{"name":"wp","href":"https:\/\/api.w.org\/{rel}","templated":true}]}}