{"id":2420,"date":"2020-12-10T10:13:01","date_gmt":"2020-12-10T10:13:01","guid":{"rendered":"https:\/\/blogsaverroes.juntadeandalucia.es\/ceipcesarbarrios\/?page_id=2420"},"modified":"2024-10-29T09:26:21","modified_gmt":"2024-10-29T09:26:21","slug":"escuela-espacio-de-paz","status":"publish","type":"page","link":"https:\/\/blogsaverroes.juntadeandalucia.es\/ceipcesarbarrios\/escuela-espacio-de-paz\/","title":{"rendered":"Escuela Espacio de paz"},"content":{"rendered":"<p style=\"text-align: justify\">Entre las se\u00f1as de identidad de los centros que integran la Red Andaluza \u00abEscuela: Espacio de Paz\u00bb destacan la promoci\u00f3n de los valores propios de una sociedad democr\u00e1tica, el respeto mutuo, la igualdad, el di\u00e1logo, la solidaridad y la resoluci\u00f3n pac\u00edfica de los conflictos, contando con la participaci\u00f3n de toda la comunidad educativa en la vida de los centros y la vinculaci\u00f3n e implicaci\u00f3n con su entorno.<\/p>\n<p><span style=\"font-family: Arial, sans-serif\"><span style=\"font-size: small\">Desde la Red Andaluza \u00abEscuela: Espacio de Paz\u00bb se proponen seis \u00e1mbitos de actuaci\u00f3n y profundizaci\u00f3n para la mejora de la convivencia escolar:<\/span><\/span><\/p>\n<ol>\n<li style=\"text-align: justify\"><span style=\"font-family: Arial, sans-serif\"><span style=\"font-size: small\">Mejora desde la gesti\u00f3n y organizaci\u00f3n.<\/span><\/span><\/li>\n<li style=\"text-align: justify\"><span style=\"font-family: Arial, sans-serif\"><span style=\"font-size: small\">Desarrollo de la participaci\u00f3n.<\/span><\/span><\/li>\n<li style=\"text-align: justify\"><span style=\"font-family: Arial, sans-serif\"><span style=\"font-size: small\">Promoci\u00f3n de la convivencia: desarrollo de valores, actitudes, habilidades y h\u00e1bitos.<\/span><\/span><\/li>\n<li style=\"text-align: justify\"><span style=\"font-family: Arial, sans-serif\"><span style=\"font-size: small\">Prevenci\u00f3n de situaciones de riesgo para la convivencia.<\/span><\/span><\/li>\n<li style=\"text-align: justify\"><span style=\"font-family: Arial, sans-serif\"><span style=\"font-size: small\">Intervenci\u00f3n ante conductas contrarias a la convivencia.<\/span><\/span><\/li>\n<li>\n<p style=\"text-align: justify\"><span style=\"font-family: Arial, sans-serif\"><span style=\"font-size: small\">Reeducaci\u00f3n de actitudes y restauraci\u00f3n de la convivencia.<\/span><\/span><\/p>\n<\/li>\n<\/ol>\n<p><a href=\"https:\/\/blogsaverroes.juntadeandalucia.es\/ceipcesarbarrios\/files\/2020\/12\/Captura-de-pantalla-2020-12-11-a-las-22.20.24.png\"><img loading=\"lazy\" decoding=\"async\" class=\"size-medium wp-image-2782 aligncenter\" src=\"https:\/\/blogsaverroes.juntadeandalucia.es\/ceipcesarbarrios\/files\/2020\/12\/Captura-de-pantalla-2020-12-11-a-las-22.20.24-213x300.png\" alt=\"\" width=\"213\" height=\"300\" srcset=\"https:\/\/blogsaverroes.juntadeandalucia.es\/ceipcesarbarrios\/files\/2020\/12\/Captura-de-pantalla-2020-12-11-a-las-22.20.24-213x300.png 213w, https:\/\/blogsaverroes.juntadeandalucia.es\/ceipcesarbarrios\/files\/2020\/12\/Captura-de-pantalla-2020-12-11-a-las-22.20.24-17x24.png 17w, https:\/\/blogsaverroes.juntadeandalucia.es\/ceipcesarbarrios\/files\/2020\/12\/Captura-de-pantalla-2020-12-11-a-las-22.20.24-26x36.png 26w, https:\/\/blogsaverroes.juntadeandalucia.es\/ceipcesarbarrios\/files\/2020\/12\/Captura-de-pantalla-2020-12-11-a-las-22.20.24-34x48.png 34w, https:\/\/blogsaverroes.juntadeandalucia.es\/ceipcesarbarrios\/files\/2020\/12\/Captura-de-pantalla-2020-12-11-a-las-22.20.24.png 490w\" sizes=\"(max-width: 213px) 100vw, 213px\" \/><\/a><\/p>\n<p>Coordinadora: <strong>Mar\u00eda M\u00e9ndez Ru\u00edz<\/strong>&nbsp; (curso 2024-2025)<\/p>\n","protected":false},"excerpt":{"rendered":"<p>Entre las se\u00f1as de identidad de los centros que integran la Red Andaluza \u00abEscuela: Espacio de Paz\u00bb destacan la promoci\u00f3n de los valores propios de una sociedad democr\u00e1tica, el respeto mutuo, la igualdad, el&#46;&#46;&#46;<\/p>\n","protected":false},"author":11723,"featured_media":0,"parent":0,"menu_order":0,"comment_status":"closed","ping_status":"closed","template":"","meta":{"ngg_post_thumbnail":0,"footnotes":"","_mc_calendar":[]},"aioseo_notices":[],"_links":{"self":[{"href":"https:\/\/blogsaverroes.juntadeandalucia.es\/ceipcesarbarrios\/wp-json\/wp\/v2\/pages\/2420"}],"collection":[{"href":"https:\/\/blogsaverroes.juntadeandalucia.es\/ceipcesarbarrios\/wp-json\/wp\/v2\/pages"}],"about":[{"href":"https:\/\/blogsaverroes.juntadeandalucia.es\/ceipcesarbarrios\/wp-json\/wp\/v2\/types\/page"}],"author":[{"embeddable":true,"href":"https:\/\/blogsaverroes.juntadeandalucia.es\/ceipcesarbarrios\/wp-json\/wp\/v2\/users\/11723"}],"replies":[{"embeddable":true,"href":"https:\/\/blogsaverroes.juntadeandalucia.es\/ceipcesarbarrios\/wp-json\/wp\/v2\/comments?post=2420"}],"version-history":[{"count":6,"href":"https:\/\/blogsaverroes.juntadeandalucia.es\/ceipcesarbarrios\/wp-json\/wp\/v2\/pages\/2420\/revisions"}],"predecessor-version":[{"id":5806,"href":"https:\/\/blogsaverroes.juntadeandalucia.es\/ceipcesarbarrios\/wp-json\/wp\/v2\/pages\/2420\/revisions\/5806"}],"wp:attachment":[{"href":"https:\/\/blogsaverroes.juntadeandalucia.es\/ceipcesarbarrios\/wp-json\/wp\/v2\/media?parent=2420"}],"curies":[{"name":"wp","href":"https:\/\/api.w.org\/{rel}","templated":true}]}}