{"id":2421,"date":"2020-12-10T10:13:01","date_gmt":"2020-12-10T10:13:01","guid":{"rendered":"https:\/\/blogsaverroes.juntadeandalucia.es\/ceipcesarbarrios\/?page_id=2421"},"modified":"2024-10-29T09:25:21","modified_gmt":"2024-10-29T09:25:21","slug":"igualdad","status":"publish","type":"page","link":"https:\/\/blogsaverroes.juntadeandalucia.es\/ceipcesarbarrios\/igualdad\/","title":{"rendered":"Igualdad"},"content":{"rendered":"<p style=\"text-align: justify\">El<strong>&nbsp;II Plan Estrat\u00e9gico de Igualdad de G\u00e9nero en Educaci\u00f3n<\/strong>&nbsp;propone actuaciones en este mismo sentido a favor de los derechos de las mujeres y adem\u00e1s, incorpora actuaciones que incidan en la cultura real que sustenta la desigualdad, con actuaciones a favor de los hombres y de las mujeres en aquellas desigualdades espec\u00edficas que produce la tradicional socializaci\u00f3n diferenciada.<\/p>\n<p style=\"text-align: justify\">De esta forma tanto las chicas como los chicos refuerzan los aspectos que, en cada caso, les son favorables y recuperan los que se les hab\u00eda prohibido, posibilitando su pleno desarrollo como personas.<\/p>\n<p style=\"text-align: justify\">El II Plan contribuye a fomentar, desde esta doble mirada a favor de las mujeres y a favor de los hombres, planteamientos cooperativos de \u201cyo gano, t\u00fa ganas\u201d, que configuran los pilares b\u00e1sicos de una sociedad igualitaria y justa.<\/p>\n<p><a href=\"https:\/\/www.juntadeandalucia.es\/boja\/2016\/41\/BOJA16-041-00023-3564-01_00086188.pdf\">https:\/\/www.juntadeandalucia.es\/boja\/2016\/41\/BOJA16-041-00023-3564-01_00086188.pdf<\/a><\/p>\n<p><a href=\"https:\/\/blogsaverroes.juntadeandalucia.es\/ceipcesarbarrios\/files\/2020\/12\/Captura-de-pantalla-2020-12-11-a-las-21.51.07.png\"><img loading=\"lazy\" decoding=\"async\" class=\"alignnone size-medium wp-image-2767\" src=\"https:\/\/blogsaverroes.juntadeandalucia.es\/ceipcesarbarrios\/files\/2020\/12\/Captura-de-pantalla-2020-12-11-a-las-21.51.07-300x209.png\" alt=\"\" width=\"300\" height=\"209\" srcset=\"https:\/\/blogsaverroes.juntadeandalucia.es\/ceipcesarbarrios\/files\/2020\/12\/Captura-de-pantalla-2020-12-11-a-las-21.51.07-300x209.png 300w, https:\/\/blogsaverroes.juntadeandalucia.es\/ceipcesarbarrios\/files\/2020\/12\/Captura-de-pantalla-2020-12-11-a-las-21.51.07-24x17.png 24w, https:\/\/blogsaverroes.juntadeandalucia.es\/ceipcesarbarrios\/files\/2020\/12\/Captura-de-pantalla-2020-12-11-a-las-21.51.07-36x25.png 36w, https:\/\/blogsaverroes.juntadeandalucia.es\/ceipcesarbarrios\/files\/2020\/12\/Captura-de-pantalla-2020-12-11-a-las-21.51.07-48x33.png 48w, https:\/\/blogsaverroes.juntadeandalucia.es\/ceipcesarbarrios\/files\/2020\/12\/Captura-de-pantalla-2020-12-11-a-las-21.51.07.png 482w\" sizes=\"(max-width: 300px) 100vw, 300px\" \/><\/a><\/p>\n<p>&nbsp;<\/p>\n<p>Coordinadora: <strong>Cinta Ram\u00edrez de los Santos<\/strong>&nbsp; (curso 2024-2025)<\/p>\n","protected":false},"excerpt":{"rendered":"<p>El&nbsp;II Plan Estrat\u00e9gico de Igualdad de G\u00e9nero en Educaci\u00f3n&nbsp;propone actuaciones en este mismo sentido a favor de los derechos de las mujeres y adem\u00e1s, incorpora actuaciones que incidan en la cultura real que sustenta&#46;&#46;&#46;<\/p>\n","protected":false},"author":11723,"featured_media":0,"parent":0,"menu_order":0,"comment_status":"closed","ping_status":"closed","template":"","meta":{"ngg_post_thumbnail":0,"footnotes":"","_mc_calendar":[]},"aioseo_notices":[],"_links":{"self":[{"href":"https:\/\/blogsaverroes.juntadeandalucia.es\/ceipcesarbarrios\/wp-json\/wp\/v2\/pages\/2421"}],"collection":[{"href":"https:\/\/blogsaverroes.juntadeandalucia.es\/ceipcesarbarrios\/wp-json\/wp\/v2\/pages"}],"about":[{"href":"https:\/\/blogsaverroes.juntadeandalucia.es\/ceipcesarbarrios\/wp-json\/wp\/v2\/types\/page"}],"author":[{"embeddable":true,"href":"https:\/\/blogsaverroes.juntadeandalucia.es\/ceipcesarbarrios\/wp-json\/wp\/v2\/users\/11723"}],"replies":[{"embeddable":true,"href":"https:\/\/blogsaverroes.juntadeandalucia.es\/ceipcesarbarrios\/wp-json\/wp\/v2\/comments?post=2421"}],"version-history":[{"count":5,"href":"https:\/\/blogsaverroes.juntadeandalucia.es\/ceipcesarbarrios\/wp-json\/wp\/v2\/pages\/2421\/revisions"}],"predecessor-version":[{"id":5804,"href":"https:\/\/blogsaverroes.juntadeandalucia.es\/ceipcesarbarrios\/wp-json\/wp\/v2\/pages\/2421\/revisions\/5804"}],"wp:attachment":[{"href":"https:\/\/blogsaverroes.juntadeandalucia.es\/ceipcesarbarrios\/wp-json\/wp\/v2\/media?parent=2421"}],"curies":[{"name":"wp","href":"https:\/\/api.w.org\/{rel}","templated":true}]}}