{"id":2460,"date":"2020-12-10T10:45:57","date_gmt":"2020-12-10T10:45:57","guid":{"rendered":"https:\/\/blogsaverroes.juntadeandalucia.es\/ceipcesarbarrios\/?page_id=2460"},"modified":"2023-11-17T09:01:11","modified_gmt":"2023-11-17T09:01:11","slug":"informacion-3","status":"publish","type":"page","link":"https:\/\/blogsaverroes.juntadeandalucia.es\/ceipcesarbarrios\/informacion-3\/","title":{"rendered":"Informaci\u00f3n"},"content":{"rendered":"<p style=\"text-align: justify\">La AMPA, es una asociaci\u00f3n sin \u00e1nimo de lucro formada por padres y madres del alumnado de un Centro educativo, cuya finalidad es la de participar e intervenir en la gesti\u00f3n del centro, para as\u00ed colaborar en el proceso de ense\u00f1anza-aprendizaje de los ni\u00f1os\/as y lograr un buen clima de convivencia en el mismo.<\/p>\n<p style=\"text-align: justify\">Nuestra participaci\u00f3n en el centro siempre ha sido y ser\u00e1 fundamental para las mejoras de \u00e9ste, apoyando especialmente a los alumnos\/as que lo componen. &nbsp;Adem\u00e1s, nos encargamos de organizar actividades, asumiendo los derechos y deberes que se deben cumplir en las mismas, transmitiendo y asesorando as\u00ed, a las familias sobre las normas y decisiones que se toman en el Centro educativo.<\/p>\n<p style=\"text-align: justify\">El AMPA Rodrigo de Triana se cre\u00f3 el 8 de octubre de 1981 y actualmente su Junta directiva est\u00e1 formada por los siguientes miembros:<\/p>\n<p style=\"text-align: justify\"><strong>Presidenta, Mar\u00eda Jos\u00e9 Prieto Prieto<\/strong><\/p>\n<p style=\"text-align: justify\"><strong>Vicepresidenta, Mar\u00eda Isabel Ponce L\u00f3pez<\/strong><\/p>\n<p style=\"text-align: justify\"><strong>Secretaria, Mar\u00eda Virtudes Terrada Correa<\/strong><\/p>\n<p style=\"text-align: justify\"><strong>Tesorera, Lidia Salvador Cruz.<\/strong><\/p>\n<p style=\"text-align: justify\">Adem\u00e1s, colaboran los siguientes vocales:<\/p>\n<p style=\"text-align: justify\"><strong>Mar\u00eda Jos\u00e9 Prieto Prieto, Lulucan Laura Mariana, Mar\u00eda Isabel Ponce L\u00f3pez, Antonia Bella Santana Santana, Mar\u00eda Jos\u00e9 Hurtado L\u00f3pez, Mar\u00eda Jos\u00e9 Leiva Santana, Miriam Rodr\u00edguez Ortiz.<\/strong><\/p>\n<p style=\"text-align: justify\">Con todo nuestro cari\u00f1o plasmado de buenas intenciones, animamos a todas las familias del centro a formar parte de esta asociaci\u00f3n, para as\u00ed colaborar y ayudar en la mejora del proceso educativo de nuestros ni\u00f1os\/as.<\/p>\n<p>&nbsp;<\/p>\n<p><a href=\"https:\/\/blogsaverroes.juntadeandalucia.es\/ceipcesarbarrios\/files\/2020\/12\/14c0dceb-dc2b-4138-8157-b34e99929b7a.jpg\"><img loading=\"lazy\" decoding=\"async\" class=\"alignnone size-medium wp-image-2784\" src=\"https:\/\/blogsaverroes.juntadeandalucia.es\/ceipcesarbarrios\/files\/2020\/12\/14c0dceb-dc2b-4138-8157-b34e99929b7a-300x225.jpg\" alt=\"\" width=\"300\" height=\"225\" srcset=\"https:\/\/blogsaverroes.juntadeandalucia.es\/ceipcesarbarrios\/files\/2020\/12\/14c0dceb-dc2b-4138-8157-b34e99929b7a-300x225.jpg 300w, https:\/\/blogsaverroes.juntadeandalucia.es\/ceipcesarbarrios\/files\/2020\/12\/14c0dceb-dc2b-4138-8157-b34e99929b7a-1024x768.jpg 1024w, https:\/\/blogsaverroes.juntadeandalucia.es\/ceipcesarbarrios\/files\/2020\/12\/14c0dceb-dc2b-4138-8157-b34e99929b7a-768x576.jpg 768w, https:\/\/blogsaverroes.juntadeandalucia.es\/ceipcesarbarrios\/files\/2020\/12\/14c0dceb-dc2b-4138-8157-b34e99929b7a-1536x1152.jpg 1536w, https:\/\/blogsaverroes.juntadeandalucia.es\/ceipcesarbarrios\/files\/2020\/12\/14c0dceb-dc2b-4138-8157-b34e99929b7a-24x18.jpg 24w, https:\/\/blogsaverroes.juntadeandalucia.es\/ceipcesarbarrios\/files\/2020\/12\/14c0dceb-dc2b-4138-8157-b34e99929b7a-36x27.jpg 36w, https:\/\/blogsaverroes.juntadeandalucia.es\/ceipcesarbarrios\/files\/2020\/12\/14c0dceb-dc2b-4138-8157-b34e99929b7a-48x36.jpg 48w, https:\/\/blogsaverroes.juntadeandalucia.es\/ceipcesarbarrios\/files\/2020\/12\/14c0dceb-dc2b-4138-8157-b34e99929b7a.jpg 1600w\" sizes=\"(max-width: 300px) 100vw, 300px\" \/><\/a><a href=\"https:\/\/blogsaverroes.juntadeandalucia.es\/ceipcesarbarrios\/files\/2020\/12\/5c9623aa-1ed3-41e9-9283-e518509bfb0d.jpg\"><img loading=\"lazy\" decoding=\"async\" class=\"alignnone size-medium wp-image-2785\" src=\"https:\/\/blogsaverroes.juntadeandalucia.es\/ceipcesarbarrios\/files\/2020\/12\/5c9623aa-1ed3-41e9-9283-e518509bfb0d-300x225.jpg\" alt=\"\" width=\"300\" height=\"225\" srcset=\"https:\/\/blogsaverroes.juntadeandalucia.es\/ceipcesarbarrios\/files\/2020\/12\/5c9623aa-1ed3-41e9-9283-e518509bfb0d-300x225.jpg 300w, https:\/\/blogsaverroes.juntadeandalucia.es\/ceipcesarbarrios\/files\/2020\/12\/5c9623aa-1ed3-41e9-9283-e518509bfb0d-1024x768.jpg 1024w, https:\/\/blogsaverroes.juntadeandalucia.es\/ceipcesarbarrios\/files\/2020\/12\/5c9623aa-1ed3-41e9-9283-e518509bfb0d-768x576.jpg 768w, https:\/\/blogsaverroes.juntadeandalucia.es\/ceipcesarbarrios\/files\/2020\/12\/5c9623aa-1ed3-41e9-9283-e518509bfb0d-1536x1152.jpg 1536w, https:\/\/blogsaverroes.juntadeandalucia.es\/ceipcesarbarrios\/files\/2020\/12\/5c9623aa-1ed3-41e9-9283-e518509bfb0d-24x18.jpg 24w, https:\/\/blogsaverroes.juntadeandalucia.es\/ceipcesarbarrios\/files\/2020\/12\/5c9623aa-1ed3-41e9-9283-e518509bfb0d-36x27.jpg 36w, https:\/\/blogsaverroes.juntadeandalucia.es\/ceipcesarbarrios\/files\/2020\/12\/5c9623aa-1ed3-41e9-9283-e518509bfb0d-48x36.jpg 48w, https:\/\/blogsaverroes.juntadeandalucia.es\/ceipcesarbarrios\/files\/2020\/12\/5c9623aa-1ed3-41e9-9283-e518509bfb0d.jpg 1600w\" sizes=\"(max-width: 300px) 100vw, 300px\" \/><\/a><\/p>\n","protected":false},"excerpt":{"rendered":"<p>La AMPA, es una asociaci\u00f3n sin \u00e1nimo de lucro formada por padres y madres del alumnado de un Centro educativo, cuya finalidad es la de participar e intervenir en la gesti\u00f3n del centro, para&#46;&#46;&#46;<\/p>\n","protected":false},"author":11723,"featured_media":0,"parent":0,"menu_order":0,"comment_status":"closed","ping_status":"closed","template":"","meta":{"ngg_post_thumbnail":0,"footnotes":"","_mc_calendar":[]},"aioseo_notices":[],"_links":{"self":[{"href":"https:\/\/blogsaverroes.juntadeandalucia.es\/ceipcesarbarrios\/wp-json\/wp\/v2\/pages\/2460"}],"collection":[{"href":"https:\/\/blogsaverroes.juntadeandalucia.es\/ceipcesarbarrios\/wp-json\/wp\/v2\/pages"}],"about":[{"href":"https:\/\/blogsaverroes.juntadeandalucia.es\/ceipcesarbarrios\/wp-json\/wp\/v2\/types\/page"}],"author":[{"embeddable":true,"href":"https:\/\/blogsaverroes.juntadeandalucia.es\/ceipcesarbarrios\/wp-json\/wp\/v2\/users\/11723"}],"replies":[{"embeddable":true,"href":"https:\/\/blogsaverroes.juntadeandalucia.es\/ceipcesarbarrios\/wp-json\/wp\/v2\/comments?post=2460"}],"version-history":[{"count":7,"href":"https:\/\/blogsaverroes.juntadeandalucia.es\/ceipcesarbarrios\/wp-json\/wp\/v2\/pages\/2460\/revisions"}],"predecessor-version":[{"id":5433,"href":"https:\/\/blogsaverroes.juntadeandalucia.es\/ceipcesarbarrios\/wp-json\/wp\/v2\/pages\/2460\/revisions\/5433"}],"wp:attachment":[{"href":"https:\/\/blogsaverroes.juntadeandalucia.es\/ceipcesarbarrios\/wp-json\/wp\/v2\/media?parent=2460"}],"curies":[{"name":"wp","href":"https:\/\/api.w.org\/{rel}","templated":true}]}}