{"id":2481,"date":"2020-12-10T12:05:06","date_gmt":"2020-12-10T12:05:06","guid":{"rendered":"https:\/\/blogsaverroes.juntadeandalucia.es\/ceipcesarbarrios\/?page_id=2481"},"modified":"2024-10-23T11:58:37","modified_gmt":"2024-10-23T11:58:37","slug":"datos-del-centro","status":"publish","type":"page","link":"https:\/\/blogsaverroes.juntadeandalucia.es\/ceipcesarbarrios\/aldea\/datos-del-centro\/","title":{"rendered":"Datos del Centro"},"content":{"rendered":"<p><em><strong>DATOS:<\/strong><\/em><\/p>\n<ul>\n<li>DIRECCI\u00d3N: C\/ Pescadores S\/N<\/li>\n<li>TEL\u00c9FONO: 959 48 95 09<\/li>\n<li>FAX: 959 48 95 10<\/li>\n<li>CORREO CORPORATIVO: <a href=\"mailto:21003438.edu@juntadeandalucia.es\">21003438.edu@juntadeandalucia.es<\/a><\/li>\n<li>C\u00d3DIGO DEL CENTRO: 21003438<\/li>\n<\/ul>\n<hr>\n<p><em><strong>HORARIO ATENCI\u00d3N AL P\u00daBLICO:<\/strong><\/em><\/p>\n<p>La atenci\u00f3n al p\u00fablico se realizar\u00e1 en los siguientes d\u00edas:<\/p>\n<ul>\n<li>SECRETAR\u00cdA: De lunes a viernes (9:30 A 12:00)<\/li>\n<li>DIRECCI\u00d3N:&nbsp; Mi\u00e9rcoles<\/li>\n<li>TUTOR\u00cdAS FAMILIAS: Lunes 16:30-17:30&nbsp;<\/li>\n<\/ul>\n","protected":false},"excerpt":{"rendered":"<p>DATOS: DIRECCI\u00d3N: C\/ Pescadores S\/N TEL\u00c9FONO: 959 48 95 09 FAX: 959 48 95 10 CORREO CORPORATIVO: 21003438.edu@juntadeandalucia.es C\u00d3DIGO DEL CENTRO: 21003438 HORARIO ATENCI\u00d3N AL P\u00daBLICO: La atenci\u00f3n al p\u00fablico se realizar\u00e1 en los&#46;&#46;&#46;<\/p>\n","protected":false},"author":11723,"featured_media":0,"parent":2418,"menu_order":0,"comment_status":"closed","ping_status":"closed","template":"","meta":{"ngg_post_thumbnail":0,"footnotes":"","_mc_calendar":[]},"aioseo_notices":[],"_links":{"self":[{"href":"https:\/\/blogsaverroes.juntadeandalucia.es\/ceipcesarbarrios\/wp-json\/wp\/v2\/pages\/2481"}],"collection":[{"href":"https:\/\/blogsaverroes.juntadeandalucia.es\/ceipcesarbarrios\/wp-json\/wp\/v2\/pages"}],"about":[{"href":"https:\/\/blogsaverroes.juntadeandalucia.es\/ceipcesarbarrios\/wp-json\/wp\/v2\/types\/page"}],"author":[{"embeddable":true,"href":"https:\/\/blogsaverroes.juntadeandalucia.es\/ceipcesarbarrios\/wp-json\/wp\/v2\/users\/11723"}],"replies":[{"embeddable":true,"href":"https:\/\/blogsaverroes.juntadeandalucia.es\/ceipcesarbarrios\/wp-json\/wp\/v2\/comments?post=2481"}],"version-history":[{"count":4,"href":"https:\/\/blogsaverroes.juntadeandalucia.es\/ceipcesarbarrios\/wp-json\/wp\/v2\/pages\/2481\/revisions"}],"predecessor-version":[{"id":5796,"href":"https:\/\/blogsaverroes.juntadeandalucia.es\/ceipcesarbarrios\/wp-json\/wp\/v2\/pages\/2481\/revisions\/5796"}],"up":[{"embeddable":true,"href":"https:\/\/blogsaverroes.juntadeandalucia.es\/ceipcesarbarrios\/wp-json\/wp\/v2\/pages\/2418"}],"wp:attachment":[{"href":"https:\/\/blogsaverroes.juntadeandalucia.es\/ceipcesarbarrios\/wp-json\/wp\/v2\/media?parent=2481"}],"curies":[{"name":"wp","href":"https:\/\/api.w.org\/{rel}","templated":true}]}}