{"id":2523,"date":"2020-12-10T17:33:34","date_gmt":"2020-12-10T17:33:34","guid":{"rendered":"https:\/\/blogsaverroes.juntadeandalucia.es\/ceipcesarbarrios\/?page_id=2523"},"modified":"2021-03-04T12:45:33","modified_gmt":"2021-03-04T12:45:33","slug":"plazos","status":"publish","type":"page","link":"https:\/\/blogsaverroes.juntadeandalucia.es\/ceipcesarbarrios\/plazos\/","title":{"rendered":"Plazos"},"content":{"rendered":"<p><strong>PROCESO ORDINARIO:<\/strong><\/p>\n<p><em>MARZO: (Hasta el 31 de marzo incluido)<\/em><\/p>\n<ul style=\"list-style-type: circle\">\n<li>En marzo participa en el proceso de admisi\u00f3n exclusivamente el alumnado que ingrese a Infantil de 3 a\u00f1os o aquel que quiera solicitar un traslado de matr\u00edcula a otro centro educativo para el siguiente curso escolar.<\/li>\n<\/ul>\n<p><em>JUNIO:&nbsp;<\/em><\/p>\n<ul style=\"list-style-type: circle\">\n<li>En junio renovar\u00e1 la matr\u00edcula el alumnado que contin\u00fae en el mismo centro educativo el siguiente curso escolar.<\/li>\n<\/ul>\n<p><strong>PROCESO EXTRAORDINARIO:<\/strong><\/p>\n<ul style=\"list-style-type: circle\">\n<li>En cualquier momento del curso podr\u00e1 solicitar plaza en un centro educativo aquel alumnado que venga trasladado de otra localidad y no tenga centro asignado. En ning\u00fan otro caso puede solicitarse colegio o cambio del mismo fuera del proceso ordinario.<\/li>\n<li>Ser\u00e1 necesario para poder realizar dicha matriculaci\u00f3n, aportar bien contrato de trabajo (con sede de la empresa en la localidad) o bien certificado de empadronamiento en Lepe.<\/li>\n<\/ul>\n","protected":false},"excerpt":{"rendered":"<p>PROCESO ORDINARIO: MARZO: (Hasta el 31 de marzo incluido) En marzo participa en el proceso de admisi\u00f3n exclusivamente el alumnado que ingrese a Infantil de 3 a\u00f1os o aquel que quiera solicitar un traslado&#46;&#46;&#46;<\/p>\n","protected":false},"author":11723,"featured_media":0,"parent":0,"menu_order":0,"comment_status":"closed","ping_status":"closed","template":"","meta":{"ngg_post_thumbnail":0,"footnotes":"","_mc_calendar":[]},"aioseo_notices":[],"_links":{"self":[{"href":"https:\/\/blogsaverroes.juntadeandalucia.es\/ceipcesarbarrios\/wp-json\/wp\/v2\/pages\/2523"}],"collection":[{"href":"https:\/\/blogsaverroes.juntadeandalucia.es\/ceipcesarbarrios\/wp-json\/wp\/v2\/pages"}],"about":[{"href":"https:\/\/blogsaverroes.juntadeandalucia.es\/ceipcesarbarrios\/wp-json\/wp\/v2\/types\/page"}],"author":[{"embeddable":true,"href":"https:\/\/blogsaverroes.juntadeandalucia.es\/ceipcesarbarrios\/wp-json\/wp\/v2\/users\/11723"}],"replies":[{"embeddable":true,"href":"https:\/\/blogsaverroes.juntadeandalucia.es\/ceipcesarbarrios\/wp-json\/wp\/v2\/comments?post=2523"}],"version-history":[{"count":5,"href":"https:\/\/blogsaverroes.juntadeandalucia.es\/ceipcesarbarrios\/wp-json\/wp\/v2\/pages\/2523\/revisions"}],"predecessor-version":[{"id":3551,"href":"https:\/\/blogsaverroes.juntadeandalucia.es\/ceipcesarbarrios\/wp-json\/wp\/v2\/pages\/2523\/revisions\/3551"}],"wp:attachment":[{"href":"https:\/\/blogsaverroes.juntadeandalucia.es\/ceipcesarbarrios\/wp-json\/wp\/v2\/media?parent=2523"}],"curies":[{"name":"wp","href":"https:\/\/api.w.org\/{rel}","templated":true}]}}