{"id":2614,"date":"2020-12-10T21:17:57","date_gmt":"2020-12-10T21:17:57","guid":{"rendered":"https:\/\/blogsaverroes.juntadeandalucia.es\/ceipcesarbarrios\/?page_id=2614"},"modified":"2024-10-23T11:03:54","modified_gmt":"2024-10-23T11:03:54","slug":"el-proyecto-educativo","status":"publish","type":"page","link":"https:\/\/blogsaverroes.juntadeandalucia.es\/ceipcesarbarrios\/el-proyecto-educativo\/","title":{"rendered":"El Proyecto Educativo"},"content":{"rendered":"<p style=\"text-align: justify\">El proyecto educativo de centro es un documento pedag\u00f3gico elaborado por y para la comunidad educativa. El PEC es el marco de referencia ya que recoge de forma detallada <strong>la identidad, objetivos y organizaci\u00f3n de un centro educativo<\/strong> con el objetivo de dar respuesta eficaz a las necesidades y demandas que se puedan presentar a lo largo del curso escolar. Se trata de un documento institucional de planificaci\u00f3n educativa que establece los valores, los objetivos y las prioridades de actuaci\u00f3n del centro.Tambi\u00e9n debe incorporar la concreci\u00f3n de los curr\u00edculos aprobados por la administraci\u00f3n educativa, as\u00ed como el tratamiento transversal de la educaci\u00f3n en valores. El presente Proyecto educativo, se elabora acorde a la LOMLOE y a las gu\u00edas de inspecci\u00f3n para tal efecto.<\/p>\n<p style=\"text-align: center\"><em><strong>Pincha en los enlaces para acceder al Proyecto Educativo del Centro<\/strong><\/em><\/p>\n<p style=\"text-align: justify\"><a href=\"https:\/\/blogsaverroes.juntadeandalucia.es\/ceipcesarbarrios\/files\/2023\/11\/1.-OBJETIVOS-PROPIOS-PARA-LA-MEJORA-DEL-DESARROLLO-DE-LAS-COMPETENCIAS-CLAVE-PREVISTAS-EN-LOS-PERFILES-COMPETENCIALES.-1.pdf\">1. OBJETIVOS PROPIOS PARA LA MEJORA DEL DESARROLLO DE LAS COMPETENCIAS CLAVE PREVISTAS EN LOS PERFILES COMPETENCIALES.<\/a><\/p>\n<p style=\"text-align: justify\"><a href=\"https:\/\/blogsaverroes.juntadeandalucia.es\/ceipcesarbarrios\/files\/2023\/11\/2.FINALIDADES-EDUCATIVAS.-1.pdf\">2.FINALIDADES EDUCATIVAS.<\/a><\/p>\n<p style=\"text-align: justify\"><a href=\"https:\/\/blogsaverroes.juntadeandalucia.es\/ceipcesarbarrios\/files\/2023\/11\/4.CRITERIOS-PEDAGO\u0301GICOS-PARA-ORGANIZACION-DE-COORDINACIO\u0301N-DOCENTE.pdf\">4.CRITERIOS PEDAGO\u0301GICOS PARA ORGANIZACION DE COORDINACIO\u0301N DOCENTE<\/a><\/p>\n<p style=\"text-align: justify\"><a href=\"https:\/\/blogsaverroes.juntadeandalucia.es\/ceipcesarbarrios\/files\/2023\/11\/5-LOS-PROCEDIMIENTOS-Y-CRITERIOS-DE-EVALUACIO\u0301N-Y-PROMOCIO\u0301N-DEL-ALUMNADO..pdf\">5 LOS PROCEDIMIENTOS Y CRITERIOS DE EVALUACIO\u0301N Y PROMOCIO\u0301N DEL ALUMNADO.<\/a><\/p>\n<p><a href=\"https:\/\/blogsaverroes.juntadeandalucia.es\/ceipcesarbarrios\/files\/2024\/10\/6.-PLAN-ATENCION-DIVERSIDAD-1.pdf\">6. PLAN ATENCION DIVERSIDAD<\/a><\/p>\n<p style=\"text-align: justify\"><a href=\"https:\/\/blogsaverroes.juntadeandalucia.es\/ceipcesarbarrios\/files\/2023\/11\/7.RECUPERACION-AREAS-PENDIENTES.pdf\">7.RECUPERACION AREAS PENDIENTES<\/a><\/p>\n<p style=\"text-align: justify\"><a href=\"https:\/\/blogsaverroes.juntadeandalucia.es\/ceipcesarbarrios\/files\/2023\/11\/8.PLAN-DE-ORIENTACIO\u0301N-Y-ACCCIO\u0301N-TUTORIAL-POAT.pdf\">8.PLAN DE ORIENTACIO\u0301N Y ACCCIO\u0301N TUTORIAL (POAT)<\/a><\/p>\n<p style=\"text-align: justify\"><a href=\"https:\/\/blogsaverroes.juntadeandalucia.es\/ceipcesarbarrios\/files\/2023\/11\/9.-PROCEDIMIENTOS-PARA-SUSCRIBRIR-COMPROMISOS-EDUCATIVOS-Y-DE-CONVIVENCIA.pdf\">9. PROCEDIMIENTOS PARA SUSCRIBRIR COMPROMISOS EDUCATIVOS Y DE CONVIVENCIA<\/a><\/p>\n<p style=\"text-align: justify\"><a href=\"https:\/\/blogsaverroes.juntadeandalucia.es\/ceipcesarbarrios\/files\/2023\/11\/10.PLAN-DE-CONVIVENCIA.pdf\">10.PLAN DE CONVIVENCIA<\/a><\/p>\n<p style=\"text-align: justify\"><a href=\"https:\/\/blogsaverroes.juntadeandalucia.es\/ceipcesarbarrios\/files\/2023\/11\/10.1-ANEXO-AULA-DE-CONVIVENCIA.pdf\">10.1 ANEXO AULA DE CONVIVENCIA<\/a><\/p>\n<p style=\"text-align: justify\"><a href=\"https:\/\/blogsaverroes.juntadeandalucia.es\/ceipcesarbarrios\/files\/2023\/11\/11.-PLAN-DE-FORMACIO\u0301N-DEL-PROFESORADO..pdf\">11. PLAN DE FORMACIO\u0301N DEL PROFESORADO.<\/a><\/p>\n<p style=\"text-align: justify\"><a href=\"https:\/\/blogsaverroes.juntadeandalucia.es\/ceipcesarbarrios\/files\/2023\/11\/12.-CRITERIOS-PARA-ORGANIZAR-Y-DISTRIBUIR-EL-TIEMPO-ESCOLAR..pdf\">12. CRITERIOS PARA ORGANIZAR Y DISTRIBUIR EL TIEMPO ESCOLAR.<\/a><\/p>\n<p style=\"text-align: justify\"><a href=\"https:\/\/blogsaverroes.juntadeandalucia.es\/ceipcesarbarrios\/files\/2023\/11\/13.PROCEDIMIENTOS-DE-EVALUACION-INTERNA.pdf\">13.PROCEDIMIENTOS DE EVALUACION INTERNA<\/a><\/p>\n<p style=\"text-align: justify\"><a href=\"https:\/\/blogsaverroes.juntadeandalucia.es\/ceipcesarbarrios\/files\/2023\/11\/14.CRITERIOS-PARA-ESTABLECER-AGRUPAMIENTOS-DE-ALUMNADO-Y-TUTORIAS.pdf\">14.CRITERIOS PARA ESTABLECER AGRUPAMIENTOS DE ALUMNADO Y TUTORIAS<\/a><\/p>\n<p style=\"text-align: justify\"><a href=\"https:\/\/blogsaverroes.juntadeandalucia.es\/ceipcesarbarrios\/files\/2023\/11\/16.-PLANES-ESTRATE\u0301GICOS-PLANES-Y-PROYECTOS-DESARROLLADOS-EN-EL-CENTRO.pdf\">16. PLANES ESTRATE\u0301GICOS (PLANES Y PROYECTOS DESARROLLADOS EN EL CENTRO)<\/a><\/p>\n<p style=\"text-align: justify\"><a href=\"https:\/\/blogsaverroes.juntadeandalucia.es\/ceipcesarbarrios\/files\/2023\/11\/17.PROGRAMA-DE-TRA\u0301NSITO.pdf\">17.PROGRAMA DE TRA\u0301NSITO<\/a><\/p>\n<p style=\"text-align: justify\"><a href=\"https:\/\/blogsaverroes.juntadeandalucia.es\/ceipcesarbarrios\/files\/2023\/11\/17.1-ANEXO-CALENDARIO-TRANSITO-23-24.pdf\">17.1 ANEXO CALENDARIO TRANSITO 23-24<\/a><\/p>\n<p style=\"text-align: justify\"><a href=\"https:\/\/blogsaverroes.juntadeandalucia.es\/ceipcesarbarrios\/files\/2023\/11\/18.PLAN-DE-APOYO-Y-REFUERZO-Y-RECUPERACIO\u0301N-DE-LOS-APRENDIZAJES-NO-ADQUIRIDOS.pdf\">18.PLAN DE APOYO Y REFUERZO Y RECUPERACIO\u0301N DE LOS APRENDIZAJES NO ADQUIRIDOS<\/a><\/p>\n<p style=\"text-align: justify\"><a href=\"https:\/\/blogsaverroes.juntadeandalucia.es\/ceipcesarbarrios\/files\/2023\/11\/19.PLAN-ACOGIDA.pdf\">19.PLAN ACOGIDA<\/a><\/p>\n<p style=\"text-align: justify\"><a href=\"https:\/\/blogsaverroes.juntadeandalucia.es\/ceipcesarbarrios\/files\/2023\/11\/20.PROGRAMA-PTIS.pdf\">20.PROGRAMA PTIS<\/a><\/p>\n<p style=\"text-align: justify\"><a href=\"https:\/\/blogsaverroes.juntadeandalucia.es\/ceipcesarbarrios\/files\/2023\/11\/21.Plan-EOE-23-24.pdf\">21.Plan EOE 23-24<\/a><\/p>\n<p style=\"text-align: justify\"><a href=\"https:\/\/blogsaverroes.juntadeandalucia.es\/ceipcesarbarrios\/files\/2023\/11\/22.-LISTA-DE-COTEJO.pdf\">22. LISTA DE COTEJO<\/a><\/p>\n<p style=\"text-align: justify\"><a href=\"https:\/\/blogsaverroes.juntadeandalucia.es\/ceipcesarbarrios\/files\/2023\/11\/23.Plan-Compensacio\u0301n-Educativa-202324.pdf\">23.Plan Compensacio\u0301n Educativa 202324<\/a><\/p>\n<p><a href=\"https:\/\/blogsaverroes.juntadeandalucia.es\/ceipcesarbarrios\/files\/2024\/10\/24.-PAD.pdf\">24. PAD<\/a><\/p>\n<p>&nbsp;<\/p>\n<p>&nbsp;<\/p>\n","protected":false},"excerpt":{"rendered":"<p>El proyecto educativo de centro es un documento pedag\u00f3gico elaborado por y para la comunidad educativa. El PEC es el marco de referencia ya que recoge de forma detallada la identidad, objetivos y organizaci\u00f3n&#46;&#46;&#46;<\/p>\n","protected":false},"author":11723,"featured_media":0,"parent":0,"menu_order":0,"comment_status":"closed","ping_status":"closed","template":"","meta":{"ngg_post_thumbnail":0,"footnotes":"","_mc_calendar":[]},"aioseo_notices":[],"_links":{"self":[{"href":"https:\/\/blogsaverroes.juntadeandalucia.es\/ceipcesarbarrios\/wp-json\/wp\/v2\/pages\/2614"}],"collection":[{"href":"https:\/\/blogsaverroes.juntadeandalucia.es\/ceipcesarbarrios\/wp-json\/wp\/v2\/pages"}],"about":[{"href":"https:\/\/blogsaverroes.juntadeandalucia.es\/ceipcesarbarrios\/wp-json\/wp\/v2\/types\/page"}],"author":[{"embeddable":true,"href":"https:\/\/blogsaverroes.juntadeandalucia.es\/ceipcesarbarrios\/wp-json\/wp\/v2\/users\/11723"}],"replies":[{"embeddable":true,"href":"https:\/\/blogsaverroes.juntadeandalucia.es\/ceipcesarbarrios\/wp-json\/wp\/v2\/comments?post=2614"}],"version-history":[{"count":15,"href":"https:\/\/blogsaverroes.juntadeandalucia.es\/ceipcesarbarrios\/wp-json\/wp\/v2\/pages\/2614\/revisions"}],"predecessor-version":[{"id":5795,"href":"https:\/\/blogsaverroes.juntadeandalucia.es\/ceipcesarbarrios\/wp-json\/wp\/v2\/pages\/2614\/revisions\/5795"}],"wp:attachment":[{"href":"https:\/\/blogsaverroes.juntadeandalucia.es\/ceipcesarbarrios\/wp-json\/wp\/v2\/media?parent=2614"}],"curies":[{"name":"wp","href":"https:\/\/api.w.org\/{rel}","templated":true}]}}