{"id":2619,"date":"2020-12-10T21:25:28","date_gmt":"2020-12-10T21:25:28","guid":{"rendered":"https:\/\/blogsaverroes.juntadeandalucia.es\/ceipcesarbarrios\/?page_id=2619"},"modified":"2023-11-16T09:03:00","modified_gmt":"2023-11-16T09:03:00","slug":"el-proyecto-de-gestion","status":"publish","type":"page","link":"https:\/\/blogsaverroes.juntadeandalucia.es\/ceipcesarbarrios\/el-proyecto-de-gestion\/","title":{"rendered":"El Proyecto de Gesti\u00f3n"},"content":{"rendered":"<p>&nbsp;<\/p>\n<p style=\"text-align: justify\">El Proyecto de Gesti\u00f3n, como parte del Plan de Centro, es el instrumento que debe establecer los criterios a seguir en las decisiones relativas a la gesti\u00f3n de los recursos humanos, materiales y econ\u00f3micos del Centro, favoreciendo el uso responsable de los mismos. Esto adquiere especial importancia en un centro educativo, que&nbsp; &nbsp; debe contribuir a que el alumnado reciba una formaci\u00f3n que incluya el respeto al medio ambiente y el consumo reflexivo y prudente.&nbsp;&nbsp; Debemos ser conscientes que nuestro centro utiliza recursos econ\u00f3micos p\u00fablicos para su funcionamiento y, por tanto, su gesti\u00f3n debe ser transparente y rigurosa y debe estar enfocada a la mejora de la educaci\u00f3n.&nbsp;&nbsp; Este proyecto debe basarse en una buena gesti\u00f3n de los recursos de los que se dispone en el Centro, evitando gastos innecesarios y fomentando, en todos los miembros de la Comunidad&nbsp;&nbsp;Educativa, la consideraci\u00f3n de los consumos de recursos que realizamos, y en los medios que tenemos a nuestra disposici\u00f3n para que se ajusten a lo realmente necesario.<\/p>\n<p style=\"text-align: center\"><em><strong>Pincha en los enlaces para ver el Proyecto de Gesti\u00f3n del Centro:<\/strong><\/em><\/p>\n<p><a href=\"https:\/\/blogsaverroes.juntadeandalucia.es\/ceipcesarbarrios\/files\/2023\/11\/1.-CRITERIOS-PARA-LA-ELABORACIO\u0301N-DEL-PRESUPUESTO-ANUAL-DEL-CURSO-Y-PARA-LA-DIS-TRIBUCIO\u0301N-DE-LOS-INGRESOS-ENTRE-LAS-DISTINTAS-PARTIDAS-DE-GASTO.-.pdf\">1. CRITERIOS PARA LA ELABORACIO\u0301N DEL PRESUPUESTO ANUAL DEL CURSO Y PARA LA DIS-TRIBUCIO\u0301N<\/a><\/p>\n<p><a href=\"https:\/\/blogsaverroes.juntadeandalucia.es\/ceipcesarbarrios\/files\/2023\/11\/2.-CRITERIOS-PARA-LA-GESTIO\u0301N-DE-LAS-SUSTITUCIONES-DE-LAS-AUSENCIAS-DEL-PROFESORADO.-1.pdf\">2. CRITERIOS PARA LA GESTIO\u0301N DE LAS SUSTITUCIONES DE LAS AUSENCIAS DEL PROFESORADO.<\/a><\/p>\n<p><a href=\"https:\/\/blogsaverroes.juntadeandalucia.es\/ceipcesarbarrios\/files\/2023\/11\/3.-MEDIDAS-PARA-LA-CONSERVACIO\u0301N-Y-RENOVACIO\u0301N-DE-LAS-INSTALACIONES-Y-EL-EQUIPAMIENTO-ESCOLAR.-1.pdf\">3. MEDIDAS PARA LA CONSERVACIO\u0301N Y RENOVACIO\u0301N DE LAS INSTALACIONES Y EL EQUIPAMIENTO ESCOLAR.<\/a><\/p>\n<p><a href=\"https:\/\/blogsaverroes.juntadeandalucia.es\/ceipcesarbarrios\/files\/2023\/11\/5.PROCEDIMIENTO-PARA-LA-ELABORACIO\u0301N-DEL-INVENTARIO-ANUAL-GENERAL-DEL-CEN-TRO.-1.pdf\">5.PROCEDIMIENTO PARA LA ELABORACIO\u0301N DEL INVENTARIO ANUAL GENERAL DEL CEN-TRO.<\/a><\/p>\n<p><a href=\"https:\/\/blogsaverroes.juntadeandalucia.es\/ceipcesarbarrios\/files\/2023\/11\/6.-CRITERIOS-PARA-UNA-GESTIO\u0301N-SOSTENIBLE-DE-LOS-RECURSOS-DEL-CENTRO-Y-DE-LOS-RESIDUOS-QUE-GENERE.-1.pdf\">6. CRITERIOS PARA UNA GESTIO\u0301N SOSTENIBLE DE LOS RECURSOS DEL CENTRO Y DE LOS RESIDUOS QUE GENERE.<\/a><\/p>\n","protected":false},"excerpt":{"rendered":"<p>&nbsp; El Proyecto de Gesti\u00f3n, como parte del Plan de Centro, es el instrumento que debe establecer los criterios a seguir en las decisiones relativas a la gesti\u00f3n de los recursos humanos, materiales y&#46;&#46;&#46;<\/p>\n","protected":false},"author":11723,"featured_media":0,"parent":0,"menu_order":0,"comment_status":"closed","ping_status":"closed","template":"","meta":{"ngg_post_thumbnail":0,"footnotes":"","_mc_calendar":[]},"aioseo_notices":[],"_links":{"self":[{"href":"https:\/\/blogsaverroes.juntadeandalucia.es\/ceipcesarbarrios\/wp-json\/wp\/v2\/pages\/2619"}],"collection":[{"href":"https:\/\/blogsaverroes.juntadeandalucia.es\/ceipcesarbarrios\/wp-json\/wp\/v2\/pages"}],"about":[{"href":"https:\/\/blogsaverroes.juntadeandalucia.es\/ceipcesarbarrios\/wp-json\/wp\/v2\/types\/page"}],"author":[{"embeddable":true,"href":"https:\/\/blogsaverroes.juntadeandalucia.es\/ceipcesarbarrios\/wp-json\/wp\/v2\/users\/11723"}],"replies":[{"embeddable":true,"href":"https:\/\/blogsaverroes.juntadeandalucia.es\/ceipcesarbarrios\/wp-json\/wp\/v2\/comments?post=2619"}],"version-history":[{"count":9,"href":"https:\/\/blogsaverroes.juntadeandalucia.es\/ceipcesarbarrios\/wp-json\/wp\/v2\/pages\/2619\/revisions"}],"predecessor-version":[{"id":5396,"href":"https:\/\/blogsaverroes.juntadeandalucia.es\/ceipcesarbarrios\/wp-json\/wp\/v2\/pages\/2619\/revisions\/5396"}],"wp:attachment":[{"href":"https:\/\/blogsaverroes.juntadeandalucia.es\/ceipcesarbarrios\/wp-json\/wp\/v2\/media?parent=2619"}],"curies":[{"name":"wp","href":"https:\/\/api.w.org\/{rel}","templated":true}]}}