{"id":2633,"date":"2020-12-10T21:53:48","date_gmt":"2020-12-10T21:53:48","guid":{"rendered":"https:\/\/blogsaverroes.juntadeandalucia.es\/ceipcesarbarrios\/?page_id=2633"},"modified":"2023-11-20T08:17:19","modified_gmt":"2023-11-20T08:17:19","slug":"consejo-escolar-2","status":"publish","type":"page","link":"https:\/\/blogsaverroes.juntadeandalucia.es\/ceipcesarbarrios\/consejo-escolar-2\/","title":{"rendered":"Consejo Escolar"},"content":{"rendered":"<p style=\"text-align: center\"><em><strong>Miembros que componen el Consejo Escolar del Centro:<\/strong><\/em><\/p>\n<hr>\n<p><strong>a)<\/strong> <strong>Sector Equipo Directivo:<\/strong><\/p>\n<ul>\n<li>Joaqu\u00edn Hern\u00e1ndez Acosta (Director)<\/li>\n<li>Pilar Coca Cano (Jefa de Estudios)<\/li>\n<li>M\u00f3nica Dacosta Guzm\u00e1n (Secretaria)<\/li>\n<\/ul>\n<hr>\n<p><strong>b) Sector Profesorado:<\/strong><\/p>\n<ul>\n<li>Manuela \u00c1lvarez R\u00edos<\/li>\n<li>Beatriz Lim\u00f3n Maestre<\/li>\n<li>Sonia V\u00e1zquez Pandolfo<\/li>\n<li>Bella Trinidad Rold\u00e1n Mora<\/li>\n<li>Cristina Rodr\u00edguez Nevado<\/li>\n<li>Bella Mar\u00eda Botello Rodr\u00edguez<\/li>\n<\/ul>\n<hr>\n<p><strong>c) Sector madres\/padres\/tutores:<\/strong><\/p>\n<ul>\n<li><em>Mar\u00eda Jos\u00e9 Hurtado L\u00f3pez<\/em><\/li>\n<li>Mar\u00eda Jos\u00e9 Prieto Prieto (Representante AMPA)<\/li>\n<li>Trinidad Toscano Gonz\u00e1lez<\/li>\n<li>Lidia Salvador Cruz<\/li>\n<li>Miriam Mart\u00edn Santana<\/li>\n<li>Nerea Ru\u00edz Camacho<\/li>\n<li>Antonia Bella Santana Santana<\/li>\n<li>Isabel Terrada Correa&nbsp;<\/li>\n<\/ul>\n<hr>\n<p><em><strong>d) Ayuntamiento:<\/strong><\/em><\/p>\n<ul>\n<li>Manuela Santana Morales (Concejal representante del Ayuntamiento)<\/li>\n<\/ul>\n<hr>\n<p><strong>e) Fomento Igualdad:<\/strong><\/p>\n<p>&nbsp;<\/p>\n","protected":false},"excerpt":{"rendered":"<p>Miembros que componen el Consejo Escolar del Centro: a) Sector Equipo Directivo: Joaqu\u00edn Hern\u00e1ndez Acosta (Director) Pilar Coca Cano (Jefa de Estudios) M\u00f3nica Dacosta Guzm\u00e1n (Secretaria) b) Sector Profesorado: Manuela \u00c1lvarez R\u00edos Beatriz Lim\u00f3n&#46;&#46;&#46;<\/p>\n","protected":false},"author":11723,"featured_media":0,"parent":0,"menu_order":0,"comment_status":"closed","ping_status":"closed","template":"","meta":{"ngg_post_thumbnail":0,"footnotes":"","_mc_calendar":[]},"aioseo_notices":[],"_links":{"self":[{"href":"https:\/\/blogsaverroes.juntadeandalucia.es\/ceipcesarbarrios\/wp-json\/wp\/v2\/pages\/2633"}],"collection":[{"href":"https:\/\/blogsaverroes.juntadeandalucia.es\/ceipcesarbarrios\/wp-json\/wp\/v2\/pages"}],"about":[{"href":"https:\/\/blogsaverroes.juntadeandalucia.es\/ceipcesarbarrios\/wp-json\/wp\/v2\/types\/page"}],"author":[{"embeddable":true,"href":"https:\/\/blogsaverroes.juntadeandalucia.es\/ceipcesarbarrios\/wp-json\/wp\/v2\/users\/11723"}],"replies":[{"embeddable":true,"href":"https:\/\/blogsaverroes.juntadeandalucia.es\/ceipcesarbarrios\/wp-json\/wp\/v2\/comments?post=2633"}],"version-history":[{"count":5,"href":"https:\/\/blogsaverroes.juntadeandalucia.es\/ceipcesarbarrios\/wp-json\/wp\/v2\/pages\/2633\/revisions"}],"predecessor-version":[{"id":5434,"href":"https:\/\/blogsaverroes.juntadeandalucia.es\/ceipcesarbarrios\/wp-json\/wp\/v2\/pages\/2633\/revisions\/5434"}],"wp:attachment":[{"href":"https:\/\/blogsaverroes.juntadeandalucia.es\/ceipcesarbarrios\/wp-json\/wp\/v2\/media?parent=2633"}],"curies":[{"name":"wp","href":"https:\/\/api.w.org\/{rel}","templated":true}]}}