{"id":2673,"date":"2020-12-11T10:04:04","date_gmt":"2020-12-11T10:04:04","guid":{"rendered":"https:\/\/blogsaverroes.juntadeandalucia.es\/ceipcesarbarrios\/?page_id=2673"},"modified":"2024-10-29T09:28:54","modified_gmt":"2024-10-29T09:28:54","slug":"calendario-escolar-2","status":"publish","type":"page","link":"https:\/\/blogsaverroes.juntadeandalucia.es\/ceipcesarbarrios\/calendario-escolar-2\/","title":{"rendered":"Calendario Escolar"},"content":{"rendered":"<p style=\"text-align: justify\">Compartimos el Calendario Escolar elaborado por la Delegaci\u00f3n de Educaci\u00f3n de Huelva para la provincia.&nbsp;<\/p>\n<div style=\"text-align: justify\">Adem\u00e1s, se informa que reunido el Consejo Escolar Municipal de Lepe para acordar los d\u00edas vacacionales de la localidad del curso escolar 2024-2025 , se aprueban los siguientes:<\/div>\n<div style=\"text-align: justify\">&nbsp;<\/div>\n<div><strong>-4 NOVIEMBRE 2024<\/strong><\/div>\n<div><strong>-27 FEBRERO 2024<\/strong><\/div>\n<div><strong>-12 Mayo 2025<\/strong><\/div>\n<div><strong>-13 MAYO 2025<\/strong><\/div>\n<div>&nbsp;<\/div>\n<div style=\"text-align: center\"><a href=\"https:\/\/blogsaverroes.juntadeandalucia.es\/ceipcesarbarrios\/files\/2024\/10\/Captura-de-Pantalla-2024-10-29-a-las-10.27.38.png\"><img loading=\"lazy\" decoding=\"async\" class=\"alignnone  wp-image-5807\" src=\"https:\/\/blogsaverroes.juntadeandalucia.es\/ceipcesarbarrios\/files\/2024\/10\/Captura-de-Pantalla-2024-10-29-a-las-10.27.38-150x150.png\" alt=\"\" width=\"392\" height=\"392\" srcset=\"https:\/\/blogsaverroes.juntadeandalucia.es\/ceipcesarbarrios\/files\/2024\/10\/Captura-de-Pantalla-2024-10-29-a-las-10.27.38-150x150.png 150w, https:\/\/blogsaverroes.juntadeandalucia.es\/ceipcesarbarrios\/files\/2024\/10\/Captura-de-Pantalla-2024-10-29-a-las-10.27.38-80x80.png 80w, https:\/\/blogsaverroes.juntadeandalucia.es\/ceipcesarbarrios\/files\/2024\/10\/Captura-de-Pantalla-2024-10-29-a-las-10.27.38-320x320.png 320w\" sizes=\"(max-width: 392px) 100vw, 392px\" \/><\/a><\/div>\n<div>&nbsp;<\/div>\n<div style=\"text-align: center\">&nbsp;<\/div>\n<div>&nbsp;<\/div>\n<p>&nbsp;<\/p>\n<div>&nbsp;<\/div>\n<div>&nbsp;<\/div>\n","protected":false},"excerpt":{"rendered":"<p>Compartimos el Calendario Escolar elaborado por la Delegaci\u00f3n de Educaci\u00f3n de Huelva para la provincia.&nbsp; Adem\u00e1s, se informa que reunido el Consejo Escolar Municipal de Lepe para acordar los d\u00edas vacacionales de la localidad&#46;&#46;&#46;<\/p>\n","protected":false},"author":11723,"featured_media":0,"parent":0,"menu_order":0,"comment_status":"closed","ping_status":"closed","template":"","meta":{"ngg_post_thumbnail":0,"footnotes":"","_mc_calendar":[]},"aioseo_notices":[],"_links":{"self":[{"href":"https:\/\/blogsaverroes.juntadeandalucia.es\/ceipcesarbarrios\/wp-json\/wp\/v2\/pages\/2673"}],"collection":[{"href":"https:\/\/blogsaverroes.juntadeandalucia.es\/ceipcesarbarrios\/wp-json\/wp\/v2\/pages"}],"about":[{"href":"https:\/\/blogsaverroes.juntadeandalucia.es\/ceipcesarbarrios\/wp-json\/wp\/v2\/types\/page"}],"author":[{"embeddable":true,"href":"https:\/\/blogsaverroes.juntadeandalucia.es\/ceipcesarbarrios\/wp-json\/wp\/v2\/users\/11723"}],"replies":[{"embeddable":true,"href":"https:\/\/blogsaverroes.juntadeandalucia.es\/ceipcesarbarrios\/wp-json\/wp\/v2\/comments?post=2673"}],"version-history":[{"count":6,"href":"https:\/\/blogsaverroes.juntadeandalucia.es\/ceipcesarbarrios\/wp-json\/wp\/v2\/pages\/2673\/revisions"}],"predecessor-version":[{"id":5808,"href":"https:\/\/blogsaverroes.juntadeandalucia.es\/ceipcesarbarrios\/wp-json\/wp\/v2\/pages\/2673\/revisions\/5808"}],"wp:attachment":[{"href":"https:\/\/blogsaverroes.juntadeandalucia.es\/ceipcesarbarrios\/wp-json\/wp\/v2\/media?parent=2673"}],"curies":[{"name":"wp","href":"https:\/\/api.w.org\/{rel}","templated":true}]}}