{"id":2697,"date":"2020-12-11T11:15:20","date_gmt":"2020-12-11T11:15:20","guid":{"rendered":"https:\/\/blogsaverroes.juntadeandalucia.es\/ceipcesarbarrios\/?page_id=2697"},"modified":"2023-11-17T08:47:16","modified_gmt":"2023-11-17T08:47:16","slug":"documentos-tutorias","status":"publish","type":"page","link":"https:\/\/blogsaverroes.juntadeandalucia.es\/ceipcesarbarrios\/documentos-tutorias\/","title":{"rendered":"Documentos Tutor\u00edas"},"content":{"rendered":"<p>Os dejamos&nbsp; documentaci\u00f3n que solemos facilitar en la primera reuni\u00f3n de tutor\u00edas con las familias a principio de cada curso escolar:<\/p>\n<p><strong>Hoja de actualizaci\u00f3n de datos del alumnado y autorizaciones:<\/strong><\/p>\n<p style=\"text-align: center\"><a href=\"https:\/\/blogsaverroes.juntadeandalucia.es\/ceipcesarbarrios\/files\/2020\/12\/Actualizacio\u0301n-datos-y-autorizaciones.pdf\">Actualizacio\u0301n datos y autorizaciones&nbsp;<\/a><\/p>\n<p style=\"text-align: center\"><a href=\"https:\/\/blogsaverroes.juntadeandalucia.es\/ceipcesarbarrios\/files\/2020\/12\/Captura-de-pantalla-2020-12-11-a-las-12.11.45.png\"><img loading=\"lazy\" decoding=\"async\" class=\"alignnone size-medium wp-image-2699\" src=\"https:\/\/blogsaverroes.juntadeandalucia.es\/ceipcesarbarrios\/files\/2020\/12\/Captura-de-pantalla-2020-12-11-a-las-12.11.45-211x300.png\" alt=\"\" width=\"211\" height=\"300\" srcset=\"https:\/\/blogsaverroes.juntadeandalucia.es\/ceipcesarbarrios\/files\/2020\/12\/Captura-de-pantalla-2020-12-11-a-las-12.11.45-211x300.png 211w, https:\/\/blogsaverroes.juntadeandalucia.es\/ceipcesarbarrios\/files\/2020\/12\/Captura-de-pantalla-2020-12-11-a-las-12.11.45-722x1024.png 722w, https:\/\/blogsaverroes.juntadeandalucia.es\/ceipcesarbarrios\/files\/2020\/12\/Captura-de-pantalla-2020-12-11-a-las-12.11.45-768x1090.png 768w, https:\/\/blogsaverroes.juntadeandalucia.es\/ceipcesarbarrios\/files\/2020\/12\/Captura-de-pantalla-2020-12-11-a-las-12.11.45-17x24.png 17w, https:\/\/blogsaverroes.juntadeandalucia.es\/ceipcesarbarrios\/files\/2020\/12\/Captura-de-pantalla-2020-12-11-a-las-12.11.45-25x36.png 25w, https:\/\/blogsaverroes.juntadeandalucia.es\/ceipcesarbarrios\/files\/2020\/12\/Captura-de-pantalla-2020-12-11-a-las-12.11.45-34x48.png 34w, https:\/\/blogsaverroes.juntadeandalucia.es\/ceipcesarbarrios\/files\/2020\/12\/Captura-de-pantalla-2020-12-11-a-las-12.11.45.png 912w\" sizes=\"(max-width: 211px) 100vw, 211px\" \/><\/a><\/p>\n<hr>\n<p><em><strong>Candidatura a delegados\/as de clase:<\/strong><\/em><\/p>\n<p style=\"text-align: center\"><a href=\"https:\/\/blogsaverroes.juntadeandalucia.es\/ceipcesarbarrios\/files\/2020\/12\/Candidatura-delegad@s.pdf\">Candidatura delegad@s<\/a><\/p>\n<p style=\"text-align: center\"><a href=\"https:\/\/blogsaverroes.juntadeandalucia.es\/ceipcesarbarrios\/files\/2020\/12\/Captura-de-pantalla-2020-12-11-a-las-12.13.28.png\"><img loading=\"lazy\" decoding=\"async\" class=\"alignnone size-medium wp-image-2701\" src=\"https:\/\/blogsaverroes.juntadeandalucia.es\/ceipcesarbarrios\/files\/2020\/12\/Captura-de-pantalla-2020-12-11-a-las-12.13.28-285x300.png\" alt=\"\" width=\"285\" height=\"300\" srcset=\"https:\/\/blogsaverroes.juntadeandalucia.es\/ceipcesarbarrios\/files\/2020\/12\/Captura-de-pantalla-2020-12-11-a-las-12.13.28-285x300.png 285w, https:\/\/blogsaverroes.juntadeandalucia.es\/ceipcesarbarrios\/files\/2020\/12\/Captura-de-pantalla-2020-12-11-a-las-12.13.28-768x810.png 768w, https:\/\/blogsaverroes.juntadeandalucia.es\/ceipcesarbarrios\/files\/2020\/12\/Captura-de-pantalla-2020-12-11-a-las-12.13.28-24x24.png 24w, https:\/\/blogsaverroes.juntadeandalucia.es\/ceipcesarbarrios\/files\/2020\/12\/Captura-de-pantalla-2020-12-11-a-las-12.13.28-34x36.png 34w, https:\/\/blogsaverroes.juntadeandalucia.es\/ceipcesarbarrios\/files\/2020\/12\/Captura-de-pantalla-2020-12-11-a-las-12.13.28-46x48.png 46w, https:\/\/blogsaverroes.juntadeandalucia.es\/ceipcesarbarrios\/files\/2020\/12\/Captura-de-pantalla-2020-12-11-a-las-12.13.28.png 920w\" sizes=\"(max-width: 285px) 100vw, 285px\" \/><\/a><\/p>\n<hr>\n<p><em><strong>Informaci\u00f3n a las familias inicio de curso:<\/strong><\/em><\/p>\n<p style=\"text-align: center\"><a href=\"https:\/\/blogsaverroes.juntadeandalucia.es\/ceipcesarbarrios\/files\/2020\/12\/Informacion-reunion-padres-ppio-curso-20-21-1.pdf\">Informaci\u00f3n principio de curso<\/a><\/p>\n<p style=\"text-align: center\"><a href=\"https:\/\/blogsaverroes.juntadeandalucia.es\/ceipcesarbarrios\/files\/2020\/12\/Captura-de-pantalla-2020-12-11-a-las-12.14.54.png\"><img loading=\"lazy\" decoding=\"async\" class=\"alignnone size-medium wp-image-2703\" src=\"https:\/\/blogsaverroes.juntadeandalucia.es\/ceipcesarbarrios\/files\/2020\/12\/Captura-de-pantalla-2020-12-11-a-las-12.14.54-218x300.png\" alt=\"\" width=\"218\" height=\"300\" srcset=\"https:\/\/blogsaverroes.juntadeandalucia.es\/ceipcesarbarrios\/files\/2020\/12\/Captura-de-pantalla-2020-12-11-a-las-12.14.54-218x300.png 218w, https:\/\/blogsaverroes.juntadeandalucia.es\/ceipcesarbarrios\/files\/2020\/12\/Captura-de-pantalla-2020-12-11-a-las-12.14.54-745x1024.png 745w, https:\/\/blogsaverroes.juntadeandalucia.es\/ceipcesarbarrios\/files\/2020\/12\/Captura-de-pantalla-2020-12-11-a-las-12.14.54-768x1056.png 768w, https:\/\/blogsaverroes.juntadeandalucia.es\/ceipcesarbarrios\/files\/2020\/12\/Captura-de-pantalla-2020-12-11-a-las-12.14.54-17x24.png 17w, https:\/\/blogsaverroes.juntadeandalucia.es\/ceipcesarbarrios\/files\/2020\/12\/Captura-de-pantalla-2020-12-11-a-las-12.14.54-26x36.png 26w, https:\/\/blogsaverroes.juntadeandalucia.es\/ceipcesarbarrios\/files\/2020\/12\/Captura-de-pantalla-2020-12-11-a-las-12.14.54-35x48.png 35w, https:\/\/blogsaverroes.juntadeandalucia.es\/ceipcesarbarrios\/files\/2020\/12\/Captura-de-pantalla-2020-12-11-a-las-12.14.54.png 940w\" sizes=\"(max-width: 218px) 100vw, 218px\" \/><\/a><\/p>\n<p>&nbsp;<\/p>\n<p><em><strong>Criterios de evaluaci\u00f3n y promoci\u00f3n del alumnado:<\/strong><\/em><\/p>\n<p style=\"text-align: center\"><a href=\"https:\/\/blogsaverroes.juntadeandalucia.es\/ceipcesarbarrios\/files\/2023\/11\/INFORMACION-FAMILIAS-EVALUACION-PROMOCION.docx\">INFORMACION FAMILIAS <strong>EVALUACION- PROMOCION<\/strong><\/a><\/p>\n<p>&nbsp;<\/p>\n<p><em><strong>Autorizaci\u00f3n actividades fuera del centro:<\/strong><\/em><\/p>\n<p style=\"text-align: center\"><em><strong><a href=\"https:\/\/blogsaverroes.juntadeandalucia.es\/ceipcesarbarrios\/files\/2023\/11\/5.-Autorizacio\u0301n-Activ.-Extraesc..pdf\">Autorizacio\u0301n Activ. Extraesc.<\/a><\/strong><\/em><\/p>\n","protected":false},"excerpt":{"rendered":"<p>Os dejamos&nbsp; documentaci\u00f3n que solemos facilitar en la primera reuni\u00f3n de tutor\u00edas con las familias a principio de cada curso escolar: Hoja de actualizaci\u00f3n de datos del alumnado y autorizaciones: Actualizacio\u0301n datos y autorizaciones&nbsp;&#46;&#46;&#46;<\/p>\n","protected":false},"author":11723,"featured_media":0,"parent":0,"menu_order":0,"comment_status":"closed","ping_status":"closed","template":"","meta":{"ngg_post_thumbnail":0,"footnotes":"","_mc_calendar":[]},"aioseo_notices":[],"_links":{"self":[{"href":"https:\/\/blogsaverroes.juntadeandalucia.es\/ceipcesarbarrios\/wp-json\/wp\/v2\/pages\/2697"}],"collection":[{"href":"https:\/\/blogsaverroes.juntadeandalucia.es\/ceipcesarbarrios\/wp-json\/wp\/v2\/pages"}],"about":[{"href":"https:\/\/blogsaverroes.juntadeandalucia.es\/ceipcesarbarrios\/wp-json\/wp\/v2\/types\/page"}],"author":[{"embeddable":true,"href":"https:\/\/blogsaverroes.juntadeandalucia.es\/ceipcesarbarrios\/wp-json\/wp\/v2\/users\/11723"}],"replies":[{"embeddable":true,"href":"https:\/\/blogsaverroes.juntadeandalucia.es\/ceipcesarbarrios\/wp-json\/wp\/v2\/comments?post=2697"}],"version-history":[{"count":3,"href":"https:\/\/blogsaverroes.juntadeandalucia.es\/ceipcesarbarrios\/wp-json\/wp\/v2\/pages\/2697\/revisions"}],"predecessor-version":[{"id":5430,"href":"https:\/\/blogsaverroes.juntadeandalucia.es\/ceipcesarbarrios\/wp-json\/wp\/v2\/pages\/2697\/revisions\/5430"}],"wp:attachment":[{"href":"https:\/\/blogsaverroes.juntadeandalucia.es\/ceipcesarbarrios\/wp-json\/wp\/v2\/media?parent=2697"}],"curies":[{"name":"wp","href":"https:\/\/api.w.org\/{rel}","templated":true}]}}