{"id":2714,"date":"2020-12-11T11:41:01","date_gmt":"2020-12-11T11:41:01","guid":{"rendered":"https:\/\/blogsaverroes.juntadeandalucia.es\/ceipcesarbarrios\/?page_id=2714"},"modified":"2025-03-06T08:38:53","modified_gmt":"2025-03-06T08:38:53","slug":"informacion","status":"publish","type":"page","link":"https:\/\/blogsaverroes.juntadeandalucia.es\/ceipcesarbarrios\/informacion\/","title":{"rendered":"Informaci\u00f3n"},"content":{"rendered":"<div id=\"model-response-message-contentr_8b345a0f8a43d3ce\" class=\"markdown markdown-main-panel\" dir=\"ltr\">\n<p style=\"text-align: justify\" data-sourcepos=\"1:1-1:343\">El centro cuenta con la valiosa colaboraci\u00f3n de un auxiliar de conversaci\u00f3n para el \u00e1rea de portugu\u00e9s. Este profesional trabaja estrechamente con el profesorado y el alumnado del tercer ciclo de Educaci\u00f3n Primaria, enriqueciendo las clases y fomentando el aprendizaje del idioma de una manera din\u00e1mica y pr\u00e1ctica.<\/p>\n<p style=\"text-align: justify\" data-sourcepos=\"3:1-3:221\">Si desea obtener m\u00e1s informaci\u00f3n sobre las actividades y proyectos relacionados con el \u00e1rea de portugu\u00e9s, o si tiene cualquier otra consulta, no dude en ponerse en contacto con nosotros. Estaremos encantados de atenderle.<\/p>\n<\/div>\n<p style=\"text-align: justify\">Pincha en el enlace para ver la ficha informativa para posibles Auxiliares de conversaci\u00f3n de portugu\u00e9s que soliciten el centro.<\/p>\n<p style=\"text-align: center\"><a href=\"https:\/\/blogsaverroes.juntadeandalucia.es\/ceipcesarbarrios\/files\/2025\/03\/ESPANOL_Ficha-Informativa-para-AACC-25.26.pdf\">ESPAN\u0303OL_Ficha Informativa para AACC 25.26<\/a><\/p>\n","protected":false},"excerpt":{"rendered":"<p>El centro cuenta con la valiosa colaboraci\u00f3n de un auxiliar de conversaci\u00f3n para el \u00e1rea de portugu\u00e9s. Este profesional trabaja estrechamente con el profesorado y el alumnado del tercer ciclo de Educaci\u00f3n Primaria, enriqueciendo&#46;&#46;&#46;<\/p>\n","protected":false},"author":11723,"featured_media":0,"parent":0,"menu_order":0,"comment_status":"closed","ping_status":"closed","template":"","meta":{"ngg_post_thumbnail":0,"footnotes":"","_mc_calendar":[]},"aioseo_notices":[],"_links":{"self":[{"href":"https:\/\/blogsaverroes.juntadeandalucia.es\/ceipcesarbarrios\/wp-json\/wp\/v2\/pages\/2714"}],"collection":[{"href":"https:\/\/blogsaverroes.juntadeandalucia.es\/ceipcesarbarrios\/wp-json\/wp\/v2\/pages"}],"about":[{"href":"https:\/\/blogsaverroes.juntadeandalucia.es\/ceipcesarbarrios\/wp-json\/wp\/v2\/types\/page"}],"author":[{"embeddable":true,"href":"https:\/\/blogsaverroes.juntadeandalucia.es\/ceipcesarbarrios\/wp-json\/wp\/v2\/users\/11723"}],"replies":[{"embeddable":true,"href":"https:\/\/blogsaverroes.juntadeandalucia.es\/ceipcesarbarrios\/wp-json\/wp\/v2\/comments?post=2714"}],"version-history":[{"count":5,"href":"https:\/\/blogsaverroes.juntadeandalucia.es\/ceipcesarbarrios\/wp-json\/wp\/v2\/pages\/2714\/revisions"}],"predecessor-version":[{"id":6104,"href":"https:\/\/blogsaverroes.juntadeandalucia.es\/ceipcesarbarrios\/wp-json\/wp\/v2\/pages\/2714\/revisions\/6104"}],"wp:attachment":[{"href":"https:\/\/blogsaverroes.juntadeandalucia.es\/ceipcesarbarrios\/wp-json\/wp\/v2\/media?parent=2714"}],"curies":[{"name":"wp","href":"https:\/\/api.w.org\/{rel}","templated":true}]}}