{"id":2820,"date":"2020-12-12T21:38:36","date_gmt":"2020-12-12T21:38:36","guid":{"rendered":"https:\/\/blogsaverroes.juntadeandalucia.es\/ceipcesarbarrios\/?page_id=2820"},"modified":"2024-10-29T09:42:43","modified_gmt":"2024-10-29T09:42:43","slug":"informacion-del-servicio","status":"publish","type":"page","link":"https:\/\/blogsaverroes.juntadeandalucia.es\/ceipcesarbarrios\/informacion-del-servicio\/","title":{"rendered":"Informaci\u00f3n del servicio"},"content":{"rendered":"<p>Carta presentaci\u00f3n de la empresa a las familias, donde pod\u00e9is ver informaci\u00f3n relevante y modo de justificar las ausencias.<\/p>\n<p><em>Pincha en el enlace para acceder a la carta-presentaci\u00f3n:<\/em><\/p>\n<p>&nbsp;<\/p>\n<p style=\"text-align: center\"><a href=\"https:\/\/blogsaverroes.juntadeandalucia.es\/ceipcesarbarrios\/files\/2024\/10\/Circular.pdf\">Circular<\/a> EMPRESA&nbsp;<\/p>\n<p>&nbsp;<\/p>\n<p style=\"text-align: center\">&nbsp;<\/p>\n<p>&nbsp;<\/p>\n<hr>\n<p>Informaci\u00f3n para el acceso de las familias a la web, donde podr\u00e1n consultar&nbsp; los men\u00fas mensuales y dem\u00e1s aspectos.<\/p>\n<p><em>Pincha en el siguiente enlace :<\/em><\/p>\n<p style=\"text-align: center\"><a href=\"https:\/\/blogsaverroes.juntadeandalucia.es\/ceipcesarbarrios\/files\/2020\/12\/WEB-PADRES.pdf\">Web Familias<\/a><\/p>\n<p><a href=\"https:\/\/blogsaverroes.juntadeandalucia.es\/ceipcesarbarrios\/files\/2020\/12\/Captura-de-pantalla-2020-12-12-a-las-22.37.56.png\"><img loading=\"lazy\" decoding=\"async\" class=\"size-medium wp-image-2824 aligncenter\" src=\"https:\/\/blogsaverroes.juntadeandalucia.es\/ceipcesarbarrios\/files\/2020\/12\/Captura-de-pantalla-2020-12-12-a-las-22.37.56-212x300.png\" alt=\"\" width=\"212\" height=\"300\" srcset=\"https:\/\/blogsaverroes.juntadeandalucia.es\/ceipcesarbarrios\/files\/2020\/12\/Captura-de-pantalla-2020-12-12-a-las-22.37.56-212x300.png 212w, https:\/\/blogsaverroes.juntadeandalucia.es\/ceipcesarbarrios\/files\/2020\/12\/Captura-de-pantalla-2020-12-12-a-las-22.37.56-724x1024.png 724w, https:\/\/blogsaverroes.juntadeandalucia.es\/ceipcesarbarrios\/files\/2020\/12\/Captura-de-pantalla-2020-12-12-a-las-22.37.56-768x1087.png 768w, https:\/\/blogsaverroes.juntadeandalucia.es\/ceipcesarbarrios\/files\/2020\/12\/Captura-de-pantalla-2020-12-12-a-las-22.37.56-17x24.png 17w, https:\/\/blogsaverroes.juntadeandalucia.es\/ceipcesarbarrios\/files\/2020\/12\/Captura-de-pantalla-2020-12-12-a-las-22.37.56-25x36.png 25w, https:\/\/blogsaverroes.juntadeandalucia.es\/ceipcesarbarrios\/files\/2020\/12\/Captura-de-pantalla-2020-12-12-a-las-22.37.56-34x48.png 34w, https:\/\/blogsaverroes.juntadeandalucia.es\/ceipcesarbarrios\/files\/2020\/12\/Captura-de-pantalla-2020-12-12-a-las-22.37.56.png 906w\" sizes=\"(max-width: 212px) 100vw, 212px\" \/><\/a><\/p>\n","protected":false},"excerpt":{"rendered":"<p>Carta presentaci\u00f3n de la empresa a las familias, donde pod\u00e9is ver informaci\u00f3n relevante y modo de justificar las ausencias. Pincha en el enlace para acceder a la carta-presentaci\u00f3n: &nbsp; Circular EMPRESA&nbsp; &nbsp; &nbsp; &nbsp;&#46;&#46;&#46;<\/p>\n","protected":false},"author":11723,"featured_media":0,"parent":0,"menu_order":0,"comment_status":"closed","ping_status":"closed","template":"","meta":{"ngg_post_thumbnail":0,"footnotes":"","_mc_calendar":[]},"aioseo_notices":[],"_links":{"self":[{"href":"https:\/\/blogsaverroes.juntadeandalucia.es\/ceipcesarbarrios\/wp-json\/wp\/v2\/pages\/2820"}],"collection":[{"href":"https:\/\/blogsaverroes.juntadeandalucia.es\/ceipcesarbarrios\/wp-json\/wp\/v2\/pages"}],"about":[{"href":"https:\/\/blogsaverroes.juntadeandalucia.es\/ceipcesarbarrios\/wp-json\/wp\/v2\/types\/page"}],"author":[{"embeddable":true,"href":"https:\/\/blogsaverroes.juntadeandalucia.es\/ceipcesarbarrios\/wp-json\/wp\/v2\/users\/11723"}],"replies":[{"embeddable":true,"href":"https:\/\/blogsaverroes.juntadeandalucia.es\/ceipcesarbarrios\/wp-json\/wp\/v2\/comments?post=2820"}],"version-history":[{"count":4,"href":"https:\/\/blogsaverroes.juntadeandalucia.es\/ceipcesarbarrios\/wp-json\/wp\/v2\/pages\/2820\/revisions"}],"predecessor-version":[{"id":5818,"href":"https:\/\/blogsaverroes.juntadeandalucia.es\/ceipcesarbarrios\/wp-json\/wp\/v2\/pages\/2820\/revisions\/5818"}],"wp:attachment":[{"href":"https:\/\/blogsaverroes.juntadeandalucia.es\/ceipcesarbarrios\/wp-json\/wp\/v2\/media?parent=2820"}],"curies":[{"name":"wp","href":"https:\/\/api.w.org\/{rel}","templated":true}]}}